{"id":338,"date":"2015-11-24T18:40:49","date_gmt":"2015-11-24T17:40:49","guid":{"rendered":"http:\/\/serveiseducatius.xtec.cat\/santadria\/?page_id=338"},"modified":"2023-10-30T15:39:26","modified_gmt":"2023-10-30T14:39:26","slug":"centres-educatius","status":"publish","type":"page","link":"https:\/\/serveiseducatius.xtec.cat\/santadria\/comunitat\/centres-educatius\/","title":{"rendered":"Centres educatius"},"content":{"rendered":"<p style=\"text-align: justify;\"><img loading=\"lazy\" decoding=\"async\" class=\" wp-image-14213 alignright\" src=\"https:\/\/serveiseducatius.xtec.cat\/santadria\/wp-content\/uploads\/usu1189\/2022\/11\/Vectors-coeducacio1-removebg-preview-2.4.png\" alt=\"\" width=\"371\" height=\"260\" srcset=\"https:\/\/serveiseducatius.xtec.cat\/santadria\/wp-content\/uploads\/usu1189\/2022\/11\/Vectors-coeducacio1-removebg-preview-2.4.png 672w, https:\/\/serveiseducatius.xtec.cat\/santadria\/wp-content\/uploads\/usu1189\/2022\/11\/Vectors-coeducacio1-removebg-preview-2.4-300x210.png 300w\" sizes=\"auto, (max-width: 371px) 100vw, 371px\" \/>A Sant Adri\u00e0 de Bes\u00f2s hi ha 3 escoles p\u00fabliques d&#8217;educaci\u00f3 infantil i prim\u00e0ria, 1 institut-escola p\u00fablic d&#8217;educaci\u00f3 prim\u00e0ria i secund\u00e0ria, 1 institut d&#8217;educaci\u00f3 secund\u00e0ria, batxillerat i formaci\u00f3 professional, i 3 centres concertats, 1 centre concertat d&#8217;educaci\u00f3 especial, 2 escoles bressol p\u00fabliques, 3 llars d&#8217;infants privades i 1 centre de formaci\u00f3 d&#8217;adults.<\/p>\n<ul>\n<li style=\"list-style-type: none;\">\n<ul>\n<li style=\"text-align: justify;\"><a href=\"http:\/\/serveiseducatius.xtec.cat\/santadria\/comunitat\/centres-educatius\/escoles-bressol\/\" target=\"_blank\" rel=\"noopener noreferrer\">Educaci\u00f3 infantil (de 0 a 3 anys)<\/a><\/li>\n<li style=\"text-align: justify;\"><a href=\"http:\/\/serveiseducatius.xtec.cat\/santadria\/comunitat\/centres-educatius\/educacio-infantil-i-primaria\/\" target=\"_blank\" rel=\"noopener noreferrer\">Educaci\u00f3 infantil (de 3 a 6 anys) i prim\u00e0ria<\/a><\/li>\n<li style=\"text-align: justify;\"><a href=\"http:\/\/serveiseducatius.xtec.cat\/santadria\/comunitat\/centres-educatius\/ensenyament-secundari-batxillerat-i-formacio-professional\/\" target=\"_blank\" rel=\"noopener noreferrer\">Ensenyament secundari, batxillerat i formaci\u00f3 professional<\/a><\/li>\n<li style=\"text-align: justify;\"><a href=\"http:\/\/serveiseducatius.xtec.cat\/santadria\/comunitat\/centres-educatius\/altres-centres\/\" target=\"_blank\" rel=\"noopener noreferrer\">Educaci\u00f3 especial, Formaci\u00f3 d&#8217;adults, Unitat d&#8217;escolaritzaci\u00f3 compartida i Escola de m\u00fasica<\/a><\/li>\n<li><a href=\"https:\/\/serveiseducatius.xtec.cat\/santadria\/categoria\/orientacio\/\" target=\"_blank\" rel=\"noopener\">Oferta de formaci\u00f3 professional a Sant Adri\u00e0 de Bes\u00f2s. Orientaci\u00f3<\/a><\/li>\n<\/ul>\n<p><a href=\"https:\/\/serveiseducatius.xtec.cat\/santadria\/wp-content\/uploads\/usu1189\/2023\/10\/CentresSAB.jpg\"><img loading=\"lazy\" decoding=\"async\" class=\"size-full wp-image-15145 alignleft\" src=\"https:\/\/serveiseducatius.xtec.cat\/santadria\/wp-content\/uploads\/usu1189\/2023\/10\/CentresSAB.jpg\" alt=\"\" width=\"1055\" height=\"746\" srcset=\"https:\/\/serveiseducatius.xtec.cat\/santadria\/wp-content\/uploads\/usu1189\/2023\/10\/CentresSAB.jpg 1055w, https:\/\/serveiseducatius.xtec.cat\/santadria\/wp-content\/uploads\/usu1189\/2023\/10\/CentresSAB-300x212.jpg 300w, https:\/\/serveiseducatius.xtec.cat\/santadria\/wp-content\/uploads\/usu1189\/2023\/10\/CentresSAB-1024x724.jpg 1024w, https:\/\/serveiseducatius.xtec.cat\/santadria\/wp-content\/uploads\/usu1189\/2023\/10\/CentresSAB-768x543.jpg 768w\" sizes=\"auto, (max-width: 1055px) 100vw, 1055px\" \/><\/a><\/p>\n<pre><\/pre>\n<\/li>\n<\/ul>\n","protected":false},"excerpt":{"rendered":"<p>A Sant Adri\u00e0 de Bes\u00f2s hi ha 3 escoles p\u00fabliques d&#8217;educaci\u00f3 infantil i prim\u00e0ria, 1 institut-escola p\u00fablic d&#8217;educaci\u00f3 prim\u00e0ria i [&hellip;]<\/p>\n","protected":false},"author":1,"featured_media":0,"parent":341,"menu_order":0,"comment_status":"closed","ping_status":"closed","template":"","meta":{"_bbp_topic_count":0,"_bbp_reply_count":0,"_bbp_total_topic_count":0,"_bbp_total_reply_count":0,"_bbp_voice_count":0,"_bbp_anonymous_reply_count":0,"_bbp_topic_count_hidden":0,"_bbp_reply_count_hidden":0,"_bbp_forum_subforum_count":0,"site-sidebar-layout":"default","site-content-layout":"","ast-site-content-layout":"","site-content-style":"default","site-sidebar-style":"default","ast-global-header-display":"","ast-banner-title-visibility":"","ast-main-header-display":"","ast-hfb-above-header-display":"","ast-hfb-below-header-display":"","ast-hfb-mobile-header-display":"","site-post-title":"","ast-breadcrumbs-content":"","ast-featured-img":"","footer-sml-layout":"","theme-transparent-header-meta":"","adv-header-id-meta":"","stick-header-meta":"","header-above-stick-meta":"","header-main-stick-meta":"","header-below-stick-meta":"","astra-migrate-meta-layouts":"default","ast-page-background-enabled":"default","ast-page-background-meta":{"desktop":{"background-color":"var(--ast-global-color-4)","background-image":"","background-repeat":"repeat","background-position":"center center","background-size":"auto","background-attachment":"scroll","background-type":"","background-media":"","overlay-type":"","overlay-color":"","overlay-opacity":"","overlay-gradient":""},"tablet":{"background-color":"","background-image":"","background-repeat":"repeat","background-position":"center center","background-size":"auto","background-attachment":"scroll","background-type":"","background-media":"","overlay-type":"","overlay-color":"","overlay-opacity":"","overlay-gradient":""},"mobile":{"background-color":"","background-image":"","background-repeat":"repeat","background-position":"center center","background-size":"auto","background-attachment":"scroll","background-type":"","background-media":"","overlay-type":"","overlay-color":"","overlay-opacity":"","overlay-gradient":""}},"ast-content-background-meta":{"desktop":{"background-color":"var(--ast-global-color-5)","background-image":"","background-repeat":"repeat","background-position":"center center","background-size":"auto","background-attachment":"scroll","background-type":"","background-media":"","overlay-type":"","overlay-color":"","overlay-opacity":"","overlay-gradient":""},"tablet":{"background-color":"var(--ast-global-color-5)","background-image":"","background-repeat":"repeat","background-position":"center center","background-size":"auto","background-attachment":"scroll","background-type":"","background-media":"","overlay-type":"","overlay-color":"","overlay-opacity":"","overlay-gradient":""},"mobile":{"background-color":"var(--ast-global-color-5)","background-image":"","background-repeat":"repeat","background-position":"center center","background-size":"auto","background-attachment":"scroll","background-type":"","background-media":"","overlay-type":"","overlay-color":"","overlay-opacity":"","overlay-gradient":""}},"footnotes":""},"class_list":["post-338","page","type-page","status-publish","hentry"],"post_mailing_queue_ids":[],"_links":{"self":[{"href":"https:\/\/serveiseducatius.xtec.cat\/santadria\/wp-json\/wp\/v2\/pages\/338","targetHints":{"allow":["GET"]}}],"collection":[{"href":"https:\/\/serveiseducatius.xtec.cat\/santadria\/wp-json\/wp\/v2\/pages"}],"about":[{"href":"https:\/\/serveiseducatius.xtec.cat\/santadria\/wp-json\/wp\/v2\/types\/page"}],"author":[{"embeddable":true,"href":"https:\/\/serveiseducatius.xtec.cat\/santadria\/wp-json\/wp\/v2\/users\/1"}],"replies":[{"embeddable":true,"href":"https:\/\/serveiseducatius.xtec.cat\/santadria\/wp-json\/wp\/v2\/comments?post=338"}],"version-history":[{"count":4,"href":"https:\/\/serveiseducatius.xtec.cat\/santadria\/wp-json\/wp\/v2\/pages\/338\/revisions"}],"predecessor-version":[{"id":15146,"href":"https:\/\/serveiseducatius.xtec.cat\/santadria\/wp-json\/wp\/v2\/pages\/338\/revisions\/15146"}],"up":[{"embeddable":true,"href":"https:\/\/serveiseducatius.xtec.cat\/santadria\/wp-json\/wp\/v2\/pages\/341"}],"wp:attachment":[{"href":"https:\/\/serveiseducatius.xtec.cat\/santadria\/wp-json\/wp\/v2\/media?parent=338"}],"curies":[{"name":"wp","href":"https:\/\/api.w.org\/{rel}","templated":true}]}}