{"id":318,"date":"2015-11-24T18:18:24","date_gmt":"2015-11-24T17:18:24","guid":{"rendered":"http:\/\/serveiseducatius.xtec.cat\/santadria\/?page_id=318"},"modified":"2023-06-14T14:43:25","modified_gmt":"2023-06-14T12:43:25","slug":"on-som","status":"publish","type":"page","link":"https:\/\/serveiseducatius.xtec.cat\/santadria\/el-servei-educatiu\/on-som\/","title":{"rendered":"On som"},"content":{"rendered":"<p><a href=\"https:\/\/serveiseducatius.xtec.cat\/santadria\/wp-content\/uploads\/usu1189\/2023\/06\/image-0724015242611.maps_.png\"><img loading=\"lazy\" decoding=\"async\" class=\"size-thumbnail wp-image-14864 alignnone\" src=\"https:\/\/serveiseducatius.xtec.cat\/santadria\/wp-content\/uploads\/usu1189\/2023\/06\/image-0724015242611.maps_-150x150.png\" alt=\"\" width=\"150\" height=\"150\" \/><\/a><br \/>\n<strong>Servei Educatiu Sant Adri\u00e0 de Bes\u00f2s<br \/>\n<\/strong>Carrer Joan Fiveller, 11-13 2a planta<br \/>\n08930 Sant Adri\u00e0 de Bes\u00f2s<\/p>\n<p><strong>CRP:<\/strong><br \/>\n<img loading=\"lazy\" decoding=\"async\" class=\"wp-image-12704 alignnone\" src=\"https:\/\/serveiseducatius.xtec.cat\/santadria\/wp-content\/uploads\/usu1189\/2021\/06\/iconaTrans-telefon.png\" alt=\"\" width=\"16\" height=\"16\" srcset=\"https:\/\/serveiseducatius.xtec.cat\/santadria\/wp-content\/uploads\/usu1189\/2021\/06\/iconaTrans-telefon.png 225w, https:\/\/serveiseducatius.xtec.cat\/santadria\/wp-content\/uploads\/usu1189\/2021\/06\/iconaTrans-telefon-150x150.png 150w\" sizes=\"auto, (max-width: 16px) 100vw, 16px\" \/> 933812004<br \/>\ncrp-santadria<span class=\"\">@xtec<\/span>.cat<\/p>\n<p><strong>EAP:<\/strong><br \/>\n<img loading=\"lazy\" decoding=\"async\" class=\"wp-image-12704 alignnone\" src=\"https:\/\/serveiseducatius.xtec.cat\/santadria\/wp-content\/uploads\/usu1189\/2021\/06\/iconaTrans-telefon.png\" alt=\"\" width=\"16\" height=\"16\" srcset=\"https:\/\/serveiseducatius.xtec.cat\/santadria\/wp-content\/uploads\/usu1189\/2021\/06\/iconaTrans-telefon.png 225w, https:\/\/serveiseducatius.xtec.cat\/santadria\/wp-content\/uploads\/usu1189\/2021\/06\/iconaTrans-telefon-150x150.png 150w\" sizes=\"auto, (max-width: 16px) 100vw, 16px\" \/> 933819030<br \/>\na8900250@xtec.cat<\/p>\n<p><iframe loading=\"lazy\" src=\"https:\/\/www.google.com\/maps\/embed?pb=!1m18!1m12!1m3!1d2991.3967236477047!2d2.218207915421582!3d41.430612679260186!2m3!1f0!2f0!3f0!3m2!1i1024!2i768!4f13.1!3m3!1m2!1s0x12a4bca63b17e211%3A0xbb4d34cc0dffb1eb!2sServeis+Educatius+Ciutat+de+Sant+Adri%C3%A0+de+Bes%C3%B2s!5e0!3m2!1sca!2ses!4v1473057972465\" width=\"600\" height=\"450\" frameborder=\"0\"><\/iframe><br \/>\n<strong>Com arribar-hi:<br \/>\n<\/strong><\/p>\n<ul>\n<li>Amb tren: Estaci\u00f3 Sant Adri\u00e0, l\u00ednia 1<\/li>\n<li>Amb tramvia: Estaci\u00f3 Sant Adri\u00e0, l\u00ednies T4 i T6<\/li>\n<li>Amb metro: Estaci\u00f3 Artigues\/Sant Adri\u00e0, l\u00ednia L2<\/li>\n<\/ul>\n","protected":false},"excerpt":{"rendered":"<p>Servei Educatiu Sant Adri\u00e0 de Bes\u00f2s Carrer Joan Fiveller, 11-13 2a planta 08930 Sant Adri\u00e0 de Bes\u00f2s CRP: 933812004 crp-santadria@xtec.cat [&hellip;]<\/p>\n","protected":false},"author":1,"featured_media":0,"parent":806,"menu_order":50,"comment_status":"closed","ping_status":"closed","template":"page-templates\/side-menu.php","meta":{"_bbp_topic_count":0,"_bbp_reply_count":0,"_bbp_total_topic_count":0,"_bbp_total_reply_count":0,"_bbp_voice_count":0,"_bbp_anonymous_reply_count":0,"_bbp_topic_count_hidden":0,"_bbp_reply_count_hidden":0,"_bbp_forum_subforum_count":0,"site-sidebar-layout":"default","site-content-layout":"","ast-site-content-layout":"","site-content-style":"default","site-sidebar-style":"default","ast-global-header-display":"","ast-banner-title-visibility":"","ast-main-header-display":"","ast-hfb-above-header-display":"","ast-hfb-below-header-display":"","ast-hfb-mobile-header-display":"","site-post-title":"","ast-breadcrumbs-content":"","ast-featured-img":"","footer-sml-layout":"","theme-transparent-header-meta":"","adv-header-id-meta":"","stick-header-meta":"","header-above-stick-meta":"","header-main-stick-meta":"","header-below-stick-meta":"","astra-migrate-meta-layouts":"default","ast-page-background-enabled":"default","ast-page-background-meta":{"desktop":{"background-color":"var(--ast-global-color-4)","background-image":"","background-repeat":"repeat","background-position":"center center","background-size":"auto","background-attachment":"scroll","background-type":"","background-media":"","overlay-type":"","overlay-color":"","overlay-opacity":"","overlay-gradient":""},"tablet":{"background-color":"","background-image":"","background-repeat":"repeat","background-position":"center center","background-size":"auto","background-attachment":"scroll","background-type":"","background-media":"","overlay-type":"","overlay-color":"","overlay-opacity":"","overlay-gradient":""},"mobile":{"background-color":"","background-image":"","background-repeat":"repeat","background-position":"center center","background-size":"auto","background-attachment":"scroll","background-type":"","background-media":"","overlay-type":"","overlay-color":"","overlay-opacity":"","overlay-gradient":""}},"ast-content-background-meta":{"desktop":{"background-color":"var(--ast-global-color-5)","background-image":"","background-repeat":"repeat","background-position":"center center","background-size":"auto","background-attachment":"scroll","background-type":"","background-media":"","overlay-type":"","overlay-color":"","overlay-opacity":"","overlay-gradient":""},"tablet":{"background-color":"var(--ast-global-color-5)","background-image":"","background-repeat":"repeat","background-position":"center center","background-size":"auto","background-attachment":"scroll","background-type":"","background-media":"","overlay-type":"","overlay-color":"","overlay-opacity":"","overlay-gradient":""},"mobile":{"background-color":"var(--ast-global-color-5)","background-image":"","background-repeat":"repeat","background-position":"center center","background-size":"auto","background-attachment":"scroll","background-type":"","background-media":"","overlay-type":"","overlay-color":"","overlay-opacity":"","overlay-gradient":""}},"footnotes":""},"class_list":["post-318","page","type-page","status-publish","hentry"],"post_mailing_queue_ids":[],"_links":{"self":[{"href":"https:\/\/serveiseducatius.xtec.cat\/santadria\/wp-json\/wp\/v2\/pages\/318","targetHints":{"allow":["GET"]}}],"collection":[{"href":"https:\/\/serveiseducatius.xtec.cat\/santadria\/wp-json\/wp\/v2\/pages"}],"about":[{"href":"https:\/\/serveiseducatius.xtec.cat\/santadria\/wp-json\/wp\/v2\/types\/page"}],"author":[{"embeddable":true,"href":"https:\/\/serveiseducatius.xtec.cat\/santadria\/wp-json\/wp\/v2\/users\/1"}],"replies":[{"embeddable":true,"href":"https:\/\/serveiseducatius.xtec.cat\/santadria\/wp-json\/wp\/v2\/comments?post=318"}],"version-history":[{"count":5,"href":"https:\/\/serveiseducatius.xtec.cat\/santadria\/wp-json\/wp\/v2\/pages\/318\/revisions"}],"predecessor-version":[{"id":14865,"href":"https:\/\/serveiseducatius.xtec.cat\/santadria\/wp-json\/wp\/v2\/pages\/318\/revisions\/14865"}],"up":[{"embeddable":true,"href":"https:\/\/serveiseducatius.xtec.cat\/santadria\/wp-json\/wp\/v2\/pages\/806"}],"wp:attachment":[{"href":"https:\/\/serveiseducatius.xtec.cat\/santadria\/wp-json\/wp\/v2\/media?parent=318"}],"curies":[{"name":"wp","href":"https:\/\/api.w.org\/{rel}","templated":true}]}}