{"id":306,"date":"2015-11-24T18:02:44","date_gmt":"2015-11-24T17:02:44","guid":{"rendered":"http:\/\/serveiseducatius.xtec.cat\/santadria\/?page_id=306"},"modified":"2025-09-10T14:25:11","modified_gmt":"2025-09-10T12:25:11","slug":"equip","status":"publish","type":"page","link":"https:\/\/serveiseducatius.xtec.cat\/santadria\/el-servei-educatiu\/equip\/","title":{"rendered":"Equip"},"content":{"rendered":"<p>Cada servei educatiu est\u00e0 format per un equip multidisciplinar:<\/p>\n<ul>\n<li>Sara Arcas (Administrativa del Servei Educatiu i del SEE CREDA Barcelon\u00e8s)<\/li>\n<\/ul>\n<ul>\n<li><strong>CRP <\/strong>(Centre de recursos pedag\u00f2gics):\u00a0equip que d\u00f3na\u00a0<strong>suport a l\u2019activitat pedag\u00f2gica dels centres<\/strong> i\u00a0a la tasca docent de mestres i professorat, especialment, en temes de formaci\u00f3 permanent, de recursos pedag\u00f2gics i de dinamitzaci\u00f3 de projectes de centre i de la zona. Podeu consultar les activitats, recursos i not\u00edcies a l&#8217;apartat din\u00e0mic del<a href=\"http:\/\/serveiseducatius.xtec.cat\/santadria\/categoria\/crp\/\">\u00a0CRP<\/a>.\n<ul>\n<li>\n<div><span style=\"color: #444444;\">Joan Abad <a href=\"mailto:jabad5@xtec.cat\">jabad5@xtec.cat<\/a> (direcci\u00f3 del CRP i coordinaci\u00f3 del Servei Educatiu)<\/span><\/div>\n<\/li>\n<li><span style=\"color: #333333;\">Carme Guerrero<\/span> <a href=\"mailto:cguerrer@xtec.cat\">cguerrer@xtec.cat<\/a><span style=\"color: #333333;\"> (t\u00e8cnica docent)<\/span><\/li>\n<li><span style=\"color: #333333;\">Josep Gilabert<\/span> <a href=\"mailto:jgilabe2@xtec.cat\">jgilabe2@xtec.cat<\/a> <span style=\"color: #333333;\">(mentor digital)<\/span><\/li>\n<li><span style=\"color: #333333;\">Cristina Colmenero<\/span> <a href=\"mailto:ccolmene@xtec.cat\">ccolmene@xtec.cat<\/a> <span style=\"color: #333333;\">(educadora social)<\/span><\/li>\n<\/ul>\n<\/li>\n<\/ul>\n<ul>\n<li><strong>EAP <\/strong>(Equip d\u2019assesorament i orientaci\u00f3 psicopedag\u00f2gic)<span class=\"Apple-converted-space\">: equip<\/span>\u00a0que d\u00f3na\u00a0suport al professorat i als centres educatius en la resposta a la <strong>diversitat de l\u2019alumnat<\/strong> i en relaci\u00f3 a alumnes que presenten <strong>necessitats educatives especials<\/strong>, aix\u00ed com a les seves fam\u00edlies. Podeu consultar les activitats, recursos i not\u00edcies a l&#8217;apartat din\u00e0mic de l&#8217;<a href=\"http:\/\/serveiseducatius.xtec.cat\/santadria\/categoria\/eap\/\">EAP<\/a>.\n<ul>\n<li><span style=\"color: #444444;\">Raquel Peir\u00f3 <a href=\"mailto:rpeiro3@xtec.cat\">rpeiro3<span class=\"\">@xtec.<\/span>cat<\/a> (direcci\u00f3 de l&#8217;EAP, psicopedagoga)<\/span><\/li>\n<li><span style=\"color: #444444;\">S\u00edlvia Villarrubia <a href=\"mailto:svillar3@xtec.cat\">svillar3<span class=\"\">@xtec.cat<\/span><\/a> (psicopedagoga)<\/span><\/li>\n<li><span style=\"color: #333333;\">Mireia Paz<\/span> <a href=\"mailto:mpaz10@xtec.cat\">mpaz10@xtec.cat<\/a> <span style=\"color: #333333;\">(psicopedagoga)<\/span><\/li>\n<li><span style=\"color: #444444;\">Paula Fern\u00e1ndez <a href=\"mailto:pferna46@xtec.cat\">pferna46@xtec.cat<\/a> (fisioterapeuta)<\/span><\/li>\n<li><span style=\"color: #444444;\">S\u00edlvia Sabat\u00e9 <a href=\"mailto:ssabat16@xtec.cat\">ssabat16@@xtec.cat<\/a> (treballadora social)<\/span><\/li>\n<\/ul>\n<\/li>\n<\/ul>\n<ul>\n<li><strong>ELIC <\/strong>(Equip d\u2019assessorament i orientaci\u00f3 en llengua, interculturalitat i cohesi\u00f3 social): que donen suport al professorat en l\u2019atenci\u00f3 a la diversitat relacionada amb l\u2019alumnat, especialment procedent de la immigraci\u00f3 i\/o amb l\u2019alumnat amb risc d\u2019exclusi\u00f3 social, en l\u2019\u00e0mbit dels centres educatius i els plans educatius d\u2019entorn.\u00a0Podeu consultar les activitats, recursos i not\u00edcies a l&#8217;apartat din\u00e0mic de l&#8217;<a href=\"http:\/\/serveiseducatius.xtec.cat\/santadria\/categoria\/elic\/\">ELIC<\/a>.\n<ul>\n<li><span style=\"color: #444444;\">V\u00edctor Ferran <a href=\"mailto:vferran4@xtec.cat\">vferran4@xtec.cat<\/a><\/span><\/li>\n<li><span style=\"color: #333333;\">Iv\u00e1n Fern\u00e1ndez<\/span> <a href=\"mailto:iferna45@xtec.cat\">iferna45@xtec.cat<\/a><\/li>\n<\/ul>\n<\/li>\n<\/ul>\n<p>El Servei Educatiu tamb\u00e9 treballa de forma coordinada amb:<\/p>\n<ul>\n<li><a href=\"https:\/\/serveiseducatius.xtec.cat\/creda-comarques2\/\"><strong>CREDA\u00a0 Barcelon\u00e8s<\/strong><\/a>\u00a0(Centre de Recursos Educatius per a Deficients Auditius) i amb el professorat que at\u00e9n l\u2019alumnat amb discapacitat auditiva.<\/li>\n<\/ul>\n","protected":false},"excerpt":{"rendered":"<p>Cada servei educatiu est\u00e0 format per un equip multidisciplinar: Sara Arcas (Administrativa del Servei Educatiu i del SEE CREDA Barcelon\u00e8s) [&hellip;]<\/p>\n","protected":false},"author":1,"featured_media":0,"parent":806,"menu_order":20,"comment_status":"closed","ping_status":"closed","template":"","meta":{"_bbp_topic_count":0,"_bbp_reply_count":0,"_bbp_total_topic_count":0,"_bbp_total_reply_count":0,"_bbp_voice_count":0,"_bbp_anonymous_reply_count":0,"_bbp_topic_count_hidden":0,"_bbp_reply_count_hidden":0,"_bbp_forum_subforum_count":0,"site-sidebar-layout":"default","site-content-layout":"","ast-site-content-layout":"default","site-content-style":"default","site-sidebar-style":"default","ast-global-header-display":"","ast-banner-title-visibility":"","ast-main-header-display":"","ast-hfb-above-header-display":"","ast-hfb-below-header-display":"","ast-hfb-mobile-header-display":"","site-post-title":"","ast-breadcrumbs-content":"","ast-featured-img":"","footer-sml-layout":"","theme-transparent-header-meta":"","adv-header-id-meta":"","stick-header-meta":"","header-above-stick-meta":"","header-main-stick-meta":"","header-below-stick-meta":"","astra-migrate-meta-layouts":"set","ast-page-background-enabled":"default","ast-page-background-meta":{"desktop":{"background-color":"var(--ast-global-color-4)","background-image":"","background-repeat":"repeat","background-position":"center center","background-size":"auto","background-attachment":"scroll","background-type":"","background-media":"","overlay-type":"","overlay-color":"","overlay-opacity":"","overlay-gradient":""},"tablet":{"background-color":"","background-image":"","background-repeat":"repeat","background-position":"center center","background-size":"auto","background-attachment":"scroll","background-type":"","background-media":"","overlay-type":"","overlay-color":"","overlay-opacity":"","overlay-gradient":""},"mobile":{"background-color":"","background-image":"","background-repeat":"repeat","background-position":"center center","background-size":"auto","background-attachment":"scroll","background-type":"","background-media":"","overlay-type":"","overlay-color":"","overlay-opacity":"","overlay-gradient":""}},"ast-content-background-meta":{"desktop":{"background-color":"var(--ast-global-color-5)","background-image":"","background-repeat":"repeat","background-position":"center center","background-size":"auto","background-attachment":"scroll","background-type":"","background-media":"","overlay-type":"","overlay-color":"","overlay-opacity":"","overlay-gradient":""},"tablet":{"background-color":"var(--ast-global-color-5)","background-image":"","background-repeat":"repeat","background-position":"center center","background-size":"auto","background-attachment":"scroll","background-type":"","background-media":"","overlay-type":"","overlay-color":"","overlay-opacity":"","overlay-gradient":""},"mobile":{"background-color":"var(--ast-global-color-5)","background-image":"","background-repeat":"repeat","background-position":"center center","background-size":"auto","background-attachment":"scroll","background-type":"","background-media":"","overlay-type":"","overlay-color":"","overlay-opacity":"","overlay-gradient":""}},"footnotes":""},"class_list":["post-306","page","type-page","status-publish","hentry"],"post_mailing_queue_ids":[],"_links":{"self":[{"href":"https:\/\/serveiseducatius.xtec.cat\/santadria\/wp-json\/wp\/v2\/pages\/306","targetHints":{"allow":["GET"]}}],"collection":[{"href":"https:\/\/serveiseducatius.xtec.cat\/santadria\/wp-json\/wp\/v2\/pages"}],"about":[{"href":"https:\/\/serveiseducatius.xtec.cat\/santadria\/wp-json\/wp\/v2\/types\/page"}],"author":[{"embeddable":true,"href":"https:\/\/serveiseducatius.xtec.cat\/santadria\/wp-json\/wp\/v2\/users\/1"}],"replies":[{"embeddable":true,"href":"https:\/\/serveiseducatius.xtec.cat\/santadria\/wp-json\/wp\/v2\/comments?post=306"}],"version-history":[{"count":5,"href":"https:\/\/serveiseducatius.xtec.cat\/santadria\/wp-json\/wp\/v2\/pages\/306\/revisions"}],"predecessor-version":[{"id":17051,"href":"https:\/\/serveiseducatius.xtec.cat\/santadria\/wp-json\/wp\/v2\/pages\/306\/revisions\/17051"}],"up":[{"embeddable":true,"href":"https:\/\/serveiseducatius.xtec.cat\/santadria\/wp-json\/wp\/v2\/pages\/806"}],"wp:attachment":[{"href":"https:\/\/serveiseducatius.xtec.cat\/santadria\/wp-json\/wp\/v2\/media?parent=306"}],"curies":[{"name":"wp","href":"https:\/\/api.w.org\/{rel}","templated":true}]}}