{"id":16386,"date":"2024-11-07T09:57:47","date_gmt":"2024-11-07T08:57:47","guid":{"rendered":"https:\/\/serveiseducatius.xtec.cat\/santadria\/?page_id=16386"},"modified":"2025-11-19T11:16:13","modified_gmt":"2025-11-19T10:16:13","slug":"recursos-doralitat-fem-podcasts","status":"publish","type":"page","link":"https:\/\/serveiseducatius.xtec.cat\/santadria\/recursos\/monografics-de-recursos\/recursos-doralitat-fem-podcasts\/","title":{"rendered":"Recursos per treballar la llengua oral"},"content":{"rendered":"\n<h3 class=\"wp-block-heading\">Recursos generals<\/h3>\n\n\n\n<p>&nbsp;<\/p>\n\n\n\n<figure class=\"wp-block-table\"><table class=\"has-fixed-layout\"><tbody><tr><td><strong>Nom del recurs<\/strong><\/td><td><strong>Descripci\u00f3<\/strong><\/td><td><strong>Enlla\u00e7<\/strong><\/td><\/tr><tr><td>Dossier: Flu\u00efdesa Lectora (PDF)<\/td><td>Dossier amb propostes te\u00f2riques i did\u00e0ctiques per treballar la flu\u00efdesa lectora a l&#8217;aula.<\/td><td><a href=\"https:\/\/xtec.gencat.cat\/web\/.content\/alfresco\/d\/d\/workspace\/SpacesStore\/0045\/43f3eddc-68ea-485b-a733-ced27a079145\/16_fluidesa_lectora.pdf\">https:\/\/xtec.gencat.cat\/web\/.content\/alfresco\/d\/d\/workspace\/SpacesStore\/0045\/43f3eddc-68ea-485b-a733-ced27a079145\/16_fluidesa_lectora.pdf<\/a><\/td><\/tr><tr><td>Oracy: components d&#8217;oralitat<\/td><td>Document que especifica els diversos components dels que forma part el discurs oral.<\/td><td><a href=\"https:\/\/docs.google.com\/document\/d\/11KeIQm3x9DUe9sb4j2UQjZxWrEt6pGYGi-A8LTbfHlk\/edit?usp=sharing\">https:\/\/docs.google.com\/document\/d\/11KeIQm3x9DUe9sb4j2UQjZxWrEt6pGYGi-A8LTbfHlk\/edit?usp=sharing<\/a><\/td><\/tr><tr><td>Oracy Toolkit<\/td><td>(En angl\u00e8s) The Oracy Toolkit is for assessing how well children of 11-12 years old can use spoken English for different purposes and in different contexts.<\/td><td><a href=\"https:\/\/www.educ.cam.ac.uk\/research\/programmes\/oracytoolkit\/\">https:\/\/www.educ.cam.ac.uk\/research\/programmes\/oracytoolkit\/<\/a><\/td><\/tr><tr><td>Plantilla per elaborar un gui\u00f3 radiof\u00f2nic (docx)<\/td><td>Document editable.<\/td><td><a href=\"https:\/\/xtec.gencat.cat\/web\/.content\/recursos\/media\/radio\/Exemple-de-guio-radiofonic.docx\">https:\/\/xtec.gencat.cat\/web\/.content\/recursos\/media\/radio\/Exemple-de-guio-radiofonic.docx<\/a><\/td><\/tr><tr><td>Llegim en veu alta: preparats, llestos, ja! (PDF)<\/td><td>Exercicis per preparar la veu abans d&#8217;una exposici\u00f3 oral.<\/td><td><a href=\"https:\/\/blocs.xtec.cat\/dcolell\/files\/2016\/02\/Resum-consells-lectura-en-veu-alta.pdf\">https:\/\/blocs.xtec.cat\/dcolell\/files\/2016\/02\/Resum-consells-lectura-en-veu-alta.pdf<\/a><\/td><\/tr><tr><td>Eines per treballar la lectura en veu alta<\/td><td>Presentaci\u00f3 de la fundaci\u00f3 Enciclop\u00e8dia Catalana amb recursos associats al Certamen de Lectura en Veu Alta.<\/td><td><a href=\"https:\/\/blocs.xtec.cat\/dcolell\/files\/2016\/02\/EINES_PER_TREBALLAR_LA_LECTURA_EN_VEU_ALTA.pdf\">https:\/\/blocs.xtec.cat\/dcolell\/files\/2016\/02\/EINES_PER_TREBALLAR_LA_LECTURA_EN_VEU_ALTA.pdf<\/a><\/td><\/tr><tr><td>Tenim la paraula<\/td><td>Programa que t\u00e9 la finalitat de millorar les habilitats comunicatives<br>orals de l\u2019alumnat. Molts recursos interessants, d\u2019entre els<br>quals destaquen les activitats d\u2019aula per nivells educatius i els recursos per al professorat.<\/td><td><a href=\"https:\/\/xtec.gencat.cat\/ca\/projectes\/llengua-oral\/tenim-la-paraula\/\">https:\/\/xtec.gencat.cat\/ca\/projectes\/llengua-oral\/tenim-la-paraula\/<\/a><\/td><\/tr><tr><td>Tractament integrat de llengua i continguts<\/td><td>Webs del Departament d\u2019Educaci\u00f3 sobre la integraci\u00f3 de la llengua en totes les \u00e0rees curriculars. Contenen orientacions, recursos i propostes.<\/td><td><a href=\"https:\/\/projectes.xtec.cat\/tilc\/\">https:\/\/projectes.xtec.cat\/tilc\/<\/a><\/td><\/tr><tr><td>Veu alta (Grup Enciclop\u00e8dia)<\/td><td>Projecte per promoure la literatura i la llengua per mitj\u00e0 de la lectura compartida en veu alta. Cada any organitzen un certamen per a alumnes de tot Catalunya.<\/td><td><a href=\"https:\/\/www.lecturaenveualta.cat\/\">https:\/\/www.lecturaenveualta.cat\/<\/a><\/td><\/tr><tr><td>Youtubers docents<\/td><td>P\u00e0gina web que cont\u00e9 un recull de canals de Youtube de docents de parla catalana que transmeten continguts diversos.<\/td><td><a href=\"https:\/\/www.youtubersdocents.cat\/\">https:\/\/www.youtubersdocents.cat\/<\/a><\/td><\/tr><tr><td>Jocs per a l\u2019aprenentatge del catal\u00e0 oral per a nouvinguts (PDF)<\/td><td>Llibre que recull activitats per refor\u00e7ar el proc\u00e9s d&#8217;aprenentatge oral de la llengua catalana dels nouvinguts.<\/td><td><a href=\"https:\/\/fundaciobofill.cat\/uploads\/docs\/l\/4\/j\/o\/o\/3\/j\/x\/o\/xarranca_150416.pdf\">https:\/\/fundaciobofill.cat\/uploads\/docs\/l\/4\/j\/o\/o\/3\/j\/x\/o\/xarranca_150416.pdf<\/a><\/td><\/tr><\/tbody><\/table><\/figure>\n\n\n\n<h3 class=\"wp-block-heading\">Educaci\u00f3 infantil<\/h3>\n\n\n\n<figure class=\"wp-block-table\"><table class=\"has-fixed-layout\"><tbody><tr><td><strong>Nom del recurs<\/strong><\/td><td><strong>Descripci\u00f3<\/strong><\/td><td><strong>Enlla\u00e7<\/strong><\/td><\/tr><tr><td>Galetes d&#8217;oralitat EI (Escola Catalunya)<\/td><td>Galetes per treballar la oralitat elaborades per l&#8217;Escola Catalunya en el marc del programa &#8220;Tenim la paraula&#8221;.<\/td><td><a href=\"https:\/\/drive.google.com\/file\/d\/1OhF11uSui6NMyEsMPuuX8PwhgXiWLu7V\/view?usp=sharing\">https:\/\/drive.google.com\/file\/d\/1OhF11uSui6NMyEsMPuuX8PwhgXiWLu7V\/view?usp=sharing<\/a><\/td><\/tr><\/tbody><\/table><\/figure>\n\n\n\n<h3 class=\"wp-block-heading\">Educaci\u00f3 Prim\u00e0ria<\/h3>\n\n\n\n<figure class=\"wp-block-table\"><table class=\"has-fixed-layout\"><tbody><tr><td><strong>Nom del recurs<\/strong><\/td><td><strong>Descripci\u00f3<\/strong><\/td><td><strong>Enlla\u00e7<\/strong><\/td><\/tr><tr><td>Una proposta de lectura expressiva a Cicle Inicial (PDF)<\/td><td>Proposta did\u00e0ctica sobre el treball sistem\u00e0tic dels components de la lectura en veu alta amb el vessant m\u00e9s comunicatiu d\u2019aquest tipus de lectura.<\/td><td><a href=\"https:\/\/repositori.educacio.gencat.cat\/handle\/20.500.12694\/2855\">https:\/\/repositori.educacio.gencat.cat\/handle\/20.500.12694\/2855<\/a><\/td><\/tr><tr><td>Sis estrat\u00e8gies de flu\u00efdesa lectora: experi\u00e8ncia de lectura (PDF)<\/td><td>Partint del dossier Flu\u00efdesa lectora, l\u2019escola Horta Vella de Sant Carles de la R\u00e0pita exemplifica l\u2019aplicaci\u00f3 de sis estrat\u00e8gies en una aula de segon de prim\u00e0ria.<\/td><td><a href=\"https:\/\/repositori.educacio.gencat.cat\/handle\/20.500.12694\/2979\">https:\/\/repositori.educacio.gencat.cat\/handle\/20.500.12694\/2979<\/a><\/td><\/tr><tr><td>Galetes d&#8217;oralitat EP (Escola Catalunya)<\/td><td>Galetes per treballar la oralitat elaborades per l&#8217;Escola Catalunya en el marc del programa &#8220;Tenim la paraula&#8221;.<\/td><td><a href=\"https:\/\/drive.google.com\/file\/d\/177HQ0W4Yj94wmCFQvAjgX4c65Z4SagcB\/view?usp=sharing\">https:\/\/drive.google.com\/file\/d\/177HQ0W4Yj94wmCFQvAjgX4c65Z4SagcB\/view?usp=sharing<\/a><\/td><\/tr><\/tbody><\/table><\/figure>\n\n\n\n<h3 class=\"wp-block-heading\">Educaci\u00f3 secund\u00e0ria<\/h3>\n\n\n\n<figure class=\"wp-block-table\"><table class=\"has-fixed-layout\"><tbody><tr><td><strong>Nom del recurs<\/strong><\/td><td><strong>Descripci\u00f3<\/strong><\/td><td><strong>Enlla\u00e7<\/strong><\/td><\/tr><tr><td>La flu\u00efdesa oral [material did\u00e0ctic]<\/td><td>Proposta did\u00e0ctica amb recursos per treballar la flu\u00efdesa oral amb l&#8217;alumnat.<\/td><td><a href=\"https:\/\/repositori.educacio.gencat.cat\/handle\/20.500.12694\/5839\">https:\/\/repositori.educacio.gencat.cat\/handle\/20.500.12694\/5839<\/a><\/td><\/tr><tr><td>Jo tinc la paraula. Flu\u00efdesa oral (Youtube)<\/td><td><span class=\"yt-core-attributed-string yt-core-attributed-string--white-space-pre-wrap\" dir=\"auto\" role=\"text\"><span class=\"yt-core-attributed-string--link-inherit-color\" dir=\"auto\">Tutorial per donar eines i idees als joves per parlar amb flu\u00efdesa.<\/span><\/span><\/td><td><a href=\"https:\/\/www.youtube.com\/watch?v=_VF2maBJYLw\">https:\/\/www.youtube.com\/watch?v=_VF2maBJYLw<\/a><\/td><\/tr><tr><td>Adaptar-te al context [material did\u00e0ctic]<\/td><td><span class=\"yt-core-attributed-string yt-core-attributed-string--white-space-pre-wrap\" dir=\"auto\" role=\"text\"><span class=\"yt-core-attributed-string--link-inherit-color\" dir=\"auto\">Proposta did\u00e0ctica amb recursos per treballar l&#8217;adequaci\u00f3 del discurs oral al context amb l&#8217;alumnat.<\/span><\/span><\/td><td><a href=\"https:\/\/repositori.educacio.gencat.cat\/handle\/20.500.12694\/5841\">https:\/\/repositori.educacio.gencat.cat\/handle\/20.500.12694\/5841<\/a><\/td><\/tr><tr><td>L&#8217;oralitat aplicada a l&#8217;aula (UPF)<\/td><td><span class=\"yt-core-attributed-string yt-core-attributed-string--white-space-pre-wrap\" dir=\"auto\" role=\"text\"><span class=\"yt-core-attributed-string--link-inherit-color\" dir=\"auto\">Diferents recursos per treballar la oralitat a secund\u00e0ria i amb adults.<br><\/span><\/span><\/td><td><a href=\"https:\/\/oralitat.upf.edu\/mes-recursos-la-oralitat-aplicada-a-laula\/\">https:\/\/oralitat.upf.edu\/mes-recursos-la-oralitat-aplicada-a-laula\/<\/a><\/td><\/tr><tr><td>Lliga de debat de secund\u00e0ria i batxillerat<\/td><td><span class=\"yt-core-attributed-string yt-core-attributed-string--white-space-pre-wrap\" dir=\"auto\" role=\"text\"><span class=\"yt-core-attributed-string--link-inherit-color\" dir=\"auto\">Competici\u00f3 d&#8217;orat\u00f2ria. Al web s\u2019hi poden trobar v\u00eddeos dels debats finals que poden servir de model per al treball al centre i tamb\u00e9 un \u201cManual de comunicaci\u00f3 efica\u00e7 i creativa\u201d.<br><\/span><\/span><\/td><td><a href=\"https:\/\/www.vives.org\/programes\/estudiants\/lliga-debat-secundaria-batxillerat\/\">https:\/\/www.vives.org\/programes\/estudiants\/lliga-debat-secundaria-batxillerat\/<\/a><\/td><\/tr><tr><td>Recursos educatius sobre comunicaci\u00f3 oral i escrita (PDF)<\/td><td><span class=\"yt-core-attributed-string yt-core-attributed-string--white-space-pre-wrap\" dir=\"auto\" role=\"text\"><span class=\"yt-core-attributed-string--link-inherit-color\" dir=\"auto\">Publicaci\u00f3 d\u2019una tutora de PFI-PTT amb un gran recull d\u2019activitats,<br>din\u00e0miques, jocs i t\u00e8cniques diverses per treballar la comunicaci\u00f3,<br>explicades per a aplicar-les a l\u2019aula.<\/span><\/span><\/td><td><a href=\"https:\/\/xtec.gencat.cat\/web\/.content\/recursos\/pfi\/tutoria\/documents-recursos-comunicacio\/Recursos-de-comunicacio-i-tutoria.pdf\">https:\/\/xtec.gencat.cat\/web\/.content\/recursos\/pfi\/tutoria\/documents-recursos-comunicacio\/Recursos-de-comunicacio-i-tutoria.pdf<\/a><\/td><\/tr><tr><td>Catal\u00e0 a l&#8217;atac<\/td><td><span class=\"yt-core-attributed-string yt-core-attributed-string--white-space-pre-wrap\" dir=\"auto\" role=\"text\"><span class=\"yt-core-attributed-string--link-inherit-color\" dir=\"auto\">V\u00eddeos curts, d\u2019uns 40 segons de durada, de divulgaci\u00f3 de temes ling\u00fc\u00edstics. Els episodis mostren, amb sentit de l\u2019humor, la riquesa expressiva de la llengua catalana.<\/span><\/span><\/td><td><a href=\"https:\/\/llengua.gencat.cat\/ca\/serveis\/informacio_i_difusio\/accions_sensibilitzacio\/catala_a_latac\/\">https:\/\/llengua.gencat.cat\/ca\/serveis\/informacio_i_difusio\/accions_sensibilitzacio\/catala_a_latac\/<\/a><\/td><\/tr><\/tbody><\/table><\/figure>\n\n\n\n<h3 class=\"wp-block-heading\">Recursos f\u00edsics al CRP<\/h3>\n\n\n\n<h4 class=\"wp-block-heading\">Jocs de taula<\/h4>\n\n\n\n<figure class=\"wp-block-table\"><table class=\"has-fixed-layout\"><tbody><tr><td><strong>Nom del recurs<\/strong><\/td><td><strong>Descripci\u00f3<\/strong><\/td><td><strong>Imatge<\/strong><\/td><\/tr><tr><td>Ol\u00edvia. Jocs de llengua<\/td><td>Caixa amb diversos jocs per estimular l&#8217;aprenentatge de la llengua<\/td><td><figure><a href=\"https:\/\/serveiseducatius.xtec.cat\/santadria\/wp-content\/uploads\/usu1189\/2024\/11\/olivia.jpg\"><img loading=\"lazy\" decoding=\"async\" class=\"aligncenter wp-image-16398 size-medium\" src=\"https:\/\/serveiseducatius.xtec.cat\/santadria\/wp-content\/uploads\/usu1189\/2024\/11\/olivia-300x138.jpg\" alt=\"\" width=\"300\" height=\"138\" srcset=\"https:\/\/serveiseducatius.xtec.cat\/santadria\/wp-content\/uploads\/usu1189\/2024\/11\/olivia-300x138.jpg 300w, https:\/\/serveiseducatius.xtec.cat\/santadria\/wp-content\/uploads\/usu1189\/2024\/11\/olivia.jpg 331w\" sizes=\"auto, (max-width: 300px) 100vw, 300px\" \/><\/a><\/figure><\/td><\/tr><tr><td>Storycubes<\/td><td>Joc de daus amb imatges pel foment de la imaginaci\u00f3 i la construcci\u00f3 de textos.<\/td><td><figure><a href=\"https:\/\/serveiseducatius.xtec.cat\/santadria\/wp-content\/uploads\/usu1189\/2024\/11\/0913939.08.jpg\"><img loading=\"lazy\" decoding=\"async\" class=\"aligncenter wp-image-16397 size-thumbnail\" src=\"https:\/\/serveiseducatius.xtec.cat\/santadria\/wp-content\/uploads\/usu1189\/2024\/11\/0913939.08-150x150.jpg\" alt=\"\" width=\"150\" height=\"150\" srcset=\"https:\/\/serveiseducatius.xtec.cat\/santadria\/wp-content\/uploads\/usu1189\/2024\/11\/0913939.08-150x150.jpg 150w, https:\/\/serveiseducatius.xtec.cat\/santadria\/wp-content\/uploads\/usu1189\/2024\/11\/0913939.08-300x300.jpg 300w, https:\/\/serveiseducatius.xtec.cat\/santadria\/wp-content\/uploads\/usu1189\/2024\/11\/0913939.08.jpg 740w\" sizes=\"auto, (max-width: 150px) 100vw, 150px\" \/><\/a><\/figure><\/td><\/tr><tr><td>Dixit<\/td><td>Joc d&#8217;endevinar paraules a partir de la construcci\u00f3 d&#8217;hist\u00f2ries<\/td><td><figure><a href=\"https:\/\/serveiseducatius.xtec.cat\/santadria\/wp-content\/uploads\/usu1189\/2024\/11\/dixit.png\"><img loading=\"lazy\" decoding=\"async\" class=\"aligncenter size-medium wp-image-16399\" src=\"https:\/\/serveiseducatius.xtec.cat\/santadria\/wp-content\/uploads\/usu1189\/2024\/11\/dixit-231x300.png\" alt=\"\" width=\"231\" height=\"300\" srcset=\"https:\/\/serveiseducatius.xtec.cat\/santadria\/wp-content\/uploads\/usu1189\/2024\/11\/dixit-231x300.png 231w, https:\/\/serveiseducatius.xtec.cat\/santadria\/wp-content\/uploads\/usu1189\/2024\/11\/dixit-768x996.png 768w, https:\/\/serveiseducatius.xtec.cat\/santadria\/wp-content\/uploads\/usu1189\/2024\/11\/dixit.png 771w\" sizes=\"auto, (max-width: 231px) 100vw, 231px\" \/><\/a><\/figure><\/td><\/tr><\/tbody><\/table><\/figure>\n\n\n\n<h4 class=\"wp-block-heading\">Llibres<\/h4>\n\n\n\n<figure class=\"wp-block-table\"><table class=\"has-fixed-layout\"><tbody><tr><td>Jocs d&#8217;expressi\u00f3 oral i escrita. El joc a l&#8217;aula pas a pas.<br>(Dolors Badia Armengol i Montserrat Vil\u00e0 Santasusana)<\/td><td>Desenes d&#8217;activitats pautades sobre jocs ling\u00fc\u00edstics.<\/td><td><figure><a href=\"https:\/\/serveiseducatius.xtec.cat\/santadria\/wp-content\/uploads\/usu1189\/2024\/11\/61O8oyJ6cXL._AC_UF8941000_QL80_.jpg\"><img loading=\"lazy\" decoding=\"async\" class=\"aligncenter size-medium wp-image-16408\" src=\"https:\/\/serveiseducatius.xtec.cat\/santadria\/wp-content\/uploads\/usu1189\/2024\/11\/61O8oyJ6cXL._AC_UF8941000_QL80_-206x300.jpg\" alt=\"\" width=\"206\" height=\"300\" srcset=\"https:\/\/serveiseducatius.xtec.cat\/santadria\/wp-content\/uploads\/usu1189\/2024\/11\/61O8oyJ6cXL._AC_UF8941000_QL80_-206x300.jpg 206w, https:\/\/serveiseducatius.xtec.cat\/santadria\/wp-content\/uploads\/usu1189\/2024\/11\/61O8oyJ6cXL._AC_UF8941000_QL80_.jpg 688w\" sizes=\"auto, (max-width: 206px) 100vw, 206px\" \/><\/a><\/figure><\/td><\/tr><tr><td>10 idees clau: Ensenyar la compet\u00e8ncia oral a classe. Aprendre a parlar en public.<br>(Montserrat Vil\u00e0 Santasusana, Josep M. Castell\u00e0)<\/td><td>Llibre que ofereix reflexions, propostes i recursos did\u00e0ctics amb una estructura clara per ajudar els docents a la comprensi\u00f3 de la did\u00e0ctica de la llengua oral<\/td><td><figure><a href=\"https:\/\/serveiseducatius.xtec.cat\/santadria\/wp-content\/uploads\/usu1189\/2024\/11\/616clp3tASL._AC_UF8941000_QL80_.jpg\"><img loading=\"lazy\" decoding=\"async\" class=\"aligncenter size-medium wp-image-16409\" src=\"https:\/\/serveiseducatius.xtec.cat\/santadria\/wp-content\/uploads\/usu1189\/2024\/11\/616clp3tASL._AC_UF8941000_QL80_-211x300.jpg\" alt=\"\" width=\"211\" height=\"300\" srcset=\"https:\/\/serveiseducatius.xtec.cat\/santadria\/wp-content\/uploads\/usu1189\/2024\/11\/616clp3tASL._AC_UF8941000_QL80_-211x300.jpg 211w, https:\/\/serveiseducatius.xtec.cat\/santadria\/wp-content\/uploads\/usu1189\/2024\/11\/616clp3tASL._AC_UF8941000_QL80_.jpg 703w\" sizes=\"auto, (max-width: 211px) 100vw, 211px\" \/><\/a><\/figure><\/td><\/tr><tr><td>Did\u00e0ctica de la llengua oral formal. Continguts d&#8217;aprenentatge i seq\u00fc\u00e8ncies did\u00e0ctiques.<br>(Montserrat Vil\u00e0 Santasusana (coord.), C. Ballesteros, J.M. Castell\u00e0, A. Cros, M. Grau, J. Palou)<\/td><td>Aquest llibre est\u00e0 dividit en dues parts. La primera \u00e9s un punt de partida per a que el professorat pugui disposar d&#8217;objectius i continguts d&#8217;aprenentatge espec\u00edfics de llengua oral. La segona t\u00e9 un enfocament m\u00e9s pr\u00e0ctic i se centra en com ensenyar la llengua oral.<\/td><td><figure><a href=\"https:\/\/serveiseducatius.xtec.cat\/santadria\/wp-content\/uploads\/usu1189\/2024\/11\/614831kJsLL._SL1423_.jpg\"><img loading=\"lazy\" decoding=\"async\" class=\"aligncenter size-medium wp-image-16410\" src=\"https:\/\/serveiseducatius.xtec.cat\/santadria\/wp-content\/uploads\/usu1189\/2024\/11\/614831kJsLL._SL1423_-211x300.jpg\" alt=\"\" width=\"211\" height=\"300\" srcset=\"https:\/\/serveiseducatius.xtec.cat\/santadria\/wp-content\/uploads\/usu1189\/2024\/11\/614831kJsLL._SL1423_-211x300.jpg 211w, https:\/\/serveiseducatius.xtec.cat\/santadria\/wp-content\/uploads\/usu1189\/2024\/11\/614831kJsLL._SL1423_-720x1024.jpg 720w, https:\/\/serveiseducatius.xtec.cat\/santadria\/wp-content\/uploads\/usu1189\/2024\/11\/614831kJsLL._SL1423_-768x1093.jpg 768w, https:\/\/serveiseducatius.xtec.cat\/santadria\/wp-content\/uploads\/usu1189\/2024\/11\/614831kJsLL._SL1423_.jpg 1000w\" sizes=\"auto, (max-width: 211px) 100vw, 211px\" \/><\/a><\/figure><\/td><\/tr><tr><td>Jocs de consci\u00e8ncia fonol\u00f2gica. (amb guia did\u00e0ctica)<br>Josep Ti\u00f3<\/td><td>El gruix del material va adre\u00e7at al cicle inicial per\u00f2 hi ha for\u00e7a jocs adequats per I5 i fins i tot I4. Alguns, fins i tot, poden ajudar a solidificar la consci\u00e8ncia ling\u00fc\u00edstica a cicle mitj\u00e0 i superior.<\/td><td><figure><a href=\"https:\/\/serveiseducatius.xtec.cat\/santadria\/wp-content\/uploads\/usu1189\/2024\/11\/36e54cb3d84c52f9a12675f399a10a13.jpg\"><img loading=\"lazy\" decoding=\"async\" class=\"aligncenter size-full wp-image-16411\" src=\"https:\/\/serveiseducatius.xtec.cat\/santadria\/wp-content\/uploads\/usu1189\/2024\/11\/36e54cb3d84c52f9a12675f399a10a13.jpg\" alt=\"\" width=\"300\" height=\"216\"><\/a><\/figure><\/td><\/tr><\/tbody><\/table><\/figure>\n","protected":false},"excerpt":{"rendered":"<p>Recursos generals &nbsp; Nom del recurs Descripci\u00f3 Enlla\u00e7 Dossier: Flu\u00efdesa Lectora (PDF) Dossier amb propostes te\u00f2riques i did\u00e0ctiques per treballar [&hellip;]<\/p>\n","protected":false},"author":5,"featured_media":0,"parent":13999,"menu_order":0,"comment_status":"closed","ping_status":"closed","template":"","meta":{"_bbp_topic_count":0,"_bbp_reply_count":0,"_bbp_total_topic_count":0,"_bbp_total_reply_count":0,"_bbp_voice_count":0,"_bbp_anonymous_reply_count":0,"_bbp_topic_count_hidden":0,"_bbp_reply_count_hidden":0,"_bbp_forum_subforum_count":0,"site-sidebar-layout":"default","site-content-layout":"","ast-site-content-layout":"default","site-content-style":"default","site-sidebar-style":"default","ast-global-header-display":"","ast-banner-title-visibility":"","ast-main-header-display":"","ast-hfb-above-header-display":"","ast-hfb-below-header-display":"","ast-hfb-mobile-header-display":"","site-post-title":"","ast-breadcrumbs-content":"","ast-featured-img":"","footer-sml-layout":"","theme-transparent-header-meta":"","adv-header-id-meta":"","stick-header-meta":"","header-above-stick-meta":"","header-main-stick-meta":"","header-below-stick-meta":"","astra-migrate-meta-layouts":"set","ast-page-background-enabled":"default","ast-page-background-meta":{"desktop":{"background-color":"var(--ast-global-color-4)","background-image":"","background-repeat":"repeat","background-position":"center center","background-size":"auto","background-attachment":"scroll","background-type":"","background-media":"","overlay-type":"","overlay-color":"","overlay-opacity":"","overlay-gradient":""},"tablet":{"background-color":"","background-image":"","background-repeat":"repeat","background-position":"center center","background-size":"auto","background-attachment":"scroll","background-type":"","background-media":"","overlay-type":"","overlay-color":"","overlay-opacity":"","overlay-gradient":""},"mobile":{"background-color":"","background-image":"","background-repeat":"repeat","background-position":"center center","background-size":"auto","background-attachment":"scroll","background-type":"","background-media":"","overlay-type":"","overlay-color":"","overlay-opacity":"","overlay-gradient":""}},"ast-content-background-meta":{"desktop":{"background-color":"var(--ast-global-color-5)","background-image":"","background-repeat":"repeat","background-position":"center center","background-size":"auto","background-attachment":"scroll","background-type":"","background-media":"","overlay-type":"","overlay-color":"","overlay-opacity":"","overlay-gradient":""},"tablet":{"background-color":"var(--ast-global-color-5)","background-image":"","background-repeat":"repeat","background-position":"center center","background-size":"auto","background-attachment":"scroll","background-type":"","background-media":"","overlay-type":"","overlay-color":"","overlay-opacity":"","overlay-gradient":""},"mobile":{"background-color":"var(--ast-global-color-5)","background-image":"","background-repeat":"repeat","background-position":"center center","background-size":"auto","background-attachment":"scroll","background-type":"","background-media":"","overlay-type":"","overlay-color":"","overlay-opacity":"","overlay-gradient":""}},"footnotes":""},"class_list":["post-16386","page","type-page","status-publish","hentry"],"post_mailing_queue_ids":[],"_links":{"self":[{"href":"https:\/\/serveiseducatius.xtec.cat\/santadria\/wp-json\/wp\/v2\/pages\/16386","targetHints":{"allow":["GET"]}}],"collection":[{"href":"https:\/\/serveiseducatius.xtec.cat\/santadria\/wp-json\/wp\/v2\/pages"}],"about":[{"href":"https:\/\/serveiseducatius.xtec.cat\/santadria\/wp-json\/wp\/v2\/types\/page"}],"author":[{"embeddable":true,"href":"https:\/\/serveiseducatius.xtec.cat\/santadria\/wp-json\/wp\/v2\/users\/5"}],"replies":[{"embeddable":true,"href":"https:\/\/serveiseducatius.xtec.cat\/santadria\/wp-json\/wp\/v2\/comments?post=16386"}],"version-history":[{"count":6,"href":"https:\/\/serveiseducatius.xtec.cat\/santadria\/wp-json\/wp\/v2\/pages\/16386\/revisions"}],"predecessor-version":[{"id":17251,"href":"https:\/\/serveiseducatius.xtec.cat\/santadria\/wp-json\/wp\/v2\/pages\/16386\/revisions\/17251"}],"up":[{"embeddable":true,"href":"https:\/\/serveiseducatius.xtec.cat\/santadria\/wp-json\/wp\/v2\/pages\/13999"}],"wp:attachment":[{"href":"https:\/\/serveiseducatius.xtec.cat\/santadria\/wp-json\/wp\/v2\/media?parent=16386"}],"curies":[{"name":"wp","href":"https:\/\/api.w.org\/{rel}","templated":true}]}}