{"id":15009,"date":"2023-09-22T10:12:55","date_gmt":"2023-09-22T08:12:55","guid":{"rendered":"https:\/\/serveiseducatius.xtec.cat\/santadria\/?page_id=15009"},"modified":"2024-07-05T10:00:18","modified_gmt":"2024-07-05T08:00:18","slug":"intelligencia-artificial-ia","status":"publish","type":"page","link":"https:\/\/serveiseducatius.xtec.cat\/santadria\/recursos\/monografics-de-recursos\/intelligencia-artificial-ia\/","title":{"rendered":"Intel\u00b7lig\u00e8ncia Artificial (IA)"},"content":{"rendered":"<p><img loading=\"lazy\" decoding=\"async\" class=\"wp-image-15008 alignright\" src=\"https:\/\/serveiseducatius.xtec.cat\/santadria\/wp-content\/uploads\/usu1189\/2023\/09\/IA-imatge.jpg\" alt=\"\" width=\"494\" height=\"278\" srcset=\"https:\/\/serveiseducatius.xtec.cat\/santadria\/wp-content\/uploads\/usu1189\/2023\/09\/IA-imatge.jpg 1600w, https:\/\/serveiseducatius.xtec.cat\/santadria\/wp-content\/uploads\/usu1189\/2023\/09\/IA-imatge-300x169.jpg 300w, https:\/\/serveiseducatius.xtec.cat\/santadria\/wp-content\/uploads\/usu1189\/2023\/09\/IA-imatge-1024x576.jpg 1024w, https:\/\/serveiseducatius.xtec.cat\/santadria\/wp-content\/uploads\/usu1189\/2023\/09\/IA-imatge-768x432.jpg 768w, https:\/\/serveiseducatius.xtec.cat\/santadria\/wp-content\/uploads\/usu1189\/2023\/09\/IA-imatge-1536x864.jpg 1536w\" sizes=\"auto, (max-width: 494px) 100vw, 494px\" \/><\/p>\n<ul>\n<li><a href=\"https:\/\/projectes.xtec.cat\/ia\/\" target=\"_blank\" rel=\"noopener\">Intel\u00b7lig\u00e8ncia artificial a les aules<\/a>. XTEC.<\/li>\n<li><a href=\"https:\/\/educacio.gencat.cat\/web\/.content\/home\/departament\/publicacions\/monografies\/intelligencia-artificial-educacio\/ia-educacio.pdf\" target=\"_blank\" rel=\"noopener\">La intel\u00b7lig\u00e8ncia artificial en l&#8217;educaci\u00f3<\/a>. Orientacions i recomanacions per al seu \u00fas als centres. Departament Educaci\u00f3.<\/li>\n<li><a href=\"https:\/\/www.criar.cat\/noticia\/1759\/com-detectar-si-els-treballs-son-fets-amb-ia\/strC?fbclid=PAAaYPtwDXx6qnfWjloiq-ZMiY1hqUWj3lvYd0Ya0Au7nIC2Tlu2qjTRGAZc4_aem_AbSZcZti4udi_y75-KflUn0FKCezIJx4IuhbsiXSXVsQA_t7FWkeU0Gs1gcohLnDhNc\" target=\"_blank\" rel=\"noopener\">Com detectar si els treballs escolars s\u00f3n fets amb intel\u00b7lig\u00e8ncia artificial<\/a>. Criatures.cat.<\/li>\n<li><a href=\"https:\/\/www.educaciontrespuntocero.com\/recursos\/inteligencia-artificial-ia\/\" target=\"_blank\" rel=\"noopener\">Recursos educativos para aplicar la inteligencia artificial desde infantil hasta secundaria<\/a>. Educaci\u00f3n 3.0.<\/li>\n<li><a href=\"https:\/\/www.softzone.es\/noticias\/metabits\/crear-imagenes-gratis-inteligencia-artificial\/\" target=\"_blank\" rel=\"noopener\">Inteligencias artificiales para crear im\u00e1genes gratis<\/a>. SoftZone.<\/li>\n<\/ul>\n","protected":false},"excerpt":{"rendered":"<p>Intel\u00b7lig\u00e8ncia artificial a les aules. XTEC. La intel\u00b7lig\u00e8ncia artificial en l&#8217;educaci\u00f3. Orientacions i recomanacions per al seu \u00fas als centres. [&hellip;]<\/p>\n","protected":false},"author":5,"featured_media":0,"parent":13999,"menu_order":7,"comment_status":"closed","ping_status":"closed","template":"page-templates\/side-menu.php","meta":{"_bbp_topic_count":0,"_bbp_reply_count":0,"_bbp_total_topic_count":0,"_bbp_total_reply_count":0,"_bbp_voice_count":0,"_bbp_anonymous_reply_count":0,"_bbp_topic_count_hidden":0,"_bbp_reply_count_hidden":0,"_bbp_forum_subforum_count":0,"site-sidebar-layout":"default","site-content-layout":"","ast-site-content-layout":"","site-content-style":"default","site-sidebar-style":"default","ast-global-header-display":"","ast-banner-title-visibility":"","ast-main-header-display":"","ast-hfb-above-header-display":"","ast-hfb-below-header-display":"","ast-hfb-mobile-header-display":"","site-post-title":"","ast-breadcrumbs-content":"","ast-featured-img":"","footer-sml-layout":"","theme-transparent-header-meta":"","adv-header-id-meta":"","stick-header-meta":"","header-above-stick-meta":"","header-main-stick-meta":"","header-below-stick-meta":"","astra-migrate-meta-layouts":"default","ast-page-background-enabled":"default","ast-page-background-meta":{"desktop":{"background-color":"var(--ast-global-color-4)","background-image":"","background-repeat":"repeat","background-position":"center center","background-size":"auto","background-attachment":"scroll","background-type":"","background-media":"","overlay-type":"","overlay-color":"","overlay-opacity":"","overlay-gradient":""},"tablet":{"background-color":"","background-image":"","background-repeat":"repeat","background-position":"center center","background-size":"auto","background-attachment":"scroll","background-type":"","background-media":"","overlay-type":"","overlay-color":"","overlay-opacity":"","overlay-gradient":""},"mobile":{"background-color":"","background-image":"","background-repeat":"repeat","background-position":"center center","background-size":"auto","background-attachment":"scroll","background-type":"","background-media":"","overlay-type":"","overlay-color":"","overlay-opacity":"","overlay-gradient":""}},"ast-content-background-meta":{"desktop":{"background-color":"var(--ast-global-color-5)","background-image":"","background-repeat":"repeat","background-position":"center center","background-size":"auto","background-attachment":"scroll","background-type":"","background-media":"","overlay-type":"","overlay-color":"","overlay-opacity":"","overlay-gradient":""},"tablet":{"background-color":"var(--ast-global-color-5)","background-image":"","background-repeat":"repeat","background-position":"center center","background-size":"auto","background-attachment":"scroll","background-type":"","background-media":"","overlay-type":"","overlay-color":"","overlay-opacity":"","overlay-gradient":""},"mobile":{"background-color":"var(--ast-global-color-5)","background-image":"","background-repeat":"repeat","background-position":"center center","background-size":"auto","background-attachment":"scroll","background-type":"","background-media":"","overlay-type":"","overlay-color":"","overlay-opacity":"","overlay-gradient":""}},"footnotes":""},"class_list":["post-15009","page","type-page","status-publish","hentry"],"post_mailing_queue_ids":[],"_links":{"self":[{"href":"https:\/\/serveiseducatius.xtec.cat\/santadria\/wp-json\/wp\/v2\/pages\/15009","targetHints":{"allow":["GET"]}}],"collection":[{"href":"https:\/\/serveiseducatius.xtec.cat\/santadria\/wp-json\/wp\/v2\/pages"}],"about":[{"href":"https:\/\/serveiseducatius.xtec.cat\/santadria\/wp-json\/wp\/v2\/types\/page"}],"author":[{"embeddable":true,"href":"https:\/\/serveiseducatius.xtec.cat\/santadria\/wp-json\/wp\/v2\/users\/5"}],"replies":[{"embeddable":true,"href":"https:\/\/serveiseducatius.xtec.cat\/santadria\/wp-json\/wp\/v2\/comments?post=15009"}],"version-history":[{"count":6,"href":"https:\/\/serveiseducatius.xtec.cat\/santadria\/wp-json\/wp\/v2\/pages\/15009\/revisions"}],"predecessor-version":[{"id":16038,"href":"https:\/\/serveiseducatius.xtec.cat\/santadria\/wp-json\/wp\/v2\/pages\/15009\/revisions\/16038"}],"up":[{"embeddable":true,"href":"https:\/\/serveiseducatius.xtec.cat\/santadria\/wp-json\/wp\/v2\/pages\/13999"}],"wp:attachment":[{"href":"https:\/\/serveiseducatius.xtec.cat\/santadria\/wp-json\/wp\/v2\/media?parent=15009"}],"curies":[{"name":"wp","href":"https:\/\/api.w.org\/{rel}","templated":true}]}}