{"id":14259,"date":"2022-12-02T12:37:08","date_gmt":"2022-12-02T11:37:08","guid":{"rendered":"https:\/\/serveiseducatius.xtec.cat\/santadria\/?page_id=14259"},"modified":"2024-11-28T09:39:05","modified_gmt":"2024-11-28T08:39:05","slug":"migracions","status":"publish","type":"page","link":"https:\/\/serveiseducatius.xtec.cat\/santadria\/recursos\/monografics-de-recursos\/migracions\/","title":{"rendered":"Migracions"},"content":{"rendered":"<ul>\n<li style=\"list-style-type: none;\">\n<ul>\n<li><img loading=\"lazy\" decoding=\"async\" class=\"alignright wp-image-14261 size-full\" src=\"https:\/\/serveiseducatius.xtec.cat\/santadria\/wp-content\/uploads\/usu1189\/2022\/12\/migracio-1.jpg\" alt=\"\" width=\"402\" height=\"512\" srcset=\"https:\/\/serveiseducatius.xtec.cat\/santadria\/wp-content\/uploads\/usu1189\/2022\/12\/migracio-1.jpg 402w, https:\/\/serveiseducatius.xtec.cat\/santadria\/wp-content\/uploads\/usu1189\/2022\/12\/migracio-1-236x300.jpg 236w\" sizes=\"auto, (max-width: 402px) 100vw, 402px\" \/><a href=\"https:\/\/www.mhic.cat\/\" target=\"_blank\" rel=\"noopener\">Museu d&#8217;hist\u00f2ria de la immigraci\u00f3 de Catalunya<\/a> (MhiC)<\/li>\n<li><a href=\"http:\/\/www.fundaciocandel.org\/\" target=\"_blank\" rel=\"noopener\">Fundaci\u00f3 Paco Candel<\/a><\/li>\n<li><a href=\"https:\/\/escolapau.uab.cat\/ca\/inicio\/\" target=\"_blank\" rel=\"noopener\">Escola de Cultura de Pau de la UAB<\/a><\/li>\n<li><a href=\"http:\/\/www.ifm-sei.org\/files\/up\/juego-de-mesa-migracion.pdf\" target=\"_blank\" rel=\"noopener\">Joc de les migracions<\/a><\/li>\n<li><a href=\"https:\/\/apuntsdevista.dracmagic.cat\/meloni-dice-que-la-politica-migratoria-de-la-ue-deberia-basarse-en-el-acuerdo-entre-italia-y-albania\/\" target=\"_blank\" rel=\"noopener\">Punts de vista<\/a>. Drac M\u00e0gic. L&#8217;artista i investigadora Valeria Linera comenta una fotografia que els mitjans de comunicaci\u00f3 han fet circular sobre l&#8217;acord entre It\u00e0lia i Alb\u00e0nia que externalitza el control migratori m\u00e9s enll\u00e0 de les fronteres de la Uni\u00f3 Europea.<\/li>\n<li>Llibres disponibles al CRP:<\/li>\n<\/ul>\n<\/li>\n<\/ul>\n<p>Migrants &#8211; Issa Watanabe (2019, Libros del zorro rojo)<br \/>\nMigrants &#8211; Eduard Altarriba (2020, Editorial Bang)<br \/>\nCandel i Barcelona. La ciutat dels altres catalans (2014, Ajuntament de Barcelona)<br \/>\nEls altres catalans\u00a0 &#8211; Francesc Candel (2008 &#8211; Edicions 62, edici\u00f3 no censurada)<br \/>\nEls altres catalans del segle XXI &#8211; Francesc Candel (2001, Editorial Planeta)<br \/>\nEls altres Candels &#8211; Manuel Veiga (2018, Pag\u00e8s Editors)<br \/>\nSoc immigrant, i qu\u00e8? &#8211; Violeida S\u00e1nchez (2022, Edicions Parcir)<br \/>\nJo tamb\u00e9 s\u00f3c catalana &#8211; Najat El Hachmi (2004, Editorial Columna)<br \/>\nEl diari taronja de la Carlota &#8211; Gemma Lienas (2016, Editorial Emp\u00faries)<br \/>\nCuentos de buenas noches para ni\u00f1as rebeldes 3: 100 mujeres inmigrantes que han cambiado el mundo &#8211; Elena Favilli (2020, Editorial Destino)<\/p>\n<p>&nbsp;<\/p>\n","protected":false},"excerpt":{"rendered":"<p>Museu d&#8217;hist\u00f2ria de la immigraci\u00f3 de Catalunya (MhiC) Fundaci\u00f3 Paco Candel Escola de Cultura de Pau de la UAB Joc [&hellip;]<\/p>\n","protected":false},"author":5,"featured_media":0,"parent":13999,"menu_order":13,"comment_status":"closed","ping_status":"closed","template":"page-templates\/side-menu.php","meta":{"_bbp_topic_count":0,"_bbp_reply_count":0,"_bbp_total_topic_count":0,"_bbp_total_reply_count":0,"_bbp_voice_count":0,"_bbp_anonymous_reply_count":0,"_bbp_topic_count_hidden":0,"_bbp_reply_count_hidden":0,"_bbp_forum_subforum_count":0,"site-sidebar-layout":"default","site-content-layout":"","ast-site-content-layout":"","site-content-style":"default","site-sidebar-style":"default","ast-global-header-display":"","ast-banner-title-visibility":"","ast-main-header-display":"","ast-hfb-above-header-display":"","ast-hfb-below-header-display":"","ast-hfb-mobile-header-display":"","site-post-title":"","ast-breadcrumbs-content":"","ast-featured-img":"","footer-sml-layout":"","theme-transparent-header-meta":"","adv-header-id-meta":"","stick-header-meta":"","header-above-stick-meta":"","header-main-stick-meta":"","header-below-stick-meta":"","astra-migrate-meta-layouts":"default","ast-page-background-enabled":"default","ast-page-background-meta":{"desktop":{"background-color":"var(--ast-global-color-4)","background-image":"","background-repeat":"repeat","background-position":"center center","background-size":"auto","background-attachment":"scroll","background-type":"","background-media":"","overlay-type":"","overlay-color":"","overlay-opacity":"","overlay-gradient":""},"tablet":{"background-color":"","background-image":"","background-repeat":"repeat","background-position":"center center","background-size":"auto","background-attachment":"scroll","background-type":"","background-media":"","overlay-type":"","overlay-color":"","overlay-opacity":"","overlay-gradient":""},"mobile":{"background-color":"","background-image":"","background-repeat":"repeat","background-position":"center center","background-size":"auto","background-attachment":"scroll","background-type":"","background-media":"","overlay-type":"","overlay-color":"","overlay-opacity":"","overlay-gradient":""}},"ast-content-background-meta":{"desktop":{"background-color":"var(--ast-global-color-5)","background-image":"","background-repeat":"repeat","background-position":"center center","background-size":"auto","background-attachment":"scroll","background-type":"","background-media":"","overlay-type":"","overlay-color":"","overlay-opacity":"","overlay-gradient":""},"tablet":{"background-color":"var(--ast-global-color-5)","background-image":"","background-repeat":"repeat","background-position":"center center","background-size":"auto","background-attachment":"scroll","background-type":"","background-media":"","overlay-type":"","overlay-color":"","overlay-opacity":"","overlay-gradient":""},"mobile":{"background-color":"var(--ast-global-color-5)","background-image":"","background-repeat":"repeat","background-position":"center center","background-size":"auto","background-attachment":"scroll","background-type":"","background-media":"","overlay-type":"","overlay-color":"","overlay-opacity":"","overlay-gradient":""}},"footnotes":""},"class_list":["post-14259","page","type-page","status-publish","hentry"],"post_mailing_queue_ids":[],"_links":{"self":[{"href":"https:\/\/serveiseducatius.xtec.cat\/santadria\/wp-json\/wp\/v2\/pages\/14259","targetHints":{"allow":["GET"]}}],"collection":[{"href":"https:\/\/serveiseducatius.xtec.cat\/santadria\/wp-json\/wp\/v2\/pages"}],"about":[{"href":"https:\/\/serveiseducatius.xtec.cat\/santadria\/wp-json\/wp\/v2\/types\/page"}],"author":[{"embeddable":true,"href":"https:\/\/serveiseducatius.xtec.cat\/santadria\/wp-json\/wp\/v2\/users\/5"}],"replies":[{"embeddable":true,"href":"https:\/\/serveiseducatius.xtec.cat\/santadria\/wp-json\/wp\/v2\/comments?post=14259"}],"version-history":[{"count":4,"href":"https:\/\/serveiseducatius.xtec.cat\/santadria\/wp-json\/wp\/v2\/pages\/14259\/revisions"}],"predecessor-version":[{"id":16506,"href":"https:\/\/serveiseducatius.xtec.cat\/santadria\/wp-json\/wp\/v2\/pages\/14259\/revisions\/16506"}],"up":[{"embeddable":true,"href":"https:\/\/serveiseducatius.xtec.cat\/santadria\/wp-json\/wp\/v2\/pages\/13999"}],"wp:attachment":[{"href":"https:\/\/serveiseducatius.xtec.cat\/santadria\/wp-json\/wp\/v2\/media?parent=14259"}],"curies":[{"name":"wp","href":"https:\/\/api.w.org\/{rel}","templated":true}]}}