{"id":14122,"date":"2022-11-15T13:05:26","date_gmt":"2022-11-15T12:05:26","guid":{"rendered":"https:\/\/serveiseducatius.xtec.cat\/santadria\/?page_id=14122"},"modified":"2024-07-05T09:35:49","modified_gmt":"2024-07-05T07:35:49","slug":"drets-de-la-infancia","status":"publish","type":"page","link":"https:\/\/serveiseducatius.xtec.cat\/santadria\/recursos\/monografics-de-recursos\/drets-de-la-infancia\/","title":{"rendered":"Drets de la inf\u00e0ncia"},"content":{"rendered":"<p><img loading=\"lazy\" decoding=\"async\" class=\"wp-image-14123 alignright\" src=\"https:\/\/serveiseducatius.xtec.cat\/santadria\/wp-content\/uploads\/usu1189\/2022\/11\/Dretsinfancia300x300-1.png\" alt=\"\" width=\"329\" height=\"329\" srcset=\"https:\/\/serveiseducatius.xtec.cat\/santadria\/wp-content\/uploads\/usu1189\/2022\/11\/Dretsinfancia300x300-1.png 300w, https:\/\/serveiseducatius.xtec.cat\/santadria\/wp-content\/uploads\/usu1189\/2022\/11\/Dretsinfancia300x300-1-150x150.png 150w\" sizes=\"auto, (max-width: 329px) 100vw, 329px\" \/><\/p>\n<ul>\n<li><a href=\"https:\/\/natibergada.cat\/recursos-per-treballar-els-drets-del-infant\/?utm_campaign=drets-infants-2022&amp;utm_medium=email&amp;utm_source=acumbamail\" target=\"_blank\" rel=\"noopener\">60 recursos per treballar els drets de l&#8217;infant.<\/a> Nati Bergad\u00e0 fa una selecci\u00f3 de v\u00eddeos, contes, can\u00e7ons, webs i documents per treballar\u00a0 el 20 de novembre, Dia universal dels drets de la inf\u00e0ncia.<\/li>\n<li><a href=\"https:\/\/www.unicef.es\/cat\/educa\/drets-emocions?ac=AC-\" target=\"_blank\" rel=\"noopener\">Drets i emocions. <\/a>UNICEF. Activitat per aprendre a expressar com es fan sentir els drets i les injust\u00edcies.<\/li>\n<li><a href=\"https:\/\/www.unicef.org\/es\/convencion-derechos-nino\/recursos\" target=\"_blank\" rel=\"noopener\">Recursos i investigacions relacionades amb la convenci\u00f3 dels drets de la inf\u00e0ncia. <\/a>UNICEF.<\/li>\n<li><a href=\"http:\/\/www.grupiref.org\/pensar-els-drets-humans\/pensar_els-drets_humans.pdf\" target=\"_blank\" rel=\"noopener\">Pensar els drets humans. <\/a>Grup IREF. Disponible al CRP.<\/li>\n<li><a href=\"https:\/\/blocs.xtec.cat\/parlemdedrets\/\">Parlem de drets<\/a>.\u00a0Grup IREF<\/li>\n<li><a href=\"https:\/\/youtu.be\/0nn9_oL1fUc\" target=\"_blank\" rel=\"noopener\">4 petites decisions per promoure la llibertat de g\u00e8nere en la crian\u00e7a.<\/a> Ajuntament de Terrassa. V\u00eddeo per reflexionar i eixamplar l&#8217;imaginari del g\u00e8nere de les criatures.<\/li>\n<li><a href=\"https:\/\/www.youtube.com\/watch?v=eMJ7ECjHl6o\" target=\"_blank\" rel=\"noopener\">Mirada estr\u00e0bica.<\/a> Xiula i Clara Peya. Videoclip que \u00e9s un cant a la diversitat.<\/li>\n<li><a href=\"https:\/\/treball.gencat.cat\/ca\/rscat\/e-biblioteca\/ods\/\" target=\"_blank\" rel=\"noopener\">Recursos sobre els Objectius de Desenvolupament Sostenible<\/a> (ODS).<\/li>\n<li><a href=\"https:\/\/projectes.fundesplai.org\/dretallleure\/recursos-pedagogics\/\" target=\"_blank\" rel=\"noopener\">Recursos pedag\u00f2gics.<\/a> Fundesplai. Recursos i materials pel treball sobre la Convenci\u00f3 dels Drets de la inf\u00e0ncia.<\/li>\n<li><a href=\"http:\/\/xtec.gencat.cat\/ca\/recursos\/culturavalors\/dimensio-personal\/drets-humans\/\">Drets humans. <\/a>XTEC. Selecci\u00f3 de recursos.<\/li>\n<li><a href=\"https:\/\/jaumecentelles.files.wordpress.com\/2019\/11\/auca_drets-1.jpg\" target=\"_blank\" rel=\"noopener\">L\u2019auca dels drets dels infants.\u00a0<\/a>Imma Palah\u00ed.<\/li>\n<li><a href=\"https:\/\/www.cinemadretsinfants.cat\/\">Cicle de cinema dels drets dels infants. <\/a>Ajuntament Barcelona.<\/li>\n<li><a href=\"https:\/\/genius.diba.cat\/drets-dels-infants?utm_source=Butlleti&amp;utm_medium=Correu&amp;utm_campaign=7741&amp;utm_content=Un%20futur%20millor%20per%20als%20infants&amp;Bloc=5#a5&amp;But_Id=7741\" target=\"_blank\" rel=\"noopener\">Els drets dels infants.<\/a> G\u00e8nius. Biblioteca virtual. Jocs, contes, informaci\u00f3 i contactes.<\/li>\n<li><a href=\"https:\/\/dretssocials.gencat.cat\/ca\/ambits_tematics\/infancia_i_adolescencia\/observatori_drets_infancia\/\" target=\"_blank\" rel=\"noopener\">Observatori dels drets de la inf\u00e0ncia.<\/a><\/li>\n<li><a href=\"https:\/\/www.plataformadeinfancia.org\/quienes-somos\/miembros\/\" target=\"_blank\" rel=\"noopener\">Plataforma de la inf\u00e0ncia.<\/a> Entitats que formen part de la plataforma de la inf\u00e0ncia.<\/li>\n<li><a href=\"http:\/\/www.xarxadretsinfants.cat\/p\/els-drets-dels-infants.html\">Xarxa dels drets dels infants.\u00a0<\/a>Xarxa de Drets dels Infants.<\/li>\n<li><a href=\"https:\/\/www.sant-adria.cat\/sant-adria-per-temes\/infancia\" target=\"_blank\" rel=\"noopener\">Pla local d&#8217;inf\u00e0ncia i adolesc\u00e8ncia de Sant Adri\u00e0 de Bes\u00f2s.<\/a> Ajuntament de Sant Adri\u00e0 de Bes\u00f2s.<\/li>\n<\/ul>\n","protected":false},"excerpt":{"rendered":"<p>60 recursos per treballar els drets de l&#8217;infant. Nati Bergad\u00e0 fa una selecci\u00f3 de v\u00eddeos, contes, can\u00e7ons, webs i documents [&hellip;]<\/p>\n","protected":false},"author":5,"featured_media":0,"parent":13999,"menu_order":14,"comment_status":"closed","ping_status":"closed","template":"page-templates\/side-menu.php","meta":{"_bbp_topic_count":0,"_bbp_reply_count":0,"_bbp_total_topic_count":0,"_bbp_total_reply_count":0,"_bbp_voice_count":0,"_bbp_anonymous_reply_count":0,"_bbp_topic_count_hidden":0,"_bbp_reply_count_hidden":0,"_bbp_forum_subforum_count":0,"site-sidebar-layout":"default","site-content-layout":"","ast-site-content-layout":"","site-content-style":"default","site-sidebar-style":"default","ast-global-header-display":"","ast-banner-title-visibility":"","ast-main-header-display":"","ast-hfb-above-header-display":"","ast-hfb-below-header-display":"","ast-hfb-mobile-header-display":"","site-post-title":"","ast-breadcrumbs-content":"","ast-featured-img":"","footer-sml-layout":"","theme-transparent-header-meta":"","adv-header-id-meta":"","stick-header-meta":"","header-above-stick-meta":"","header-main-stick-meta":"","header-below-stick-meta":"","astra-migrate-meta-layouts":"default","ast-page-background-enabled":"default","ast-page-background-meta":{"desktop":{"background-color":"var(--ast-global-color-4)","background-image":"","background-repeat":"repeat","background-position":"center center","background-size":"auto","background-attachment":"scroll","background-type":"","background-media":"","overlay-type":"","overlay-color":"","overlay-opacity":"","overlay-gradient":""},"tablet":{"background-color":"","background-image":"","background-repeat":"repeat","background-position":"center center","background-size":"auto","background-attachment":"scroll","background-type":"","background-media":"","overlay-type":"","overlay-color":"","overlay-opacity":"","overlay-gradient":""},"mobile":{"background-color":"","background-image":"","background-repeat":"repeat","background-position":"center center","background-size":"auto","background-attachment":"scroll","background-type":"","background-media":"","overlay-type":"","overlay-color":"","overlay-opacity":"","overlay-gradient":""}},"ast-content-background-meta":{"desktop":{"background-color":"var(--ast-global-color-5)","background-image":"","background-repeat":"repeat","background-position":"center center","background-size":"auto","background-attachment":"scroll","background-type":"","background-media":"","overlay-type":"","overlay-color":"","overlay-opacity":"","overlay-gradient":""},"tablet":{"background-color":"var(--ast-global-color-5)","background-image":"","background-repeat":"repeat","background-position":"center center","background-size":"auto","background-attachment":"scroll","background-type":"","background-media":"","overlay-type":"","overlay-color":"","overlay-opacity":"","overlay-gradient":""},"mobile":{"background-color":"var(--ast-global-color-5)","background-image":"","background-repeat":"repeat","background-position":"center center","background-size":"auto","background-attachment":"scroll","background-type":"","background-media":"","overlay-type":"","overlay-color":"","overlay-opacity":"","overlay-gradient":""}},"footnotes":""},"class_list":["post-14122","page","type-page","status-publish","hentry"],"post_mailing_queue_ids":[],"_links":{"self":[{"href":"https:\/\/serveiseducatius.xtec.cat\/santadria\/wp-json\/wp\/v2\/pages\/14122","targetHints":{"allow":["GET"]}}],"collection":[{"href":"https:\/\/serveiseducatius.xtec.cat\/santadria\/wp-json\/wp\/v2\/pages"}],"about":[{"href":"https:\/\/serveiseducatius.xtec.cat\/santadria\/wp-json\/wp\/v2\/types\/page"}],"author":[{"embeddable":true,"href":"https:\/\/serveiseducatius.xtec.cat\/santadria\/wp-json\/wp\/v2\/users\/5"}],"replies":[{"embeddable":true,"href":"https:\/\/serveiseducatius.xtec.cat\/santadria\/wp-json\/wp\/v2\/comments?post=14122"}],"version-history":[{"count":6,"href":"https:\/\/serveiseducatius.xtec.cat\/santadria\/wp-json\/wp\/v2\/pages\/14122\/revisions"}],"predecessor-version":[{"id":16035,"href":"https:\/\/serveiseducatius.xtec.cat\/santadria\/wp-json\/wp\/v2\/pages\/14122\/revisions\/16035"}],"up":[{"embeddable":true,"href":"https:\/\/serveiseducatius.xtec.cat\/santadria\/wp-json\/wp\/v2\/pages\/13999"}],"wp:attachment":[{"href":"https:\/\/serveiseducatius.xtec.cat\/santadria\/wp-json\/wp\/v2\/media?parent=14122"}],"curies":[{"name":"wp","href":"https:\/\/api.w.org\/{rel}","templated":true}]}}