{"id":14027,"date":"2023-02-07T13:38:41","date_gmt":"2023-02-07T12:38:41","guid":{"rendered":"https:\/\/serveiseducatius.xtec.cat\/santadria\/?page_id=14027"},"modified":"2024-10-10T16:33:10","modified_gmt":"2024-10-10T14:33:10","slug":"ciberseguretat","status":"publish","type":"page","link":"https:\/\/serveiseducatius.xtec.cat\/santadria\/recursos\/monografics-de-recursos\/ciberseguretat\/","title":{"rendered":"Ciberseguretat"},"content":{"rendered":"<p><img loading=\"lazy\" decoding=\"async\" class=\" wp-image-14031 alignright\" src=\"https:\/\/serveiseducatius.xtec.cat\/santadria\/wp-content\/uploads\/usu1189\/2022\/10\/ciberseguretat.jpg\" alt=\"\" width=\"327\" height=\"217\" \/><\/p>\n<ul>\n<li><a href=\"https:\/\/ciberseguretat.gencat.cat\/ca\/ciutadania\/recursos-educatius\/\" target=\"_blank\" rel=\"noopener\">Recursos sobre ciberseguretat<\/a>: Internet segura.cat te una secci\u00f3 de recursos per aprofundir en q\u00fcestions d&#8217;\u00fas, privacitat\u00a0 i la ciberseguretat a la xarxa. Unitats did\u00e0ctiques, cibertrucs, contes&#8230;<\/li>\n<li><a href=\"https:\/\/www.educac.cat\/actualitat\/com-acompanyar-lus-pantalles\" target=\"_blank\" rel=\"noopener\">Com acompanyar l&#8217;\u00fas de pantalles<\/a>: eduCAC, proposen repassar l\u2019\u00fas que fem de les pantalles i la tecnologia, i el contingut que consumim a trav\u00e9s d\u2019elles.<\/li>\n<li><a href=\"https:\/\/xtec.gencat.cat\/ca\/recursos\/tecinformacio\/internet_segura\/\" target=\"_blank\" rel=\"noopener\">Internet segura<\/a>. XTEC<\/li>\n<li><a href=\"https:\/\/ciberseguretat.gencat.cat\/ca\/actualitat\/mes-de-la-ciberseguretat\/\" target=\"_blank\" rel=\"noopener\">Mes europeu de la ciberseguretat. <\/a>Ag\u00e8ncia de ciberseguretat de Catalunya. Campanya de prevenci\u00f3 per a joves.<\/li>\n<\/ul>\n","protected":false},"excerpt":{"rendered":"<p>Recursos sobre ciberseguretat: Internet segura.cat te una secci\u00f3 de recursos per aprofundir en q\u00fcestions d&#8217;\u00fas, privacitat\u00a0 i la ciberseguretat a [&hellip;]<\/p>\n","protected":false},"author":5,"featured_media":0,"parent":13999,"menu_order":10,"comment_status":"closed","ping_status":"closed","template":"page-templates\/side-menu.php","meta":{"_bbp_topic_count":0,"_bbp_reply_count":0,"_bbp_total_topic_count":0,"_bbp_total_reply_count":0,"_bbp_voice_count":0,"_bbp_anonymous_reply_count":0,"_bbp_topic_count_hidden":0,"_bbp_reply_count_hidden":0,"_bbp_forum_subforum_count":0,"site-sidebar-layout":"default","site-content-layout":"","ast-site-content-layout":"","site-content-style":"default","site-sidebar-style":"default","ast-global-header-display":"","ast-banner-title-visibility":"","ast-main-header-display":"","ast-hfb-above-header-display":"","ast-hfb-below-header-display":"","ast-hfb-mobile-header-display":"","site-post-title":"","ast-breadcrumbs-content":"","ast-featured-img":"","footer-sml-layout":"","theme-transparent-header-meta":"","adv-header-id-meta":"","stick-header-meta":"","header-above-stick-meta":"","header-main-stick-meta":"","header-below-stick-meta":"","astra-migrate-meta-layouts":"default","ast-page-background-enabled":"default","ast-page-background-meta":{"desktop":{"background-color":"var(--ast-global-color-4)","background-image":"","background-repeat":"repeat","background-position":"center center","background-size":"auto","background-attachment":"scroll","background-type":"","background-media":"","overlay-type":"","overlay-color":"","overlay-opacity":"","overlay-gradient":""},"tablet":{"background-color":"","background-image":"","background-repeat":"repeat","background-position":"center center","background-size":"auto","background-attachment":"scroll","background-type":"","background-media":"","overlay-type":"","overlay-color":"","overlay-opacity":"","overlay-gradient":""},"mobile":{"background-color":"","background-image":"","background-repeat":"repeat","background-position":"center center","background-size":"auto","background-attachment":"scroll","background-type":"","background-media":"","overlay-type":"","overlay-color":"","overlay-opacity":"","overlay-gradient":""}},"ast-content-background-meta":{"desktop":{"background-color":"var(--ast-global-color-5)","background-image":"","background-repeat":"repeat","background-position":"center center","background-size":"auto","background-attachment":"scroll","background-type":"","background-media":"","overlay-type":"","overlay-color":"","overlay-opacity":"","overlay-gradient":""},"tablet":{"background-color":"var(--ast-global-color-5)","background-image":"","background-repeat":"repeat","background-position":"center center","background-size":"auto","background-attachment":"scroll","background-type":"","background-media":"","overlay-type":"","overlay-color":"","overlay-opacity":"","overlay-gradient":""},"mobile":{"background-color":"var(--ast-global-color-5)","background-image":"","background-repeat":"repeat","background-position":"center center","background-size":"auto","background-attachment":"scroll","background-type":"","background-media":"","overlay-type":"","overlay-color":"","overlay-opacity":"","overlay-gradient":""}},"footnotes":""},"class_list":["post-14027","page","type-page","status-publish","hentry"],"post_mailing_queue_ids":[],"_links":{"self":[{"href":"https:\/\/serveiseducatius.xtec.cat\/santadria\/wp-json\/wp\/v2\/pages\/14027","targetHints":{"allow":["GET"]}}],"collection":[{"href":"https:\/\/serveiseducatius.xtec.cat\/santadria\/wp-json\/wp\/v2\/pages"}],"about":[{"href":"https:\/\/serveiseducatius.xtec.cat\/santadria\/wp-json\/wp\/v2\/types\/page"}],"author":[{"embeddable":true,"href":"https:\/\/serveiseducatius.xtec.cat\/santadria\/wp-json\/wp\/v2\/users\/5"}],"replies":[{"embeddable":true,"href":"https:\/\/serveiseducatius.xtec.cat\/santadria\/wp-json\/wp\/v2\/comments?post=14027"}],"version-history":[{"count":6,"href":"https:\/\/serveiseducatius.xtec.cat\/santadria\/wp-json\/wp\/v2\/pages\/14027\/revisions"}],"predecessor-version":[{"id":16300,"href":"https:\/\/serveiseducatius.xtec.cat\/santadria\/wp-json\/wp\/v2\/pages\/14027\/revisions\/16300"}],"up":[{"embeddable":true,"href":"https:\/\/serveiseducatius.xtec.cat\/santadria\/wp-json\/wp\/v2\/pages\/13999"}],"wp:attachment":[{"href":"https:\/\/serveiseducatius.xtec.cat\/santadria\/wp-json\/wp\/v2\/media?parent=14027"}],"curies":[{"name":"wp","href":"https:\/\/api.w.org\/{rel}","templated":true}]}}