{"id":14000,"date":"2022-10-24T12:49:15","date_gmt":"2022-10-24T10:49:15","guid":{"rendered":"https:\/\/serveiseducatius.xtec.cat\/santadria\/?page_id=14000"},"modified":"2024-09-26T11:06:20","modified_gmt":"2024-09-26T09:06:20","slug":"tardor","status":"publish","type":"page","link":"https:\/\/serveiseducatius.xtec.cat\/santadria\/recursos\/monografics-de-recursos\/tardor\/","title":{"rendered":"Tardor"},"content":{"rendered":"<p><img loading=\"lazy\" decoding=\"async\" class=\"wp-image-13998 alignright\" src=\"https:\/\/serveiseducatius.xtec.cat\/santadria\/wp-content\/uploads\/usu1189\/2022\/10\/tardor1.jpg\" alt=\"\" width=\"375\" height=\"265\" \/><\/p>\n<ul>\n<li><a href=\"https:\/\/edu365.cat\/celebracions\/castanyada\/index.html?page=2\" target=\"_blank\" rel=\"noopener\">Viu la Tardor: <\/a>L&#8217;Edu365 recull propostes per celebrar la castanyada, el halloween i activitats sobre la tardor.<\/li>\n<li><a href=\"https:\/\/www.cristic.com\/1o-y-2o-de-primaria\/juegos\/?lang=ca\" target=\"_blank\" rel=\"noopener\">Jocs educatius online:<\/a> Cristic.com, Cristina Carbonell recopila jocs per celebrar les tradicions per a infants de 6 a 8 anys.<\/li>\n<li><a href=\"https:\/\/genius.diba.cat\/es\/tardor\/cancons\" target=\"_blank\" rel=\"noopener\">Les can\u00e7ons de la tardor i els poemes:<\/a> G\u00e8nius de la Biblioteca virtual fa una selecci\u00f3 de poemes i can\u00e7ons.<\/li>\n<li><a href=\"https:\/\/www.pinterest.es\/sebadalona\/tardor-i-castanyada-autumn-automne-oto%C3%B1o\/\" target=\"_blank\" rel=\"noopener\">Pinterest Tardor Castanyada: <\/a>El SE Badalona \/CRP fa un recull en imatges de propostes de manualitats per treballar la tardor.<\/li>\n<li><a href=\"https:\/\/apliense.xtec.cat\/arc\/node\/29571\" target=\"_blank\" rel=\"noopener\">Castanyot: <\/a>ARC, proposta de com\u00e8dia sobre la tardor i el culte als morts, teatralitzada, per assajar a l\u2019aula amb tot un grup classe.<\/li>\n<li><a href=\"https:\/\/text-lagalera.cat\/blog\/lns106-temps-de-bolets\/\" target=\"_blank\" rel=\"noopener\">Temps de bolets:<\/a> La Galera proposa a La not\u00edcia de la setmana activitats per treballar els bolets des de diferents mat\u00e8ries.<\/li>\n<li><a href=\"https:\/\/canalsalut.gencat.cat\/ca\/vida-saludable\/alimentacio\/Mes-fruites-i-hortalisses\/calendaris-temporada\/\" target=\"_blank\" rel=\"noopener\">Calendaris de productes de temporada:<\/a> Canal salut.gencat recull diferents calendaris de productes frescos i de temporada.<\/li>\n<li><a href=\"https:\/\/www.meteo.cat\/wpweb\/climatologia\/evolucio-observada-del-clima\/\" target=\"_blank\" rel=\"noopener\">Hist\u00f2ric de mapes de precipitaci\u00f3 temporal: <\/a>meteo.cat \/ Servei meteorol\u00f2gic de Catalunya compara mapes estacionals de Catalunya des de 2008.<\/li>\n<li><a href=\"https:\/\/aplicacions.gestioeducativa.gencat.cat\/epergam\/web\/fitxa.jsp?id=17419666\" target=\"_blank\" rel=\"noopener\">Ara ve la tardor:<\/a> El CREDA-Comarques II, te material adaptat del conte per a infants amb sordesa.<\/li>\n<li><a href=\"https:\/\/aprenonline.org\/la-castanyada-recursos-didactics\/?utm_campaign=242506&amp;utm_medium=email&amp;utm_source=mail-marketing\" target=\"_blank\" rel=\"noopener\">La castanyada, recursos did\u00e0ctics<\/a>. Recull d&#8217;enlla\u00e7os realitzat per Grup_Aprenonline.<\/li>\n<\/ul>\n","protected":false},"excerpt":{"rendered":"<p>Viu la Tardor: L&#8217;Edu365 recull propostes per celebrar la castanyada, el halloween i activitats sobre la tardor. Jocs educatius online: [&hellip;]<\/p>\n","protected":false},"author":5,"featured_media":0,"parent":13999,"menu_order":15,"comment_status":"closed","ping_status":"closed","template":"page-templates\/side-menu.php","meta":{"_bbp_topic_count":0,"_bbp_reply_count":0,"_bbp_total_topic_count":0,"_bbp_total_reply_count":0,"_bbp_voice_count":0,"_bbp_anonymous_reply_count":0,"_bbp_topic_count_hidden":0,"_bbp_reply_count_hidden":0,"_bbp_forum_subforum_count":0,"site-sidebar-layout":"default","site-content-layout":"","ast-site-content-layout":"","site-content-style":"default","site-sidebar-style":"default","ast-global-header-display":"","ast-banner-title-visibility":"","ast-main-header-display":"","ast-hfb-above-header-display":"","ast-hfb-below-header-display":"","ast-hfb-mobile-header-display":"","site-post-title":"","ast-breadcrumbs-content":"","ast-featured-img":"","footer-sml-layout":"","theme-transparent-header-meta":"","adv-header-id-meta":"","stick-header-meta":"","header-above-stick-meta":"","header-main-stick-meta":"","header-below-stick-meta":"","astra-migrate-meta-layouts":"default","ast-page-background-enabled":"default","ast-page-background-meta":{"desktop":{"background-color":"var(--ast-global-color-4)","background-image":"","background-repeat":"repeat","background-position":"center center","background-size":"auto","background-attachment":"scroll","background-type":"","background-media":"","overlay-type":"","overlay-color":"","overlay-opacity":"","overlay-gradient":""},"tablet":{"background-color":"","background-image":"","background-repeat":"repeat","background-position":"center center","background-size":"auto","background-attachment":"scroll","background-type":"","background-media":"","overlay-type":"","overlay-color":"","overlay-opacity":"","overlay-gradient":""},"mobile":{"background-color":"","background-image":"","background-repeat":"repeat","background-position":"center center","background-size":"auto","background-attachment":"scroll","background-type":"","background-media":"","overlay-type":"","overlay-color":"","overlay-opacity":"","overlay-gradient":""}},"ast-content-background-meta":{"desktop":{"background-color":"var(--ast-global-color-5)","background-image":"","background-repeat":"repeat","background-position":"center center","background-size":"auto","background-attachment":"scroll","background-type":"","background-media":"","overlay-type":"","overlay-color":"","overlay-opacity":"","overlay-gradient":""},"tablet":{"background-color":"var(--ast-global-color-5)","background-image":"","background-repeat":"repeat","background-position":"center center","background-size":"auto","background-attachment":"scroll","background-type":"","background-media":"","overlay-type":"","overlay-color":"","overlay-opacity":"","overlay-gradient":""},"mobile":{"background-color":"var(--ast-global-color-5)","background-image":"","background-repeat":"repeat","background-position":"center center","background-size":"auto","background-attachment":"scroll","background-type":"","background-media":"","overlay-type":"","overlay-color":"","overlay-opacity":"","overlay-gradient":""}},"footnotes":""},"class_list":["post-14000","page","type-page","status-publish","hentry"],"post_mailing_queue_ids":[],"_links":{"self":[{"href":"https:\/\/serveiseducatius.xtec.cat\/santadria\/wp-json\/wp\/v2\/pages\/14000","targetHints":{"allow":["GET"]}}],"collection":[{"href":"https:\/\/serveiseducatius.xtec.cat\/santadria\/wp-json\/wp\/v2\/pages"}],"about":[{"href":"https:\/\/serveiseducatius.xtec.cat\/santadria\/wp-json\/wp\/v2\/types\/page"}],"author":[{"embeddable":true,"href":"https:\/\/serveiseducatius.xtec.cat\/santadria\/wp-json\/wp\/v2\/users\/5"}],"replies":[{"embeddable":true,"href":"https:\/\/serveiseducatius.xtec.cat\/santadria\/wp-json\/wp\/v2\/comments?post=14000"}],"version-history":[{"count":4,"href":"https:\/\/serveiseducatius.xtec.cat\/santadria\/wp-json\/wp\/v2\/pages\/14000\/revisions"}],"predecessor-version":[{"id":16234,"href":"https:\/\/serveiseducatius.xtec.cat\/santadria\/wp-json\/wp\/v2\/pages\/14000\/revisions\/16234"}],"up":[{"embeddable":true,"href":"https:\/\/serveiseducatius.xtec.cat\/santadria\/wp-json\/wp\/v2\/pages\/13999"}],"wp:attachment":[{"href":"https:\/\/serveiseducatius.xtec.cat\/santadria\/wp-json\/wp\/v2\/media?parent=14000"}],"curies":[{"name":"wp","href":"https:\/\/api.w.org\/{rel}","templated":true}]}}