{"id":13999,"date":"2022-10-24T12:48:11","date_gmt":"2022-10-24T10:48:11","guid":{"rendered":"https:\/\/serveiseducatius.xtec.cat\/santadria\/?page_id=13999"},"modified":"2024-04-24T16:28:33","modified_gmt":"2024-04-24T14:28:33","slug":"monografics-de-recursos","status":"publish","type":"page","link":"https:\/\/serveiseducatius.xtec.cat\/santadria\/recursos\/monografics-de-recursos\/","title":{"rendered":"Monogr\u00e0fics de recursos"},"content":{"rendered":"<table style=\"border-collapse: collapse; width: 100%;\">\n<tbody>\n<tr>\n<td style=\"width: 25%; text-align: center;\"><a href=\"https:\/\/serveiseducatius.xtec.cat\/santadria\/recursos\/monografics-de-recursos\/recursos-per-alumnat-ucraines\/\">Recursos per l\u2019acollida d\u2019alumnat ucra\u00efn\u00e8s<\/a><\/p>\n<p><img loading=\"lazy\" decoding=\"async\" class=\"aligncenter wp-image-14017\" src=\"https:\/\/serveiseducatius.xtec.cat\/santadria\/wp-content\/uploads\/usu1189\/2022\/10\/cat-ucarina-e1666621003176-t.png\" alt=\"\" width=\"130\" height=\"126\" \/><\/td>\n<td style=\"width: 25%; text-align: center;\"><a href=\"https:\/\/serveiseducatius.xtec.cat\/santadria\/recursos\/monografics-de-recursos\/tardor\/\">Tardor<\/a><\/p>\n<p><img loading=\"lazy\" decoding=\"async\" class=\"aligncenter wp-image-13998 \" src=\"https:\/\/serveiseducatius.xtec.cat\/santadria\/wp-content\/uploads\/usu1189\/2022\/10\/tardor1-150x150.jpg\" alt=\"\" width=\"130\" height=\"130\" \/><\/td>\n<td style=\"width: 25%; text-align: center;\"><a href=\"https:\/\/serveiseducatius.xtec.cat\/santadria\/recursos\/monografics-de-recursos\/drets-de-la-infancia\/\" target=\"_blank\" rel=\"noopener\">Drets de la inf\u00e0ncia<\/a><\/p>\n<p><img loading=\"lazy\" decoding=\"async\" class=\"aligncenter size-thumbnail wp-image-14123\" src=\"https:\/\/serveiseducatius.xtec.cat\/santadria\/wp-content\/uploads\/usu1189\/2022\/11\/Dretsinfancia300x300-1-150x150.png\" alt=\"\" width=\"150\" height=\"150\" srcset=\"https:\/\/serveiseducatius.xtec.cat\/santadria\/wp-content\/uploads\/usu1189\/2022\/11\/Dretsinfancia300x300-1-150x150.png 150w, https:\/\/serveiseducatius.xtec.cat\/santadria\/wp-content\/uploads\/usu1189\/2022\/11\/Dretsinfancia300x300-1.png 300w\" sizes=\"auto, (max-width: 150px) 100vw, 150px\" \/><\/td>\n<td style=\"width: 25%; text-align: center;\"><a href=\"https:\/\/serveiseducatius.xtec.cat\/santadria\/recursos\/monografics-de-recursos\/migracions\/\" target=\"_blank\" rel=\"noopener\">Migracions<\/a><\/p>\n<p><img loading=\"lazy\" decoding=\"async\" class=\"aligncenter size-thumbnail wp-image-14258\" src=\"https:\/\/serveiseducatius.xtec.cat\/santadria\/wp-content\/uploads\/usu1189\/2022\/12\/migracio-e1669980949257-150x150.jpg\" alt=\"\" width=\"150\" height=\"150\" \/><\/td>\n<\/tr>\n<tr>\n<td style=\"width: 25%; text-align: center;\"><a href=\"https:\/\/serveiseducatius.xtec.cat\/santadria\/recursos\/monografics-de-recursos\/reflexions-i-idees-per-a-triar-la-disfressa\/\" target=\"_blank\" rel=\"noopener\">Reflexions i idees per a triar la disfressa<\/a><\/p>\n<p><img loading=\"lazy\" decoding=\"async\" class=\"aligncenter size-thumbnail wp-image-14502\" src=\"https:\/\/serveiseducatius.xtec.cat\/santadria\/wp-content\/uploads\/usu1189\/2023\/02\/disfressar-150x150.jpeg\" alt=\"\" width=\"150\" height=\"150\" \/><\/td>\n<td style=\"width: 25%; text-align: center;\"><a href=\"https:\/\/serveiseducatius.xtec.cat\/santadria\/recursos\/monografics-de-recursos\/dona-nena-i-ciencia\/\" target=\"_blank\" rel=\"noopener\">Dona, nena i ci\u00e8ncia<\/a><\/p>\n<p><img loading=\"lazy\" decoding=\"async\" class=\"aligncenter wp-image-14536 size-thumbnail\" src=\"https:\/\/serveiseducatius.xtec.cat\/santadria\/wp-content\/uploads\/usu1189\/2023\/02\/Dona_nena_i_ciencia_2023-rem-150x150.png\" alt=\"\" width=\"150\" height=\"150\" \/><\/td>\n<td style=\"width: 25%; text-align: center;\"><a href=\"https:\/\/serveiseducatius.xtec.cat\/santadria\/recursos\/monografics-de-recursos\/ciberseguretat\/\" target=\"_blank\" rel=\"noopener\">Ciberseguretat<\/a><\/p>\n<p><img loading=\"lazy\" decoding=\"async\" class=\"aligncenter wp-image-14031 size-thumbnail\" src=\"https:\/\/serveiseducatius.xtec.cat\/santadria\/wp-content\/uploads\/usu1189\/2022\/10\/ciberseguretat-150x150.jpg\" alt=\"\" width=\"150\" height=\"150\" \/><\/td>\n<td style=\"width: 25%; text-align: center;\"><a href=\"https:\/\/serveiseducatius.xtec.cat\/santadria\/?page_id=14765&amp;preview=true\" target=\"_blank\" rel=\"noopener\">Pensament cr\u00edtic<\/a><\/p>\n<p><img loading=\"lazy\" decoding=\"async\" class=\"aligncenter wp-image-14767 size-thumbnail\" src=\"https:\/\/serveiseducatius.xtec.cat\/santadria\/wp-content\/uploads\/usu1189\/2023\/05\/pau-fabregat_280_g1a0153-1-scaled-1-150x150.jpg\" alt=\"\" width=\"150\" height=\"150\" \/><\/td>\n<\/tr>\n<tr>\n<td style=\"width: 25%; text-align: center;\"><a href=\"https:\/\/serveiseducatius.xtec.cat\/santadria\/recursos\/monografics-de-recursos\/poesia\/\" target=\"_blank\" rel=\"noopener\">Poesia<\/a><\/p>\n<p><img loading=\"lazy\" decoding=\"async\" class=\"aligncenter wp-image-14998 size-thumbnail\" src=\"https:\/\/serveiseducatius.xtec.cat\/santadria\/wp-content\/uploads\/usu1189\/2023\/09\/Poesia_Brossa-150x150.jpg\" alt=\"\" width=\"150\" height=\"150\" \/><\/td>\n<td style=\"width: 25%; text-align: center;\"><a href=\"https:\/\/serveiseducatius.xtec.cat\/santadria\/recursos\/monografics-de-recursos\/intelligencia-artificial-ia\/\" target=\"_blank\" rel=\"noopener\">Intel\u00b7lig\u00e8ncia Artificial (IA)<\/a><\/p>\n<p><img loading=\"lazy\" decoding=\"async\" class=\"aligncenter wp-image-15008 size-thumbnail\" src=\"https:\/\/serveiseducatius.xtec.cat\/santadria\/wp-content\/uploads\/usu1189\/2023\/09\/IA-imatge-150x150.jpg\" alt=\"\" width=\"150\" height=\"150\" \/><\/td>\n<td style=\"width: 25%; text-align: center;\"><a href=\"https:\/\/serveiseducatius.xtec.cat\/santadria\/recursos\/monografics-de-recursos\/competencia-mediatica\/\" target=\"_blank\" rel=\"noopener\">Compet\u00e8ncia medi\u00e0tica<\/a><\/p>\n<p><img loading=\"lazy\" decoding=\"async\" class=\"aligncenter wp-image-15032 size-thumbnail\" src=\"https:\/\/serveiseducatius.xtec.cat\/santadria\/wp-content\/uploads\/usu1189\/2023\/09\/mediatica.1-150x150.jpg\" alt=\"\" width=\"150\" height=\"150\" \/><\/td>\n<td style=\"width: 25%; text-align: center;\"><a href=\"https:\/\/serveiseducatius.xtec.cat\/santadria\/recursos\/monografics-de-recursos\/comunicacio-no-violenta\/\" target=\"_blank\" rel=\"noopener\">Comunicaci\u00f3 No violenta<\/a><\/p>\n<p><img loading=\"lazy\" decoding=\"async\" class=\"aligncenter wp-image-15206 size-thumbnail\" src=\"https:\/\/serveiseducatius.xtec.cat\/santadria\/wp-content\/uploads\/usu1189\/2023\/11\/CNV-150x150.jpg\" alt=\"\" width=\"150\" height=\"150\" \/><\/td>\n<\/tr>\n<tr>\n<td style=\"width: 25%; text-align: center;\"><a href=\"https:\/\/serveiseducatius.xtec.cat\/santadria\/recursos\/monografics-de-recursos\/aigua\/\" target=\"_blank\" rel=\"noopener\">Aigua<\/a><\/p>\n<p><img loading=\"lazy\" decoding=\"async\" class=\"aligncenter wp-image-15654 size-thumbnail\" src=\"https:\/\/serveiseducatius.xtec.cat\/santadria\/wp-content\/uploads\/usu1189\/2024\/04\/aigua_500_295-150x150.jpg\" alt=\"\" width=\"150\" height=\"150\" \/><\/td>\n<td style=\"width: 25%; text-align: center;\"><a href=\"https:\/\/serveiseducatius.xtec.cat\/santadria\/?page_id=15663&amp;preview=true\" target=\"_blank\" rel=\"noopener\">El dol<\/a><\/p>\n<p><img loading=\"lazy\" decoding=\"async\" class=\"aligncenter wp-image-15661 size-thumbnail\" src=\"https:\/\/serveiseducatius.xtec.cat\/santadria\/wp-content\/uploads\/usu1189\/2024\/04\/Dol-1-150x150.jpg\" alt=\"\" width=\"150\" height=\"150\" \/><\/td>\n<td style=\"width: 25%; text-align: center;\"><a href=\"https:\/\/serveiseducatius.xtec.cat\/santadria\/recursos\/monografics-de-recursos\/suport-visual\/\" target=\"_blank\" rel=\"noopener\">Suport visual<\/a><\/p>\n<p><img loading=\"lazy\" decoding=\"async\" class=\"aligncenter wp-image-15711 size-thumbnail\" src=\"https:\/\/serveiseducatius.xtec.cat\/santadria\/wp-content\/uploads\/usu1189\/2024\/04\/Visual-150x150.png\" alt=\"\" width=\"150\" height=\"150\" \/><\/td>\n<td style=\"width: 25%; text-align: center;\"><a href=\"https:\/\/serveiseducatius.xtec.cat\/santadria\/?page_id=15731&amp;preview=true\" target=\"_blank\" rel=\"noopener\">ODS<\/a><\/p>\n<p><img loading=\"lazy\" decoding=\"async\" class=\"aligncenter wp-image-15729 size-thumbnail\" src=\"https:\/\/serveiseducatius.xtec.cat\/santadria\/wp-content\/uploads\/usu1189\/2024\/04\/ods-150x150.png\" alt=\"\" width=\"150\" height=\"150\" srcset=\"https:\/\/serveiseducatius.xtec.cat\/santadria\/wp-content\/uploads\/usu1189\/2024\/04\/ods-150x150.png 150w, https:\/\/serveiseducatius.xtec.cat\/santadria\/wp-content\/uploads\/usu1189\/2024\/04\/ods-300x297.png 300w\" sizes=\"auto, (max-width: 150px) 100vw, 150px\" \/><\/td>\n<\/tr>\n<\/tbody>\n<\/table>\n","protected":false},"excerpt":{"rendered":"<p>Recursos per l\u2019acollida d\u2019alumnat ucra\u00efn\u00e8s Tardor Drets de la inf\u00e0ncia Migracions Reflexions i idees per a triar la disfressa Dona, [&hellip;]<\/p>\n","protected":false},"author":5,"featured_media":0,"parent":906,"menu_order":0,"comment_status":"closed","ping_status":"closed","template":"page-templates\/side-menu.php","meta":{"_bbp_topic_count":0,"_bbp_reply_count":0,"_bbp_total_topic_count":0,"_bbp_total_reply_count":0,"_bbp_voice_count":0,"_bbp_anonymous_reply_count":0,"_bbp_topic_count_hidden":0,"_bbp_reply_count_hidden":0,"_bbp_forum_subforum_count":0,"site-sidebar-layout":"default","site-content-layout":"","ast-site-content-layout":"","site-content-style":"default","site-sidebar-style":"default","ast-global-header-display":"","ast-banner-title-visibility":"","ast-main-header-display":"","ast-hfb-above-header-display":"","ast-hfb-below-header-display":"","ast-hfb-mobile-header-display":"","site-post-title":"","ast-breadcrumbs-content":"","ast-featured-img":"","footer-sml-layout":"","theme-transparent-header-meta":"","adv-header-id-meta":"","stick-header-meta":"","header-above-stick-meta":"","header-main-stick-meta":"","header-below-stick-meta":"","astra-migrate-meta-layouts":"default","ast-page-background-enabled":"default","ast-page-background-meta":{"desktop":{"background-color":"var(--ast-global-color-4)","background-image":"","background-repeat":"repeat","background-position":"center center","background-size":"auto","background-attachment":"scroll","background-type":"","background-media":"","overlay-type":"","overlay-color":"","overlay-opacity":"","overlay-gradient":""},"tablet":{"background-color":"","background-image":"","background-repeat":"repeat","background-position":"center center","background-size":"auto","background-attachment":"scroll","background-type":"","background-media":"","overlay-type":"","overlay-color":"","overlay-opacity":"","overlay-gradient":""},"mobile":{"background-color":"","background-image":"","background-repeat":"repeat","background-position":"center center","background-size":"auto","background-attachment":"scroll","background-type":"","background-media":"","overlay-type":"","overlay-color":"","overlay-opacity":"","overlay-gradient":""}},"ast-content-background-meta":{"desktop":{"background-color":"var(--ast-global-color-5)","background-image":"","background-repeat":"repeat","background-position":"center center","background-size":"auto","background-attachment":"scroll","background-type":"","background-media":"","overlay-type":"","overlay-color":"","overlay-opacity":"","overlay-gradient":""},"tablet":{"background-color":"var(--ast-global-color-5)","background-image":"","background-repeat":"repeat","background-position":"center center","background-size":"auto","background-attachment":"scroll","background-type":"","background-media":"","overlay-type":"","overlay-color":"","overlay-opacity":"","overlay-gradient":""},"mobile":{"background-color":"var(--ast-global-color-5)","background-image":"","background-repeat":"repeat","background-position":"center center","background-size":"auto","background-attachment":"scroll","background-type":"","background-media":"","overlay-type":"","overlay-color":"","overlay-opacity":"","overlay-gradient":""}},"footnotes":""},"class_list":["post-13999","page","type-page","status-publish","hentry"],"post_mailing_queue_ids":[],"_links":{"self":[{"href":"https:\/\/serveiseducatius.xtec.cat\/santadria\/wp-json\/wp\/v2\/pages\/13999","targetHints":{"allow":["GET"]}}],"collection":[{"href":"https:\/\/serveiseducatius.xtec.cat\/santadria\/wp-json\/wp\/v2\/pages"}],"about":[{"href":"https:\/\/serveiseducatius.xtec.cat\/santadria\/wp-json\/wp\/v2\/types\/page"}],"author":[{"embeddable":true,"href":"https:\/\/serveiseducatius.xtec.cat\/santadria\/wp-json\/wp\/v2\/users\/5"}],"replies":[{"embeddable":true,"href":"https:\/\/serveiseducatius.xtec.cat\/santadria\/wp-json\/wp\/v2\/comments?post=13999"}],"version-history":[{"count":6,"href":"https:\/\/serveiseducatius.xtec.cat\/santadria\/wp-json\/wp\/v2\/pages\/13999\/revisions"}],"predecessor-version":[{"id":15732,"href":"https:\/\/serveiseducatius.xtec.cat\/santadria\/wp-json\/wp\/v2\/pages\/13999\/revisions\/15732"}],"up":[{"embeddable":true,"href":"https:\/\/serveiseducatius.xtec.cat\/santadria\/wp-json\/wp\/v2\/pages\/906"}],"wp:attachment":[{"href":"https:\/\/serveiseducatius.xtec.cat\/santadria\/wp-json\/wp\/v2\/media?parent=13999"}],"curies":[{"name":"wp","href":"https:\/\/api.w.org\/{rel}","templated":true}]}}