{"id":13527,"date":"2022-03-25T11:39:59","date_gmt":"2022-03-25T10:39:59","guid":{"rendered":"https:\/\/serveiseducatius.xtec.cat\/santadria\/?page_id=13527"},"modified":"2022-05-05T16:43:47","modified_gmt":"2022-05-05T14:43:47","slug":"recursos-digitals-per-lacollida-dalumnat-ucraines","status":"publish","type":"page","link":"https:\/\/serveiseducatius.xtec.cat\/santadria\/recursos\/monografics-de-recursos\/recursos-per-alumnat-ucraines\/recursos-digitals-per-lacollida-dalumnat-ucraines\/","title":{"rendered":"Recursos digitals per l&#8217;acollida d&#8217;alumnat ucra\u00efn\u00e8s"},"content":{"rendered":"<table style=\"border-collapse: collapse; width: 100%; height: 602px;\">\n<tbody>\n<tr style=\"height: 33px;\">\n<td style=\"width: 25%; height: 33px;\"><strong>T\u00edtol<\/strong><\/td>\n<td style=\"width: 25%; height: 33px;\"><strong>Descripci\u00f3<\/strong><\/td>\n<td style=\"width: 50%; height: 33px;\"><strong>Enlla\u00e7<\/strong><\/td>\n<\/tr>\n<tr style=\"height: 32px;\">\n<td style=\"width: 25%; height: 64px;\"><strong>Instruments per a l&#8217;avaluaci\u00f3 inicial<\/strong><\/td>\n<td style=\"width: 25%; height: 64px;\">Proves inicials en nombrosos idiomes, incloent l&#8217;ucra\u00efn\u00e8s, per con\u00e8ixer el nivell educatiu de l\u2019alumne\/a<\/td>\n<td style=\"width: 50%; height: 64px;\"><a href=\"http:\/\/xtec.gencat.cat\/ca\/projectes\/alumnat-origen-estranger\/alumnatnou\/avaluacio\/inicial2\/\">http:\/\/xtec.gencat.cat\/ca\/projectes\/alumnat-origen-estranger\/alumnatnou\/avaluacio\/inicial2\/<\/a><\/td>\n<\/tr>\n<tr style=\"height: 48px;\">\n<td style=\"width: 25%; height: 64px;\"><strong>Ara i ad\u00e9s<\/strong><\/td>\n<td style=\"width: 25%; height: 64px;\">Informaci\u00f3 sobre la llengua ucra\u00efnesa i sobre les q\u00fcestions ling\u00fc\u00edstiques que poden<br \/>\nser m\u00e9s dificultoses per als parlants d\u2019aquest idioma<\/td>\n<td style=\"width: 50%; height: 64px;\"><a href=\"https:\/\/sites.google.com\/site\/materialdauladacollida\/home\/dossiers\/ara-i-ades\">https:\/\/sites.google.com\/site\/materialdauladacollida\/home\/dossiers\/ara-i-ades<\/a><\/td>\n<\/tr>\n<tr style=\"height: 32px;\">\n<td style=\"width: 25%; height: 64px;\"><strong>Contes portats pel vent (V). Lleng\u00fces de l\u2019Europa de l\u2019Est<\/strong><\/td>\n<td style=\"width: 25%; height: 64px;\">Material per fer un reconeixement a l\u2019aula ordin\u00e0ria de la llengua i la cultura<br \/>\nucra\u00efneses<\/td>\n<td style=\"width: 50%; height: 64px;\"><a href=\"https:\/\/blocs.mesvilaweb.cat\/pmayans\/contes-portats-pel-vent-v-llengues-de-leuropa-de-lest\/\">https:\/\/blocs.mesvilaweb.cat\/pmayans\/contes-portats-pel-vent-v-llengues-de-leuropa-de-lest\/<\/a><\/td>\n<\/tr>\n<tr style=\"height: 32px;\">\n<td style=\"width: 25%; height: 48px;\"><strong>Guia &#8216;Vitau al catal\u00e0&#8217; (Catal\u00e0 &#8211; Ucra\u00efn\u00e8s)<\/strong><\/td>\n<td style=\"width: 25%; height: 48px;\">Material per apropar la llengua catalana a la comunitat ucra\u00efnesa<\/td>\n<td style=\"width: 50%; height: 48px;\"><a href=\"https:\/\/www.plataforma-llengua.cat\/que-fem\/estudis-i-publicacions\/238\/guia-vitau-al-catala-catala-ucraines\">https:\/\/www.plataforma-llengua.cat\/que-fem\/estudis-i-publicacions\/238\/guia-vitau-al-catala-catala-ucraines<\/a><\/td>\n<\/tr>\n<tr style=\"height: 32px;\">\n<td style=\"width: 25%; height: 79px;\"><strong>LLENGUA I IMMIGRACI\u00d3<\/strong><br \/>\n<strong>La influ\u00e8ncia de la primera llengua en l\u2019adquisici\u00f3 del catal\u00e0 com a segona llengua<\/strong><\/td>\n<td style=\"width: 25%; height: 79px;\">Informaci\u00f3 sobre la realitat socioling\u00fc\u00edstica de l\u2019ucra\u00efn\u00e8s i sobre les seves<br \/>\ncaracter\u00edstiques que cal tenir en compte a l\u2019hora d\u2019aprendre la llengua catalana<\/td>\n<td style=\"width: 50%; height: 79px;\"><a href=\"http:\/\/xtec.gencat.cat\/web\/.content\/alfresco\/d\/d\/workspace\/SpacesStore\/0066\/97ae2a7c-6cc4-40e7-a291-7fd11f7b0971\/llengua_immigracio_2014.pdf\">http:\/\/xtec.gencat.cat\/web\/.content\/alfresco\/d\/d\/workspace\/SpacesStore\/0066\/97ae2a7c-6cc4-40e7-a291-7fd11f7b0971\/llengua_immigracio_2014.pdf<\/a><\/td>\n<\/tr>\n<tr style=\"height: 32px;\">\n<td style=\"width: 25%; height: 95px;\"><strong>L\u2019ucra\u00efn\u00e8s (Llengua, immigraci\u00f3 i ensenyament del catal\u00e0 9)<\/strong><\/td>\n<td style=\"width: 25%; height: 95px;\">Material que permet als professionals de l\u2019ensenyament identificar les dificultats i<br \/>\nels progressos en l\u2019aprenentatge del catal\u00e0 derivats de les difer\u00e8ncies fon\u00e8tiques,<br \/>\ngramaticals i l\u00e8xiques entre l\u2019ucra\u00efn\u00e8s i el catal\u00e0<\/td>\n<td style=\"width: 50%; height: 95px;\"><a href=\"http:\/\/ibdigital.uib.es\/greenstone\/collect\/portal_social\/archives\/gencat01\/40.dir\/gencat0140.pdf\">http:\/\/ibdigital.uib.es\/greenstone\/collect\/portal_social\/archives\/gencat01\/40.dir\/gencat0140.pdf<\/a><\/td>\n<\/tr>\n<tr style=\"height: 32px;\">\n<td style=\"width: 25%; height: 32px;\"><strong>Alumnat d&#8217;origen estranger<\/strong><\/td>\n<td style=\"width: 25%; height: 32px;\">Nodes de suport amb informacions diverses sobre l&#8217;acollida de l&#8217;alumnat nouvingut<\/td>\n<td style=\"width: 50%; height: 32px;\"><a href=\"https:\/\/projectes.xtec.cat\/acollidasuport\/\">https:\/\/projectes.xtec.cat\/acollidasuport\/<\/a><\/td>\n<\/tr>\n<tr style=\"height: 32px;\">\n<td style=\"width: 25%; height: 32px;\"><strong>Lleng\u00fces d&#8217;origen: Ucra\u00efn\u00e8s<\/strong><\/td>\n<td style=\"width: 25%; height: 32px;\">Informaci\u00f3 sobre la llengua ucra\u00efnesa i el seu aprenentatge per a estudiants<\/td>\n<td style=\"width: 50%; height: 32px;\"><a href=\"http:\/\/xtec.gencat.cat\/ca\/projectes\/plurilinguisme\/llengues-gestio\/origen\/ucraines\/\">http:\/\/xtec.gencat.cat\/ca\/projectes\/plurilinguisme\/llengues-gestio\/origen\/ucraines\/<\/a><\/td>\n<\/tr>\n<tr style=\"height: 91px;\">\n<td style=\"width: 25%; height: 91px;\"><strong>Tel\u00e8fons d&#8217;atenci\u00f3<\/strong><a href=\"https:\/\/serveiseducatius.xtec.cat\/santadria\/wp-content\/uploads\/usu1189\/2022\/05\/cat-ucarina.jpg\"><img loading=\"lazy\" decoding=\"async\" class=\"wp-image-13650 aligncenter\" src=\"https:\/\/serveiseducatius.xtec.cat\/santadria\/wp-content\/uploads\/usu1189\/2022\/05\/cat-ucarina-150x115.jpg\" alt=\"\" width=\"59\" height=\"45\" \/><\/a><\/td>\n<td style=\"width: 25%; height: 91px;\">Tr\u00edptic dels tel\u00e8fons de serveis d&#8217;atenci\u00f3 i acollida: allotjament, informaci\u00f3 sanit\u00e0ria, escolaritzaci\u00f3, orientaci\u00f3 laboral, detecci\u00f3 de viol\u00e8ncia masclista, seguretat&#8230;<\/td>\n<td style=\"width: 50%; height: 91px;\">en<a href=\"https:\/\/serveiseducatius.xtec.cat\/santadria\/wp-content\/uploads\/usu1189\/2022\/05\/Acollida-Catala-1.pdf\" target=\"_blank\" rel=\"noopener\"> catal\u00e0<\/a><br \/>\nen <a href=\"https:\/\/serveiseducatius.xtec.cat\/santadria\/wp-content\/uploads\/usu1189\/2022\/05\/triptic-Ucraina-es-1.pdf\" target=\"_blank\" rel=\"noopener\">castell\u00e0<\/a><br \/>\nen<a href=\"https:\/\/serveiseducatius.xtec.cat\/santadria\/wp-content\/uploads\/usu1189\/2022\/05\/triptic-Ucraina-uk-2.pdf\" target=\"_blank\" rel=\"noopener\"> ucrain\u00e8s<\/a><\/td>\n<\/tr>\n<\/tbody>\n<\/table>\n<p>&nbsp;<\/p>\n","protected":false},"excerpt":{"rendered":"<p>T\u00edtol Descripci\u00f3 Enlla\u00e7 Instruments per a l&#8217;avaluaci\u00f3 inicial Proves inicials en nombrosos idiomes, incloent l&#8217;ucra\u00efn\u00e8s, per con\u00e8ixer el nivell educatiu [&hellip;]<\/p>\n","protected":false},"author":5,"featured_media":0,"parent":13513,"menu_order":0,"comment_status":"closed","ping_status":"closed","template":"","meta":{"_bbp_topic_count":0,"_bbp_reply_count":0,"_bbp_total_topic_count":0,"_bbp_total_reply_count":0,"_bbp_voice_count":0,"_bbp_anonymous_reply_count":0,"_bbp_topic_count_hidden":0,"_bbp_reply_count_hidden":0,"_bbp_forum_subforum_count":0,"site-sidebar-layout":"default","site-content-layout":"","ast-site-content-layout":"","site-content-style":"default","site-sidebar-style":"default","ast-global-header-display":"","ast-banner-title-visibility":"","ast-main-header-display":"","ast-hfb-above-header-display":"","ast-hfb-below-header-display":"","ast-hfb-mobile-header-display":"","site-post-title":"","ast-breadcrumbs-content":"","ast-featured-img":"","footer-sml-layout":"","theme-transparent-header-meta":"","adv-header-id-meta":"","stick-header-meta":"","header-above-stick-meta":"","header-main-stick-meta":"","header-below-stick-meta":"","astra-migrate-meta-layouts":"default","ast-page-background-enabled":"default","ast-page-background-meta":{"desktop":{"background-color":"var(--ast-global-color-4)","background-image":"","background-repeat":"repeat","background-position":"center center","background-size":"auto","background-attachment":"scroll","background-type":"","background-media":"","overlay-type":"","overlay-color":"","overlay-opacity":"","overlay-gradient":""},"tablet":{"background-color":"","background-image":"","background-repeat":"repeat","background-position":"center center","background-size":"auto","background-attachment":"scroll","background-type":"","background-media":"","overlay-type":"","overlay-color":"","overlay-opacity":"","overlay-gradient":""},"mobile":{"background-color":"","background-image":"","background-repeat":"repeat","background-position":"center center","background-size":"auto","background-attachment":"scroll","background-type":"","background-media":"","overlay-type":"","overlay-color":"","overlay-opacity":"","overlay-gradient":""}},"ast-content-background-meta":{"desktop":{"background-color":"var(--ast-global-color-5)","background-image":"","background-repeat":"repeat","background-position":"center center","background-size":"auto","background-attachment":"scroll","background-type":"","background-media":"","overlay-type":"","overlay-color":"","overlay-opacity":"","overlay-gradient":""},"tablet":{"background-color":"var(--ast-global-color-5)","background-image":"","background-repeat":"repeat","background-position":"center center","background-size":"auto","background-attachment":"scroll","background-type":"","background-media":"","overlay-type":"","overlay-color":"","overlay-opacity":"","overlay-gradient":""},"mobile":{"background-color":"var(--ast-global-color-5)","background-image":"","background-repeat":"repeat","background-position":"center center","background-size":"auto","background-attachment":"scroll","background-type":"","background-media":"","overlay-type":"","overlay-color":"","overlay-opacity":"","overlay-gradient":""}},"footnotes":""},"class_list":["post-13527","page","type-page","status-publish","hentry"],"post_mailing_queue_ids":[],"_links":{"self":[{"href":"https:\/\/serveiseducatius.xtec.cat\/santadria\/wp-json\/wp\/v2\/pages\/13527","targetHints":{"allow":["GET"]}}],"collection":[{"href":"https:\/\/serveiseducatius.xtec.cat\/santadria\/wp-json\/wp\/v2\/pages"}],"about":[{"href":"https:\/\/serveiseducatius.xtec.cat\/santadria\/wp-json\/wp\/v2\/types\/page"}],"author":[{"embeddable":true,"href":"https:\/\/serveiseducatius.xtec.cat\/santadria\/wp-json\/wp\/v2\/users\/5"}],"replies":[{"embeddable":true,"href":"https:\/\/serveiseducatius.xtec.cat\/santadria\/wp-json\/wp\/v2\/comments?post=13527"}],"version-history":[{"count":3,"href":"https:\/\/serveiseducatius.xtec.cat\/santadria\/wp-json\/wp\/v2\/pages\/13527\/revisions"}],"predecessor-version":[{"id":13651,"href":"https:\/\/serveiseducatius.xtec.cat\/santadria\/wp-json\/wp\/v2\/pages\/13527\/revisions\/13651"}],"up":[{"embeddable":true,"href":"https:\/\/serveiseducatius.xtec.cat\/santadria\/wp-json\/wp\/v2\/pages\/13513"}],"wp:attachment":[{"href":"https:\/\/serveiseducatius.xtec.cat\/santadria\/wp-json\/wp\/v2\/media?parent=13527"}],"curies":[{"name":"wp","href":"https:\/\/api.w.org\/{rel}","templated":true}]}}