{"id":13515,"date":"2022-03-25T10:43:35","date_gmt":"2022-03-25T09:43:35","guid":{"rendered":"https:\/\/serveiseducatius.xtec.cat\/santadria\/?page_id=13515"},"modified":"2022-03-25T12:10:54","modified_gmt":"2022-03-25T11:10:54","slug":"recursos-fisics-en-prestec-per-lalumant-ucraines","status":"publish","type":"page","link":"https:\/\/serveiseducatius.xtec.cat\/santadria\/recursos\/monografics-de-recursos\/recursos-per-alumnat-ucraines\/recursos-fisics-en-prestec-per-lalumant-ucraines\/","title":{"rendered":"Recursos f\u00edsics en pr\u00e9stec per l&#8217;alumnat ucra\u00efn\u00e8s"},"content":{"rendered":"<p>Per sol\u00b7licitar el pr\u00e9stec d&#8217;alg\u00fan recurs poseu-vos en contacte amb el CRP trucant al <a href=\"tel:933811217\">933811217<\/a> o enviant un correu a <a href=\"mailto:crp-santadria@xtec.cat\">crp-santadria<span class=\"atwho-query\">@xtec.cat<\/span><\/a>.<\/p>\n<table style=\"border-collapse: collapse; width: 100%; height: 452px;\">\n<tbody>\n<tr style=\"height: 32px;\">\n<td style=\"width: 33.3333%; height: 32px;\"><strong>T\u00edtol<\/strong><\/td>\n<td style=\"width: 33.3333%; height: 32px;\"><strong>Descripci\u00f3<\/strong><\/td>\n<td style=\"width: 33.3333%; height: 32px;\"><strong>Imatge<\/strong><\/td>\n<\/tr>\n<tr style=\"height: 198px;\">\n<td style=\"width: 33.3333%; height: 198px;\"><strong>L&#8217;ucra\u00efn\u00e8s (Llengua, immigraci\u00f3 i ensenyament del catal\u00e0 9)<\/strong><\/td>\n<td style=\"width: 33.3333%; height: 198px;\">Col\u00b7lecci\u00f3 adre\u00e7ada als professionals de l&#8217;educaci\u00f3 destinada a fer notar els aspectes ling\u00fc\u00edstics que poden afavorir o dificultar l&#8217;aprenentatge del catal\u00e0. Contenen una descripci\u00f3 gramatical de la llengua i un apartat dels errors i dels problemes ling\u00fc\u00edstics m\u00e9s freq\u00fcents, a m\u00e9s d&#8217;uns estudis comparatius del sistema gramatical catal\u00e0 amb els sistemes gramaticals de cadascuna de les lleng\u00fces.<\/td>\n<td style=\"width: 33.3333%; height: 198px;\"><img loading=\"lazy\" decoding=\"async\" class=\"aligncenter size-thumbnail wp-image-13518\" src=\"https:\/\/serveiseducatius.xtec.cat\/santadria\/wp-content\/uploads\/usu1189\/2022\/03\/ucraines-150x150.jpg\" alt=\"\" width=\"150\" height=\"150\" \/><\/td>\n<\/tr>\n<tr style=\"height: 166px;\">\n<td style=\"width: 33.3333%; height: 166px;\"><strong>Viure a Catalunya. Vocabulari en imatges.<\/strong><\/td>\n<td style=\"width: 33.3333%; height: 166px;\">Guia de paraules i expressions freq\u00fcents en catal\u00e0 acompanyades d&#8217;imatges contextuals i pictogrames per facilitar la seva comprensi\u00f3.<\/td>\n<td style=\"width: 33.3333%; height: 166px;\"><img loading=\"lazy\" decoding=\"async\" class=\"aligncenter size-thumbnail wp-image-13519\" src=\"https:\/\/serveiseducatius.xtec.cat\/santadria\/wp-content\/uploads\/usu1189\/2022\/03\/vocabulari-en-imatges-150x150.jpg\" alt=\"\" width=\"150\" height=\"150\" \/><\/td>\n<\/tr>\n<tr style=\"height: 56px;\">\n<td style=\"width: 33.3333%; height: 56px;\"><strong>Vincles. Llengua catalana per a alumnat d&#8217;incorporaci\u00f3 tardana.<\/strong><\/p>\n<ol>\n<li>Els altres i jo<\/li>\n<li>Aqu\u00ed i all\u00e0<\/li>\n<li>Qu\u00e8 fas?<\/li>\n<\/ol>\n<\/td>\n<td style=\"width: 33.3333%; height: 56px;\">Col\u00b7lecci\u00f3 de llibres acompanyats de quaderns d&#8217;exercicis amb propostes did\u00e0ctiques per l&#8217;aprenentatge de vocabulari i expressions b\u00e0siques del catal\u00e0 per a alumnat d&#8217;incorporaci\u00f3 tardana.<\/td>\n<td style=\"width: 33.3333%; height: 56px;\"><img loading=\"lazy\" decoding=\"async\" class=\"aligncenter size-thumbnail wp-image-13520\" src=\"https:\/\/serveiseducatius.xtec.cat\/santadria\/wp-content\/uploads\/usu1189\/2022\/03\/vincels-150x150.jpg\" alt=\"\" width=\"150\" height=\"150\" \/><\/td>\n<\/tr>\n<tr>\n<td style=\"width: 33.3333%;\"><strong>Xarranca. Jocs per a l&#8217;aprenentatge del catal\u00e0 oral per a nouvinguts.<\/strong><br \/>\n<strong>\u00a0<\/strong><\/td>\n<td style=\"width: 33.3333%;\">Recull de m\u00e9s de setanta jocs basats en patrons tradicionals organitzats segons diferents funcions comunicatives per als processos d&#8217;aprenentatge i acollida i per al di\u00e0leg igualitari entre tots els jugadors.<\/td>\n<td style=\"width: 33.3333%;\"><img loading=\"lazy\" decoding=\"async\" class=\"aligncenter size-thumbnail wp-image-13522\" src=\"https:\/\/serveiseducatius.xtec.cat\/santadria\/wp-content\/uploads\/usu1189\/2022\/03\/xarranca-150x150.jpeg\" alt=\"\" width=\"150\" height=\"150\" \/><\/td>\n<\/tr>\n<\/tbody>\n<\/table>\n","protected":false},"excerpt":{"rendered":"<p>Per sol\u00b7licitar el pr\u00e9stec d&#8217;alg\u00fan recurs poseu-vos en contacte amb el CRP trucant al 933811217 o enviant un correu a [&hellip;]<\/p>\n","protected":false},"author":5,"featured_media":0,"parent":13513,"menu_order":0,"comment_status":"closed","ping_status":"closed","template":"","meta":{"_bbp_topic_count":0,"_bbp_reply_count":0,"_bbp_total_topic_count":0,"_bbp_total_reply_count":0,"_bbp_voice_count":0,"_bbp_anonymous_reply_count":0,"_bbp_topic_count_hidden":0,"_bbp_reply_count_hidden":0,"_bbp_forum_subforum_count":0,"site-sidebar-layout":"default","site-content-layout":"","ast-site-content-layout":"","site-content-style":"default","site-sidebar-style":"default","ast-global-header-display":"","ast-banner-title-visibility":"","ast-main-header-display":"","ast-hfb-above-header-display":"","ast-hfb-below-header-display":"","ast-hfb-mobile-header-display":"","site-post-title":"","ast-breadcrumbs-content":"","ast-featured-img":"","footer-sml-layout":"","theme-transparent-header-meta":"","adv-header-id-meta":"","stick-header-meta":"","header-above-stick-meta":"","header-main-stick-meta":"","header-below-stick-meta":"","astra-migrate-meta-layouts":"default","ast-page-background-enabled":"default","ast-page-background-meta":{"desktop":{"background-color":"var(--ast-global-color-4)","background-image":"","background-repeat":"repeat","background-position":"center center","background-size":"auto","background-attachment":"scroll","background-type":"","background-media":"","overlay-type":"","overlay-color":"","overlay-opacity":"","overlay-gradient":""},"tablet":{"background-color":"","background-image":"","background-repeat":"repeat","background-position":"center center","background-size":"auto","background-attachment":"scroll","background-type":"","background-media":"","overlay-type":"","overlay-color":"","overlay-opacity":"","overlay-gradient":""},"mobile":{"background-color":"","background-image":"","background-repeat":"repeat","background-position":"center center","background-size":"auto","background-attachment":"scroll","background-type":"","background-media":"","overlay-type":"","overlay-color":"","overlay-opacity":"","overlay-gradient":""}},"ast-content-background-meta":{"desktop":{"background-color":"var(--ast-global-color-5)","background-image":"","background-repeat":"repeat","background-position":"center center","background-size":"auto","background-attachment":"scroll","background-type":"","background-media":"","overlay-type":"","overlay-color":"","overlay-opacity":"","overlay-gradient":""},"tablet":{"background-color":"var(--ast-global-color-5)","background-image":"","background-repeat":"repeat","background-position":"center center","background-size":"auto","background-attachment":"scroll","background-type":"","background-media":"","overlay-type":"","overlay-color":"","overlay-opacity":"","overlay-gradient":""},"mobile":{"background-color":"var(--ast-global-color-5)","background-image":"","background-repeat":"repeat","background-position":"center center","background-size":"auto","background-attachment":"scroll","background-type":"","background-media":"","overlay-type":"","overlay-color":"","overlay-opacity":"","overlay-gradient":""}},"footnotes":""},"class_list":["post-13515","page","type-page","status-publish","hentry"],"post_mailing_queue_ids":[],"_links":{"self":[{"href":"https:\/\/serveiseducatius.xtec.cat\/santadria\/wp-json\/wp\/v2\/pages\/13515","targetHints":{"allow":["GET"]}}],"collection":[{"href":"https:\/\/serveiseducatius.xtec.cat\/santadria\/wp-json\/wp\/v2\/pages"}],"about":[{"href":"https:\/\/serveiseducatius.xtec.cat\/santadria\/wp-json\/wp\/v2\/types\/page"}],"author":[{"embeddable":true,"href":"https:\/\/serveiseducatius.xtec.cat\/santadria\/wp-json\/wp\/v2\/users\/5"}],"replies":[{"embeddable":true,"href":"https:\/\/serveiseducatius.xtec.cat\/santadria\/wp-json\/wp\/v2\/comments?post=13515"}],"version-history":[{"count":4,"href":"https:\/\/serveiseducatius.xtec.cat\/santadria\/wp-json\/wp\/v2\/pages\/13515\/revisions"}],"predecessor-version":[{"id":13552,"href":"https:\/\/serveiseducatius.xtec.cat\/santadria\/wp-json\/wp\/v2\/pages\/13515\/revisions\/13552"}],"up":[{"embeddable":true,"href":"https:\/\/serveiseducatius.xtec.cat\/santadria\/wp-json\/wp\/v2\/pages\/13513"}],"wp:attachment":[{"href":"https:\/\/serveiseducatius.xtec.cat\/santadria\/wp-json\/wp\/v2\/media?parent=13515"}],"curies":[{"name":"wp","href":"https:\/\/api.w.org\/{rel}","templated":true}]}}