{"id":13513,"date":"2022-03-25T10:21:08","date_gmt":"2022-03-25T09:21:08","guid":{"rendered":"https:\/\/serveiseducatius.xtec.cat\/santadria\/?page_id=13513"},"modified":"2023-02-07T13:41:36","modified_gmt":"2023-02-07T12:41:36","slug":"recursos-per-alumnat-ucraines","status":"publish","type":"page","link":"https:\/\/serveiseducatius.xtec.cat\/santadria\/recursos\/monografics-de-recursos\/recursos-per-alumnat-ucraines\/","title":{"rendered":"Recursos per l&#8217;acollida d&#8217;alumnat ucra\u00efn\u00e8s"},"content":{"rendered":"<h3>Recursos did\u00e0ctics:<\/h3>\n<table style=\"border-collapse: collapse; width: 100%;\">\n<tbody>\n<tr>\n<td style=\"width: 50%;\">\n<h3 style=\"text-align: center;\"><a href=\"https:\/\/serveiseducatius.xtec.cat\/santadria\/recursos\/recursos-per-alumnat-ucraines\/recursos-fisics-en-prestec-per-lalumant-ucraines\/\">Recursos f\u00edsics en pr\u00e9stec al CRP<\/a><\/h3>\n<\/td>\n<td style=\"width: 50%; text-align: center;\">\n<h3><a href=\"https:\/\/serveiseducatius.xtec.cat\/santadria\/recursos\/recursos-per-alumnat-ucraines\/recursos-digitals-per-lacollida-dalumnat-ucraines\/\">Recursos digitals<\/a><\/h3>\n<\/td>\n<\/tr>\n<tr>\n<td style=\"width: 50%;\"><a href=\"https:\/\/serveiseducatius.xtec.cat\/santadria\/recursos\/recursos-per-alumnat-ucraines\/recursos-fisics-en-prestec-per-lalumant-ucraines\/\"><img loading=\"lazy\" decoding=\"async\" class=\"aligncenter size-full wp-image-13524\" src=\"https:\/\/serveiseducatius.xtec.cat\/santadria\/wp-content\/uploads\/usu1189\/2022\/03\/llibres.jpeg\" alt=\"\" width=\"198\" height=\"254\" \/><\/a><\/td>\n<td style=\"width: 50%; text-align: center;\"><a href=\"https:\/\/serveiseducatius.xtec.cat\/santadria\/recursos\/recursos-per-alumnat-ucraines\/recursos-digitals-per-lacollida-dalumnat-ucraines\/\"><img loading=\"lazy\" decoding=\"async\" class=\"aligncenter size-medium wp-image-13529\" src=\"https:\/\/serveiseducatius.xtec.cat\/santadria\/wp-content\/uploads\/usu1189\/2022\/03\/digitals-300x300.jpg\" alt=\"\" width=\"300\" height=\"300\" srcset=\"https:\/\/serveiseducatius.xtec.cat\/santadria\/wp-content\/uploads\/usu1189\/2022\/03\/digitals-300x300.jpg 300w, https:\/\/serveiseducatius.xtec.cat\/santadria\/wp-content\/uploads\/usu1189\/2022\/03\/digitals-150x150.jpg 150w, https:\/\/serveiseducatius.xtec.cat\/santadria\/wp-content\/uploads\/usu1189\/2022\/03\/digitals.jpg 640w\" sizes=\"auto, (max-width: 300px) 100vw, 300px\" \/><\/a><\/td>\n<\/tr>\n<\/tbody>\n<\/table>\n<h3>Altres recursos:<\/h3>\n<ul>\n<li><a href=\"https:\/\/espai.educacio.gencat.cat\/Alumnes\/Situacions\/Acollida-refugiats-ucraina\/Pagines\/default.aspx\">Protocol d&#8217;acollida d&#8217;alumnat despla\u00e7at de la guerra de R\u00fassia contra Ucra\u00efna als centres educatius<\/a> (accedir amb usuari GICAR)<\/li>\n<li><a href=\"https:\/\/serveiseducatius.xtec.cat\/santadria\/wp-content\/uploads\/usu1189\/2022\/04\/ORIENTACIONS-PER-A-LATENCIO-EDUCATIVA-DE-LALUMNAT-REFUGIAT.pdf\">Orientacions per a l&#8217;atenci\u00f3 educativa de l&#8217;alumnat refugiat<\/a><\/li>\n<li>Tr\u00edptic amb els tel\u00e8fons d&#8217;atenci\u00f3 i acollida: en<a href=\"https:\/\/serveiseducatius.xtec.cat\/santadria\/wp-content\/uploads\/usu1189\/2022\/05\/triptic-Ucraina-uk-2.pdf\" target=\"_blank\" rel=\"noopener\"> ucrain\u00e8s<\/a>, en<a href=\"https:\/\/serveiseducatius.xtec.cat\/santadria\/wp-content\/uploads\/usu1189\/2022\/05\/Acollida-Catala-1.pdf\" target=\"_blank\" rel=\"noopener\"> catal\u00e0<\/a>, en <a href=\"https:\/\/serveiseducatius.xtec.cat\/santadria\/wp-content\/uploads\/usu1189\/2022\/05\/triptic-Ucraina-es-1.pdf\" target=\"_blank\" rel=\"noopener\">castell\u00e0<\/a><a href=\"https:\/\/serveiseducatius.xtec.cat\/santadria\/wp-content\/uploads\/usu1189\/2022\/05\/cat-ucarina.jpg\"><img loading=\"lazy\" decoding=\"async\" class=\"wp-image-13650 aligncenter\" src=\"https:\/\/serveiseducatius.xtec.cat\/santadria\/wp-content\/uploads\/usu1189\/2022\/05\/cat-ucarina-150x115.jpg\" alt=\"\" width=\"90\" height=\"69\" \/><\/a><\/li>\n<\/ul>\n","protected":false},"excerpt":{"rendered":"<p>Recursos did\u00e0ctics: Recursos f\u00edsics en pr\u00e9stec al CRP Recursos digitals Altres recursos: Protocol d&#8217;acollida d&#8217;alumnat despla\u00e7at de la guerra de [&hellip;]<\/p>\n","protected":false},"author":5,"featured_media":0,"parent":13999,"menu_order":16,"comment_status":"closed","ping_status":"closed","template":"page-templates\/side-menu.php","meta":{"_bbp_topic_count":0,"_bbp_reply_count":0,"_bbp_total_topic_count":0,"_bbp_total_reply_count":0,"_bbp_voice_count":0,"_bbp_anonymous_reply_count":0,"_bbp_topic_count_hidden":0,"_bbp_reply_count_hidden":0,"_bbp_forum_subforum_count":0,"site-sidebar-layout":"default","site-content-layout":"","ast-site-content-layout":"","site-content-style":"default","site-sidebar-style":"default","ast-global-header-display":"","ast-banner-title-visibility":"","ast-main-header-display":"","ast-hfb-above-header-display":"","ast-hfb-below-header-display":"","ast-hfb-mobile-header-display":"","site-post-title":"","ast-breadcrumbs-content":"","ast-featured-img":"","footer-sml-layout":"","theme-transparent-header-meta":"","adv-header-id-meta":"","stick-header-meta":"","header-above-stick-meta":"","header-main-stick-meta":"","header-below-stick-meta":"","astra-migrate-meta-layouts":"default","ast-page-background-enabled":"default","ast-page-background-meta":{"desktop":{"background-color":"var(--ast-global-color-4)","background-image":"","background-repeat":"repeat","background-position":"center center","background-size":"auto","background-attachment":"scroll","background-type":"","background-media":"","overlay-type":"","overlay-color":"","overlay-opacity":"","overlay-gradient":""},"tablet":{"background-color":"","background-image":"","background-repeat":"repeat","background-position":"center center","background-size":"auto","background-attachment":"scroll","background-type":"","background-media":"","overlay-type":"","overlay-color":"","overlay-opacity":"","overlay-gradient":""},"mobile":{"background-color":"","background-image":"","background-repeat":"repeat","background-position":"center center","background-size":"auto","background-attachment":"scroll","background-type":"","background-media":"","overlay-type":"","overlay-color":"","overlay-opacity":"","overlay-gradient":""}},"ast-content-background-meta":{"desktop":{"background-color":"var(--ast-global-color-5)","background-image":"","background-repeat":"repeat","background-position":"center center","background-size":"auto","background-attachment":"scroll","background-type":"","background-media":"","overlay-type":"","overlay-color":"","overlay-opacity":"","overlay-gradient":""},"tablet":{"background-color":"var(--ast-global-color-5)","background-image":"","background-repeat":"repeat","background-position":"center center","background-size":"auto","background-attachment":"scroll","background-type":"","background-media":"","overlay-type":"","overlay-color":"","overlay-opacity":"","overlay-gradient":""},"mobile":{"background-color":"var(--ast-global-color-5)","background-image":"","background-repeat":"repeat","background-position":"center center","background-size":"auto","background-attachment":"scroll","background-type":"","background-media":"","overlay-type":"","overlay-color":"","overlay-opacity":"","overlay-gradient":""}},"footnotes":""},"class_list":["post-13513","page","type-page","status-publish","hentry"],"post_mailing_queue_ids":[],"_links":{"self":[{"href":"https:\/\/serveiseducatius.xtec.cat\/santadria\/wp-json\/wp\/v2\/pages\/13513","targetHints":{"allow":["GET"]}}],"collection":[{"href":"https:\/\/serveiseducatius.xtec.cat\/santadria\/wp-json\/wp\/v2\/pages"}],"about":[{"href":"https:\/\/serveiseducatius.xtec.cat\/santadria\/wp-json\/wp\/v2\/types\/page"}],"author":[{"embeddable":true,"href":"https:\/\/serveiseducatius.xtec.cat\/santadria\/wp-json\/wp\/v2\/users\/5"}],"replies":[{"embeddable":true,"href":"https:\/\/serveiseducatius.xtec.cat\/santadria\/wp-json\/wp\/v2\/comments?post=13513"}],"version-history":[{"count":3,"href":"https:\/\/serveiseducatius.xtec.cat\/santadria\/wp-json\/wp\/v2\/pages\/13513\/revisions"}],"predecessor-version":[{"id":13652,"href":"https:\/\/serveiseducatius.xtec.cat\/santadria\/wp-json\/wp\/v2\/pages\/13513\/revisions\/13652"}],"up":[{"embeddable":true,"href":"https:\/\/serveiseducatius.xtec.cat\/santadria\/wp-json\/wp\/v2\/pages\/13999"}],"wp:attachment":[{"href":"https:\/\/serveiseducatius.xtec.cat\/santadria\/wp-json\/wp\/v2\/media?parent=13513"}],"curies":[{"name":"wp","href":"https:\/\/api.w.org\/{rel}","templated":true}]}}