{"id":13349,"date":"2022-02-02T12:46:40","date_gmt":"2022-02-02T11:46:40","guid":{"rendered":"https:\/\/serveiseducatius.xtec.cat\/santadria\/?page_id=13349"},"modified":"2025-04-24T17:45:52","modified_gmt":"2025-04-24T15:45:52","slug":"proves-diagnostiques-4t-deso","status":"publish","type":"page","link":"https:\/\/serveiseducatius.xtec.cat\/santadria\/proves-diagnostiques-4t-deso\/","title":{"rendered":"Proves diagn\u00f2stiques 4t d&#8217;ESO"},"content":{"rendered":"\n<p><a href=\"https:\/\/dogc.gencat.cat\/ca\/document-del-dogc\/?documentId=973087\">Resoluci\u00f3 <\/a><a href=\"https:\/\/dogc.gencat.cat\/ca\/document-del-dogc\/?documentId=1004468\">EDF\/82\/2025<\/a><a href=\"https:\/\/dogc.gencat.cat\/ca\/document-del-dogc\/?documentId=973087\">, de 15 de gener.<\/a><\/p>\n\n\n\n<hr class=\"wp-block-separator has-alpha-channel-opacity\"\/>\n\n\n\n<h5 class=\"wp-block-heading\">Calendari de les proves. Curs 2024-2025<\/h5>\n\n\n\n<figure class=\"wp-block-table\"><table><tbody><tr><td><strong>Dijous dia 10 d&#8217;abril de 2025<\/strong>\n<ul>\n<li dir=\"ltr\">9:00 a 10:00 Llengua Castellana<\/li>\n<li dir=\"ltr\">10:00 a 11:00 Matem\u00e0tiques<\/li>\n<li dir=\"ltr\">11:00 a 11:30 Descans<\/li>\n<li dir=\"ltr\">11:30 a 12:30 Llengua catalana<\/li>\n<\/ul>\n<\/td><td>\n<p dir=\"ltr\"><strong>Divendres dia 11 d&#8217;abril de 2025<\/strong><\/p>\n<ul>\n<li dir=\"ltr\">9:00 a 10:00 Cient\u00edficotecnol\u00f2gic<\/li>\n<li dir=\"ltr\">10:00 a 11:15 Llengua estrangera<\/li>\n<\/ul>\n<\/td><\/tr><\/tbody><\/table><\/figure>\n\n\n\n<ul class=\"wp-block-list\">\n<li><a href=\"https:\/\/serveiseducatius.xtec.cat\/santadria\/wp-content\/uploads\/usu1189\/2025\/02\/GuiaA4S_2024_2025.V4.1.pdf\">Guia d&#8217;aplicaci\u00f3 de les proves<\/a><\/li>\n\n\n\n<li>Acc\u00e9s al material de les proves:<\/li>\n<\/ul>\n\n\n\n<p>Dia 1:<\/p>\n\n\n\n<figure class=\"wp-block-table\"><table><tbody><tr><td>Catal\u00e0<\/td><td>Castell\u00e0<\/td><td class=\"has-text-align-center\" data-align=\"center\">Matem\u00e0tiques<\/td><\/tr><tr><td><ul><li><a href=\"https:\/\/serveiseducatius.xtec.cat\/santadria\/wp-content\/uploads\/usu1189\/2025\/04\/a4s-25-cat.pdf\">Quadern<\/a><\/li><li><a href=\"https:\/\/serveiseducatius.xtec.cat\/santadria\/wp-content\/uploads\/usu1189\/2025\/04\/FR-A4S2025-cat.pdf\">Full de respostes<\/a><\/li><\/ul><\/td><td><ul><li><a href=\"https:\/\/serveiseducatius.xtec.cat\/santadria\/wp-content\/uploads\/usu1189\/2025\/04\/a4s-25-cas.pdf\">Quadern<\/a><\/li><li><a href=\"https:\/\/serveiseducatius.xtec.cat\/santadria\/wp-content\/uploads\/usu1189\/2025\/04\/fr-a4s2025-cas.pdf\">Full de respostes<\/a><\/li><\/ul><\/td><td class=\"has-text-align-center\" data-align=\"center\"><ul><li><a href=\"https:\/\/serveiseducatius.xtec.cat\/santadria\/wp-content\/uploads\/usu1189\/2025\/04\/A4S-25-MAT.pdf\">Quadern<\/a><\/li><li><a href=\"https:\/\/serveiseducatius.xtec.cat\/santadria\/wp-content\/uploads\/usu1189\/2025\/04\/FR-A4S2025-mat.pdf\">Full de respostes<\/a><\/li><\/ul><\/td><\/tr><\/tbody><\/table><\/figure>\n\n\n\n<p>Dia 2:<\/p>\n\n\n\n<figure class=\"wp-block-table\"><table><tbody><tr><td>Angl\u00e8s<\/td><td>Ci\u00e8ncia, tecnologia i enginyeria<\/td><\/tr><tr><td><ul><li><a href=\"https:\/\/serveiseducatius.xtec.cat\/santadria\/wp-content\/uploads\/usu1189\/2025\/04\/A4S-25-ANG.pdf\">Quadern<\/a><\/li><\/ul><ul><li><a href=\"https:\/\/serveiseducatius.xtec.cat\/santadria\/wp-content\/uploads\/usu1189\/2025\/04\/FR-A4S2025-ANG.pdf\">Full de respostes<\/a><\/li><\/ul><ul><li><a href=\"https:\/\/drive.google.com\/file\/d\/1myqgnre_RNpV6PN-FOjGyrDcseK4oPCr\/view?usp=sharing\">\u00c0udio<\/a><\/li><\/ul><\/td><td><ul><li><a href=\"https:\/\/serveiseducatius.xtec.cat\/santadria\/wp-content\/uploads\/usu1189\/2025\/04\/A4S-25-CTE.pdf\">Quadern<\/a><\/li><\/ul><ul><li><a href=\"https:\/\/serveiseducatius.xtec.cat\/santadria\/wp-content\/uploads\/usu1189\/2025\/04\/FR-A4S2025-CTE.pdf\">Full de respostes<\/a><\/li><\/ul><\/td><\/tr><\/tbody><\/table><\/figure>\n\n\n\n<hr class=\"wp-block-separator has-alpha-channel-opacity\"\/>\n\n\n\n<ul class=\"wp-block-list\">\n<li><strong><a href=\"https:\/\/aplicacions.gestioeducativa.gencat.cat\/pls\/apex\/f?p=A4S\">Acc\u00e9s a l&#8217;aplicatiu de les proves.<\/a><\/strong><\/li>\n\n\n\n<li><a href=\"https:\/\/docs.google.com\/document\/d\/1mXhO99fQOHjQZ1RLIG3yHjXVCbhflBB_MEYndWjaZGI\/edit?usp=sharing\">Acta Aplicacio\u0301 BNS03<\/a> (no editable, cal descarregar-la en PDF i emplenar-la a m\u00e0)<\/li>\n\n\n\n<li>Criteris de correcci\u00f3 (disponibles un cop comenci la correcci\u00f3 de les proves)<\/li>\n<\/ul>\n\n\n\n<hr class=\"wp-block-separator has-alpha-channel-opacity\"\/>\n\n\n\n<h5 class=\"wp-block-heading\">Documentaci\u00f3 p\u00fablica<\/h5>\n\n\n\n<div>\n<p>Recull d&#8217;informaci\u00f3 p\u00fablica i d&#8217;inter\u00e8s per a tots els participants en l&#8217;avaluaci\u00f3 de compet\u00e8ncies b\u00e0siques.<\/p>\n<ul style=\"font-weight: 400;\">\n<li>Els manuals de l&#8217;aplicaci\u00f3 inform\u00e0tica per a les comissions es poden baixar directament de la secci\u00f3 d&#8217;avisos de <a href=\"https:\/\/aplicacions.gestioeducativa.gencat.cat\/pls\/apex\/f?p=A4S\" data-saferedirecturl=\"https:\/\/www.google.com\/url?q=https:\/\/aplicacions.gestioeducativa.gencat.cat\/pls\/apex\/f?p%3DA4S&amp;source=gmail&amp;ust=1677061159073000&amp;usg=AOvVaw0QOQiWpOwCHlsc2cViGmkf\">l&#8217;aplicaci\u00f3 inform\u00e0tica A4S.<\/a><\/li>\n<li>Informaci\u00f3 en l\u00ednia per a aplicadors:\u00a0<a href=\"http:\/\/consaval.cat\/aplicadors\" data-saferedirecturl=\"https:\/\/www.google.com\/url?q=http:\/\/consaval.cat\/aplicadors&amp;source=gmail&amp;ust=1677061159073000&amp;usg=AOvVaw3JqklyALYTO1RE7HMnVqF1\">http:\/\/consaval.cat\/aplicadors<\/a><\/li>\n<li>Informaci\u00f3 en l\u00ednia per a correctors:<a href=\"http:\/\/consaval.cat\/correctorsA4S\" data-saferedirecturl=\"https:\/\/www.google.com\/url?q=http:\/\/consaval.cat\/correctorsA4S&amp;source=gmail&amp;ust=1677061159073000&amp;usg=AOvVaw2r2jec19ht9QyED3pPsOyS\">\u00a0http:\/\/consaval.cat\/correctorsA4S<\/a><\/li>\n<li><a href=\"https:\/\/serveiseducatius.xtec.cat\/santadria\/wp-content\/uploads\/usu1189\/2025\/04\/pf-4t-eso-1-4.pdf\">Preguntes m\u00e9s freq\u00fcents sobre la correcci\u00f3<\/a><\/li>\n<li><a href=\"https:\/\/www2.complet.es\/engine\/L170062RBZC48124435?id=1291622072983619976\" data-saferedirecturl=\"https:\/\/www2.complet.es\/engine\/L170062RBZC48124435?id=1291622072983619976\">Demostraci\u00f3 de la plataforma web de correcci\u00f3<\/a><\/li>\n<\/ul>\n<table style=\"font-weight: 400; width: 100%; height: 92px;\">\n<tbody>\n<tr style=\"height: 23px;\">\n<td style=\"height: 23px;\" width=\"131\"><strong>Compet\u00e8ncia<\/strong><\/td>\n<td style=\"height: 23px;\" width=\"57\"><strong>Usuari<\/strong><\/td>\n<td style=\"height: 23px;\" width=\"85\"><strong>Contrasenya<\/strong><\/td>\n<\/tr>\n<tr style=\"height: 23px;\">\n<td style=\"height: 23px;\" width=\"131\">Catal\u00e0<\/td>\n<td style=\"height: 23px;\" width=\"57\">dCAT<\/td>\n<td style=\"height: 23px;\" width=\"85\">dCAT<\/td>\n<\/tr>\n<tr style=\"height: 23px;\">\n<td style=\"height: 23px;\" width=\"131\">Castell\u00e0<\/td>\n<td style=\"height: 23px;\" width=\"57\">dCAS<\/td>\n<td style=\"height: 23px;\" width=\"85\">dCAS<\/td>\n<\/tr>\n<tr style=\"height: 23px;\">\n<td style=\"height: 23px;\" width=\"131\">Angl\u00e8s<\/td>\n<td style=\"height: 23px;\" width=\"57\">dANG<\/td>\n<td style=\"height: 23px;\" width=\"85\">dANG<\/td>\n<\/tr>\n<\/tbody>\n<\/table>\n<ul style=\"font-weight: 400;\">\n<li>Repositori de documentaci\u00f3 del Consell Superior d&#8217;Avaluaci\u00f3\u00a0<a href=\"http:\/\/docs.consaval.cat.\/\" data-saferedirecturl=\"https:\/\/www.google.com\/url?q=http:\/\/docs.consaval.cat.\/&amp;source=gmail&amp;ust=1677061159073000&amp;usg=AOvVaw2sSK7CRbptapaZdUFNg6Dw\">http:\/\/docs.consaval.cat.<\/a><br \/>(Recordeu que per accedir a la documentaci\u00f3 privada del repositori, cal iniciar sessi\u00f3 fent servir el DNI com nom d&#8217;usuari i el correu electr\u00f2nic complet com a contrasenya)<\/li>\n<li>Espai\u00a0<a href=\"https:\/\/odissea.xtec.cat\/course\/index.php?categoryid=8581\" data-saferedirecturl=\"https:\/\/www.google.com\/url?q=https:\/\/odissea.xtec.cat\/course\/index.php?categoryid%3D8581&amp;source=gmail&amp;ust=1677061159073000&amp;usg=AOvVaw3wk0dQ6dkW8gEdMFhFe7Ep\">Odissea del CSASE<\/a>.<\/li>\n<\/ul>\n<\/div>\n\n\n\n<hr class=\"wp-block-separator has-alpha-channel-opacity\"\/>\n\n\n\n<ul class=\"wp-block-list\">\n<li>Consultes sobre l\u2019aplicaci\u00f3 inform\u00e0tica, llistes d\u2019alumnat o incid\u00e8ncies diverses:\n<ul class=\"wp-block-list\">\n<li>Servei d\u2019Atenci\u00f3 Unificada: <a href=\"mailto:sau.ensenyament@gencat.cat\" target=\"_blank\" rel=\"noopener noreferrer\">sau.tic<span class=\"\">@<\/span>gencat.cat<\/a>&nbsp;o b\u00e9 al tel\u00e8fon 900 82 82 82.<\/li>\n<\/ul>\n<\/li>\n\n\n\n<li>Incid\u00e8ncies sorgides durant el proc\u00e9s d\u2019aplicaci\u00f3 de les proves:\n<ul class=\"wp-block-list\">\n<li>Consell Superior d\u2019Avaluaci\u00f3 del Sistema Educatiu: <a href=\"mailto:avaluacio_finaletapa_4s.educacio@gencat.cat\"><span class=\"gI\"><span class=\"qu\" tabindex=\"-1\" role=\"gridcell\" translate=\"no\"><span class=\"go\">avaluacio_finaletapa_4s.educacio@gencat.cat<\/span><\/span><\/span><\/a><\/li>\n<\/ul>\n<\/li>\n\n\n\n<li>Contacte per altres q\u00fcestions:&nbsp;<a href=\"mailto:consell_sup_aval.educacio@gencat.cat\" target=\"_blank\" rel=\"noopener noreferrer\">consell_sup_aval.educacio@gencat.cat<\/a><\/li>\n<\/ul>\n","protected":false},"excerpt":{"rendered":"<p>Resoluci\u00f3 EDF\/82\/2025, de 15 de gener. Calendari de les proves. Curs 2024-2025 Dijous dia 10 d&#8217;abril de 2025 9:00 a [&hellip;]<\/p>\n","protected":false},"author":5,"featured_media":0,"parent":0,"menu_order":0,"comment_status":"closed","ping_status":"closed","template":"","meta":{"_bbp_topic_count":0,"_bbp_reply_count":0,"_bbp_total_topic_count":0,"_bbp_total_reply_count":0,"_bbp_voice_count":0,"_bbp_anonymous_reply_count":0,"_bbp_topic_count_hidden":0,"_bbp_reply_count_hidden":0,"_bbp_forum_subforum_count":0,"site-sidebar-layout":"default","site-content-layout":"","ast-site-content-layout":"default","site-content-style":"default","site-sidebar-style":"default","ast-global-header-display":"","ast-banner-title-visibility":"","ast-main-header-display":"","ast-hfb-above-header-display":"","ast-hfb-below-header-display":"","ast-hfb-mobile-header-display":"","site-post-title":"","ast-breadcrumbs-content":"","ast-featured-img":"","footer-sml-layout":"","theme-transparent-header-meta":"","adv-header-id-meta":"","stick-header-meta":"","header-above-stick-meta":"","header-main-stick-meta":"","header-below-stick-meta":"","astra-migrate-meta-layouts":"set","ast-page-background-enabled":"default","ast-page-background-meta":{"desktop":{"background-color":"var(--ast-global-color-4)","background-image":"","background-repeat":"repeat","background-position":"center center","background-size":"auto","background-attachment":"scroll","background-type":"","background-media":"","overlay-type":"","overlay-color":"","overlay-opacity":"","overlay-gradient":""},"tablet":{"background-color":"","background-image":"","background-repeat":"repeat","background-position":"center center","background-size":"auto","background-attachment":"scroll","background-type":"","background-media":"","overlay-type":"","overlay-color":"","overlay-opacity":"","overlay-gradient":""},"mobile":{"background-color":"","background-image":"","background-repeat":"repeat","background-position":"center center","background-size":"auto","background-attachment":"scroll","background-type":"","background-media":"","overlay-type":"","overlay-color":"","overlay-opacity":"","overlay-gradient":""}},"ast-content-background-meta":{"desktop":{"background-color":"var(--ast-global-color-5)","background-image":"","background-repeat":"repeat","background-position":"center center","background-size":"auto","background-attachment":"scroll","background-type":"","background-media":"","overlay-type":"","overlay-color":"","overlay-opacity":"","overlay-gradient":""},"tablet":{"background-color":"var(--ast-global-color-5)","background-image":"","background-repeat":"repeat","background-position":"center center","background-size":"auto","background-attachment":"scroll","background-type":"","background-media":"","overlay-type":"","overlay-color":"","overlay-opacity":"","overlay-gradient":""},"mobile":{"background-color":"var(--ast-global-color-5)","background-image":"","background-repeat":"repeat","background-position":"center center","background-size":"auto","background-attachment":"scroll","background-type":"","background-media":"","overlay-type":"","overlay-color":"","overlay-opacity":"","overlay-gradient":""}},"footnotes":""},"class_list":["post-13349","page","type-page","status-publish","hentry"],"post_mailing_queue_ids":[],"_links":{"self":[{"href":"https:\/\/serveiseducatius.xtec.cat\/santadria\/wp-json\/wp\/v2\/pages\/13349","targetHints":{"allow":["GET"]}}],"collection":[{"href":"https:\/\/serveiseducatius.xtec.cat\/santadria\/wp-json\/wp\/v2\/pages"}],"about":[{"href":"https:\/\/serveiseducatius.xtec.cat\/santadria\/wp-json\/wp\/v2\/types\/page"}],"author":[{"embeddable":true,"href":"https:\/\/serveiseducatius.xtec.cat\/santadria\/wp-json\/wp\/v2\/users\/5"}],"replies":[{"embeddable":true,"href":"https:\/\/serveiseducatius.xtec.cat\/santadria\/wp-json\/wp\/v2\/comments?post=13349"}],"version-history":[{"count":6,"href":"https:\/\/serveiseducatius.xtec.cat\/santadria\/wp-json\/wp\/v2\/pages\/13349\/revisions"}],"predecessor-version":[{"id":16799,"href":"https:\/\/serveiseducatius.xtec.cat\/santadria\/wp-json\/wp\/v2\/pages\/13349\/revisions\/16799"}],"wp:attachment":[{"href":"https:\/\/serveiseducatius.xtec.cat\/santadria\/wp-json\/wp\/v2\/media?parent=13349"}],"curies":[{"name":"wp","href":"https:\/\/api.w.org\/{rel}","templated":true}]}}