{"id":1314,"date":"2016-03-15T10:23:40","date_gmt":"2016-03-15T09:23:40","guid":{"rendered":"http:\/\/serveiseducatius.xtec.cat\/santadria\/?page_id=1314"},"modified":"2022-05-03T16:46:50","modified_gmt":"2022-05-03T14:46:50","slug":"calendari-pfz","status":"publish","type":"page","link":"https:\/\/serveiseducatius.xtec.cat\/santadria\/formacio\/calendari-pfz\/","title":{"rendered":"Calendari PFZ"},"content":{"rendered":"<p>&nbsp;<\/p>\n<h4>Calendari<\/h4>\n<table class=\"table\" style=\"width: 722px;\">\n<tbody>\n<tr>\n<td style=\"width: 564px;\"><b>Proc\u00e9s<\/b><\/td>\n<td style=\"width: 74px;\"><b>Inici<\/b><\/td>\n<td style=\"width: 74px;\"><b>Fi<\/b><\/td>\n<\/tr>\n<tr>\n<td style=\"width: 564px;\">Detecci\u00f3 de necessitats<\/td>\n<td style=\"width: 74px;\">abril<\/td>\n<td style=\"width: 74px;\">maig<\/td>\n<\/tr>\n<tr>\n<td style=\"width: 564px;\">Comissi\u00f3 PFZ de Sant Adri\u00e0:\u00a0Valoraci\u00f3 i aprovaci\u00f3\u00a0de les demandes rebudes<\/td>\n<td style=\"width: 74px;\"><\/td>\n<td style=\"width: 74px;\">juny<\/td>\n<\/tr>\n<tr>\n<td style=\"width: 564px;\">Aprovaci\u00f3\u00a0de la proposta global pel Comit\u00e8 de Formaci\u00f3 del Departament<\/td>\n<td style=\"width: 74px;\"><\/td>\n<td style=\"width: 74px;\">juny<\/td>\n<\/tr>\n<tr>\n<td style=\"width: 564px;\">Publicaci\u00f3\u00a0de les activitats aprovades<\/td>\n<td style=\"width: 74px;\"><\/td>\n<td style=\"width: 74px;\">juliol<\/td>\n<\/tr>\n<tr>\n<td style=\"width: 564px;\">Inscripci\u00f3\u00a0del professorat a les activitats<\/td>\n<td style=\"width: 74px;\">setembre<\/td>\n<td style=\"width: 74px;\"><\/td>\n<\/tr>\n<\/tbody>\n<\/table>\n<p><strong>Inscripcions<\/strong><\/p>\n<p>La inscripci\u00f3 a les activitats de l&#8217;oferta general es realitzar\u00e0 en dos torns, un primer torn al setembre i un segon torn al gener. Al maig s&#8217;obre un altre per\u00edode d&#8217;inscripci\u00f3 per a la formaci\u00f3 d&#8217;estiu. M\u00e9s informaci\u00f3 de l&#8217;<a href=\"http:\/\/xtec.gencat.cat\/ca\/formacio\/info-general\/oferta-formativa\/\" target=\"_blank\" rel=\"noopener\">oferta formativa i per\u00edodes d&#8217;inscripci\u00f3<\/a>.<\/p>\n","protected":false},"excerpt":{"rendered":"<p>&nbsp; Calendari Proc\u00e9s Inici Fi Detecci\u00f3 de necessitats abril maig Comissi\u00f3 PFZ de Sant Adri\u00e0:\u00a0Valoraci\u00f3 i aprovaci\u00f3\u00a0de les demandes rebudes [&hellip;]<\/p>\n","protected":false},"author":1,"featured_media":0,"parent":416,"menu_order":0,"comment_status":"closed","ping_status":"closed","template":"","meta":{"_bbp_topic_count":0,"_bbp_reply_count":0,"_bbp_total_topic_count":0,"_bbp_total_reply_count":0,"_bbp_voice_count":0,"_bbp_anonymous_reply_count":0,"_bbp_topic_count_hidden":0,"_bbp_reply_count_hidden":0,"_bbp_forum_subforum_count":0,"site-sidebar-layout":"default","site-content-layout":"","ast-site-content-layout":"","site-content-style":"default","site-sidebar-style":"default","ast-global-header-display":"","ast-banner-title-visibility":"","ast-main-header-display":"","ast-hfb-above-header-display":"","ast-hfb-below-header-display":"","ast-hfb-mobile-header-display":"","site-post-title":"","ast-breadcrumbs-content":"","ast-featured-img":"","footer-sml-layout":"","theme-transparent-header-meta":"","adv-header-id-meta":"","stick-header-meta":"","header-above-stick-meta":"","header-main-stick-meta":"","header-below-stick-meta":"","astra-migrate-meta-layouts":"default","ast-page-background-enabled":"default","ast-page-background-meta":{"desktop":{"background-color":"var(--ast-global-color-4)","background-image":"","background-repeat":"repeat","background-position":"center center","background-size":"auto","background-attachment":"scroll","background-type":"","background-media":"","overlay-type":"","overlay-color":"","overlay-opacity":"","overlay-gradient":""},"tablet":{"background-color":"","background-image":"","background-repeat":"repeat","background-position":"center center","background-size":"auto","background-attachment":"scroll","background-type":"","background-media":"","overlay-type":"","overlay-color":"","overlay-opacity":"","overlay-gradient":""},"mobile":{"background-color":"","background-image":"","background-repeat":"repeat","background-position":"center center","background-size":"auto","background-attachment":"scroll","background-type":"","background-media":"","overlay-type":"","overlay-color":"","overlay-opacity":"","overlay-gradient":""}},"ast-content-background-meta":{"desktop":{"background-color":"var(--ast-global-color-5)","background-image":"","background-repeat":"repeat","background-position":"center center","background-size":"auto","background-attachment":"scroll","background-type":"","background-media":"","overlay-type":"","overlay-color":"","overlay-opacity":"","overlay-gradient":""},"tablet":{"background-color":"var(--ast-global-color-5)","background-image":"","background-repeat":"repeat","background-position":"center center","background-size":"auto","background-attachment":"scroll","background-type":"","background-media":"","overlay-type":"","overlay-color":"","overlay-opacity":"","overlay-gradient":""},"mobile":{"background-color":"var(--ast-global-color-5)","background-image":"","background-repeat":"repeat","background-position":"center center","background-size":"auto","background-attachment":"scroll","background-type":"","background-media":"","overlay-type":"","overlay-color":"","overlay-opacity":"","overlay-gradient":""}},"footnotes":""},"class_list":["post-1314","page","type-page","status-publish","hentry"],"post_mailing_queue_ids":[],"_links":{"self":[{"href":"https:\/\/serveiseducatius.xtec.cat\/santadria\/wp-json\/wp\/v2\/pages\/1314","targetHints":{"allow":["GET"]}}],"collection":[{"href":"https:\/\/serveiseducatius.xtec.cat\/santadria\/wp-json\/wp\/v2\/pages"}],"about":[{"href":"https:\/\/serveiseducatius.xtec.cat\/santadria\/wp-json\/wp\/v2\/types\/page"}],"author":[{"embeddable":true,"href":"https:\/\/serveiseducatius.xtec.cat\/santadria\/wp-json\/wp\/v2\/users\/1"}],"replies":[{"embeddable":true,"href":"https:\/\/serveiseducatius.xtec.cat\/santadria\/wp-json\/wp\/v2\/comments?post=1314"}],"version-history":[{"count":3,"href":"https:\/\/serveiseducatius.xtec.cat\/santadria\/wp-json\/wp\/v2\/pages\/1314\/revisions"}],"predecessor-version":[{"id":13633,"href":"https:\/\/serveiseducatius.xtec.cat\/santadria\/wp-json\/wp\/v2\/pages\/1314\/revisions\/13633"}],"up":[{"embeddable":true,"href":"https:\/\/serveiseducatius.xtec.cat\/santadria\/wp-json\/wp\/v2\/pages\/416"}],"wp:attachment":[{"href":"https:\/\/serveiseducatius.xtec.cat\/santadria\/wp-json\/wp\/v2\/media?parent=1314"}],"curies":[{"name":"wp","href":"https:\/\/api.w.org\/{rel}","templated":true}]}}