{"id":9680,"date":"2017-09-05T10:41:30","date_gmt":"2017-09-05T08:41:30","guid":{"rendered":"http:\/\/serveiseducatius.xtec.cat\/santacolomag\/?page_id=9680"},"modified":"2017-11-07T11:21:50","modified_gmt":"2017-11-07T10:21:50","slug":"lego-education-mindstorm-ev3","status":"publish","type":"page","link":"https:\/\/serveiseducatius.xtec.cat\/santacolomag\/lego-education-mindstorm-ev3\/","title":{"rendered":"Lego Education Mindstorm EV3"},"content":{"rendered":"<div class=\"entry-content\">\n<p><img loading=\"lazy\" decoding=\"async\" class=\"alignleft\" src=\"https:\/\/le-www-live-s.legocdn.com\/images\/423923\/live\/sc\/Products\/5003400\/5003400_1050x1050_1_xx-xx\/63feb014132ef703a7e6d2c600b1d52d\/2d9e36d3-afaf-4203-aa23-a58d00d7ca07\/original\/2d9e36d3-afaf-4203-aa23-a58d00d7ca07.jpg\" width=\"353\" height=\"354\" \/><\/p>\n<p>Maleta formada per dues unitats del robot LEGO Education Mindstorm EV3 amb la qual ens proposem que l&#8217;alumnat del cicle superior de Prim\u00e0ria i d&#8217;ESO construeixi fins a 17 model de robots, els programi per executar, en funci\u00f3 de fins a 4 sensors, diferents accions i comparteixi amb la resta de la comunitat d&#8217;usuaris els seus aven\u00e7os.<\/p>\n<p><strong>Material incl\u00f2s a cada unitat*<\/strong><\/p>\n<ul>\n<li>El <em>brick<\/em> programable EV3<\/li>\n<li>Sensor de color<\/li>\n<li>Sensor t\u00e0ctil<\/li>\n<li>Sensor d&#8217;infrarojos<\/li>\n<li>Comandament d&#8217;infrarojos<\/li>\n<li>Dos motors grans<\/li>\n<li>Motor petit<\/li>\n<li>Peces de construcci\u00f3<\/li>\n<li>Un carregador LEGO EV3 (nom\u00e9s un per a les dues unitats)<\/li>\n<\/ul>\n<p>&nbsp;<\/p>\n<p><strong>Requisits de maquinari i programari necessaris per a la instal\u00b7laci\u00f3 del programari LEGO\u00ae MINDSTORMS\u00ae EV3 Home Edition:<\/strong><\/p>\n<ul>\n<li>Windows Vista (32\/64 bits)\u00a0 o versions posteriors de Windows<\/li>\n<li>Processador Dual Core a 2,0 GHz o superior.<\/li>\n<li>2 GB o m\u00e9s de mem\u00f2ria RAM.<\/li>\n<li>2 GB d&#8217;espai disponible al disc dur.<\/li>\n<li>Pantalla XGA (1024 x 768).<\/li>\n<li>1 port USB disponible.<\/li>\n<\/ul>\n<p>Existeixen tamb\u00e9 unes apps gratu\u00eftes <strong>Robot Comander <\/strong>i<strong> EV3 programmer,<\/strong> disponibles per a android 2.4 o superiors i iOS 9.3 o superiors, que permeten controlar i programar per bluetooth el <em>brick<\/em> EV3 sense cap connexi\u00f3 a l&#8217;ordinador.<\/p>\n<p><strong>Guies, tutorials i recursos:<\/strong><\/p>\n<ul>\n<li><a href=\"https:\/\/www.lego.com\/es-es\/mindstorms?ignorereferer=true\">P\u00e0gina oficial de LEGO MINDSTORMS EV3<\/a><\/li>\n<li><a href=\"https:\/\/www.youtube.com\/channel\/UCm5LnQhKAJoGKtCFytVngQQ\">Tutorials a youtube sobre MINDSTORMS EV3<\/a><\/li>\n<\/ul>\n<p>&nbsp;<\/p>\n<p>Per consultes sobre la maleta de dues unitats Lego Education Mindstorm EV3 podeu posar-vos en contacte amb el CRP telef\u00f2nicament (934680958) o per correu electr\u00f2nic (a8930012@xtec.cat). Per sol\u00b7licitar-ne el pr\u00e9stec cal que feu servir <a href=\"https:\/\/docs.google.com\/forms\/d\/e\/1FAIpQLSfFP8duXV0laMJ3qjh_VI92oCMgbvEf7X-LH08ohYCPJK61EA\/viewform?usp=sf_link\">el formulari de demanda<\/a> tenint en compte que tindran prefer\u00e8ncia d&#8217;assignaci\u00f3 els centres amb professorat que hagi assistit al taller de rob\u00f2tica educativa que organitza aquest centre de recursos.<\/p>\n<\/div>\n","protected":false},"excerpt":{"rendered":"<p>Maleta formada per dues unitats del robot LEGO Education Mindstorm EV3 amb la qual ens proposem que l&#8217;alumnat del cicle [&hellip;]<\/p>\n","protected":false},"author":7,"featured_media":0,"parent":0,"menu_order":0,"comment_status":"closed","ping_status":"closed","template":"","meta":{"_bbp_topic_count":0,"_bbp_reply_count":0,"_bbp_total_topic_count":0,"_bbp_total_reply_count":0,"_bbp_voice_count":0,"_bbp_anonymous_reply_count":0,"_bbp_topic_count_hidden":0,"_bbp_reply_count_hidden":0,"_bbp_forum_subforum_count":0,"site-sidebar-layout":"default","site-content-layout":"","ast-site-content-layout":"","site-content-style":"default","site-sidebar-style":"default","ast-global-header-display":"","ast-banner-title-visibility":"","ast-main-header-display":"","ast-hfb-above-header-display":"","ast-hfb-below-header-display":"","ast-hfb-mobile-header-display":"","site-post-title":"","ast-breadcrumbs-content":"","ast-featured-img":"","footer-sml-layout":"","theme-transparent-header-meta":"","adv-header-id-meta":"","stick-header-meta":"","header-above-stick-meta":"","header-main-stick-meta":"","header-below-stick-meta":"","astra-migrate-meta-layouts":"default","ast-page-background-enabled":"default","ast-page-background-meta":{"desktop":{"background-color":"var(--ast-global-color-4)","background-image":"","background-repeat":"repeat","background-position":"center center","background-size":"auto","background-attachment":"scroll","background-type":"","background-media":"","overlay-type":"","overlay-color":"","overlay-opacity":"","overlay-gradient":""},"tablet":{"background-color":"","background-image":"","background-repeat":"repeat","background-position":"center center","background-size":"auto","background-attachment":"scroll","background-type":"","background-media":"","overlay-type":"","overlay-color":"","overlay-opacity":"","overlay-gradient":""},"mobile":{"background-color":"","background-image":"","background-repeat":"repeat","background-position":"center center","background-size":"auto","background-attachment":"scroll","background-type":"","background-media":"","overlay-type":"","overlay-color":"","overlay-opacity":"","overlay-gradient":""}},"ast-content-background-meta":{"desktop":{"background-color":"var(--ast-global-color-5)","background-image":"","background-repeat":"repeat","background-position":"center center","background-size":"auto","background-attachment":"scroll","background-type":"","background-media":"","overlay-type":"","overlay-color":"","overlay-opacity":"","overlay-gradient":""},"tablet":{"background-color":"var(--ast-global-color-5)","background-image":"","background-repeat":"repeat","background-position":"center center","background-size":"auto","background-attachment":"scroll","background-type":"","background-media":"","overlay-type":"","overlay-color":"","overlay-opacity":"","overlay-gradient":""},"mobile":{"background-color":"var(--ast-global-color-5)","background-image":"","background-repeat":"repeat","background-position":"center center","background-size":"auto","background-attachment":"scroll","background-type":"","background-media":"","overlay-type":"","overlay-color":"","overlay-opacity":"","overlay-gradient":""}},"footnotes":""},"class_list":["post-9680","page","type-page","status-publish","hentry"],"post_mailing_queue_ids":[],"_links":{"self":[{"href":"https:\/\/serveiseducatius.xtec.cat\/santacolomag\/wp-json\/wp\/v2\/pages\/9680","targetHints":{"allow":["GET"]}}],"collection":[{"href":"https:\/\/serveiseducatius.xtec.cat\/santacolomag\/wp-json\/wp\/v2\/pages"}],"about":[{"href":"https:\/\/serveiseducatius.xtec.cat\/santacolomag\/wp-json\/wp\/v2\/types\/page"}],"author":[{"embeddable":true,"href":"https:\/\/serveiseducatius.xtec.cat\/santacolomag\/wp-json\/wp\/v2\/users\/7"}],"replies":[{"embeddable":true,"href":"https:\/\/serveiseducatius.xtec.cat\/santacolomag\/wp-json\/wp\/v2\/comments?post=9680"}],"version-history":[{"count":4,"href":"https:\/\/serveiseducatius.xtec.cat\/santacolomag\/wp-json\/wp\/v2\/pages\/9680\/revisions"}],"predecessor-version":[{"id":9936,"href":"https:\/\/serveiseducatius.xtec.cat\/santacolomag\/wp-json\/wp\/v2\/pages\/9680\/revisions\/9936"}],"wp:attachment":[{"href":"https:\/\/serveiseducatius.xtec.cat\/santacolomag\/wp-json\/wp\/v2\/media?parent=9680"}],"curies":[{"name":"wp","href":"https:\/\/api.w.org\/{rel}","templated":true}]}}