{"id":9567,"date":"2017-06-29T10:29:10","date_gmt":"2017-06-29T08:29:10","guid":{"rendered":"http:\/\/serveiseducatius.xtec.cat\/santacolomag\/?page_id=9567"},"modified":"2017-07-06T11:26:10","modified_gmt":"2017-07-06T09:26:10","slug":"materials-de-la-xx-jornada-dintercanvi-dexperiencies","status":"publish","type":"page","link":"https:\/\/serveiseducatius.xtec.cat\/santacolomag\/intercanvi-dexperiencies-pedagogiques\/materials-de-la-xx-jornada-dintercanvi-dexperiencies\/","title":{"rendered":"Materials de la XX Jornada d&#8217;intercanvi d&#8217;experi\u00e8ncies"},"content":{"rendered":"<div>\n<div dir=\"ltr\">\n<div>Santa Coloma de Gramenet. Biblioteca Singuerl\u00edn &#8211; Salvador Cabr\u00e9. Dimarts 27 de juny de 2017<\/div>\n<div><span lang=\"CA\">\u00a0<\/span><\/div>\n<div><span lang=\"CA\">Confer\u00e8ncia inaugural:<\/span><strong>De la &#8220;moda&#8221; de la innovaci\u00f3 a la transformaci\u00f3 de la vida del centre<\/strong>\u00a0(<a href=\"https:\/\/drive.google.com\/open?id=0B7J2wtKTJ0CvU01KLTM3OVhtU1RRSnpxQTlKWGd6UVRPNnM4\">presentaci\u00f3<\/a>)<\/div>\n<div><span lang=\"CA\">A c\u00e0rrec\u00a0<\/span><span lang=\"CA\">de <strong>Juana M Sancho<\/strong>, Catedr\u00e0tica del Departament de Did\u00e0ctica i Organitzaci\u00f3 Educativa de la UB<\/span><\/div>\n<div>\n<hr \/>\n<\/div>\n<div><strong>V\u00eddeos de la Jornada<\/strong><\/div>\n<\/div>\n<div><\/div>\n<div>\n<table style=\"height: 14px;\" width=\"804\">\n<tbody>\n<tr>\n<td style=\"width: 398px;\"><iframe loading=\"lazy\" src=\"\/\/www.youtube.com\/embed\/AiMpaEaNVg4?start=720\" width=\"360\" height=\"215\" frameborder=\"0\" allowfullscreen=\"allowfullscreen\"><\/iframe><\/td>\n<td style=\"width: 398px;\"><iframe loading=\"lazy\" src=\"\/\/www.youtube.com\/embed\/-ua-xOHZ5AY\" width=\"360\" height=\"215\" frameborder=\"0\" allowfullscreen=\"allowfullscreen\"><\/iframe><\/td>\n<\/tr>\n<\/tbody>\n<\/table>\n<\/div>\n<div dir=\"ltr\">\n<div>\n<div><\/div>\n<div>\n<hr \/>\n<\/div>\n<\/div>\n<\/div>\n<\/div>\n<table style=\"width: 804px;\" cellspacing=\"0\">\n<tbody>\n<tr style=\"height: 55px;\">\n<td style=\"width: 802px; vertical-align: top; height: 55px;\" colspan=\"2\">\n<div dir=\"ltr\">\n<p style=\"text-align: center;\"><strong>Experi\u00e8ncies pedag\u00f2giques<\/strong><\/p>\n<\/div>\n<\/td>\n<\/tr>\n<tr style=\"height: 174px;\">\n<td style=\"width: 420px; vertical-align: top; height: 174px;\">\n<p dir=\"ltr\"><strong>Els serveis a la nostra ciutat.<\/strong> Escola Pallaresa<\/p>\n<p>Rosa Codina. Diana Ruiz. Ana del Pino.<\/p>\n<p><a href=\"https:\/\/drive.google.com\/file\/d\/0B7J2wtKTJ0CvYVZraGZkY0JhU3M\/view?usp=sharing\" target=\"_blank\">Presentaci\u00f3<\/a>.<\/p>\n<p><a href=\"https:\/\/www.youtube.com\/watch?v=-ua-xOHZ5AY\">V\u00eddeo<\/a>.<\/td>\n<td style=\"width: 382px; vertical-align: top; height: 174px;\"><strong>MasterChef Emocional<\/strong>. Institut Can Peixauet<span lang=\"CA\"><span lang=\"CA\">\u00a0<\/span><\/span><\/p>\n<p>Teresa Casado. Olga de la Morena<\/p>\n<p><a href=\"https:\/\/drive.google.com\/file\/d\/0B7J2wtKTJ0CvTU1nX1lPN2FDWTg\/view?usp=sharing\" target=\"_blank\">Presentaci\u00f3<\/a>.<\/p>\n<p><a href=\"https:\/\/youtu.be\/-ua-xOHZ5AY?t=2764\">V\u00eddeo<\/a>.<\/td>\n<\/tr>\n<tr style=\"height: 213px;\">\n<td style=\"width: 420px; vertical-align: top; height: 213px;\">\u00a0<strong>Acompanyament i suport a l\u2019alumnat del nostre barri<\/strong>.<\/p>\n<p>Escola Tanit i Institut Terra Roja.<\/p>\n<p>Sandra Memminger. Yolanda Mu\u00f1oz<\/p>\n<p><a href=\"https:\/\/docs.google.com\/presentation\/d\/1rpJlRjnuMOP8RQuHxDlTcAEfUV7bwYUzWG1Job_oF-s\/edit?usp=sharing\" target=\"_blank\">Presentaci\u00f3<\/a>.<\/p>\n<p><a href=\"https:\/\/youtu.be\/-ua-xOHZ5AY?t=1350\">V\u00eddeo<\/a>.<\/td>\n<td style=\"width: 382px; vertical-align: top; height: 213px;\"><strong>Qui cuida a qui? Corresponsabilitzem-nos<\/strong>.<\/p>\n<p>Escola Les Palmeres.<\/p>\n<p><span lang=\"CA\"><span lang=\"CA\">Bibi Vidal. Maria Teresa Roig\u00a0<\/span><\/span><\/p>\n<p><a href=\"http:\/\/blocs.xtec.cat\/xcbprojecte212\" target=\"_blank\">Presentaci\u00f3<\/a>.<\/p>\n<p><a href=\"https:\/\/youtu.be\/-ua-xOHZ5AY?t=4338\">V\u00eddeo<\/a>.<\/td>\n<\/tr>\n<\/tbody>\n<\/table>\n","protected":false},"excerpt":{"rendered":"<p>Santa Coloma de Gramenet. Biblioteca Singuerl\u00edn &#8211; Salvador Cabr\u00e9. Dimarts 27 de juny de 2017 \u00a0 Confer\u00e8ncia inaugural:De la &#8220;moda&#8221; [&hellip;]<\/p>\n","protected":false},"author":7,"featured_media":0,"parent":9547,"menu_order":0,"comment_status":"closed","ping_status":"closed","template":"","meta":{"_bbp_topic_count":0,"_bbp_reply_count":0,"_bbp_total_topic_count":0,"_bbp_total_reply_count":0,"_bbp_voice_count":0,"_bbp_anonymous_reply_count":0,"_bbp_topic_count_hidden":0,"_bbp_reply_count_hidden":0,"_bbp_forum_subforum_count":0,"site-sidebar-layout":"default","site-content-layout":"","ast-site-content-layout":"","site-content-style":"default","site-sidebar-style":"default","ast-global-header-display":"","ast-banner-title-visibility":"","ast-main-header-display":"","ast-hfb-above-header-display":"","ast-hfb-below-header-display":"","ast-hfb-mobile-header-display":"","site-post-title":"","ast-breadcrumbs-content":"","ast-featured-img":"","footer-sml-layout":"","theme-transparent-header-meta":"","adv-header-id-meta":"","stick-header-meta":"","header-above-stick-meta":"","header-main-stick-meta":"","header-below-stick-meta":"","astra-migrate-meta-layouts":"default","ast-page-background-enabled":"default","ast-page-background-meta":{"desktop":{"background-color":"var(--ast-global-color-4)","background-image":"","background-repeat":"repeat","background-position":"center center","background-size":"auto","background-attachment":"scroll","background-type":"","background-media":"","overlay-type":"","overlay-color":"","overlay-opacity":"","overlay-gradient":""},"tablet":{"background-color":"","background-image":"","background-repeat":"repeat","background-position":"center center","background-size":"auto","background-attachment":"scroll","background-type":"","background-media":"","overlay-type":"","overlay-color":"","overlay-opacity":"","overlay-gradient":""},"mobile":{"background-color":"","background-image":"","background-repeat":"repeat","background-position":"center center","background-size":"auto","background-attachment":"scroll","background-type":"","background-media":"","overlay-type":"","overlay-color":"","overlay-opacity":"","overlay-gradient":""}},"ast-content-background-meta":{"desktop":{"background-color":"var(--ast-global-color-5)","background-image":"","background-repeat":"repeat","background-position":"center center","background-size":"auto","background-attachment":"scroll","background-type":"","background-media":"","overlay-type":"","overlay-color":"","overlay-opacity":"","overlay-gradient":""},"tablet":{"background-color":"var(--ast-global-color-5)","background-image":"","background-repeat":"repeat","background-position":"center center","background-size":"auto","background-attachment":"scroll","background-type":"","background-media":"","overlay-type":"","overlay-color":"","overlay-opacity":"","overlay-gradient":""},"mobile":{"background-color":"var(--ast-global-color-5)","background-image":"","background-repeat":"repeat","background-position":"center center","background-size":"auto","background-attachment":"scroll","background-type":"","background-media":"","overlay-type":"","overlay-color":"","overlay-opacity":"","overlay-gradient":""}},"footnotes":""},"class_list":["post-9567","page","type-page","status-publish","hentry"],"post_mailing_queue_ids":[],"_links":{"self":[{"href":"https:\/\/serveiseducatius.xtec.cat\/santacolomag\/wp-json\/wp\/v2\/pages\/9567","targetHints":{"allow":["GET"]}}],"collection":[{"href":"https:\/\/serveiseducatius.xtec.cat\/santacolomag\/wp-json\/wp\/v2\/pages"}],"about":[{"href":"https:\/\/serveiseducatius.xtec.cat\/santacolomag\/wp-json\/wp\/v2\/types\/page"}],"author":[{"embeddable":true,"href":"https:\/\/serveiseducatius.xtec.cat\/santacolomag\/wp-json\/wp\/v2\/users\/7"}],"replies":[{"embeddable":true,"href":"https:\/\/serveiseducatius.xtec.cat\/santacolomag\/wp-json\/wp\/v2\/comments?post=9567"}],"version-history":[{"count":3,"href":"https:\/\/serveiseducatius.xtec.cat\/santacolomag\/wp-json\/wp\/v2\/pages\/9567\/revisions"}],"predecessor-version":[{"id":9594,"href":"https:\/\/serveiseducatius.xtec.cat\/santacolomag\/wp-json\/wp\/v2\/pages\/9567\/revisions\/9594"}],"up":[{"embeddable":true,"href":"https:\/\/serveiseducatius.xtec.cat\/santacolomag\/wp-json\/wp\/v2\/pages\/9547"}],"wp:attachment":[{"href":"https:\/\/serveiseducatius.xtec.cat\/santacolomag\/wp-json\/wp\/v2\/media?parent=9567"}],"curies":[{"name":"wp","href":"https:\/\/api.w.org\/{rel}","templated":true}]}}