{"id":9442,"date":"2017-05-09T14:06:19","date_gmt":"2017-05-09T12:06:19","guid":{"rendered":"http:\/\/serveiseducatius.xtec.cat\/santacolomag\/?page_id=9442"},"modified":"2021-11-05T11:48:39","modified_gmt":"2021-11-05T10:48:39","slug":"tallers-tac-en-centre","status":"publish","type":"page","link":"https:\/\/serveiseducatius.xtec.cat\/santacolomag\/tallers-tac-en-centre\/","title":{"rendered":"Monogr\u00e0fics TAC per als centres"},"content":{"rendered":"<div id=\"sites-chrome-main-wrapper\">\n<div id=\"sites-chrome-main-wrapper-inside\">\n<table id=\"sites-chrome-main\" class=\"sites-layout-hbox\" border=\"0\" cellspacing=\"0\" cellpadding=\"{scmCellpadding}\">\n<tbody>\n<tr>\n<td id=\"sites-canvas-wrapper\">\n<div id=\"sites-canvas\">\n<div id=\"sites-canvas-main\" class=\"sites-canvas-main\">\n<div id=\"sites-canvas-main-content\">\n<div class=\"sites-layout-name-two-column-hf sites-layout-vbox\">\n<table class=\"sites-layout-hbox\" style=\"width: 884px;\" cellspacing=\"0\">\n<tbody>\n<tr>\n<td style=\"width: 451px; vertical-align: top;\">\n<div dir=\"ltr\">\n<p><strong>Descripci\u00f3<\/strong><\/p>\n<div>\n<p>Activitats de curta durada, molt pr\u00e0ctiques i centrades en les prioritats del centre respecte el treball TAC.<br \/>\nEs pret\u00e9n que el professorat assistent adquireixi uns coneixements b\u00e0sics que els ajudi a seguir avan\u00e7ant aut\u00f2nomament en el tema tractat.<\/p>\n<p>Organitzen:<span style=\"font-family: inherit; font-size: 1em;\">CRP Ciutat de Santa Coloma de Gramenet i \u00c0rea TAC dels Serveis Territorials (ST) de Barcelona Comarques.<\/span><\/p>\n<div>\n<p><strong>Formadors<\/strong><\/p>\n<p>Equip CRP i col\u00b7laboraci\u00f3 del ST<\/p>\n<p><strong>Objectius<\/strong><\/p>\n<ul>\n<li>Donar suport al professorat en l&#8217;\u00fas i aprofitament de maquinari, programari i aplicacions que poden resultar d&#8217;utilitat, tant per docents com per l&#8217;alumnat, en el marc de l&#8217;aula digital.<\/li>\n<li>Fomentar l&#8217;\u00fas de les TAC a l&#8217;aula, aportant recursos i estrat\u00e8gies metodol\u00f2giques.<\/li>\n<li>Afavorir la millora de la compet\u00e8ncia informacional del professorat.<\/li>\n<li>Donar elements per a l&#8217;\u00fas d&#8217;espais digitals de comunicaci\u00f3 i participaci\u00f3 de la comunitat educativa.<\/li>\n<\/ul>\n<p><strong>Adre\u00e7ats<\/strong> a<\/p>\n<p>Claustre, cicle, nivell, departament, comissi\u00f3 TAC, equip directiu, o qualsevol grup de professorat interessat.<\/p>\n<p><strong>Lloc<\/strong><\/p>\n<p>L&#8217;activitat es fa virtualment o en el propi centre si les condicions sanit\u00e0ries ho permeten<\/p>\n<p><strong>Durada i horari<\/strong><\/p>\n<p>Les sessions poden ser d&#8217;1 a 2 hores, i el monogr\u00e0fic pot tenir una durada d&#8217;una a dues sessions. Es una activitat que no se certifica.<\/p>\n<div>\n<p>\u00a0<strong>Sol\u00b7licituds<\/strong><\/p>\n<p>Per a cada taller cal enviar un\u00a0<strong><a href=\"mailto:a8930012@xtec.cat\">correu electr\u00f2nic al CRP<\/a>\u00a0<\/strong><\/p>\n<\/div>\n<\/div>\n<\/div>\n<\/div>\n<\/td>\n<td style=\"width: 430px; vertical-align: top;\"><strong>Monogr\u00e0fics<\/strong><\/p>\n<p>El contingut de cada monogr\u00e0fic s&#8217;ajustar\u00e0 a la demanda del centre.<\/p>\n<p><strong>1.<\/strong> <strong>La meva XTEC (XTEC Google) <\/strong>Documents compartits (Google Drive), agenda compartida: comunicaci\u00f3 i treball col\u00b7laboratiu.\u00a0Presentacions en l\u00ednia: molt m\u00e9s que un powerpoint. Google Sites: Web d&#8217;aula i\/o de centre.<\/p>\n<p><span lang=\"CA\"><strong>2. Introducci\u00f3 a l&#8217;edici\u00f3 de blogs. XTECBlocs<\/strong><\/span><\/p>\n<p><strong><span lang=\"CA\">3. Espais per allotjar fitxers: GoogleDrive, Dropbox<\/span><\/strong><\/p>\n<p><strong><span lang=\"CA\">4. El llenguatge audiovisual:\u00a0\u00a0<\/span><\/strong><span lang=\"CA\">Creaci\u00f3 d\u2019\u00e0lbums a partir de fotografies. Creaci\u00f3 multim\u00e8dia amb dispositius m\u00f2bils.\u00a0<\/span><span lang=\"CA\">V\u00eddeo i animacions <\/span><span lang=\"CA\">Introducci\u00f3 a l\u2019edici\u00f3 de v\u00eddeo.<\/span> <span lang=\"CA\">Introducci\u00f3 a la r\u00e0dio escolar. \u00das del kit d\u2019\u00e0udio<\/span><\/p>\n<p><strong><span lang=\"CA\">5. Cercar i endre\u00e7ar la informaci\u00f3<\/span><\/strong><span lang=\"CA\"><br \/>\n<\/span><\/p>\n<p><strong><span lang=\"CA\">6. Elements a tenir en compte per fer una presentaci\u00f3 digital<\/span><\/strong><span lang=\"CA\"><br \/>\n<\/span><\/p>\n<p><strong>7. Recursos per a la inclusi\u00f3 digital<\/strong><\/p>\n<p><strong>8. Internet segura. Privacitat a les xarxes socials<\/strong><br \/>\nRecursos per al treball a l\u2019aula.<\/p>\n<p><strong>9. Trasllat de webs de centre a l&#8217;entorn NODES (Model de web coorporatiu del Departament)<\/strong><\/p>\n<p>&nbsp;<\/p>\n<p><span lang=\"CA\">Podeu proposar altres monogr\u00e0fic TAC que no estiguin en aquest llistat.<\/span><\/td>\n<\/tr>\n<\/tbody>\n<\/table>\n<\/div>\n<\/div>\n<\/div>\n<\/div>\n<\/td>\n<\/tr>\n<\/tbody>\n<\/table>\n<\/div>\n<\/div>\n<div id=\"sites-chrome-footer-wrapper\">\n<div id=\"sites-chrome-footer-wrapper-inside\">\n<div id=\"sites-chrome-footer\">\n<div class=\"sites-subfooter\">\n<div class=\"sites-subfooter-content\">\n<div dir=\"ltr\">\n<div>\n<div>\n<div>\n<div><img decoding=\"async\" src=\"https:\/\/sites.google.com\/a\/xtec.cat\/crp-santacolomag\/_\/rsrc\/1387193544526\/home\/logo_departament_web_reduit100px.png\" alt=\"Departament d&amp;#39;Ensenyament\" \/><\/div>\n<\/div>\n<\/div>\n<\/div>\n<\/div>\n<\/div>\n<\/div>\n<\/div>\n<\/div>\n<\/div>\n","protected":false},"excerpt":{"rendered":"<p>Descripci\u00f3 Activitats de curta durada, molt pr\u00e0ctiques i centrades en les prioritats del centre respecte el treball TAC. Es pret\u00e9n [&hellip;]<\/p>\n","protected":false},"author":4,"featured_media":0,"parent":0,"menu_order":0,"comment_status":"closed","ping_status":"closed","template":"","meta":{"_bbp_topic_count":0,"_bbp_reply_count":0,"_bbp_total_topic_count":0,"_bbp_total_reply_count":0,"_bbp_voice_count":0,"_bbp_anonymous_reply_count":0,"_bbp_topic_count_hidden":0,"_bbp_reply_count_hidden":0,"_bbp_forum_subforum_count":0,"site-sidebar-layout":"default","site-content-layout":"","ast-site-content-layout":"","site-content-style":"default","site-sidebar-style":"default","ast-global-header-display":"","ast-banner-title-visibility":"","ast-main-header-display":"","ast-hfb-above-header-display":"","ast-hfb-below-header-display":"","ast-hfb-mobile-header-display":"","site-post-title":"","ast-breadcrumbs-content":"","ast-featured-img":"","footer-sml-layout":"","theme-transparent-header-meta":"","adv-header-id-meta":"","stick-header-meta":"","header-above-stick-meta":"","header-main-stick-meta":"","header-below-stick-meta":"","astra-migrate-meta-layouts":"default","ast-page-background-enabled":"default","ast-page-background-meta":{"desktop":{"background-color":"var(--ast-global-color-4)","background-image":"","background-repeat":"repeat","background-position":"center center","background-size":"auto","background-attachment":"scroll","background-type":"","background-media":"","overlay-type":"","overlay-color":"","overlay-opacity":"","overlay-gradient":""},"tablet":{"background-color":"","background-image":"","background-repeat":"repeat","background-position":"center center","background-size":"auto","background-attachment":"scroll","background-type":"","background-media":"","overlay-type":"","overlay-color":"","overlay-opacity":"","overlay-gradient":""},"mobile":{"background-color":"","background-image":"","background-repeat":"repeat","background-position":"center center","background-size":"auto","background-attachment":"scroll","background-type":"","background-media":"","overlay-type":"","overlay-color":"","overlay-opacity":"","overlay-gradient":""}},"ast-content-background-meta":{"desktop":{"background-color":"var(--ast-global-color-5)","background-image":"","background-repeat":"repeat","background-position":"center center","background-size":"auto","background-attachment":"scroll","background-type":"","background-media":"","overlay-type":"","overlay-color":"","overlay-opacity":"","overlay-gradient":""},"tablet":{"background-color":"var(--ast-global-color-5)","background-image":"","background-repeat":"repeat","background-position":"center center","background-size":"auto","background-attachment":"scroll","background-type":"","background-media":"","overlay-type":"","overlay-color":"","overlay-opacity":"","overlay-gradient":""},"mobile":{"background-color":"var(--ast-global-color-5)","background-image":"","background-repeat":"repeat","background-position":"center center","background-size":"auto","background-attachment":"scroll","background-type":"","background-media":"","overlay-type":"","overlay-color":"","overlay-opacity":"","overlay-gradient":""}},"footnotes":""},"class_list":["post-9442","page","type-page","status-publish","hentry"],"post_mailing_queue_ids":[],"_links":{"self":[{"href":"https:\/\/serveiseducatius.xtec.cat\/santacolomag\/wp-json\/wp\/v2\/pages\/9442","targetHints":{"allow":["GET"]}}],"collection":[{"href":"https:\/\/serveiseducatius.xtec.cat\/santacolomag\/wp-json\/wp\/v2\/pages"}],"about":[{"href":"https:\/\/serveiseducatius.xtec.cat\/santacolomag\/wp-json\/wp\/v2\/types\/page"}],"author":[{"embeddable":true,"href":"https:\/\/serveiseducatius.xtec.cat\/santacolomag\/wp-json\/wp\/v2\/users\/4"}],"replies":[{"embeddable":true,"href":"https:\/\/serveiseducatius.xtec.cat\/santacolomag\/wp-json\/wp\/v2\/comments?post=9442"}],"version-history":[{"count":5,"href":"https:\/\/serveiseducatius.xtec.cat\/santacolomag\/wp-json\/wp\/v2\/pages\/9442\/revisions"}],"predecessor-version":[{"id":16961,"href":"https:\/\/serveiseducatius.xtec.cat\/santacolomag\/wp-json\/wp\/v2\/pages\/9442\/revisions\/16961"}],"wp:attachment":[{"href":"https:\/\/serveiseducatius.xtec.cat\/santacolomag\/wp-json\/wp\/v2\/media?parent=9442"}],"curies":[{"name":"wp","href":"https:\/\/api.w.org\/{rel}","templated":true}]}}