{"id":9161,"date":"2017-03-06T10:33:41","date_gmt":"2017-03-06T09:33:41","guid":{"rendered":"http:\/\/serveiseducatius.xtec.cat\/santacolomag\/?page_id=9161"},"modified":"2017-05-02T14:14:21","modified_gmt":"2017-05-02T12:14:21","slug":"xvii-presentacio-de-treballs-de-recerca-2016-2017","status":"publish","type":"page","link":"https:\/\/serveiseducatius.xtec.cat\/santacolomag\/xvii-presentacio-de-treballs-de-recerca-2016-2017\/","title":{"rendered":"XVII Presentaci\u00f3 de Treballs de Recerca 2016-2017"},"content":{"rendered":"<p>&nbsp;<\/p>\n<p>El pass<a href=\"http:\/\/serveiseducatius.xtec.cat\/santacolomag\/wp-content\/uploads\/usu1183\/2017\/02\/dibuix_recerca.jpg\"><img loading=\"lazy\" decoding=\"async\" class=\"size-full wp-image-9034 alignleft\" src=\"http:\/\/serveiseducatius.xtec.cat\/santacolomag\/wp-content\/uploads\/usu1183\/2017\/02\/dibuix_recerca.jpg\" alt=\"dibuix_recerca\" width=\"138\" height=\"157\" \/><\/a>at dia 22 de febrer de 2017 es va celebrar la XVII Presentaci\u00f3 de treballs de recerca de Santa Coloma de Gramenet a la Biblioteca Singuerl\u00edn-Salvador Cabr\u00e9. Aquesta presentaci\u00f3 de treballs de recerca de l&#8217;alumnat de 2n de batxillerat \u00e9s una mostra de treballs rigorosos i un reconeixement de la v\u00e0lua de tots ells.<\/p>\n<table style=\"border: none;\">\n<tbody>\n<tr>\n<td><b>\u00a0<\/b><b>Centre<\/b><b><br \/>\n<\/b><\/td>\n<td><b>Treballs de recerca<\/b><\/td>\n<td><strong>Articles<\/strong><\/td>\n<\/tr>\n<tr>\n<td style=\"vertical-align: top;\"><strong>INS Can Peixauet<\/strong><\/td>\n<td style=\"vertical-align: top;\">\n<ul>\n<li><a href=\"https:\/\/drive.google.com\/open?id=0B7J2wtKTJ0CvRjgyRGJlTWtmYXM\">Disseny d&#8217;un joc en 3D amb Blender<\/a><\/li>\n<li><a href=\"https:\/\/drive.google.com\/open?id=0B7J2wtKTJ0CvM19nZ2FBRkxENUk\">La import\u00e0ncia dels polifenols a la dieta<\/a><\/li>\n<\/ul>\n<\/td>\n<td style=\"vertical-align: top;\">\n<ul>\n<li><a href=\"https:\/\/drive.google.com\/open?id=0B7J2wtKTJ0CvYzBUZ25jNHd4U0pueWdyVXp1NHlkODVkQWRr\">article<\/a><\/li>\n<li><a href=\"https:\/\/drive.google.com\/open?id=0B7J2wtKTJ0CveXhpdjl2QWRlVEZrY2Yzb1V0UGlwLUlrRkV3\">article<\/a><\/li>\n<\/ul>\n<\/td>\n<\/tr>\n<tr>\n<td style=\"vertical-align: top;\"><strong>INS La Bastida<\/strong><\/td>\n<td style=\"vertical-align: top;\">\n<ul>\n<li><a href=\"https:\/\/drive.google.com\/open?id=0B7J2wtKTJ0CvcmxFR0lDVnhTMVE\">Piles de combustible<\/a><\/li>\n<li><a href=\"https:\/\/drive.google.com\/open?id=0B7J2wtKTJ0CvTlhsTW9ZRFVETzA\">El nombre d&#8217;or i la proporci\u00f3 divina<\/a><\/li>\n<\/ul>\n<\/td>\n<td style=\"vertical-align: top;\">\n<ul>\n<li><a href=\"https:\/\/drive.google.com\/open?id=0B7J2wtKTJ0CvaHBvUWZVdnFwbXRXd1h4QjFMdjNQY24yTmVF\">article<\/a><\/li>\n<li><a href=\"https:\/\/drive.google.com\/open?id=0B7J2wtKTJ0CvSnVHNUFRbk1YcS1LRzE4QVpfWlNrSkM4UF84\">article<\/a><\/li>\n<\/ul>\n<\/td>\n<\/tr>\n<tr>\n<td style=\"vertical-align: top;\"><strong>INS Les Vinyes<\/strong><\/td>\n<td style=\"vertical-align: top;\">\n<ul>\n<li><a href=\"https:\/\/prezi.com\/q2i6tg0jg8v3\/ihssan-bakkali-zekri\/?utm_campaign=share&amp;amp;utm_medium=copy\">L&#8217;autisme<\/a><\/li>\n<li><a href=\"https:\/\/drive.google.com\/open?id=0B7J2wtKTJ0CvbmIwMlhhdC1Od2c\">Conviure amb la malaltia cel\u00edaca a Santa Coloma<\/a><\/li>\n<\/ul>\n<\/td>\n<td style=\"vertical-align: top;\">\n<ul>\n<li><a href=\"https:\/\/drive.google.com\/open?id=0B7J2wtKTJ0CvOU04clZqYnVJYmNDQldOelQwaTBSTW5CRW80\">article<\/a><\/li>\n<li><a href=\"https:\/\/drive.google.com\/open?id=0B7J2wtKTJ0CveG41c3lzc3M3Y003d01vbVpLa1F6LXZVTVN3\">article<\/a><\/li>\n<\/ul>\n<\/td>\n<\/tr>\n<tr>\n<td style=\"vertical-align: top;\"><strong>INS Num\u00e0ncia<\/strong><\/td>\n<td style=\"vertical-align: top;\">\n<ul>\n<li><a href=\"https:\/\/drive.google.com\/open?id=0B7J2wtKTJ0CvclliYkZqY1lvS0U\">Percepci\u00f3 i aprenentatge: el condicionament instrumental en animals<\/a><\/li>\n<li><a href=\"https:\/\/drive.google.com\/open?id=0B7J2wtKTJ0CvLVY5Y0tZa3doajQ\">L&#8217;accident d&#8217;Ayrton Senna: un punt d&#8217;inflexi\u00f3 en la seguretat a la F\u00f3rmula 1<\/a><\/li>\n<\/ul>\n<\/td>\n<td style=\"vertical-align: top;\">\n<ul>\n<li><a href=\"https:\/\/drive.google.com\/open?id=0Bx0QdN7CGge8QnBKZlV5d1pRSEdQQUZWOG5RYnFiVkFYSHh3\">article<\/a><\/li>\n<li><a href=\"https:\/\/drive.google.com\/open?id=0Bx0QdN7CGge8dnhxR2c1ZDJrVkowMXZqUXEzOXpwOWdranpB\">article<\/a><\/li>\n<\/ul>\n<\/td>\n<\/tr>\n<tr>\n<td style=\"vertical-align: top;\"><strong>INS Puig Castellar<\/strong><\/td>\n<td style=\"vertical-align: top;\">\n<ul>\n<li><a href=\"https:\/\/drive.google.com\/open?id=0B7J2wtKTJ0CvZ1EwcnJ2R0l2V0E\">Projecte de construcci\u00f3 d&#8217;un escenari destinat al festival d&#8217;Eurovisi\u00f3 de la ciutat de Barcelona<\/a><\/li>\n<li><a href=\"https:\/\/prezi.com\/qqqntfyptmvc\/untitled-prezi\/?utm_medium=copy\">L&#8217;infant com a protagonista del seu aprenentatge<\/a><\/li>\n<\/ul>\n<\/td>\n<td style=\"vertical-align: top;\">\n<ul>\n<li><a href=\"https:\/\/drive.google.com\/open?id=0B7J2wtKTJ0CvZXViNHU3eWtIRmF3bldQRHFWSmUwMVgyVzBR\">article<\/a><\/li>\n<li><a href=\"https:\/\/drive.google.com\/open?id=0B7J2wtKTJ0CveEZiVEtpTkhkd25fLWFqUkxtcl9yOFk0ZjN3\">article<\/a><\/li>\n<\/ul>\n<\/td>\n<\/tr>\n<tr>\n<td style=\"vertical-align: top;\"><strong>INS Ramon Berenguer IV<\/strong><\/td>\n<td style=\"vertical-align: top;\">\n<ul>\n<li>\u00a0<a href=\"https:\/\/drive.google.com\/open?id=0B7J2wtKTJ0CvTWZXZlZJM3J5OEE\">L&#8217;animaci\u00f3 i la m\u00e0gia de l&#8217;Stop Motion<\/a><\/li>\n<li><a href=\"https:\/\/prezi.com\/mzflhvwc8rl_\/el-paper-de-la-quimica-a-la-cuina\/\">Qu\u00edmica culin\u00e0ria: el paper de la qu\u00edmica a la cuina<\/a><\/li>\n<\/ul>\n<\/td>\n<td style=\"vertical-align: top;\">\n<ul>\n<li><a href=\"https:\/\/drive.google.com\/open?id=0B3yUcnO-2fqbczNfRmpTOUpSbEE\">article<\/a><\/li>\n<li><a href=\"https:\/\/drive.google.com\/open?id=1BaS-d7QREfN-Vp-pOYOMl4A1m6puPI8u9mPsDM4rq_Y\">article<\/a><\/li>\n<\/ul>\n<\/td>\n<\/tr>\n<tr>\n<td style=\"vertical-align: top;\"><strong>INS Terra Roja<\/strong><\/td>\n<td style=\"vertical-align: top;\">\n<ul>\n<li><a href=\"https:\/\/prezi.com\/vj89vtm8zxg0\/prezi-2-al-lelopatia\/\">Al\u00b7lelopatia en les plantes<\/a><\/li>\n<li><a href=\"https:\/\/drive.google.com\/open?id=0B7J2wtKTJ0CvLUpyX1dGWUJTcWM\">Realitat virtual: Santa Coloma de Gramenet en 360\u00ba<\/a><\/li>\n<\/ul>\n<\/td>\n<td style=\"vertical-align: top;\">\n<ul>\n<li><a href=\"https:\/\/drive.google.com\/open?id=0B7J2wtKTJ0CvXzRyNHhseVFzeU91TmxJX3N6U0pIeEFYREhR\">article<\/a><\/li>\n<li><a href=\"https:\/\/drive.google.com\/open?id=0B7J2wtKTJ0CvWVVGNHk0OE81cTBaRVJiUUlNRnN4c21Nb1NF\">article<\/a><\/li>\n<\/ul>\n<\/td>\n<\/tr>\n<tr>\n<td style=\"vertical-align: top;\"><strong>INS Torrent de les Bruixes<\/strong><\/td>\n<td style=\"vertical-align: top;\">\n<ul>\n<li><a href=\"https:\/\/drive.google.com\/open?id=0B7J2wtKTJ0Cva2Q1MmljNnBaUGM\">T&#8217;agrada netejar?<\/a><\/li>\n<li><a href=\"https:\/\/drive.google.com\/open?id=0B7J2wtKTJ0CvTWhmdnNReGs4M00\">La desaparici\u00f3 de Iugosl\u00e0via: Lluita contra els fantasmes del passat.<\/a><\/li>\n<\/ul>\n<\/td>\n<td style=\"vertical-align: top;\">\n<ul>\n<li><a href=\"https:\/\/drive.google.com\/open?id=0B7J2wtKTJ0CvZjRHZFlwS096d3h0LWVjQnh4UUlReEYyNnA4\">article<\/a><\/li>\n<li><a href=\"https:\/\/drive.google.com\/open?id=0B7J2wtKTJ0CvTGhVVDJzVTYzVHNLTF9DQVlmcG04ajI4UzRr\">article<\/a><\/li>\n<\/ul>\n<\/td>\n<\/tr>\n<tr>\n<td style=\"vertical-align: top;\"><a href=\"https:\/\/sites.google.com\/a\/xtec.cat\/crp-santacolomag\/dinamitzacio\/dinamitzacio-educativa\/presentacio-treballs-de-recerca\"><strong>Acc\u00e9s a les edicions anteriors<\/strong><\/a><\/td>\n<td style=\"vertical-align: top;\"><\/td>\n<td style=\"vertical-align: top;\"><\/td>\n<\/tr>\n<\/tbody>\n<\/table>\n","protected":false},"excerpt":{"rendered":"<p>&nbsp; El passat dia 22 de febrer de 2017 es va celebrar la XVII Presentaci\u00f3 de treballs de recerca de [&hellip;]<\/p>\n","protected":false},"author":4,"featured_media":0,"parent":0,"menu_order":0,"comment_status":"closed","ping_status":"closed","template":"","meta":{"_bbp_topic_count":0,"_bbp_reply_count":0,"_bbp_total_topic_count":0,"_bbp_total_reply_count":0,"_bbp_voice_count":0,"_bbp_anonymous_reply_count":0,"_bbp_topic_count_hidden":0,"_bbp_reply_count_hidden":0,"_bbp_forum_subforum_count":0,"site-sidebar-layout":"default","site-content-layout":"","ast-site-content-layout":"","site-content-style":"default","site-sidebar-style":"default","ast-global-header-display":"","ast-banner-title-visibility":"","ast-main-header-display":"","ast-hfb-above-header-display":"","ast-hfb-below-header-display":"","ast-hfb-mobile-header-display":"","site-post-title":"","ast-breadcrumbs-content":"","ast-featured-img":"","footer-sml-layout":"","theme-transparent-header-meta":"","adv-header-id-meta":"","stick-header-meta":"","header-above-stick-meta":"","header-main-stick-meta":"","header-below-stick-meta":"","astra-migrate-meta-layouts":"default","ast-page-background-enabled":"default","ast-page-background-meta":{"desktop":{"background-color":"var(--ast-global-color-4)","background-image":"","background-repeat":"repeat","background-position":"center center","background-size":"auto","background-attachment":"scroll","background-type":"","background-media":"","overlay-type":"","overlay-color":"","overlay-opacity":"","overlay-gradient":""},"tablet":{"background-color":"","background-image":"","background-repeat":"repeat","background-position":"center center","background-size":"auto","background-attachment":"scroll","background-type":"","background-media":"","overlay-type":"","overlay-color":"","overlay-opacity":"","overlay-gradient":""},"mobile":{"background-color":"","background-image":"","background-repeat":"repeat","background-position":"center center","background-size":"auto","background-attachment":"scroll","background-type":"","background-media":"","overlay-type":"","overlay-color":"","overlay-opacity":"","overlay-gradient":""}},"ast-content-background-meta":{"desktop":{"background-color":"var(--ast-global-color-5)","background-image":"","background-repeat":"repeat","background-position":"center center","background-size":"auto","background-attachment":"scroll","background-type":"","background-media":"","overlay-type":"","overlay-color":"","overlay-opacity":"","overlay-gradient":""},"tablet":{"background-color":"var(--ast-global-color-5)","background-image":"","background-repeat":"repeat","background-position":"center center","background-size":"auto","background-attachment":"scroll","background-type":"","background-media":"","overlay-type":"","overlay-color":"","overlay-opacity":"","overlay-gradient":""},"mobile":{"background-color":"var(--ast-global-color-5)","background-image":"","background-repeat":"repeat","background-position":"center center","background-size":"auto","background-attachment":"scroll","background-type":"","background-media":"","overlay-type":"","overlay-color":"","overlay-opacity":"","overlay-gradient":""}},"footnotes":""},"class_list":["post-9161","page","type-page","status-publish","hentry"],"post_mailing_queue_ids":[],"_links":{"self":[{"href":"https:\/\/serveiseducatius.xtec.cat\/santacolomag\/wp-json\/wp\/v2\/pages\/9161","targetHints":{"allow":["GET"]}}],"collection":[{"href":"https:\/\/serveiseducatius.xtec.cat\/santacolomag\/wp-json\/wp\/v2\/pages"}],"about":[{"href":"https:\/\/serveiseducatius.xtec.cat\/santacolomag\/wp-json\/wp\/v2\/types\/page"}],"author":[{"embeddable":true,"href":"https:\/\/serveiseducatius.xtec.cat\/santacolomag\/wp-json\/wp\/v2\/users\/4"}],"replies":[{"embeddable":true,"href":"https:\/\/serveiseducatius.xtec.cat\/santacolomag\/wp-json\/wp\/v2\/comments?post=9161"}],"version-history":[{"count":4,"href":"https:\/\/serveiseducatius.xtec.cat\/santacolomag\/wp-json\/wp\/v2\/pages\/9161\/revisions"}],"predecessor-version":[{"id":9384,"href":"https:\/\/serveiseducatius.xtec.cat\/santacolomag\/wp-json\/wp\/v2\/pages\/9161\/revisions\/9384"}],"wp:attachment":[{"href":"https:\/\/serveiseducatius.xtec.cat\/santacolomag\/wp-json\/wp\/v2\/media?parent=9161"}],"curies":[{"name":"wp","href":"https:\/\/api.w.org\/{rel}","templated":true}]}}