{"id":8646,"date":"2016-12-05T12:52:57","date_gmt":"2016-12-05T11:52:57","guid":{"rendered":"http:\/\/serveiseducatius.xtec.cat\/santacolomag\/?page_id=8646"},"modified":"2016-12-16T12:35:45","modified_gmt":"2016-12-16T11:35:45","slug":"conferencia-de-la-jornada-de-la-ciencia-2016","status":"publish","type":"page","link":"https:\/\/serveiseducatius.xtec.cat\/santacolomag\/conferencia-de-la-jornada-de-la-ciencia-2016\/","title":{"rendered":"Confer\u00e8ncia de la jornada de la ci\u00e8ncia 2016"},"content":{"rendered":"<p>El passat 16 de novembre, l&#8217;alumnat de 3r i 4t d&#8217;ESO i de Batxillerat de Santa Coloma de Gramenet va poder escollir l&#8217;assist\u00e8ncia a una d&#8217;aquestes dues confer\u00e8ncies emmarcades en la Jornada de la Ci\u00e8ncia:\u00a0<i><b>Orce: Un \u201cSPA\u201d per a mamuts, hom\u00ednids i hienes , <\/b><\/i>a c\u00e0rrec\u00a0de Bienvenido Mart\u00ednez-Navarro; i\u00a0 <strong><em>ITER: el cam\u00ed cap a l&#8217;energia\u00a0de fusi\u00f3,<\/em><\/strong> a c\u00e0rrec de \u00a0Jes\u00fas Izquierdo.<\/p>\n<p>Des d&#8217;aquest <strong><a href=\"https:\/\/drive.google.com\/a\/xtec.cat\/file\/d\/0B7J2wtKTJ0CvbVFrQ1JQUG13eGhzc0FSOG1Na1NZT2l2XzNF\/view?usp=sharing\">enlla\u00e7<\/a> <\/strong>es pot accedir als resums de les dues confer\u00e8ncies.<\/p>\n<p><strong>\u00a0<em>ITER: el cam\u00ed cap a l&#8217;energia\u00a0de fusi\u00f3,<\/em> a c\u00e0rrec de \u00a0Jes\u00fas Izquierdo.<br \/>\nPresentaci\u00f3 digital de la confer\u00e8ncia:<br \/>\n<\/strong><\/p>\n<p><iframe loading=\"lazy\" src=\"https:\/\/docs.google.com\/presentation\/d\/119k2_jsFwj7nBaf3lU5an5NImZhaXrSY2_ymTGbUXYg\/embed?start=false&amp;loop=false&amp;delayms=3000\" width=\"480\" height=\"389\" frameborder=\"0\" allowfullscreen=\"allowfullscreen\"><\/iframe><\/p>\n<p><strong>V\u00eddeos de la confer\u00e8ncia \u00a0<em>ITER: el cam\u00ed cap a l\u2019energia de fusi\u00f3<\/em><\/strong><\/p>\n<table style=\"height: 1189px;\" width=\"808\">\n<tbody>\n<tr>\n<td>V\u00eddeo 1<\/p>\n<p><iframe loading=\"lazy\" src=\"\/\/www.youtube.com\/embed\/dAdH__vVQXY\" width=\"560\" height=\"314\" allowfullscreen=\"allowfullscreen\"><\/iframe><\/td>\n<\/tr>\n<tr>\n<td>V\u00eddeo 2<\/p>\n<p><iframe loading=\"lazy\" src=\"\/\/www.youtube.com\/embed\/qJnPsQjAxto\" width=\"560\" height=\"314\" allowfullscreen=\"allowfullscreen\"><\/iframe><\/td>\n<\/tr>\n<tr>\n<td>V\u00eddeo 3<\/p>\n<p><iframe loading=\"lazy\" src=\"\/\/www.youtube.com\/embed\/4PSaRxvUXWc\" width=\"560\" height=\"314\" allowfullscreen=\"allowfullscreen\"><\/iframe><\/td>\n<\/tr>\n<\/tbody>\n<\/table>\n<p>&nbsp;<\/p>\n","protected":false},"excerpt":{"rendered":"<p>El passat 16 de novembre, l&#8217;alumnat de 3r i 4t d&#8217;ESO i de Batxillerat de Santa Coloma de Gramenet va [&hellip;]<\/p>\n","protected":false},"author":7,"featured_media":0,"parent":0,"menu_order":0,"comment_status":"closed","ping_status":"closed","template":"","meta":{"_bbp_topic_count":0,"_bbp_reply_count":0,"_bbp_total_topic_count":0,"_bbp_total_reply_count":0,"_bbp_voice_count":0,"_bbp_anonymous_reply_count":0,"_bbp_topic_count_hidden":0,"_bbp_reply_count_hidden":0,"_bbp_forum_subforum_count":0,"site-sidebar-layout":"default","site-content-layout":"","ast-site-content-layout":"","site-content-style":"default","site-sidebar-style":"default","ast-global-header-display":"","ast-banner-title-visibility":"","ast-main-header-display":"","ast-hfb-above-header-display":"","ast-hfb-below-header-display":"","ast-hfb-mobile-header-display":"","site-post-title":"","ast-breadcrumbs-content":"","ast-featured-img":"","footer-sml-layout":"","theme-transparent-header-meta":"","adv-header-id-meta":"","stick-header-meta":"","header-above-stick-meta":"","header-main-stick-meta":"","header-below-stick-meta":"","astra-migrate-meta-layouts":"default","ast-page-background-enabled":"default","ast-page-background-meta":{"desktop":{"background-color":"var(--ast-global-color-4)","background-image":"","background-repeat":"repeat","background-position":"center center","background-size":"auto","background-attachment":"scroll","background-type":"","background-media":"","overlay-type":"","overlay-color":"","overlay-opacity":"","overlay-gradient":""},"tablet":{"background-color":"","background-image":"","background-repeat":"repeat","background-position":"center center","background-size":"auto","background-attachment":"scroll","background-type":"","background-media":"","overlay-type":"","overlay-color":"","overlay-opacity":"","overlay-gradient":""},"mobile":{"background-color":"","background-image":"","background-repeat":"repeat","background-position":"center center","background-size":"auto","background-attachment":"scroll","background-type":"","background-media":"","overlay-type":"","overlay-color":"","overlay-opacity":"","overlay-gradient":""}},"ast-content-background-meta":{"desktop":{"background-color":"var(--ast-global-color-5)","background-image":"","background-repeat":"repeat","background-position":"center center","background-size":"auto","background-attachment":"scroll","background-type":"","background-media":"","overlay-type":"","overlay-color":"","overlay-opacity":"","overlay-gradient":""},"tablet":{"background-color":"var(--ast-global-color-5)","background-image":"","background-repeat":"repeat","background-position":"center center","background-size":"auto","background-attachment":"scroll","background-type":"","background-media":"","overlay-type":"","overlay-color":"","overlay-opacity":"","overlay-gradient":""},"mobile":{"background-color":"var(--ast-global-color-5)","background-image":"","background-repeat":"repeat","background-position":"center center","background-size":"auto","background-attachment":"scroll","background-type":"","background-media":"","overlay-type":"","overlay-color":"","overlay-opacity":"","overlay-gradient":""}},"footnotes":""},"class_list":["post-8646","page","type-page","status-publish","hentry"],"post_mailing_queue_ids":[],"_links":{"self":[{"href":"https:\/\/serveiseducatius.xtec.cat\/santacolomag\/wp-json\/wp\/v2\/pages\/8646","targetHints":{"allow":["GET"]}}],"collection":[{"href":"https:\/\/serveiseducatius.xtec.cat\/santacolomag\/wp-json\/wp\/v2\/pages"}],"about":[{"href":"https:\/\/serveiseducatius.xtec.cat\/santacolomag\/wp-json\/wp\/v2\/types\/page"}],"author":[{"embeddable":true,"href":"https:\/\/serveiseducatius.xtec.cat\/santacolomag\/wp-json\/wp\/v2\/users\/7"}],"replies":[{"embeddable":true,"href":"https:\/\/serveiseducatius.xtec.cat\/santacolomag\/wp-json\/wp\/v2\/comments?post=8646"}],"version-history":[{"count":3,"href":"https:\/\/serveiseducatius.xtec.cat\/santacolomag\/wp-json\/wp\/v2\/pages\/8646\/revisions"}],"predecessor-version":[{"id":8751,"href":"https:\/\/serveiseducatius.xtec.cat\/santacolomag\/wp-json\/wp\/v2\/pages\/8646\/revisions\/8751"}],"wp:attachment":[{"href":"https:\/\/serveiseducatius.xtec.cat\/santacolomag\/wp-json\/wp\/v2\/media?parent=8646"}],"curies":[{"name":"wp","href":"https:\/\/api.w.org\/{rel}","templated":true}]}}