{"id":8408,"date":"2016-09-27T13:06:42","date_gmt":"2016-09-27T11:06:42","guid":{"rendered":"http:\/\/serveiseducatius.xtec.cat\/santacolomag\/?page_id=8408"},"modified":"2025-07-09T08:11:37","modified_gmt":"2025-07-09T06:11:37","slug":"tallers-crp-en-centre","status":"publish","type":"page","link":"https:\/\/serveiseducatius.xtec.cat\/santacolomag\/tallers-crp-en-centre\/","title":{"rendered":"Monogr\u00e0fics CRP per als centres"},"content":{"rendered":"<table style=\"height: 615px;\" cellspacing=\"0\">\n<tbody>\n<tr style=\"height: 615px;\">\n<td style=\"width: 505px; vertical-align: top; height: 615px;\">\n<div dir=\"ltr\">\n<div dir=\"ltr\">\n<p><strong>Descripci\u00f3<\/strong><\/p>\n<div>\n<p>Activitats de curta durada, molt pr\u00e0ctiques<\/p>\n<p><strong>Organitza<\/strong><\/p>\n<div>\n<p>CRP Ciutat de Santa Coloma de Gramenet<\/p>\n<p><strong>Formadors<\/strong><\/p>\n<\/div>\n<div>\n<p>Equip CRP<\/p>\n<p><strong>Adre\u00e7ats\u00a0<\/strong><\/p>\n<\/div>\n<div>\n<p>Claustre, cicle, nivell, departament, equip directiu, o qualsevol grup de professorat interessat.<\/p>\n<p><strong>Lloc<\/strong><\/p>\n<\/div>\n<div>\n<p>L\u2019activitat es fa en el propi centre en un horari acordat pr\u00e8viament.<\/p>\n<p><strong>Durada i horari<\/strong><\/p>\n<\/div>\n<div>\n<p>Les sessions poden ser d\u20191 a 2 hores, i el monogr\u00e0fic pot tenir una durada d\u2019una a dues sessions. \u00c9s una activitat que no certifica.<\/p>\n<div><\/div>\n<\/div>\n<\/div>\n<div>\n<div><strong>Sol\u00b7licituds<\/strong><\/div>\n<h6><strong>Per a cada monogr\u00e0fic cal enviar un<\/strong> correu amb la demanda a crp-santacolomag@xtec.cat<\/h6>\n<\/div>\n<\/div>\n<\/div>\n<\/td>\n<td style=\"width: 586px; height: 615px; vertical-align: top;\">\n<div dir=\"ltr\">\n<div><strong>MONOGR\u00c0FICS PER AL CURS 2025-2026<\/strong><\/div>\n<div><\/div>\n<div dir=\"ltr\">\n<ul>\n<li><strong>Treu profit de les maletes pedag\u00f2giques<\/strong>\n<ul>\n<li>Pensar i parlar: maleta &#8220;Contes d&#8217;Andersen&#8221;<\/li>\n<\/ul>\n<ul>\n<li>Parlar, escoltar, llegir i escriure: maleta &#8220;Contes per Pensar&#8221;<\/li>\n<\/ul>\n<ul>\n<li>Di\u00e0leg i art contemporani: maleta ExpressArt &#8211; museu port\u00e0til del MACBA*<\/li>\n<li>Ecodi\u00e1logo. Di\u00e0leg i educaci\u00f3 ambiental*<\/li>\n<li>Bee-bots\/Blue-bots. Propostes did\u00e0tiques transversals i d&#8217;\u00e0rees curriculars*<\/li>\n<\/ul>\n<\/li>\n<li><strong>El treball competencial<\/strong>\n<ul>\n<li>Avaluaci\u00f3 formativa i formadora<\/li>\n<li>Enriquiment competencial d&#8217;activitats<\/li>\n<\/ul>\n<\/li>\n<li><strong>\u00a0MONOGR\u00c0FICS CULTURA DIGITAL<\/strong>\n<ul>\n<li><span lang=\"CA\">El llenguatge audiovisual<\/span><strong><span lang=\"CA\">:\u00a0 <\/span><\/strong><span lang=\"CA\">Creaci\u00f3 d\u2019\u00e0lbums a partir de fotografies. Creaci\u00f3 multim\u00e8dia amb dispositius m\u00f2bils.\u00a0<\/span><span lang=\"CA\">V\u00eddeo i animacions <\/span><span lang=\"CA\">Introducci\u00f3 a l\u2019edici\u00f3 de v\u00eddeo.<\/span> <span lang=\"CA\">Introducci\u00f3 a la r\u00e0dio escolar. \u00das del kit d\u2019\u00e0udio<\/span><span lang=\"CA\">\u00a0<\/span><span lang=\"CA\"><br \/>\n<\/span><\/li>\n<li>Recursos per a la inclusi\u00f3 digital<\/li>\n<li>Internet segura. Identitat digital i us responsable d&#8217;internet. la protecci\u00f3 de dades. La propietat intel\u00b7lectual. Recursos per al treball a l\u2019aula.<\/li>\n<li>Altres propostes TAC que el centre proposi al CRP.<\/li>\n<\/ul>\n<\/li>\n<\/ul>\n<\/div>\n<\/div>\n<\/td>\n<\/tr>\n<\/tbody>\n<\/table>\n","protected":false},"excerpt":{"rendered":"<p>Descripci\u00f3 Activitats de curta durada, molt pr\u00e0ctiques Organitza CRP Ciutat de Santa Coloma de Gramenet Formadors Equip CRP Adre\u00e7ats\u00a0 Claustre, [&hellip;]<\/p>\n","protected":false},"author":7,"featured_media":0,"parent":0,"menu_order":0,"comment_status":"closed","ping_status":"closed","template":"","meta":{"_bbp_topic_count":0,"_bbp_reply_count":0,"_bbp_total_topic_count":0,"_bbp_total_reply_count":0,"_bbp_voice_count":0,"_bbp_anonymous_reply_count":0,"_bbp_topic_count_hidden":0,"_bbp_reply_count_hidden":0,"_bbp_forum_subforum_count":0,"site-sidebar-layout":"default","site-content-layout":"","ast-site-content-layout":"default","site-content-style":"default","site-sidebar-style":"default","ast-global-header-display":"","ast-banner-title-visibility":"","ast-main-header-display":"","ast-hfb-above-header-display":"","ast-hfb-below-header-display":"","ast-hfb-mobile-header-display":"","site-post-title":"","ast-breadcrumbs-content":"","ast-featured-img":"","footer-sml-layout":"","theme-transparent-header-meta":"","adv-header-id-meta":"","stick-header-meta":"","header-above-stick-meta":"","header-main-stick-meta":"","header-below-stick-meta":"","astra-migrate-meta-layouts":"set","ast-page-background-enabled":"default","ast-page-background-meta":{"desktop":{"background-color":"var(--ast-global-color-4)","background-image":"","background-repeat":"repeat","background-position":"center center","background-size":"auto","background-attachment":"scroll","background-type":"","background-media":"","overlay-type":"","overlay-color":"","overlay-opacity":"","overlay-gradient":""},"tablet":{"background-color":"","background-image":"","background-repeat":"repeat","background-position":"center center","background-size":"auto","background-attachment":"scroll","background-type":"","background-media":"","overlay-type":"","overlay-color":"","overlay-opacity":"","overlay-gradient":""},"mobile":{"background-color":"","background-image":"","background-repeat":"repeat","background-position":"center center","background-size":"auto","background-attachment":"scroll","background-type":"","background-media":"","overlay-type":"","overlay-color":"","overlay-opacity":"","overlay-gradient":""}},"ast-content-background-meta":{"desktop":{"background-color":"var(--ast-global-color-5)","background-image":"","background-repeat":"repeat","background-position":"center center","background-size":"auto","background-attachment":"scroll","background-type":"","background-media":"","overlay-type":"","overlay-color":"","overlay-opacity":"","overlay-gradient":""},"tablet":{"background-color":"var(--ast-global-color-5)","background-image":"","background-repeat":"repeat","background-position":"center center","background-size":"auto","background-attachment":"scroll","background-type":"","background-media":"","overlay-type":"","overlay-color":"","overlay-opacity":"","overlay-gradient":""},"mobile":{"background-color":"var(--ast-global-color-5)","background-image":"","background-repeat":"repeat","background-position":"center center","background-size":"auto","background-attachment":"scroll","background-type":"","background-media":"","overlay-type":"","overlay-color":"","overlay-opacity":"","overlay-gradient":""}},"footnotes":""},"class_list":["post-8408","page","type-page","status-publish","hentry"],"post_mailing_queue_ids":[],"_links":{"self":[{"href":"https:\/\/serveiseducatius.xtec.cat\/santacolomag\/wp-json\/wp\/v2\/pages\/8408","targetHints":{"allow":["GET"]}}],"collection":[{"href":"https:\/\/serveiseducatius.xtec.cat\/santacolomag\/wp-json\/wp\/v2\/pages"}],"about":[{"href":"https:\/\/serveiseducatius.xtec.cat\/santacolomag\/wp-json\/wp\/v2\/types\/page"}],"author":[{"embeddable":true,"href":"https:\/\/serveiseducatius.xtec.cat\/santacolomag\/wp-json\/wp\/v2\/users\/7"}],"replies":[{"embeddable":true,"href":"https:\/\/serveiseducatius.xtec.cat\/santacolomag\/wp-json\/wp\/v2\/comments?post=8408"}],"version-history":[{"count":5,"href":"https:\/\/serveiseducatius.xtec.cat\/santacolomag\/wp-json\/wp\/v2\/pages\/8408\/revisions"}],"predecessor-version":[{"id":22594,"href":"https:\/\/serveiseducatius.xtec.cat\/santacolomag\/wp-json\/wp\/v2\/pages\/8408\/revisions\/22594"}],"wp:attachment":[{"href":"https:\/\/serveiseducatius.xtec.cat\/santacolomag\/wp-json\/wp\/v2\/media?parent=8408"}],"curies":[{"name":"wp","href":"https:\/\/api.w.org\/{rel}","templated":true}]}}