{"id":8210,"date":"2016-09-08T10:02:45","date_gmt":"2016-09-08T09:02:45","guid":{"rendered":"http:\/\/serveiseducatius.xtec.cat\/santacolomag\/?page_id=8210"},"modified":"2025-02-06T10:52:44","modified_gmt":"2025-02-06T09:52:44","slug":"coeducacio","status":"publish","type":"page","link":"https:\/\/serveiseducatius.xtec.cat\/santacolomag\/coeducacio\/","title":{"rendered":"Coeducaci\u00f3"},"content":{"rendered":"<table style=\"height: 408px;\">\n<tbody>\n<tr style=\"height: 408px;\">\n<td style=\"width: 413px; vertical-align: top; height: 408px;\"><strong>Webs\u00a0<\/strong><\/p>\n<ul style=\"list-style-type: circle;\">\n<li><strong><a href=\"https:\/\/blocs.xtec.cat\/coeducacioiigualtat\/\">Programa de coeducaci\u00f3 perspectiva de g\u00e8nere i educaci\u00f3 afectivosexual al curr\u00edculum<\/a><\/strong><\/li>\n<li><a href=\"https:\/\/coeducaccio.coop\/\"><strong>CoeducAcci\u00f3<\/strong><\/a><\/li>\n<li><strong><a href=\"http:\/\/www.observatoridelesdones.org\/\">Observatori de les dones en els mitjans de comunicaci\u00f3<\/a><\/strong><\/li>\n<li><strong><a href=\"http:\/\/www20.gencat.cat\/portal\/site\/icdones\/menuitem.351404635dde900639a72641b0c0e1a0\/?vgnextoid=2ea454f598c9b110VgnVCM1000000b0c1e0aRCRD&amp;vgnextchannel=2ea454f598c9b110VgnVCM1000000b0c1e0aRCRD&amp;vgnextfmt=default\">Institut Catal\u00e0 de les Dones<\/a><\/strong><\/li>\n<li><strong><a href=\"http:\/\/www.donesenxarxa.cat\/web-local-santa-coloma?lang=ca\">Dones en xarxa. Santa Coloma de Gramenet<\/a><\/strong><\/li>\n<li><strong><a href=\"http:\/\/w110.bcn.cat\/portal\/site\/Dones\/menuitem.de19ba4a7f0fe87b6306809220348a0c\/?vgnextoid=0000000170962267VgnV6CONT00000000000RCRD&amp;lang=ca_ES\">Centre d\u2019Informaci\u00f3 i Recursos per a Dones. Barcelona<\/a><\/strong><\/li>\n<li><strong><a href=\"http:\/\/www.educarenigualdad.org\/\">Directorio de Recursos Educativos para la Igualdad y<br \/>\nla Prevenci\u00f3n de la Violencia de G\u00e9nere<\/a><\/strong><\/li>\n<li><strong><a href=\"https:\/\/www.sidastudi.org\/\">SIDASTUDI<\/a><\/strong><\/li>\n<\/ul>\n<p><strong>\u00a0<\/strong><\/td>\n<td style=\"width: 404px; vertical-align: top; height: 408px;\"><strong>Recursos educatius<\/strong><\/p>\n<ul>\n<li><a href=\"http:\/\/dones.gencat.cat\/web\/.content\/03_ambits\/docs\/publicacions_eines10.pdf\"><strong>Guia de coeducaci\u00f3 per als centres educatius:<br \/>\npautes de reflexi\u00f3 i recursos per a l&#8217;elaboraci\u00f3 d&#8217;un projecte de centre<\/strong><\/a><\/li>\n<li><strong><a href=\"http:\/\/xtec.gencat.cat\/web\/.content\/projectes\/intercultural\/documentacio\/orientacions-050318-v2.pdf\">Orientacions sobre el tractament de la igualtat de g\u00e8nere i la diversitat cultural en el material did\u00e0ctic<\/a><\/strong><\/li>\n<li><strong><a href=\"http:\/\/www.dracmagic.cat\/\">Drac M\u00e0gic<\/a><\/strong><\/li>\n<li><a href=\"https:\/\/dbd.vives.org\/\"><strong>Diccionari Biogr\u00e0fic de Dones<\/strong><\/a><\/li>\n<li><a href=\"https:\/\/projectes.xtec.cat\/nou-curriculum\/wp-content\/uploads\/usu2072\/2024\/09\/Itinerari-Lector-2.pdf\"><strong>Itinerari lector amb perspectiva<\/strong><\/a><\/li>\n<li><a href=\"https:\/\/agora.xtec.cat\/escolamontserratina\/wp-content\/uploads\/usu275\/2023\/04\/Decaleg-il.lustrat.pdf\"><strong>Dec\u00e0leg il\u00b7lustrat per incorporar la perspectiva de g\u00e8nere i la coeducaci\u00f3 al curr\u00edculum<\/strong><\/a><\/li>\n<li><a href=\"https:\/\/ajuntament.barcelona.cat\/guia-de-llenguatge-no-sexista\/ca\/\"><strong>Guia d&#8217;\u00fas no sexista dels llenguatge<\/strong><\/a><\/li>\n<li><strong><a href=\"https:\/\/drive.google.com\/file\/d\/1RARAGiFskym83hCx5eutyan5q4BzZP2x\/view\">Itinerari d&#8217;educaci\u00f3 afectivosexual<\/a><\/strong><\/li>\n<li><a href=\"https:\/\/www.youtube.com\/watch?v=M8WOnGIWlUU\"><strong>Els sis vectors del curr\u00edculum: Perspectiva de g\u00e8nere<\/strong><\/a><\/li>\n<li><a href=\"https:\/\/xtec.gencat.cat\/web\/.content\/centres\/centres-en-xarxa\/documents\/Llista-de-validacio_Perspectiva-de-genere.pdf\"><strong>Vector perspectiva de g\u00e8nere &#8211; LLISTA DE COMPROVACI\u00d3<\/strong><\/a><\/li>\n<li><a href=\"https:\/\/filalagulla.org\/recursos-lectures-recomanades\"><strong>Fil a l&#8217;Agulla<\/strong><\/a><\/li>\n<li><a href=\"https:\/\/teiximxarxes.cat\/recurs\/material-i-recursos-treballar-la-coeducaci%C3%B3\"><strong>Teixim xarxes. Materials i recursos per treballar la coeducaci\u00f3<\/strong><\/a><\/li>\n<li><a href=\"http:\/\/ateneu.xtec.cat\/wikiform\/wikiexport\/cursos\/curriculum\/interniv\/prevm\/index?_ga=2.149593265.645315976.1585046408-1796758678.1526411606\"><strong>Prevenci\u00f3 de la viol\u00e8ncia masclista en l&#8217;\u00e0mbit educatiu<\/strong><\/a><\/li>\n<li><strong><a href=\"https:\/\/drive.google.com\/file\/d\/1xOgZvwfZGhwwfB9Wc2VU_FSjTnH62BXj\/view?usp=sharing\">Recull de llibres per treballar la diversitat familiar a l&#8217;aula<\/a><\/strong><\/li>\n<li><a href=\"https:\/\/drive.google.com\/file\/d\/1xDfqJE6hCXx6gv5qDIStxuOiesT0jzre\/view?usp=sharing\"><strong>Mediateca de lectura. Coeducaci\u00f3.<\/strong><\/a><strong><br \/>\n<\/strong>Selecci\u00f3 de contes i llibres per a educaci\u00f3 prim\u00e0ria.<br \/>\nEn servei de pr\u00e9stec a la mediateca del CRP<\/li>\n<\/ul>\n<\/td>\n<\/tr>\n<\/tbody>\n<\/table>\n","protected":false},"excerpt":{"rendered":"<p>Webs\u00a0 Programa de coeducaci\u00f3 perspectiva de g\u00e8nere i educaci\u00f3 afectivosexual al curr\u00edculum CoeducAcci\u00f3 Observatori de les dones en els mitjans [&hellip;]<\/p>\n","protected":false},"author":4,"featured_media":0,"parent":0,"menu_order":0,"comment_status":"closed","ping_status":"closed","template":"","meta":{"_bbp_topic_count":0,"_bbp_reply_count":0,"_bbp_total_topic_count":0,"_bbp_total_reply_count":0,"_bbp_voice_count":0,"_bbp_anonymous_reply_count":0,"_bbp_topic_count_hidden":0,"_bbp_reply_count_hidden":0,"_bbp_forum_subforum_count":0,"site-sidebar-layout":"default","site-content-layout":"","ast-site-content-layout":"default","site-content-style":"default","site-sidebar-style":"default","ast-global-header-display":"","ast-banner-title-visibility":"","ast-main-header-display":"","ast-hfb-above-header-display":"","ast-hfb-below-header-display":"","ast-hfb-mobile-header-display":"","site-post-title":"","ast-breadcrumbs-content":"","ast-featured-img":"","footer-sml-layout":"","theme-transparent-header-meta":"","adv-header-id-meta":"","stick-header-meta":"","header-above-stick-meta":"","header-main-stick-meta":"","header-below-stick-meta":"","astra-migrate-meta-layouts":"set","ast-page-background-enabled":"default","ast-page-background-meta":{"desktop":{"background-color":"var(--ast-global-color-4)","background-image":"","background-repeat":"repeat","background-position":"center center","background-size":"auto","background-attachment":"scroll","background-type":"","background-media":"","overlay-type":"","overlay-color":"","overlay-opacity":"","overlay-gradient":""},"tablet":{"background-color":"","background-image":"","background-repeat":"repeat","background-position":"center center","background-size":"auto","background-attachment":"scroll","background-type":"","background-media":"","overlay-type":"","overlay-color":"","overlay-opacity":"","overlay-gradient":""},"mobile":{"background-color":"","background-image":"","background-repeat":"repeat","background-position":"center center","background-size":"auto","background-attachment":"scroll","background-type":"","background-media":"","overlay-type":"","overlay-color":"","overlay-opacity":"","overlay-gradient":""}},"ast-content-background-meta":{"desktop":{"background-color":"var(--ast-global-color-5)","background-image":"","background-repeat":"repeat","background-position":"center center","background-size":"auto","background-attachment":"scroll","background-type":"","background-media":"","overlay-type":"","overlay-color":"","overlay-opacity":"","overlay-gradient":""},"tablet":{"background-color":"var(--ast-global-color-5)","background-image":"","background-repeat":"repeat","background-position":"center center","background-size":"auto","background-attachment":"scroll","background-type":"","background-media":"","overlay-type":"","overlay-color":"","overlay-opacity":"","overlay-gradient":""},"mobile":{"background-color":"var(--ast-global-color-5)","background-image":"","background-repeat":"repeat","background-position":"center center","background-size":"auto","background-attachment":"scroll","background-type":"","background-media":"","overlay-type":"","overlay-color":"","overlay-opacity":"","overlay-gradient":""}},"footnotes":""},"class_list":["post-8210","page","type-page","status-publish","hentry"],"post_mailing_queue_ids":[],"_links":{"self":[{"href":"https:\/\/serveiseducatius.xtec.cat\/santacolomag\/wp-json\/wp\/v2\/pages\/8210","targetHints":{"allow":["GET"]}}],"collection":[{"href":"https:\/\/serveiseducatius.xtec.cat\/santacolomag\/wp-json\/wp\/v2\/pages"}],"about":[{"href":"https:\/\/serveiseducatius.xtec.cat\/santacolomag\/wp-json\/wp\/v2\/types\/page"}],"author":[{"embeddable":true,"href":"https:\/\/serveiseducatius.xtec.cat\/santacolomag\/wp-json\/wp\/v2\/users\/4"}],"replies":[{"embeddable":true,"href":"https:\/\/serveiseducatius.xtec.cat\/santacolomag\/wp-json\/wp\/v2\/comments?post=8210"}],"version-history":[{"count":6,"href":"https:\/\/serveiseducatius.xtec.cat\/santacolomag\/wp-json\/wp\/v2\/pages\/8210\/revisions"}],"predecessor-version":[{"id":21553,"href":"https:\/\/serveiseducatius.xtec.cat\/santacolomag\/wp-json\/wp\/v2\/pages\/8210\/revisions\/21553"}],"wp:attachment":[{"href":"https:\/\/serveiseducatius.xtec.cat\/santacolomag\/wp-json\/wp\/v2\/media?parent=8210"}],"curies":[{"name":"wp","href":"https:\/\/api.w.org\/{rel}","templated":true}]}}