{"id":8202,"date":"2016-09-08T09:53:25","date_gmt":"2016-09-08T08:53:25","guid":{"rendered":"http:\/\/serveiseducatius.xtec.cat\/santacolomag\/?page_id=8202"},"modified":"2026-04-10T13:58:00","modified_gmt":"2026-04-10T11:58:00","slug":"activitats-i-jornades","status":"publish","type":"page","link":"https:\/\/serveiseducatius.xtec.cat\/santacolomag\/activitats-i-jornades\/","title":{"rendered":"Activitats i jornades"},"content":{"rendered":"<blockquote>\n<ul>\n<li><strong><a href=\"https:\/\/serveiseducatius.xtec.cat\/santacolomag\/general\/ix-trobada-pedagogica-reptes-i-possibilitats-de-la-ia-a-leducacio-i-laula-recursos-i-estrategies\/\">Trobada pedag\u00f2gica 2025-2026\u00a0<\/a><\/strong><\/li>\n<li><strong><a href=\"https:\/\/serveiseducatius.xtec.cat\/santacolomag\/general\/conferencia-setmana-de-la-ciencia-2025-forats-negres-que-son-que-en-sabem\/\" target=\"_blank\" rel=\"noopener noreferrer\"> La ci\u00e8ncia en primera persona 2025-2026<\/a><\/strong><\/li>\n<li><strong><a href=\"https:\/\/serveiseducatius.xtec.cat\/santacolomag\/general\/xx-jornada-deducacio-infantil-0-6-curs-2025-2026\/\">Jornada d&#8217;educaci\u00f3 infantil 0-6 2025-2026<\/a><\/strong><\/li>\n<li><strong><a href=\"https:\/\/serveiseducatius.xtec.cat\/santacolomag\/xxvi-presentacio-de-treballs-de-recerca-santa-coloma-de-gramenet\/\">Presentaci\u00f3 de treballs de recerca de batxillerat 2025-2026<\/a><\/strong><\/li>\n<li><strong><a href=\"https:\/\/serveiseducatius.xtec.cat\/santacolomag\/general\/gramactivat-2026\/\">Gramactiva&#8217;t 2025-2026<\/a><\/strong><\/li>\n<li><a href=\"https:\/\/sites.google.com\/a\/xtec.cat\/congres-de-ciencia-santa-coloma-gramenet\/\" target=\"_blank\" rel=\"nofollow noopener noreferrer\">Congr\u00e9s de Ci\u00e8ncia. Infantil i prim\u00e0ria 2024-2025<\/a><\/li>\n<li><a href=\"https:\/\/serveiseducatius.xtec.cat\/santacolomag\/portada\/100tifiques-2024\/\">100t\u00edfiques. Dia Internacional de la Dona i la Nena a la Ci\u00e8ncia 2023-2024<\/a><\/li>\n<li><a href=\"https:\/\/serveiseducatius.xtec.cat\/santacolomag\/xviii-trobada-de-cant-coral-escolar-de-santa-coloma-de-gramenet-curs-2024-2025\/\">Trobada de cant coral escolar de Santa Coloma de Gramenet 2024-2025<\/a><\/li>\n<li><a href=\"http:\/\/ja.cat\/robocodi\">Robocodi. Mostra de PC de Santa Coloma i Sant Adri\u00e0 2024-2025<\/a><\/li>\n<li><a href=\"https:\/\/serveiseducatius.xtec.cat\/santacolomag\/repositori-de-canal-de-reporters\/\">100 anys de r\u00e0dio<\/a><\/li>\n<li><a href=\"https:\/\/serveiseducatius.xtec.cat\/santacolomag\/repositori-de-canal-de-reporters\/\">Sant Jordi a les ones<\/a><\/li>\n<li><a href=\"https:\/\/serveiseducatius.xtec.cat\/santacolomag\/general\/vi-jornada-descacs-a-lescola-a-santa-coloma-de-gramenet\/\">Trobada &#8220;Escacs a l&#8217;escola&#8221; 2024-2025<\/a><\/li>\n<li><a href=\"https:\/\/serveiseducatius.xtec.cat\/santacolomag\/ballada-final-santa-coloma-dansa-2025\/\">Trobada &#8220;Santa Coloma dansa&#8221; 2024-2025<\/a><\/li>\n<\/ul>\n<\/blockquote>\n","protected":false},"excerpt":{"rendered":"<p>Trobada pedag\u00f2gica 2025-2026\u00a0 La ci\u00e8ncia en primera persona 2025-2026 Jornada d&#8217;educaci\u00f3 infantil 0-6 2025-2026 Presentaci\u00f3 de treballs de recerca de [&hellip;]<\/p>\n","protected":false},"author":4,"featured_media":0,"parent":0,"menu_order":0,"comment_status":"closed","ping_status":"closed","template":"","meta":{"_bbp_topic_count":0,"_bbp_reply_count":0,"_bbp_total_topic_count":0,"_bbp_total_reply_count":0,"_bbp_voice_count":0,"_bbp_anonymous_reply_count":0,"_bbp_topic_count_hidden":0,"_bbp_reply_count_hidden":0,"_bbp_forum_subforum_count":0,"site-sidebar-layout":"default","site-content-layout":"","ast-site-content-layout":"default","site-content-style":"default","site-sidebar-style":"default","ast-global-header-display":"","ast-banner-title-visibility":"","ast-main-header-display":"","ast-hfb-above-header-display":"","ast-hfb-below-header-display":"","ast-hfb-mobile-header-display":"","site-post-title":"","ast-breadcrumbs-content":"","ast-featured-img":"","footer-sml-layout":"","theme-transparent-header-meta":"","adv-header-id-meta":"","stick-header-meta":"","header-above-stick-meta":"","header-main-stick-meta":"","header-below-stick-meta":"","astra-migrate-meta-layouts":"set","ast-page-background-enabled":"default","ast-page-background-meta":{"desktop":{"background-color":"var(--ast-global-color-4)","background-image":"","background-repeat":"repeat","background-position":"center center","background-size":"auto","background-attachment":"scroll","background-type":"","background-media":"","overlay-type":"","overlay-color":"","overlay-opacity":"","overlay-gradient":""},"tablet":{"background-color":"","background-image":"","background-repeat":"repeat","background-position":"center center","background-size":"auto","background-attachment":"scroll","background-type":"","background-media":"","overlay-type":"","overlay-color":"","overlay-opacity":"","overlay-gradient":""},"mobile":{"background-color":"","background-image":"","background-repeat":"repeat","background-position":"center center","background-size":"auto","background-attachment":"scroll","background-type":"","background-media":"","overlay-type":"","overlay-color":"","overlay-opacity":"","overlay-gradient":""}},"ast-content-background-meta":{"desktop":{"background-color":"var(--ast-global-color-5)","background-image":"","background-repeat":"repeat","background-position":"center center","background-size":"auto","background-attachment":"scroll","background-type":"","background-media":"","overlay-type":"","overlay-color":"","overlay-opacity":"","overlay-gradient":""},"tablet":{"background-color":"var(--ast-global-color-5)","background-image":"","background-repeat":"repeat","background-position":"center center","background-size":"auto","background-attachment":"scroll","background-type":"","background-media":"","overlay-type":"","overlay-color":"","overlay-opacity":"","overlay-gradient":""},"mobile":{"background-color":"var(--ast-global-color-5)","background-image":"","background-repeat":"repeat","background-position":"center center","background-size":"auto","background-attachment":"scroll","background-type":"","background-media":"","overlay-type":"","overlay-color":"","overlay-opacity":"","overlay-gradient":""}},"footnotes":""},"class_list":["post-8202","page","type-page","status-publish","hentry"],"post_mailing_queue_ids":[],"_links":{"self":[{"href":"https:\/\/serveiseducatius.xtec.cat\/santacolomag\/wp-json\/wp\/v2\/pages\/8202","targetHints":{"allow":["GET"]}}],"collection":[{"href":"https:\/\/serveiseducatius.xtec.cat\/santacolomag\/wp-json\/wp\/v2\/pages"}],"about":[{"href":"https:\/\/serveiseducatius.xtec.cat\/santacolomag\/wp-json\/wp\/v2\/types\/page"}],"author":[{"embeddable":true,"href":"https:\/\/serveiseducatius.xtec.cat\/santacolomag\/wp-json\/wp\/v2\/users\/4"}],"replies":[{"embeddable":true,"href":"https:\/\/serveiseducatius.xtec.cat\/santacolomag\/wp-json\/wp\/v2\/comments?post=8202"}],"version-history":[{"count":6,"href":"https:\/\/serveiseducatius.xtec.cat\/santacolomag\/wp-json\/wp\/v2\/pages\/8202\/revisions"}],"predecessor-version":[{"id":23946,"href":"https:\/\/serveiseducatius.xtec.cat\/santacolomag\/wp-json\/wp\/v2\/pages\/8202\/revisions\/23946"}],"wp:attachment":[{"href":"https:\/\/serveiseducatius.xtec.cat\/santacolomag\/wp-json\/wp\/v2\/media?parent=8202"}],"curies":[{"name":"wp","href":"https:\/\/api.w.org\/{rel}","templated":true}]}}