{"id":8191,"date":"2016-09-08T09:03:30","date_gmt":"2016-09-08T08:03:30","guid":{"rendered":"http:\/\/serveiseducatius.xtec.cat\/santacolomag\/?page_id=8191"},"modified":"2022-07-15T10:34:58","modified_gmt":"2022-07-15T08:34:58","slug":"orientacio-academica-i-professional","status":"publish","type":"page","link":"https:\/\/serveiseducatius.xtec.cat\/santacolomag\/orientacio-academica-i-professional\/","title":{"rendered":"Orientaci\u00f3 acad\u00e8mica i professional"},"content":{"rendered":"<table class=\"sites-layout-hbox\" style=\"width: 81.3639%; height: 930px;\" cellspacing=\"0\">\n<tbody>\n<tr>\n<td style=\"vertical-align: top; width: 38.2039%;\"><strong style=\"font-size: small; font-family: inherit;\">CATALUNYA<\/strong><\/p>\n<div dir=\"ltr\">\n<p><strong style=\"font-size: small; font-family: inherit;\"><a href=\"http:\/\/queestudiar.gencat.cat\/ca\" target=\"_blank\" rel=\"nofollow noopener noreferrer\">Estudiar a Catalunya. Gencat<\/a><\/strong><\/p>\n<div dir=\"ltr\">\n<p><strong><span style=\"font-size: small;\"><a href=\"http:\/\/www.xtec.cat\/web\/curriculum\/orientacioeducativa\" target=\"_blank\" rel=\"nofollow noopener noreferrer\">Orientaci\u00f3 educativa<\/a><\/span><\/strong><\/p>\n<p><strong><span style=\"font-size: small;\"><a href=\"http:\/\/aplicacions.universitats.gencat.cat\/qpq\/AppJava\/real\/iniciar.do?idioma=ca\" target=\"_blank\" rel=\"nofollow noopener noreferrer\"> Universitats a Catalunya<\/a><\/span><\/strong><\/p>\n<\/div>\n<div dir=\"ltr\">\n<div dir=\"ltr\">\n<p><strong><span style=\"font-size: small;\"><a href=\"http:\/\/www.unportal.cat\/\" target=\"_blank\" rel=\"nofollow noopener noreferrer\">Unportal<\/a>. Educaci\u00f3 superior a Catalunya<\/span><\/strong><\/p>\n<\/div>\n<div dir=\"ltr\">\n<p><strong><span style=\"font-size: small;\"><a href=\"http:\/\/www.informat.cat\/\" target=\"_blank\" rel=\"nofollow noopener noreferrer\">Informa&#8217;t<\/a>.\u00a0<span lang=\"CA\">P<\/span>er\u00a0triar l&#8217;itinerari acad\u00e8mic\u00a0personal<\/span><\/strong><\/p>\n<\/div>\n<div dir=\"ltr\">\n<p><strong><span style=\"font-size: small;\"><a href=\"https:\/\/www.barcelonactiva.cat\/barcelonactiva\/cat\/\">Barcelona activa.<\/a>\u00a0Web per a la recerca de feina<\/span><\/strong><\/p>\n<div><strong><span style=\"color: #351c75; font-family: verdana, sans-serif;\"><span style=\"font-size: small;\"><a href=\"http:\/\/www.xtec.cat\/web\/curriculum\/batxillerat\/treballrecerca\/premis\" target=\"_blank\" rel=\"nofollow noopener noreferrer\">Selecci\u00f3 de premis de recerca a l&#8217;XTEC\u00a0<\/a><\/span><\/span><\/strong><\/div>\n<div><\/div>\n<div><\/div>\n<\/div>\n<p><span style=\"font-size: small;\"><strong>ITINERARIS EDUCATIUS A CATALUNYA<\/strong><\/span><\/p>\n<p><span style=\"font-size: small;\"><strong><a href=\"https:\/\/drive.google.com\/open?id=0B7J2wtKTJ0CvdmI3Ylg4VDR3Yl81RU5CcFVPOU9iS2szX0cw\" target=\"_blank\" rel=\"noopener noreferrer\">Itineraris educatius<\/a>\u00a0(2019-2020) amb enlla\u00e7os a les p\u00e0gines de refer\u00e8ncia.<\/strong><\/span><\/p>\n<p>&nbsp;<\/p>\n<\/div>\n<div dir=\"ltr\">\n<p><span style=\"font-size: small;\"><strong>\u00c0MBIT ESTATAL<\/strong><\/span><\/p>\n<p><span style=\"font-size: small;\"><strong><a href=\"http:\/\/www.mecd.gob.es\/portada-mecd\/\" target=\"_blank\" rel=\"nofollow noopener noreferrer\">Ministerio de Educaci\u00f3n, Cultura y Deporte<\/a><\/strong><\/span><\/p>\n<\/div>\n<\/div>\n<\/td>\n<td class=\"sites-layout-tile sites-tile-name-content-2\" style=\"width: 32.3685%; vertical-align: top;\">\n<div dir=\"ltr\">\n<p><span style=\"font-size: small;\"><strong>SANTA COLOMA DE GRAMENET<\/strong><\/span><\/p>\n<p><span style=\"font-size: small;\"><strong><a href=\"http:\/\/www.gramenet.cat\/per-temes\/amb-les-persones\/educacio\/inici\/\" target=\"_blank\" rel=\"nofollow noopener noreferrer\">Ajuntament de Santa Coloma de Gramenet. Educaci\u00f3<\/a><\/strong><\/span><\/p>\n<p><span style=\"font-size: small;\"><strong><a href=\"http:\/\/www.gramenet.cat\/fileadmin\/Files\/Ajuntament\/educacio\/matr16\/guia_de_centres_educatius_16-17_baja.pdf\" target=\"_blank\" rel=\"nofollow noopener noreferrer\">Guia centres educatius<\/a><\/strong><\/span><\/p>\n<div>\n<p><span style=\"font-size: small;\"><strong>INSTITUTS A SANTA COLOMA DE GRAMENET<\/strong><\/span><\/p>\n<p><span style=\"font-size: small;\"><strong><a href=\"http:\/\/www.xtec.cat\/iescanpeixauet\/\" target=\"_blank\" rel=\"nofollow noopener noreferrer\">INS Can Peixauet<\/a> <\/strong><\/span><br \/>\n<span style=\"font-size: small;\"><strong> (ESO i Batxillerat)<\/strong><\/span><\/p>\n<p><span style=\"font-size: small;\"><strong> <a href=\"http:\/\/www.institutlabastida.org\/\" target=\"_blank\" rel=\"nofollow noopener noreferrer\">INS La Bastida<\/a><br \/>\n(ESO, Batxillerat i Cicles formatius)<\/strong><\/span><\/p>\n<p><span style=\"font-size: small;\"><strong><a href=\"http:\/\/www.ieslesvinyes.org\/\" target=\"_blank\" rel=\"nofollow noopener noreferrer\">INS Les Vinyes<\/a><br \/>\n(ESO, Batxillerat i Cicles formatius)<\/strong><\/span><br \/>\n<span style=\"font-size: small;\"><strong><br \/>\n<a href=\"http:\/\/www.numancia.cat\/\" target=\"_blank\" rel=\"nofollow noopener noreferrer\">INS Num\u00e0ncia <\/a><\/strong><\/span><br \/>\n<span style=\"font-size: small;\"><strong>(ESO i Batxillerat)<\/strong><\/span><\/p>\n<p><span style=\"font-size: small;\"><strong><a href=\"http:\/\/elpuig.xeill.net\/\" target=\"_blank\" rel=\"nofollow noopener noreferrer\">INS Puig Castellar <\/a><br \/>\n(ESO, Batxillerat i Cicles formatius)<\/strong><\/span><\/p>\n<p><span style=\"font-size: small;\"><strong><a href=\"http:\/\/www.rb4.xeill.net\/\" target=\"_blank\" rel=\"nofollow noopener noreferrer\">INS Ramon Berenguer IV<\/a><\/strong><\/span><br \/>\n<span style=\"font-size: small;\"><strong>(ESO, Batxillerat, Batxillerat art\u00edstic i Cicle formatiu)<\/strong><\/span><br \/>\n<span style=\"font-size: small;\"><strong><br \/>\n<a href=\"http:\/\/terraroja.xeill.net\/\" target=\"_blank\" rel=\"nofollow noopener noreferrer\">INS Terra Roja <\/a><\/strong><\/span><br \/>\n<span style=\"font-size: small;\"><strong>(ESO i Batxillerat)<\/strong><\/span><br \/>\n<span style=\"font-size: small;\"><strong><br \/>\n<a href=\"http:\/\/www.xtec.cat\/centres\/a8035325\/\" target=\"_blank\" rel=\"nofollow noopener noreferrer\">INS Torrent de les Bruixes<\/a><\/strong><\/span><br \/>\n<span style=\"font-size: small;\"><strong>(ESO i Batxillerat)<\/strong><\/span><\/p>\n<pre><strong><span style=\"font-family: helvetica, arial, sans-serif; font-size: 8pt;\"><a href=\"https:\/\/agora.xtec.cat\/insdesantacoloma\/\" target=\"_blank\" rel=\"nofollow noopener noreferrer\">INS 9 de Santa Coloma<\/a><\/span><\/strong><\/pre>\n<p><span style=\"font-size: 10pt;\"><strong>(ESO i Batxillerat)<\/strong><\/span><\/p>\n<\/div>\n<div><strong><span style=\"font-size: 8pt;\">\u00a0<\/span><\/strong><\/div>\n<\/div>\n<\/td>\n<td class=\"sites-layout-tile sites-tile-name-content-3\" style=\"vertical-align: top; width: 29.2487%;\">\n<div dir=\"ltr\">\n<div dir=\"ltr\">\n<p><strong>ESCOLES D&#8217;ADULTS<\/strong><\/p>\n<table style=\"width: 212px;\" border=\"0\" cellspacing=\"4\" cellpadding=\"2\">\n<tbody>\n<tr style=\"height: 85px;\">\n<td style=\"width: 202px; height: 85px;\">\n<div align=\"left\">\n<p><span style=\"font-size: small;\"><strong><a href=\"http:\/\/www.xtec.net\/centres\/a8060289\/\" target=\"_blank\" rel=\"nofollow noopener noreferrer\">CF Adults del Fondo<\/a><\/strong><\/span><\/p>\n<p><span style=\"font-size: small;\"><strong><a href=\"http:\/\/cfasinguerlin.xeill.net\/\">CF Adults de Singuerl\u00edn<\/a><\/strong><\/span><\/p>\n<\/div>\n<\/td>\n<\/tr>\n<tr style=\"height: 22px;\">\n<td style=\"width: 202px; height: 22px;\">\n<div align=\"left\">\n<p><span style=\"font-size: small;\"><strong>ALTRES CENTRES EDUCATIUS<\/strong><\/span><\/p>\n<p><span style=\"font-size: small;\"><strong><a href=\"http:\/\/www.cpnl.cat\/xarxa\/cnllheura\/\" target=\"_blank\" rel=\"nofollow noopener noreferrer\"> CNL L&#8217;Heura<\/a><\/strong><\/span><\/p>\n<\/div>\n<\/td>\n<\/tr>\n<tr style=\"height: 23px;\">\n<td style=\"width: 202px; height: 23px;\">\n<div align=\"left\">\n<p><span style=\"font-size: small;\"><strong><a href=\"http:\/\/www.eoisantacoloma.org\/\" target=\"_blank\" rel=\"nofollow noopener noreferrer\">Escola Oficial d&#8217;Idiomes<\/a><\/strong><\/span><\/p>\n<\/div>\n<\/td>\n<\/tr>\n<tr style=\"height: 50px;\">\n<td style=\"width: 202px; height: 50px;\">\n<div align=\"left\">\n<p><span style=\"font-size: small;\"><strong><a href=\"http:\/\/www.grameimpuls.cat\/\" target=\"_blank\" rel=\"nofollow noopener noreferrer\">Grameimpuls<\/a><\/strong><\/span><\/p>\n<\/div>\n<\/td>\n<\/tr>\n<tr style=\"height: 19px;\">\n<td style=\"width: 202px; height: 19px;\">\n<div align=\"left\">\n<p><span style=\"font-size: small;\"><strong><a href=\"http:\/\/serveiocupacio.gencat.cat\/ca\/soc\/centres-dinnovacio-i-formacio-ocupacional-cifo\/santa-coloma-de-gramanet\/\" target=\"_blank\" rel=\"nofollow noopener noreferrer\">CIFO Sta. Coloma<\/a><\/strong><\/span><\/p>\n<\/div>\n<\/td>\n<\/tr>\n<tr style=\"height: 10px;\">\n<td style=\"width: 202px; height: 10px;\">\n<div align=\"left\">\n<p><span style=\"font-size: small;\"><strong><a href=\"http:\/\/www.gramenet.cat\/per-temes\/cultura\/escola-municipal-de-musica-can-roig-i-torres\/\" target=\"_blank\" rel=\"nofollow noopener noreferrer\">EM M\u00fasica Can Roig i Torres<\/a><\/strong><\/span><\/p>\n<\/div>\n<\/td>\n<\/tr>\n<tr style=\"height: 20px;\">\n<td style=\"width: 202px; height: 20px;\"><span style=\"font-size: small;\"><strong><a href=\"http:\/\/portal.uned.es\/portal\/page?_pageid=93,3023716,93_20528149&amp;_dad=portal&amp;_schema=PORTAL\" target=\"_blank\" rel=\"nofollow noopener noreferrer\">UNED Santa Coloma<br \/>\n<\/a><\/strong><\/span><\/td>\n<\/tr>\n<tr style=\"height: 21px;\">\n<td style=\"width: 202px; height: 21px;\">\n<div align=\"left\">\n<p><span style=\"font-size: small;\"><strong><a href=\"http:\/\/www.ub.edu\/campusalimentacio\/ca\/index.html\" target=\"_blank\" rel=\"nofollow noopener noreferrer\">Campus de l&#8217;Alimentaci\u00f3<\/a><\/strong><\/span><\/p>\n<\/div>\n<\/td>\n<\/tr>\n<\/tbody>\n<\/table>\n<\/div>\n<\/div>\n<div dir=\"ltr\">\n<h6><span style=\"font-size: small;\"><span style=\"font-family: verdana, sans-serif;\"><a href=\"http:\/\/www.barcelonesjove.net\/serveis-locals-santa-coloma\/crij-rellotge-xxi\" target=\"_blank\" rel=\"nofollow noopener noreferrer\">CRIJ Rellotge XXI<\/a><\/span><\/span><\/h6>\n<h6><span style=\"font-family: verdana, sans-serif;\"><a href=\"http:\/\/www.barcelonesjove.net\/serveis-locals-santa-coloma\/crj-mas-fonollar\" target=\"_blank\" rel=\"nofollow noopener noreferrer\">CRJ Mas Fonollar<\/a><\/span><\/h6>\n<p><strong><span style=\"font-family: verdana, sans-serif;\"><a href=\"http:\/\/www.centremolinet.com\/\" target=\"_blank\" rel=\"nofollow noopener noreferrer\">Centre creaci\u00f3 musical Molinet<\/a><\/span><\/strong><\/p>\n<p><strong><span style=\"font-family: verdana, sans-serif;\"><a href=\"http:\/\/www.germina.org\/\" target=\"_blank\" rel=\"nofollow noopener noreferrer\">Fundaci\u00f3 Germina<\/a><\/span><\/strong><\/p>\n<p><strong><span style=\"font-family: verdana, sans-serif;\"><a href=\"http:\/\/creurojabarcelonesnord.org\/serveis\/infancia-i-joventut\/\" target=\"_blank\" rel=\"nofollow noopener noreferrer\">Creu Roja a Santa Coloma<\/a><\/span><\/strong><\/p>\n<p><strong><span style=\"font-family: verdana, sans-serif;\"><a href=\"https:\/\/www.gramenet.cat\/ajuntament\/arees-municipals\/benestar-social-i-families\/infancia-i-familia\/centres-oberts\/\" target=\"_blank\" rel=\"nofollow noopener noreferrer\">Centres oberts a Santa Coloma<\/a><\/span><\/strong><\/p>\n<\/div>\n<\/td>\n<\/tr>\n<\/tbody>\n<\/table>\n","protected":false},"excerpt":{"rendered":"<p>CATALUNYA Estudiar a Catalunya. Gencat Orientaci\u00f3 educativa Universitats a Catalunya Unportal. Educaci\u00f3 superior a Catalunya Informa&#8217;t.\u00a0Per\u00a0triar l&#8217;itinerari acad\u00e8mic\u00a0personal Barcelona activa.\u00a0Web [&hellip;]<\/p>\n","protected":false},"author":4,"featured_media":0,"parent":0,"menu_order":0,"comment_status":"closed","ping_status":"closed","template":"","meta":{"_bbp_topic_count":0,"_bbp_reply_count":0,"_bbp_total_topic_count":0,"_bbp_total_reply_count":0,"_bbp_voice_count":0,"_bbp_anonymous_reply_count":0,"_bbp_topic_count_hidden":0,"_bbp_reply_count_hidden":0,"_bbp_forum_subforum_count":0,"site-sidebar-layout":"default","site-content-layout":"","ast-site-content-layout":"","site-content-style":"default","site-sidebar-style":"default","ast-global-header-display":"","ast-banner-title-visibility":"","ast-main-header-display":"","ast-hfb-above-header-display":"","ast-hfb-below-header-display":"","ast-hfb-mobile-header-display":"","site-post-title":"","ast-breadcrumbs-content":"","ast-featured-img":"","footer-sml-layout":"","theme-transparent-header-meta":"","adv-header-id-meta":"","stick-header-meta":"","header-above-stick-meta":"","header-main-stick-meta":"","header-below-stick-meta":"","astra-migrate-meta-layouts":"default","ast-page-background-enabled":"default","ast-page-background-meta":{"desktop":{"background-color":"var(--ast-global-color-4)","background-image":"","background-repeat":"repeat","background-position":"center center","background-size":"auto","background-attachment":"scroll","background-type":"","background-media":"","overlay-type":"","overlay-color":"","overlay-opacity":"","overlay-gradient":""},"tablet":{"background-color":"","background-image":"","background-repeat":"repeat","background-position":"center center","background-size":"auto","background-attachment":"scroll","background-type":"","background-media":"","overlay-type":"","overlay-color":"","overlay-opacity":"","overlay-gradient":""},"mobile":{"background-color":"","background-image":"","background-repeat":"repeat","background-position":"center center","background-size":"auto","background-attachment":"scroll","background-type":"","background-media":"","overlay-type":"","overlay-color":"","overlay-opacity":"","overlay-gradient":""}},"ast-content-background-meta":{"desktop":{"background-color":"var(--ast-global-color-5)","background-image":"","background-repeat":"repeat","background-position":"center center","background-size":"auto","background-attachment":"scroll","background-type":"","background-media":"","overlay-type":"","overlay-color":"","overlay-opacity":"","overlay-gradient":""},"tablet":{"background-color":"var(--ast-global-color-5)","background-image":"","background-repeat":"repeat","background-position":"center center","background-size":"auto","background-attachment":"scroll","background-type":"","background-media":"","overlay-type":"","overlay-color":"","overlay-opacity":"","overlay-gradient":""},"mobile":{"background-color":"var(--ast-global-color-5)","background-image":"","background-repeat":"repeat","background-position":"center center","background-size":"auto","background-attachment":"scroll","background-type":"","background-media":"","overlay-type":"","overlay-color":"","overlay-opacity":"","overlay-gradient":""}},"footnotes":""},"class_list":["post-8191","page","type-page","status-publish","hentry"],"post_mailing_queue_ids":[],"_links":{"self":[{"href":"https:\/\/serveiseducatius.xtec.cat\/santacolomag\/wp-json\/wp\/v2\/pages\/8191","targetHints":{"allow":["GET"]}}],"collection":[{"href":"https:\/\/serveiseducatius.xtec.cat\/santacolomag\/wp-json\/wp\/v2\/pages"}],"about":[{"href":"https:\/\/serveiseducatius.xtec.cat\/santacolomag\/wp-json\/wp\/v2\/types\/page"}],"author":[{"embeddable":true,"href":"https:\/\/serveiseducatius.xtec.cat\/santacolomag\/wp-json\/wp\/v2\/users\/4"}],"replies":[{"embeddable":true,"href":"https:\/\/serveiseducatius.xtec.cat\/santacolomag\/wp-json\/wp\/v2\/comments?post=8191"}],"version-history":[{"count":4,"href":"https:\/\/serveiseducatius.xtec.cat\/santacolomag\/wp-json\/wp\/v2\/pages\/8191\/revisions"}],"predecessor-version":[{"id":18137,"href":"https:\/\/serveiseducatius.xtec.cat\/santacolomag\/wp-json\/wp\/v2\/pages\/8191\/revisions\/18137"}],"wp:attachment":[{"href":"https:\/\/serveiseducatius.xtec.cat\/santacolomag\/wp-json\/wp\/v2\/media?parent=8191"}],"curies":[{"name":"wp","href":"https:\/\/api.w.org\/{rel}","templated":true}]}}