{"id":8187,"date":"2016-09-08T08:54:37","date_gmt":"2016-09-08T07:54:37","guid":{"rendered":"http:\/\/serveiseducatius.xtec.cat\/santacolomag\/?page_id=8187"},"modified":"2023-01-19T13:12:30","modified_gmt":"2023-01-19T12:12:30","slug":"llengues-estrangeres-i-projectes-internacionals","status":"publish","type":"page","link":"https:\/\/serveiseducatius.xtec.cat\/santacolomag\/llengues-estrangeres-i-projectes-internacionals\/","title":{"rendered":"Lleng\u00fces estrangeres i projectes internacionals"},"content":{"rendered":"<table style=\"width: 96.7332%; height: 984px;\" cellspacing=\"0\">\n<tbody>\n<tr style=\"height: 984px;\">\n<td style=\"text-align: left; vertical-align: top; width: 363px; height: 984px;\">\n<div dir=\"ltr\">\n<div dir=\"ltr\">\n<p>PROJECTES INTERNACIONALS<\/p>\n<ul>\n<li><a href=\"https:\/\/projectes.xtec.cat\/internacional\/\">Unitat de Projectes internacionals. Departament d&#8217;Educaci\u00f3<\/a><\/li>\n<\/ul>\n<div><a href=\"https:\/\/sites.google.com\/a\/xtec.cat\/crp-santacolomag\/_\/rsrc\/1387535955549\/home\/noticies-crp\/nouprogramadeprojectesinternacionalserasmus\/image1111.jpg?height=200&amp;width=200\" rel=\"nofollow\"><img decoding=\"async\" src=\"https:\/\/sites.google.com\/a\/xtec.cat\/crp-santacolomag\/_\/rsrc\/1387535955549\/home\/noticies-crp\/nouprogramadeprojectesinternacionalserasmus\/image1111.jpg?height=200&amp;width=200\" border=\"0\" \/><\/a><\/div>\n<p><a href=\"https:\/\/erasmus-plus.ec.europa.eu\/erasmus-programme-guide\" target=\"_blank\" rel=\"nofollow noopener noreferrer\">Programa Erasmus +<\/a><\/p>\n<h6><a href=\"http:\/\/xtec.gencat.cat\/ca\/projectes\/plurilinguisme\/programes\/internacionals\/\" target=\"_blank\" rel=\"nofollow noopener noreferrer\">Erasmus+<\/a>\u00a0(Departament d&#8217;Educaci\u00f3)<\/h6>\n<div>\n<p><a href=\"http:\/\/sepie.es\/convocatoria\/index.html\" target=\"_blank\" rel=\"noopener noreferrer\" data-saferedirecturl=\"https:\/\/www.google.com\/url?hl=ca&amp;q=http:\/\/sepie.es\/doc\/convocatoria\/2018\/convocatoria_es.pdf&amp;source=gmail&amp;ust=1513429338746000&amp;usg=AFQjCNEsxzXyWSbCVn_zsH0yuNVdh73qvg\"><span class=\"m_5677793906338768101gmail-m_8439633276003391669gmail-m_2043743652965930087m_-2733609238434866087gmail-m_-7494129974712851141gmail-m_3434392843499357322m_-7795853937420266384m_8701824752798792270m_-3291978668982135468gmail-m_5455215671210354800m_4690999470748958393m_5590808012016991006gmail-m_2548455904759261623m_-6563071973898504029gmail-il\">Convocat\u00f2ria<\/span> 2022 de projectes <span class=\"m_5677793906338768101gmail-m_8439633276003391669gmail-m_2043743652965930087m_-2733609238434866087gmail-m_-7494129974712851141gmail-m_3434392843499357322m_-7795853937420266384m_8701824752798792270m_-3291978668982135468gmail-m_5455215671210354800m_4690999470748958393m_5590808012016991006gmail-m_2548455904759261623m_-6563071973898504029gmail-il\">Erasmus+<\/span>\u00a0KA1 i KA2<\/a><\/p>\n<\/div>\n<\/div>\n<div><a href=\"https:\/\/youtu.be\/ZTYoSGDb7zc\">Sessi\u00f3 difusi\u00f3 Erasmus + 2021-2027\u00a0<\/a><a href=\"https:\/\/youtu.be\/2kaSFcYwTCE\">Sessi\u00f3 difusi\u00f3 Erasmus + 2021-2027<br \/>\n(experi\u00e8ncies de centres)<\/a><\/div>\n<div dir=\"ltr\">\n<div><\/div>\n<div><a href=\"http:\/\/sepie.es\/doc\/convocatoria\/2019\/erasmus-plus-programme-guide-2019_es.pdf\" target=\"_blank\" rel=\"noopener noreferrer\" data-saferedirecturl=\"https:\/\/www.google.com\/url?hl=ca&amp;q=http:\/\/sepie.es\/doc\/convocatoria\/2018\/erasmus-plus-programme-guide_en.pdf&amp;source=gmail&amp;ust=1513429338746000&amp;usg=AFQjCNHZWkVKcorRpfWUFMVDnjR2hC5IAQ\">Guia <span class=\"m_5677793906338768101gmail-m_8439633276003391669gmail-m_2043743652965930087m_-2733609238434866087gmail-m_-7494129974712851141gmail-m_3434392843499357322m_-7795853937420266384m_8701824752798792270m_-3291978668982135468gmail-m_5455215671210354800m_4690999470748958393m_5590808012016991006gmail-m_2548455904759261623m_-6563071973898504029gmail-il\">Erasmus+<\/span><\/a><\/div>\n<div>\n<p><a href=\"http:\/\/ec.europa.eu\/programmes\/erasmus-plus\/programme-guide\/introduction\/how-to-read-programme-guide_es\" target=\"_blank\" rel=\"noopener noreferrer\" data-saferedirecturl=\"https:\/\/www.google.com\/url?hl=ca&amp;q=http:\/\/ec.europa.eu\/programmes\/erasmus-plus\/programme-guide\/introduction\/how-to-read-programme-guide_es&amp;source=gmail&amp;ust=1513429338746000&amp;usg=AFQjCNHkoU8enoS5EIJSFh6evI39R7kwMg\">Guia en castell\u00e0<\/a><\/p>\n<p>Per cercar socis, formaci\u00f3, oportunitats de mobilitat&#8230; i <span style=\"font-family: inherit; font-size: 0.875em;\">estudiants d&#8217;Erasmus com a d&#8217;auxiliars de conversa:<\/span><\/p>\n<\/div>\n<div>\n<p><a href=\"https:\/\/erasmusintern.org\/\" target=\"_blank\" rel=\"noopener noreferrer\" data-saferedirecturl=\"https:\/\/www.google.com\/url?hl=ca&amp;q=https:\/\/erasmusintern.org\/&amp;source=gmail&amp;ust=1513429338746000&amp;usg=AFQjCNHQMIZtwo2GSQk6zu0TfylO5Ijmbw\">https:\/\/erasmusintern.org\/<\/a><\/p>\n<div><a href=\"http:\/\/sepie.es\/educacion-escolar\/school-gateway.html\"><b>SEPIE<br \/>\n<\/b><span style=\"font-size: 8pt;\">(Servicio Espa\u00f1ol para la Internacionalizaci\u00f3n de la Educaci\u00f3n)<\/span><\/a><\/div>\n<\/div>\n<h6><\/h6>\n<div><a href=\"https:\/\/school-education.ec.europa.eu\/en\/etwinning\" target=\"_blank\" rel=\"noopener noreferrer\" data-saferedirecturl=\"https:\/\/www.google.com\/url?hl=ca&amp;q=http:\/\/serveiseducatius.xtec.cat\/santacolomag\/wp-content\/uploads\/usu1183\/2017\/12\/icon-app-310x3102.png&amp;source=gmail&amp;ust=1513429338746000&amp;usg=AFQjCNEDeWQc4bA3LWZ0_fVyF1AwZ31NHA\"><img loading=\"lazy\" decoding=\"async\" class=\"m_5677793906338768101gmail-alignleft m_5677793906338768101gmail-wp-image-10110 CToWUd\" src=\"https:\/\/ci3.googleusercontent.com\/proxy\/e_5q7r_Y8fdKR-l5K1B0iay7XRk9YeGiZ691KcVMDqxWogwiOnlgZWEMeHayUuhzvlyUPDrojziRkAtJ56ojFQpDsfu1q2SXCjEj8D37OaftZmNZjSWHYhd4F_bz7dTYYEmrb3G1eDODO2vrTyeopRlZZCQr7XTfwT8t6A=s0-d-e1-ft#http:\/\/serveiseducatius.xtec.cat\/santacolomag\/wp-content\/uploads\/usu1183\/2017\/12\/icon-app-310x3102.png\" alt=\"\" width=\"75\" height=\"75\" \/><\/a><\/div>\n<div>\n<p>Per aprendre el funcionament b\u00e0sic de la plataforma\u00a0<a href=\"https:\/\/www.etwinning.net\/es\/pub\/index.htm\" target=\"_blank\" rel=\"noopener noreferrer\" data-saferedirecturl=\"https:\/\/www.google.com\/url?hl=ca&amp;q=https:\/\/www.etwinning.net\/es\/pub\/index.htm&amp;source=gmail&amp;ust=1513429338746000&amp;usg=AFQjCNGT4LIrhbdknDSI7z7NJHYruiYusw\"><b>eTwinning\u00a0<\/b><\/a>i obrir-hi un projecte.<br \/>\nOfereix als centres europeus la possibilitat de comunicar-se entre ells, planificar i realitzar projectes amb l&#8217;alumnat.<\/p>\n<p><a style=\"font-family: inherit; font-size: 1em;\" href=\"http:\/\/www.schooleducationgateway.eu\/en\/pub\/index.htm\" target=\"_blank\" rel=\"nofollow noopener noreferrer\"><strong class=\"ecl-u-mv-m ecl-u-mr-m text-blue\">European School Education Platform<\/strong><\/a><span style=\"font-family: inherit; font-size: 1em;\">\u00a0Suport als programes europeus. T\u00e9 buscador de cursos i de socis.<\/span><\/p>\n<\/div>\n<div>\n<ul>\n<li dir=\"ltr\">\n<p dir=\"ltr\"><a href=\"http:\/\/www.educacionyfp.gob.es\/servicios-al-ciudadano\/catalogo\/profesorado\/convocatorias-para-el-extranjero\/profesorado-visitante.html\" target=\"_blank\" rel=\"noopener noreferrer\" data-saferedirecturl=\"https:\/\/www.google.com\/url?q=http:\/\/www.educacionyfp.gob.es\/servicios-al-ciudadano\/catalogo\/profesorado\/convocatorias-para-el-extranjero\/profesorado-visitante.html&amp;source=gmail&amp;ust=1605606093790000&amp;usg=AFQjCNEaonHjpkJ3P4rKFQEAhk6IpAM1qQ\">Profesores Visitantes<\/a><\/p>\n<\/li>\n<li dir=\"ltr\">\n<p dir=\"ltr\"><a href=\"http:\/\/www.educacionyfp.gob.es\/servicios-al-ciudadano\/catalogo\/profesorado\/convocatorias-para-el-extranjero\/secciones-bilingues.html\" target=\"_blank\" rel=\"noopener noreferrer\" data-saferedirecturl=\"https:\/\/www.google.com\/url?q=http:\/\/www.educacionyfp.gob.es\/servicios-al-ciudadano\/catalogo\/profesorado\/convocatorias-para-el-extranjero\/secciones-bilingues.html&amp;source=gmail&amp;ust=1605606093790000&amp;usg=AFQjCNElAmGPtVVrfeKhGZxXAF8Ta31XDQ\">Profesores en secciones biling\u00fces de espa\u00f1ol<\/a><\/p>\n<\/li>\n<\/ul>\n<\/div>\n<\/div>\n<\/div>\n<\/td>\n<td style=\"vertical-align: top; width: 309px; height: 984px;\"><strong>RECURSOS PER A L&#8217;AULA<\/strong><\/p>\n<div>\n<div dir=\"ltr\">\n<div dir=\"ltr\">\n<div dir=\"ltr\">\n<div dir=\"ltr\">\n<ul>\n<li><a href=\"https:\/\/serveiseducatius.xtec.cat\/santacolomag\/educacio-ambiental-2\/\">Recursos lleng\u00fces estrangeres\u00a0<\/a><\/li>\n<li><a href=\"http:\/\/www.collaborativelearning.org\/links.html\" target=\"_blank\" rel=\"nofollow noopener noreferrer\">Collaborative Learning\u00a0 Project<\/a>\u00a0 A teacher network that desseminates accessible talk-for-learning activities in all subject areas and for all ages.<\/li>\n<\/ul>\n<ul>\n<li><a href=\"http:\/\/www.xtec.cat\/web\/recursos\/lestrangeres\/angles\" target=\"_blank\" rel=\"nofollow noopener noreferrer\">Escola oberta. Lleng\u00fces estrangeres<\/a><\/li>\n<\/ul>\n<ul>\n<li><a href=\"http:\/\/www.eslgamesplus.com\/\" target=\"_blank\" rel=\"nofollow noopener noreferrer\">Jocs interactius per prim\u00e0ria,\u00a0 ideals per PDI<\/a><\/li>\n<\/ul>\n<\/div>\n<ul>\n<li><a href=\"http:\/\/nrich.maths.org\/6806\" target=\"_blank\" rel=\"nofollow noopener noreferrer\">Nrich Mathematics<\/a>:\u00a0P\u00e0gina web dedicada a l&#8217;ensenyament de les\u00a0matem\u00e0tiques.<\/li>\n<li><a href=\"http:\/\/americanenglish.state.gov\/resources\/sing-out-loud-childrens-songs\" target=\"_blank\" rel=\"nofollow noopener noreferrer\">Sing Out Loud Children&#8217;s Songs<\/a>.\u00a0Can\u00e7ons tradicionals per prim\u00e0ria. Podeu\u00a0baixar-vos les lletres, m\u00fasiques, p\u00f2sters i proposta did\u00e0ctica.<\/li>\n<li><a href=\"http:\/\/www.bbc.co.uk\/skillswise\/english\" target=\"_blank\" rel=\"nofollow noopener noreferrer\">English for adults<\/a>: El web de la BBC presenta una eina d&#8217;utilitat per a l&#8217;angl\u00e8s a l&#8217;FP.<\/li>\n<\/ul>\n<ul>\n<li><a href=\"http:\/\/apliense.xtec.cat\/arc\/\" target=\"_blank\" rel=\"nofollow noopener noreferrer\">ARC<\/a>. Activitats de llengua anglesa\n<ul>\n<li><a href=\"http:\/\/apliense.xtec.cat\/arc\/node\/29559\" target=\"_blank\" rel=\"nofollow noopener noreferrer\">Teatre pel cicle mitj\u00e0 i superior de prim\u00e0ria<\/a><\/li>\n<li>Els\u00a0<a href=\"http:\/\/apliense.xtec.cat\/arc\/node\/29165\" target=\"_blank\" rel=\"nofollow noopener noreferrer\">jocs preferits dels alumnes<\/a>, per a 2n d&#8217;ESO<\/li>\n<li><a href=\"http:\/\/apliense.xtec.cat\/arc\/node\/29189\" target=\"_blank\" rel=\"nofollow noopener noreferrer\">Go green<\/a>\u00a0Ci\u00e8ncies de la naturalesa i treball la llengua, per a 3r d&#8217;ESO.<\/li>\n<\/ul>\n<\/li>\n<\/ul>\n<div><\/div>\n<div>\n<div id=\"m_5677793906338768101gmail-m_-4826769607662392966gmail-m_6723598991686776311m_3501227484682208408m_-3296008339876657719gmail-m_-9196069294333007411gmail-m_-4671288628425970149gmail-m_8786580799726719285LPBorder_GT_15124600656220.9312897290515005\">\n<ul>\n<li>Maletes pedag\u00f2giques CRP en pr\u00e9stec<br \/>\n&#8211; <a href=\"https:\/\/drive.google.com\/file\/d\/0B7J2wtKTJ0CvbDRtcnRlbmVpZG8\/view?usp=sharing\" target=\"_blank\" rel=\"noopener noreferrer\">Llengua anglesa a educaci\u00f3 infantil i cicle inicial I<br \/>\n<\/a>&#8211; <a href=\"https:\/\/drive.google.com\/file\/d\/0B7J2wtKTJ0CvRjhxbm8yOU9JV2M\/view?usp=sharing\" target=\"_blank\" rel=\"noopener noreferrer\">Llengua anglesa a educaci\u00f3 infantil i cicle inicial II<\/a><br \/>\nAmbdues contenen materials equivalents. Nom\u00e9s canvien els t\u00edtols dels contes, les can\u00e7ons i els jocs.<\/li>\n<\/ul>\n<\/div>\n<\/div>\n<\/div>\n<\/div>\n<\/div>\n<\/div>\n<\/td>\n<td style=\"vertical-align: top; width: 301px; height: 984px;\">\n<div>\n<p><strong>RECURSOS PROFESSORAT<\/strong><\/p>\n<\/div>\n<div>\n<ul>\n<li><a href=\"http:\/\/americanenglish.state.gov\/\" target=\"_blank\" rel=\"nofollow noopener noreferrer\">American English.<\/a> A website for Teachers and Learners of English as a Foreign Language Abroad.<br \/>\nUna p\u00e0gina interessant on es publiquen regularment webinars gratu\u00efts sobre ensenyament de la llengua anglesa i que cont\u00e9 recursos en general.<\/li>\n<\/ul>\n<\/div>\n<div>\n<ul>\n<li><a href=\"http:\/\/natalialzam.wordpress.com\/2014\/11\/14\/content-based-learning-in-the-digital-age-resources-and-links\/\" target=\"_blank\" rel=\"nofollow noopener noreferrer\">Compet\u00e8ncia ling\u00fc\u00edstica i comunicativa.<\/a> Natalia L\u00f3pez, asesora CIFE Juan de Lanuza- Zaragoza. Blog molt actiu i actualitzat amb recursos, formaci\u00f3, projectes&#8230;<\/li>\n<li><a href=\"https:\/\/drive.google.com\/file\/d\/0B7J2wtKTJ0CveXZlX2lqUDRVd0k\/view?usp=sharing\" target=\"_blank\" rel=\"noopener noreferrer\">AICLE\/ EMILE<\/a>.\u00a0Selecci\u00f3 de webs amb recursos.<\/li>\n<li>\u00a0<a href=\"https:\/\/www.coursera.org\/search?query=english%20grammar&amp;\">Cursos en l\u00ednia i gratu\u00efts<\/a>\u00a0(MOOC. Finances, astrobiology, meahanics&#8230;)<\/li>\n<li><a href=\"https:\/\/drive.google.com\/file\/d\/0B7J2wtKTJ0CvUGhkU0dCQjlPMms\/view?usp=sharing\" target=\"_blank\" rel=\"noopener noreferrer\">Websites for Learning English<\/a>(Listening, Speaking &amp; Pronunciation;\u00a0Grammar &amp; Vocabulary;\u00a0Reading &amp; Writing)<\/li>\n<li><a href=\"http:\/\/www.onestopenglish.com\/esp\/\" target=\"_blank\" rel=\"nofollow noopener noreferrer\">English for Specific Purposes<\/a>.\u00a0Alguns recursos \u00a0d&#8217;angl\u00e8s t\u00e8cnic per algunes fam\u00edlies de FP<\/li>\n<li><a href=\"http:\/\/www.educatorstechnology.com\/p\/teacher-guides.html\" target=\"_blank\" rel=\"nofollow noopener noreferrer\">Educational Technology and Mobile Learning<\/a>. Per\u00a0 utilitzar moltes eines TIC a l&#8217;aula, amb explicacions i mostres d&#8217;activitats. Des de blogs, wikis o organitzadors gr\u00e0fics fins a codis QR o flipped classroom.<\/li>\n<li><a href=\"http:\/\/es.english-attack.com\/videobooster\/despicable-me-2\/gru-says-goodnight-girls?utm_source=newsletter&amp;utm_medium=email&amp;utm_campaign=newsletter0127\" target=\"_blank\" rel=\"nofollow noopener noreferrer\">English Attack<\/a>\u00a0cont\u00e9 fragments de\u00a0v\u00eddeo de pel\u00b7l\u00edcules\u00a0diverses amb una certa\u00a0dificultat, per treballar amb el vostre alumnat. La p\u00e0gina \u00e9s gratu\u00efta fi<\/li>\n<\/ul>\n<\/div>\n<p>&nbsp;<\/p>\n<p>&nbsp;<\/td>\n<\/tr>\n<\/tbody>\n<\/table>\n","protected":false},"excerpt":{"rendered":"<p>PROJECTES INTERNACIONALS Unitat de Projectes internacionals. Departament d&#8217;Educaci\u00f3 Programa Erasmus + Erasmus+\u00a0(Departament d&#8217;Educaci\u00f3) Convocat\u00f2ria 2022 de projectes Erasmus+\u00a0KA1 i KA2 [&hellip;]<\/p>\n","protected":false},"author":4,"featured_media":0,"parent":0,"menu_order":0,"comment_status":"closed","ping_status":"closed","template":"","meta":{"_bbp_topic_count":0,"_bbp_reply_count":0,"_bbp_total_topic_count":0,"_bbp_total_reply_count":0,"_bbp_voice_count":0,"_bbp_anonymous_reply_count":0,"_bbp_topic_count_hidden":0,"_bbp_reply_count_hidden":0,"_bbp_forum_subforum_count":0,"site-sidebar-layout":"default","site-content-layout":"","ast-site-content-layout":"","site-content-style":"default","site-sidebar-style":"default","ast-global-header-display":"","ast-banner-title-visibility":"","ast-main-header-display":"","ast-hfb-above-header-display":"","ast-hfb-below-header-display":"","ast-hfb-mobile-header-display":"","site-post-title":"","ast-breadcrumbs-content":"","ast-featured-img":"","footer-sml-layout":"","theme-transparent-header-meta":"","adv-header-id-meta":"","stick-header-meta":"","header-above-stick-meta":"","header-main-stick-meta":"","header-below-stick-meta":"","astra-migrate-meta-layouts":"default","ast-page-background-enabled":"default","ast-page-background-meta":{"desktop":{"background-color":"var(--ast-global-color-4)","background-image":"","background-repeat":"repeat","background-position":"center center","background-size":"auto","background-attachment":"scroll","background-type":"","background-media":"","overlay-type":"","overlay-color":"","overlay-opacity":"","overlay-gradient":""},"tablet":{"background-color":"","background-image":"","background-repeat":"repeat","background-position":"center center","background-size":"auto","background-attachment":"scroll","background-type":"","background-media":"","overlay-type":"","overlay-color":"","overlay-opacity":"","overlay-gradient":""},"mobile":{"background-color":"","background-image":"","background-repeat":"repeat","background-position":"center center","background-size":"auto","background-attachment":"scroll","background-type":"","background-media":"","overlay-type":"","overlay-color":"","overlay-opacity":"","overlay-gradient":""}},"ast-content-background-meta":{"desktop":{"background-color":"var(--ast-global-color-5)","background-image":"","background-repeat":"repeat","background-position":"center center","background-size":"auto","background-attachment":"scroll","background-type":"","background-media":"","overlay-type":"","overlay-color":"","overlay-opacity":"","overlay-gradient":""},"tablet":{"background-color":"var(--ast-global-color-5)","background-image":"","background-repeat":"repeat","background-position":"center center","background-size":"auto","background-attachment":"scroll","background-type":"","background-media":"","overlay-type":"","overlay-color":"","overlay-opacity":"","overlay-gradient":""},"mobile":{"background-color":"var(--ast-global-color-5)","background-image":"","background-repeat":"repeat","background-position":"center center","background-size":"auto","background-attachment":"scroll","background-type":"","background-media":"","overlay-type":"","overlay-color":"","overlay-opacity":"","overlay-gradient":""}},"footnotes":""},"class_list":["post-8187","page","type-page","status-publish","hentry"],"post_mailing_queue_ids":[],"_links":{"self":[{"href":"https:\/\/serveiseducatius.xtec.cat\/santacolomag\/wp-json\/wp\/v2\/pages\/8187","targetHints":{"allow":["GET"]}}],"collection":[{"href":"https:\/\/serveiseducatius.xtec.cat\/santacolomag\/wp-json\/wp\/v2\/pages"}],"about":[{"href":"https:\/\/serveiseducatius.xtec.cat\/santacolomag\/wp-json\/wp\/v2\/types\/page"}],"author":[{"embeddable":true,"href":"https:\/\/serveiseducatius.xtec.cat\/santacolomag\/wp-json\/wp\/v2\/users\/4"}],"replies":[{"embeddable":true,"href":"https:\/\/serveiseducatius.xtec.cat\/santacolomag\/wp-json\/wp\/v2\/comments?post=8187"}],"version-history":[{"count":4,"href":"https:\/\/serveiseducatius.xtec.cat\/santacolomag\/wp-json\/wp\/v2\/pages\/8187\/revisions"}],"predecessor-version":[{"id":18819,"href":"https:\/\/serveiseducatius.xtec.cat\/santacolomag\/wp-json\/wp\/v2\/pages\/8187\/revisions\/18819"}],"wp:attachment":[{"href":"https:\/\/serveiseducatius.xtec.cat\/santacolomag\/wp-json\/wp\/v2\/media?parent=8187"}],"curies":[{"name":"wp","href":"https:\/\/api.w.org\/{rel}","templated":true}]}}