{"id":8176,"date":"2016-09-07T12:33:51","date_gmt":"2016-09-07T11:33:51","guid":{"rendered":"http:\/\/serveiseducatius.xtec.cat\/santacolomag\/?page_id=8176"},"modified":"2020-06-15T10:27:23","modified_gmt":"2020-06-15T08:27:23","slug":"full-informatiu-juny-2020","status":"publish","type":"page","link":"https:\/\/serveiseducatius.xtec.cat\/santacolomag\/full-informatiu-juny-2020\/","title":{"rendered":"Full informatiu. Juny 2020"},"content":{"rendered":"<header class=\"entry-header\">\n<header class=\"entry-header\">\n<header class=\"entry-header\">\n<h3 class=\"entry-title\"><a href=\"https:\/\/serveiseducatius.xtec.cat\/santacolomag\/general\/formacio-destiu-2020\/\">Formaci\u00f3 d\u2019estiu 2020<\/a><\/h3>\n<\/header>\n<div class=\"entry-content\">\n<p><img loading=\"lazy\" decoding=\"async\" class=\"alignleft size-thumbnail wp-image-9522\" src=\"https:\/\/serveiseducatius.xtec.cat\/santacolomag\/wp-content\/uploads\/usu1183\/2017\/05\/estiu-150x150.jpg\" alt=\"\" width=\"150\" height=\"150\" \/><\/p>\n<p>&nbsp;<\/p>\n<p>Cursos i activitats de formaci\u00f3 per al professorat organitzada per diferents institucions.<br \/>\nFormaci\u00f3 Departament d&#8217;Educaci\u00f3, Escoles d&#8217;Estiu, Universitats&#8230;<\/p>\n<\/div>\n<\/header>\n<\/header>\n<p>&nbsp;<\/p>\n<header class=\"entry-header\">\n<div class=\"entry-content\">\n<div class=\"entry-content\"><\/div>\n<hr \/>\n<\/div>\n<\/header>\n<header class=\"entry-header\"><\/header>\n<header class=\"entry-header\"><\/header>\n<div class=\"entry-content\">\n<header class=\"entry-header\">\n<header class=\"entry-header\">\n<h3 class=\"entry-title\"><a href=\"https:\/\/serveiseducatius.xtec.cat\/santacolomag\/general\/butlleti-de-juny-2020-banc-de-recursos-la-lectura-font-de-plaer-i-de-coneixement\/\">Banc de Recursos. La lectura font de plaer i de coneixement. Juny 2020<\/a><\/h3>\n<\/header>\n<div class=\"entry-content\">\n<h6><a href=\"https:\/\/serveiseducatius.xtec.cat\/santacolomag\/wp-content\/uploads\/usu1183\/2016\/12\/banc-recursos.png\"><img loading=\"lazy\" decoding=\"async\" class=\"alignleft wp-image-8710\" src=\"https:\/\/serveiseducatius.xtec.cat\/santacolomag\/wp-content\/uploads\/usu1183\/2016\/12\/banc-recursos.png\" alt=\"\" width=\"151\" height=\"101\" \/><\/a><\/h6>\n<h6><strong><br \/>\n<a href=\"https:\/\/sites.google.com\/a\/xtec.cat\/butlleti-bdr\/\" target=\"_blank\" rel=\"noopener noreferrer\">Nou butllet\u00ed digital del BDR<\/a>,<\/strong> el Banc de recursos: la lectura font de plaer i de coneixement.<\/h6>\n<p>Recull les novetats relacionades amb la lectura, en tot el seu abast, incorporades al\u00a0<a href=\"http:\/\/serveiseducatius.xtec.cat\/bdrlectura\/\" target=\"_blank\" rel=\"noopener noreferrer\">web <strong>del<\/strong> BDR<\/a><\/p>\n<\/div>\n<\/header>\n<\/div>\n<hr \/>\n<h3><a href=\"https:\/\/serveiseducatius.xtec.cat\/santacolomag\/general\/convocatoria-extraordinaria-de-programes-dinnovacio-pedagogica\/\">Programes d\u2019innovaci\u00f3 pedag\u00f2gica<\/a><\/h3>\n<p class=\"entry-content\"><a href=\"https:\/\/serveiseducatius.xtec.cat\/santacolomag\/wp-content\/uploads\/usu1183\/2020\/06\/Screenshot_1.jpg\"><img loading=\"lazy\" decoding=\"async\" class=\"alignleft size-thumbnail wp-image-14045\" src=\"https:\/\/serveiseducatius.xtec.cat\/santacolomag\/wp-content\/uploads\/usu1183\/2020\/06\/Screenshot_1-150x150.jpg\" alt=\"\" width=\"150\" height=\"150\" \/><\/a>Del 4 de juny al 31 de juliol,\u00a0 un nou termini perqu\u00e8 els centres educatius puguin participin en<br \/>\nProgrames d\u2019innovaci\u00f3 pedag\u00f2gica. S\u2019oferta la participaci\u00f3 en\u00a0<strong>11 programes d\u2019innovaci\u00f3 pedag\u00f2gica<\/strong><\/p>\n<p>&nbsp;<\/p>\n<hr \/>\n<h3 class=\"entry-content\"><a href=\"https:\/\/serveiseducatius.xtec.cat\/santacolomag\/general\/acompanyament-emocional\/\">Acompanyament emocional<\/a><\/h3>\n<header class=\"entry-header\"><\/header>\n<div class=\"entry-content\">\n<p><a href=\"https:\/\/serveiseducatius.xtec.cat\/santacolomag\/wp-content\/uploads\/usu1183\/2020\/06\/2016_ATELIER_Olga_Llibre-dartista-5-1024x722.jpg\"><img loading=\"lazy\" decoding=\"async\" class=\"alignleft size-thumbnail wp-image-14036\" src=\"https:\/\/serveiseducatius.xtec.cat\/santacolomag\/wp-content\/uploads\/usu1183\/2020\/06\/2016_ATELIER_Olga_Llibre-dartista-5-1024x722-150x150.jpg\" alt=\"\" width=\"150\" height=\"150\" \/><\/a><\/p>\n<p>Selecci\u00f3 de recursos per poder acompanyar emocionalment l\u2019alumnat i crear espai per treballar el benestar emocional.<\/p>\n<p><strong><a href=\"http:\/\/xtec.gencat.cat\/ca\/recursos\/orientacions-atendre-emocions-alumnat\/\">Orientacions per atendre les emocions de l\u2019alumnat<\/a><br \/>\n<\/strong><a href=\"http:\/\/xtec.gencat.cat\/ca\/recursos\/orientacions-atendre-emocions-alumnat\/neuroeducacio\/\"><strong>Neuroeducaci\u00f3; <\/strong><\/a><strong><a href=\"http:\/\/xtec.gencat.cat\/ca\/comunitat\/salutescola\/psec\/benestaremocional\">XTEC.<br \/>\nBenestar emocional: equilibri emocional&#8230;<\/a><\/strong><\/p>\n<\/div>\n<header class=\"entry-header\">\n<hr \/>\n<h3 class=\"entry-title\"><a href=\"https:\/\/serveiseducatius.xtec.cat\/santacolomag\/portada\/ciencia-escolar-en-temps-de-pandemia\/\">Ci\u00e8ncia escolar en temps de pand\u00e8mia<\/a><\/h3>\n<p><span class=\"entry-date\">\u00a0<\/span><\/p>\n<\/header>\n<div class=\"entry-content\">\n<p><a href=\"https:\/\/serveiseducatius.xtec.cat\/santacolomag\/wp-content\/uploads\/usu1183\/2020\/06\/bola-mundo-hinchable-e1591632903337.jpg\"><img loading=\"lazy\" decoding=\"async\" class=\"alignleft wp-image-14163\" src=\"https:\/\/serveiseducatius.xtec.cat\/santacolomag\/wp-content\/uploads\/usu1183\/2020\/06\/bola-mundo-hinchable-300x174.jpg\" alt=\"\" width=\"193\" height=\"112\" \/><\/a><span style=\"font-size: 14pt;\"><a href=\"https:\/\/youtu.be\/EwBpSu24Rzs\"><strong>V\u00eddeo<\/strong><\/a> <span style=\"font-size: 12pt;\">amb<\/span><\/span><span style=\"font-size: 12pt;\">\u00a0<\/span>les bases per fer ci\u00e8ncia escolar, amb orientacions sobre activitats i preguntes per conduir<br \/>\nla indagaci\u00f3 cient\u00edfica a educaci\u00f3 prim\u00e0ria. Amb <strong>Conxita M\u00e0rquez<\/strong>\u00a0i a la\u00a0<strong>Vict\u00f2ria Carb\u00f3<\/strong>,<br \/>\nmembres de l\u2019equip de treball de did\u00e0ctica de la ci\u00e8ncia de l\u2019ICE de la UAB \u00a0<a href=\"https:\/\/blogs.uab.cat\/ice-equipdocent\/2020\/06\/04\/apunts-per-a-una-educacio-confinada-ciencia-escolar-en-temps-de-pandemia\/\">Educaci\u00f3 Confinada<\/a><\/p>\n<hr \/>\n<\/div>\n<header class=\"entry-header\">\n<h3 class=\"entry-title\"><a href=\"https:\/\/serveiseducatius.xtec.cat\/santacolomag\/general\/videoclips-sobre-el-canvi-urbanistic-viscut-per-dones-de-la-santa-coloma-dels-anys-60-i-70\/\">Videos. Canvi urban\u00edstic viscut per dones de la Santa Coloma dels anys 60 i 70<\/a><\/h3>\n<\/header>\n<div class=\"entry-content\">\n<p><img loading=\"lazy\" decoding=\"async\" class=\"wp-image-14261 size-full alignleft\" src=\"https:\/\/serveiseducatius.xtec.cat\/santacolomag\/wp-content\/uploads\/usu1183\/2020\/06\/Screenshot3-e1591809823463.png\" alt=\"\" width=\"250\" height=\"141\" \/><\/p>\n<p>Els videoclips que publiquem per primera vegada s\u00f3n una s\u00edntesi del Banc de Mem\u00f2ria Oral que es va dur a terme sobre el canvi urban\u00edstic viscut per una trentena de dones de la Santa Coloma dels anys 60 i 70.<\/p>\n<p>S\u00f3n de curta durada sobre: <strong><a href=\"https:\/\/drive.google.com\/file\/d\/1cRkGYYvv7UoOwCTkfMhqejDfilR4o69b\/view\" target=\"_blank\" rel=\"noopener noreferrer\">Urbanisme: carrers; <\/a><\/strong><strong><a href=\"https:\/\/drive.google.com\/file\/d\/1JrTLx_bJzz4pF0_LqrjhcUjT_rJI3gYP\/view\" target=\"_blank\" rel=\"noopener noreferrer\">Ensenyament: escoleS, <\/a><\/strong><strong><a href=\"https:\/\/drive.google.com\/file\/d\/1-udjnJM11eABG-qr9yMuNqjOGQH-GEvf\/view\" target=\"_blank\" rel=\"noopener noreferrer\">Comer\u00e7: mercats i botigues;\u00a0<\/a><\/strong><strong><a href=\"https:\/\/drive.google.com\/file\/d\/14S5cBLZXc8vT9EPD-0DJVrjFdSQoPrLr\/view\" target=\"_blank\" rel=\"noopener noreferrer\">Transports: autobusos<\/a><\/strong><\/p>\n<p>&nbsp;<\/p>\n<\/div>\n<div class=\"entry-content\">\n<div class=\"entry-content\">\n<div class=\"entry-content\"><\/div>\n<\/div>\n<\/div>\n","protected":false},"excerpt":{"rendered":"<p>Formaci\u00f3 d\u2019estiu 2020 &nbsp; Cursos i activitats de formaci\u00f3 per al professorat organitzada per diferents institucions. Formaci\u00f3 Departament d&#8217;Educaci\u00f3, Escoles [&hellip;]<\/p>\n","protected":false},"author":4,"featured_media":0,"parent":0,"menu_order":0,"comment_status":"closed","ping_status":"closed","template":"","meta":{"_bbp_topic_count":0,"_bbp_reply_count":0,"_bbp_total_topic_count":0,"_bbp_total_reply_count":0,"_bbp_voice_count":0,"_bbp_anonymous_reply_count":0,"_bbp_topic_count_hidden":0,"_bbp_reply_count_hidden":0,"_bbp_forum_subforum_count":0,"site-sidebar-layout":"default","site-content-layout":"","ast-site-content-layout":"","site-content-style":"default","site-sidebar-style":"default","ast-global-header-display":"","ast-banner-title-visibility":"","ast-main-header-display":"","ast-hfb-above-header-display":"","ast-hfb-below-header-display":"","ast-hfb-mobile-header-display":"","site-post-title":"","ast-breadcrumbs-content":"","ast-featured-img":"","footer-sml-layout":"","theme-transparent-header-meta":"","adv-header-id-meta":"","stick-header-meta":"","header-above-stick-meta":"","header-main-stick-meta":"","header-below-stick-meta":"","astra-migrate-meta-layouts":"default","ast-page-background-enabled":"default","ast-page-background-meta":{"desktop":{"background-color":"var(--ast-global-color-4)","background-image":"","background-repeat":"repeat","background-position":"center center","background-size":"auto","background-attachment":"scroll","background-type":"","background-media":"","overlay-type":"","overlay-color":"","overlay-opacity":"","overlay-gradient":""},"tablet":{"background-color":"","background-image":"","background-repeat":"repeat","background-position":"center center","background-size":"auto","background-attachment":"scroll","background-type":"","background-media":"","overlay-type":"","overlay-color":"","overlay-opacity":"","overlay-gradient":""},"mobile":{"background-color":"","background-image":"","background-repeat":"repeat","background-position":"center center","background-size":"auto","background-attachment":"scroll","background-type":"","background-media":"","overlay-type":"","overlay-color":"","overlay-opacity":"","overlay-gradient":""}},"ast-content-background-meta":{"desktop":{"background-color":"var(--ast-global-color-5)","background-image":"","background-repeat":"repeat","background-position":"center center","background-size":"auto","background-attachment":"scroll","background-type":"","background-media":"","overlay-type":"","overlay-color":"","overlay-opacity":"","overlay-gradient":""},"tablet":{"background-color":"var(--ast-global-color-5)","background-image":"","background-repeat":"repeat","background-position":"center center","background-size":"auto","background-attachment":"scroll","background-type":"","background-media":"","overlay-type":"","overlay-color":"","overlay-opacity":"","overlay-gradient":""},"mobile":{"background-color":"var(--ast-global-color-5)","background-image":"","background-repeat":"repeat","background-position":"center center","background-size":"auto","background-attachment":"scroll","background-type":"","background-media":"","overlay-type":"","overlay-color":"","overlay-opacity":"","overlay-gradient":""}},"footnotes":""},"class_list":["post-8176","page","type-page","status-publish","hentry"],"post_mailing_queue_ids":[],"_links":{"self":[{"href":"https:\/\/serveiseducatius.xtec.cat\/santacolomag\/wp-json\/wp\/v2\/pages\/8176","targetHints":{"allow":["GET"]}}],"collection":[{"href":"https:\/\/serveiseducatius.xtec.cat\/santacolomag\/wp-json\/wp\/v2\/pages"}],"about":[{"href":"https:\/\/serveiseducatius.xtec.cat\/santacolomag\/wp-json\/wp\/v2\/types\/page"}],"author":[{"embeddable":true,"href":"https:\/\/serveiseducatius.xtec.cat\/santacolomag\/wp-json\/wp\/v2\/users\/4"}],"replies":[{"embeddable":true,"href":"https:\/\/serveiseducatius.xtec.cat\/santacolomag\/wp-json\/wp\/v2\/comments?post=8176"}],"version-history":[{"count":4,"href":"https:\/\/serveiseducatius.xtec.cat\/santacolomag\/wp-json\/wp\/v2\/pages\/8176\/revisions"}],"predecessor-version":[{"id":14341,"href":"https:\/\/serveiseducatius.xtec.cat\/santacolomag\/wp-json\/wp\/v2\/pages\/8176\/revisions\/14341"}],"wp:attachment":[{"href":"https:\/\/serveiseducatius.xtec.cat\/santacolomag\/wp-json\/wp\/v2\/media?parent=8176"}],"curies":[{"name":"wp","href":"https:\/\/api.w.org\/{rel}","templated":true}]}}