{"id":8161,"date":"2016-09-07T11:29:30","date_gmt":"2016-09-07T10:29:30","guid":{"rendered":"http:\/\/serveiseducatius.xtec.cat\/santacolomag\/?page_id=8161"},"modified":"2021-11-05T11:45:15","modified_gmt":"2021-11-05T10:45:15","slug":"espai-tictac","status":"publish","type":"page","link":"https:\/\/serveiseducatius.xtec.cat\/santacolomag\/recursos\/espai-tictac\/","title":{"rendered":"Cultura digital i tecnologies educatives"},"content":{"rendered":"<table class=\"sites-layout-name-two-column sites-layout-hbox\" style=\"width: 90.7453%;\" cellspacing=\"0\">\n<tbody>\n<tr style=\"height: 675px;\">\n<td style=\"height: 675px; vertical-align: top; width: 48.5136%;\">\n<div>\n<div><img loading=\"lazy\" decoding=\"async\" class=\"wp-image-16700 alignnone\" src=\"https:\/\/serveiseducatius.xtec.cat\/santacolomag\/wp-content\/uploads\/usu1183\/2021\/09\/XTCD_noulogo-e1631874808711.jpg\" alt=\"\" width=\"151\" height=\"86\" \/><\/div>\n<\/div>\n<p>&nbsp;<\/p>\n<p><a href=\"https:\/\/projectes.xtec.cat\/xtcd\/\" target=\"_blank\" rel=\"noopener\">La Xarxa Territorial de Cultura Digital<\/a> es divideix en tres subxarxes amb destinataris espec\u00edfics:<\/p>\n<ul>\n<li><a href=\"https:\/\/projectes.xtec.cat\/xtcd\/competencia-digital-docent\/\">La subxarxa de compet\u00e8ncia digital docent<\/a> destinada al professorat en general que vulgui millorar la seva compet\u00e8ncia digital com a docent. <a href=\"https:\/\/comunitat.edigital.cat\/c\/cdd\/129\">NUS<\/a> (espai de f\u00f2rums) de la subxarxa<\/li>\n<li><a href=\"https:\/\/projectes.xtec.cat\/xtcd\/coordinacio-digital-de-centre\/\">La subxarxa de coordinaci\u00f3 de cultura digital<\/a> destinada al professorat que \u00e9s coordinador\/a digital de centre. <a href=\"https:\/\/projectes.xtec.cat\/coordinaciodigital\/\">Web de refer\u00e8ncia<\/a> i <a href=\"https:\/\/comunitat.edigital.cat\/c\/coordinacio-digital\/105\/none\">NUS<\/a> de la subxarxa<\/li>\n<li><a href=\"https:\/\/projectes.xtec.cat\/xtcd\/estrategia-digital-de-centre\/\">La subxarxa d&#8217;estrat\u00e8gia digital de centre<\/a> destinada al professorat fonamentalment de la comissi\u00f3 digital de centre que estigui preparant l&#8217;estrat\u00e8gia digital del seu centre. <a href=\"https:\/\/projectes.xtec.cat\/edc-suport\/\">Web de refer\u00e8ncia<\/a> i <a href=\"https:\/\/comunitat.edigital.cat\/c\/mentors-digitals\/114\">NUS<\/a><\/li>\n<\/ul>\n<div>\n<p class=\"NG-menu__title\"><a href=\"https:\/\/educacio.gencat.cat\/ca\/departament\/linies-estrategiques\/pla-educacio-digital\/\">Pla d&#8217;educaci\u00f3 digital de Catalunya (PEDC) <\/a>El Pla d&#8217;educaci\u00f3 digital de Catalunya 2020-2023 t\u00e9 com a objectiu contribuir al desenvolupament de les compet\u00e8ncies digitals que els ciutadans i les ciutadanes necessiten per viure i treballar en una societat caracteritzada per les transformacions i els canvis accelerats derivats de les mateixes tecnologies.<\/p>\n<ul>\n<li><a href=\"https:\/\/projectes.xtec.cat\/edc\/\">El projecte d&#8217;acceleraci\u00f3 digital <\/a>Dins del marc del\u00a0<a href=\"http:\/\/educacio.gencat.cat\/ca\/departament\/publicacions\/colleccions\/pla-educacio-digital\/pla-educacio-digital\/\" target=\"_blank\" rel=\"noopener noreferrer\">Pla d\u2019educaci\u00f3 digital de Catalunya<\/a>, el projecte d\u2019acceleraci\u00f3 de la transformaci\u00f3 digital dels centres educatius desplega les intervencions referides a connectivitats, equipaments d\u2019alumnat i equipaments del professorat durant el curs 2021-22.<\/li>\n<li>Acc\u00e9s a l&#8217;<a href=\"https:\/\/pladigitalcentres.educacio.gencat.cat\/ca\/Account\/Login\">INDIC<\/a> (Inventari digital de centre) \u00c9s l&#8217;aplicaci\u00f3 per a la gesti\u00f3 dels equips inform\u00e0tics desplegats als centres educatius<\/li>\n<\/ul>\n<p><a href=\"http:\/\/xtec.gencat.cat\/ca\/formacio\/formaciogeneralprofessorat\/cultura-digital\/planificacio-oferta-formativa-modalitats\/\">La form<\/a><a href=\"http:\/\/xtec.gencat.cat\/ca\/formacio\/formaciogeneralprofessorat\/cultura-digital\/planificacio-oferta-formativa-modalitats\/\">aci\u00f3 TAC del departament<\/a><\/p>\n<\/div>\n<p>&nbsp;<\/p>\n<p><span style=\"font-family: helvetica, arial, sans-serif; font-size: 12pt;\"><a style=\"color: #2795b6;\" href=\"https:\/\/serveiseducatius.xtec.cat\/santacolomag\/faqs-centres-en-linia\/\">Les preguntes freq\u00fcents d&#8217;\u00e0mbit TAC\u00a0<\/a>(web del CRP)<\/span><\/p>\n<p><img loading=\"lazy\" decoding=\"async\" class=\"size-full wp-image-13862 alignleft\" style=\"font-family: inherit; font-size: 0.875em;\" src=\"https:\/\/serveiseducatius.xtec.cat\/santacolomag\/wp-content\/uploads\/usu1183\/2020\/05\/Captura-de-pantalla-2020-05-21-a-les-12.25.44.png\" alt=\"\" width=\"200\" height=\"113\" \/><\/td>\n<td style=\"height: 675px; width: 85.5625%; vertical-align: middle;\"><strong style=\"font-family: inherit; font-size: 1em;\">Recursos<\/strong><\/p>\n<div dir=\"ltr\">\n<div>\n<ul>\n<li><a href=\"https:\/\/serveiseducatius.xtec.cat\/santacolomag\/recursos\/espai-tictac\/seleccio-de-recursos-tac\/\">Recursos per temes:<\/a> PDI, la meva XTEC, blocs i moodle, presentacions digitals, internet segura i altres<\/li>\n<li><a href=\"https:\/\/sites.google.com\/xtec.cat\/recursosdigitalsperensenyarapr\/p%C3%A0gina-principal\" target=\"_blank\" rel=\"noopener noreferrer\">Recursos flash<br \/>\nconvertits a HTML5<\/a><\/li>\n<li><a href=\"https:\/\/twitter.com\/Manu___Velasco\/status\/1432248673744871424\" target=\"_blank\" rel=\"noopener\">53 infografies a<\/a><span style=\"color: #2795b6;\"><a style=\"color: #2795b6;\" href=\"https:\/\/sites.google.com\/xtec.cat\/recursosdigitalsperensenyarapr\/p%C3%A0gina-principal\" target=\"_blank\" rel=\"noopener noreferrer\"><img loading=\"lazy\" decoding=\"async\" class=\"alignright\" src=\"https:\/\/proxy.duckduckgo.com\/iu\/?u=https%3A%2F%2Fpbs.twimg.com%2Fprofile_images%2F884300756421140480%2F06JvWa-4.jpg&amp;f=1\" width=\"88\" height=\"88\" \/><\/a><\/span><a style=\"font-family: inherit; font-size: 1em;\" href=\"https:\/\/twitter.com\/Manu___Velasco\/status\/1432248673744871424\" target=\"_blank\" rel=\"noopener\">mb recursos TIC per a docents<\/a><\/li>\n<li><a href=\"http:\/\/serveiseducatius.xtec.cat\/santacolomag\/recursos-en-linia\/\" target=\"_blank\" rel=\"noopener noreferrer\">Recursos en l\u00ednia <\/a>(web CRP Santa Coloma)<\/li>\n<li><a href=\"http:\/\/www.xtec.cat\/web\/recursos\/tecinformacio\" target=\"_blank\" rel=\"nofollow noopener noreferrer\">Recursos. Tecnologia de la informaci\u00f3<\/a>\u00a0(XTEC)<\/li>\n<li><a style=\"font-family: inherit; font-size: 1em;\" href=\"http:\/\/ateneu.xtec.cat\/wikiform\/wikiexport\/cursos\/index\" target=\"_blank\" rel=\"nofollow noopener noreferrer\">Ateneu<\/a><span style=\"font-family: inherit; font-size: 1em;\">\u00a0Materials i recursos per a la formaci\u00f3 (XTEC)<\/span><\/li>\n<li><a href=\"https:\/\/sites.google.com\/site\/webquestcathome\/home\" target=\"_blank\" rel=\"nofollow noopener noreferrer\">Comunitat Catalana de WebQuest<\/a><\/li>\n<li><a href=\"http:\/\/ensenyament.gencat.cat\/ca\/departament\/publicacions\/colleccions\/competencies-basiques\/primaria\/ambit-digital\/\" target=\"_blank\" rel=\"nofollow noopener noreferrer\">Compet\u00e8ncies b\u00e0siques de l&#8217;\u00e0mbit digital (Prim\u00e0ria)<\/a><\/li>\n<li><a href=\"http:\/\/ensenyament.gencat.cat\/ca\/departament\/publicacions\/colleccions\/competencies-basiques\/eso\/ambit-digital\/\">Compet\u00e8ncies b\u00e0siques de l&#8217;\u00e0mbit digital (Secund\u00e0ria)<\/a><\/li>\n<li><a href=\"https:\/\/serveiseducatius.xtec.cat\/santacolomag\/tallers-tac-en-centre\/\">Monogr\u00e0fics TAC<\/a><\/li>\n<\/ul>\n<\/div>\n<div>\n<p><strong>Xarxes de treball<\/strong><\/p>\n<div>\n<ul>\n<li><a href=\"http:\/\/www.iearn.cat\/\" target=\"_blank\" rel=\"nofollow noopener noreferrer\">iEARN Pangea<\/a><\/li>\n<li><a href=\"http:\/\/linkat.xtec.cat\/portal\/index.php\" target=\"_blank\" rel=\"nofollow noopener noreferrer\">Linkat\u00a0\u00a0Programari Lliure<\/a><\/li>\n<li><a href=\"http:\/\/www.softcatala.org\/\" target=\"_blank\" rel=\"nofollow noopener noreferrer\">Softcatal\u00e0\u00a0\u00a0Programari en catal\u00e0<\/a><\/li>\n<\/ul>\n<\/div>\n<p><img loading=\"lazy\" decoding=\"async\" class=\"alignnone \" src=\"https:\/\/proxy.duckduckgo.com\/iu\/?u=https%3A%2F%2Fpbs.twimg.com%2Fprofile_images%2F852859236%2FiEARN_Pangea_carta_fons_blanc_400x400.jpg&amp;f=1\" width=\"105\" height=\"105\" \/>\u00a0 \u00a0 \u00a0 \u00a0 \u00a0 \u00a0 \u00a0 \u00a0 \u00a0\u00a0<img loading=\"lazy\" decoding=\"async\" class=\"alignnone \" src=\"https:\/\/proxy.duckduckgo.com\/iu\/?u=http%3A%2F%2Fwww.servtelecom.com%2Fwp-content%2Fuploads%2F2013%2F10%2FLinkat.jpg&amp;f=1\" width=\"137\" height=\"91\" \/>\u00a0 \u00a0 \u00a0\u00a0 \u00a0 \u00a0 \u00a0 \u00a0 \u00a0<img loading=\"lazy\" decoding=\"async\" class=\"alignnone \" src=\"https:\/\/proxy.duckduckgo.com\/iu\/?u=https%3A%2F%2Fwww.softcatala.org%2Fuploads%2F2016%2F03%2Fsoftcatala.png&amp;f=1\" width=\"99\" height=\"99\" \/><\/p>\n<\/div>\n<\/div>\n<\/td>\n<\/tr>\n<\/tbody>\n<\/table>\n<p>&nbsp;<\/p>\n","protected":false},"excerpt":{"rendered":"<p>&nbsp; La Xarxa Territorial de Cultura Digital es divideix en tres subxarxes amb destinataris espec\u00edfics: La subxarxa de compet\u00e8ncia digital [&hellip;]<\/p>\n","protected":false},"author":4,"featured_media":0,"parent":906,"menu_order":0,"comment_status":"closed","ping_status":"closed","template":"","meta":{"_bbp_topic_count":0,"_bbp_reply_count":0,"_bbp_total_topic_count":0,"_bbp_total_reply_count":0,"_bbp_voice_count":0,"_bbp_anonymous_reply_count":0,"_bbp_topic_count_hidden":0,"_bbp_reply_count_hidden":0,"_bbp_forum_subforum_count":0,"site-sidebar-layout":"default","site-content-layout":"","ast-site-content-layout":"","site-content-style":"default","site-sidebar-style":"default","ast-global-header-display":"","ast-banner-title-visibility":"","ast-main-header-display":"","ast-hfb-above-header-display":"","ast-hfb-below-header-display":"","ast-hfb-mobile-header-display":"","site-post-title":"","ast-breadcrumbs-content":"","ast-featured-img":"","footer-sml-layout":"","theme-transparent-header-meta":"","adv-header-id-meta":"","stick-header-meta":"","header-above-stick-meta":"","header-main-stick-meta":"","header-below-stick-meta":"","astra-migrate-meta-layouts":"default","ast-page-background-enabled":"default","ast-page-background-meta":{"desktop":{"background-color":"var(--ast-global-color-4)","background-image":"","background-repeat":"repeat","background-position":"center center","background-size":"auto","background-attachment":"scroll","background-type":"","background-media":"","overlay-type":"","overlay-color":"","overlay-opacity":"","overlay-gradient":""},"tablet":{"background-color":"","background-image":"","background-repeat":"repeat","background-position":"center center","background-size":"auto","background-attachment":"scroll","background-type":"","background-media":"","overlay-type":"","overlay-color":"","overlay-opacity":"","overlay-gradient":""},"mobile":{"background-color":"","background-image":"","background-repeat":"repeat","background-position":"center center","background-size":"auto","background-attachment":"scroll","background-type":"","background-media":"","overlay-type":"","overlay-color":"","overlay-opacity":"","overlay-gradient":""}},"ast-content-background-meta":{"desktop":{"background-color":"var(--ast-global-color-5)","background-image":"","background-repeat":"repeat","background-position":"center center","background-size":"auto","background-attachment":"scroll","background-type":"","background-media":"","overlay-type":"","overlay-color":"","overlay-opacity":"","overlay-gradient":""},"tablet":{"background-color":"var(--ast-global-color-5)","background-image":"","background-repeat":"repeat","background-position":"center center","background-size":"auto","background-attachment":"scroll","background-type":"","background-media":"","overlay-type":"","overlay-color":"","overlay-opacity":"","overlay-gradient":""},"mobile":{"background-color":"var(--ast-global-color-5)","background-image":"","background-repeat":"repeat","background-position":"center center","background-size":"auto","background-attachment":"scroll","background-type":"","background-media":"","overlay-type":"","overlay-color":"","overlay-opacity":"","overlay-gradient":""}},"footnotes":""},"class_list":["post-8161","page","type-page","status-publish","hentry"],"post_mailing_queue_ids":[],"_links":{"self":[{"href":"https:\/\/serveiseducatius.xtec.cat\/santacolomag\/wp-json\/wp\/v2\/pages\/8161","targetHints":{"allow":["GET"]}}],"collection":[{"href":"https:\/\/serveiseducatius.xtec.cat\/santacolomag\/wp-json\/wp\/v2\/pages"}],"about":[{"href":"https:\/\/serveiseducatius.xtec.cat\/santacolomag\/wp-json\/wp\/v2\/types\/page"}],"author":[{"embeddable":true,"href":"https:\/\/serveiseducatius.xtec.cat\/santacolomag\/wp-json\/wp\/v2\/users\/4"}],"replies":[{"embeddable":true,"href":"https:\/\/serveiseducatius.xtec.cat\/santacolomag\/wp-json\/wp\/v2\/comments?post=8161"}],"version-history":[{"count":4,"href":"https:\/\/serveiseducatius.xtec.cat\/santacolomag\/wp-json\/wp\/v2\/pages\/8161\/revisions"}],"predecessor-version":[{"id":16960,"href":"https:\/\/serveiseducatius.xtec.cat\/santacolomag\/wp-json\/wp\/v2\/pages\/8161\/revisions\/16960"}],"up":[{"embeddable":true,"href":"https:\/\/serveiseducatius.xtec.cat\/santacolomag\/wp-json\/wp\/v2\/pages\/906"}],"wp:attachment":[{"href":"https:\/\/serveiseducatius.xtec.cat\/santacolomag\/wp-json\/wp\/v2\/media?parent=8161"}],"curies":[{"name":"wp","href":"https:\/\/api.w.org\/{rel}","templated":true}]}}