{"id":338,"date":"2015-11-24T18:40:49","date_gmt":"2015-11-24T17:40:49","guid":{"rendered":"http:\/\/serveiseducatius.xtec.cat\/santacolomag\/?page_id=338"},"modified":"2023-10-13T09:19:54","modified_gmt":"2023-10-13T07:19:54","slug":"centres-educatius","status":"publish","type":"page","link":"https:\/\/serveiseducatius.xtec.cat\/santacolomag\/comunitat\/centres-educatius\/","title":{"rendered":"Centres educatius"},"content":{"rendered":"<p style=\"text-align: justify;\">A Santa Coloma de Gramenet hi ha 21 centres p\u00fablics d&#8217;educaci\u00f3 infantil i prim\u00e0ria (escoles), 9 centres p\u00fablics d&#8217;educaci\u00f3 secund\u00e0ria, batxillerat i formaci\u00f3 professional (instituts), 2 instituts escola, 8 centres privats-concertats d&#8217;educaci\u00f3 prim\u00e0ria i secund\u00e0ria, 1 centre p\u00fablic d&#8217;educaci\u00f3 especial, 2 centres de formaci\u00f3 d&#8217;adults, 1 escola oficial d&#8217;idiomes, 8 escoles bressol p\u00fabliques (municipals) i 4 escoles bressol privades.<\/p>\n<ul>\n<li><a href=\"http:\/\/serveiseducatius.xtec.cat\/santacolomag\/comunitat\/centres-educatius\/escoles-bressol-2\/\" target=\"_blank\" rel=\"noopener noreferrer\">Escoles bressol <\/a><\/li>\n<li><a href=\"http:\/\/serveiseducatius.xtec.cat\/santacolomag\/comunitat\/centres-educatius\/centres-ded-infantil-i-primaria\/\" target=\"_blank\" rel=\"noopener noreferrer\">Escoles\u00a0<\/a><\/li>\n<li><a href=\"http:\/\/serveiseducatius.xtec.cat\/santacolomag\/comunitat\/centres-educatius\/instituts\/\" target=\"_blank\" rel=\"noopener noreferrer\">Instituts<\/a><\/li>\n<li><a href=\"https:\/\/serveiseducatius.xtec.cat\/santacolomag\/comunitat\/centres-educatius\/institut-escola\/\" target=\"_blank\" rel=\"noopener noreferrer\">Instituts escola<\/a><\/li>\n<li><a href=\"https:\/\/agora.xtec.cat\/cee-josepsol\/\" target=\"_blank\" rel=\"nofollow noopener noreferrer\">Centre d&#8217;educaci\u00f3 especial Josep Sol<\/a><\/li>\n<li><a href=\"http:\/\/serveiseducatius.xtec.cat\/santacolomag\/comunitat\/centres-educatius\/centres-concertats\/\" target=\"_blank\" rel=\"noopener noreferrer\">Centres concertats<\/a><\/li>\n<li><a href=\"http:\/\/www.eoisantacoloma.org\/\" target=\"_blank\" rel=\"nofollow noopener noreferrer\">Escola Oficial d&#8217;Idiomes<\/a><\/li>\n<li><a href=\"http:\/\/serveiseducatius.xtec.cat\/santacolomag\/comunitat\/centres-educatius\/centres-de-formacio-dadults\/\" target=\"_blank\" rel=\"noopener noreferrer\">Centres de Formaci\u00f3 d&#8217;adults<\/a><\/li>\n<li><a href=\"http:\/\/www.cpnl.cat\/xarxa\/cnllheura\/\" target=\"_blank\" rel=\"nofollow noopener noreferrer\">Centre de normalitzaci\u00f3 ling\u00fc\u00edstica l&#8217;Heura<\/a><\/li>\n<li><a href=\"https:\/\/www.gramenet.cat\/ajuntament\/arees-municipals\/escola-de-musica\/\" target=\"_blank\" rel=\"noopener noreferrer\">Escola Municipal de M\u00fasica Can Roig i Torres<\/a><em>\u00a0<\/em><br \/>\n<blockquote><p>&nbsp;<\/p>\n<p>\u00c0MBIT UNIVERSITARI<\/p><\/blockquote>\n<ul>\n<li><a href=\"http:\/\/www.ub.edu\/campusalimentacio\/ca\/index.html\" target=\"_blank\" rel=\"nofollow noopener noreferrer\">Campus de l&#8217;Alimentaci\u00f3 de Torribera UB<\/a><\/li>\n<li><a href=\"https:\/\/extension.uned.es\/contacto\/idcentro\/150\" target=\"_blank\" rel=\"nofollow noopener noreferrer\">UNED &#8211; Subcentre de Santa Coloma de Gramenet<\/a><\/li>\n<\/ul>\n<\/li>\n<\/ul>\n","protected":false},"excerpt":{"rendered":"<p>A Santa Coloma de Gramenet hi ha 21 centres p\u00fablics d&#8217;educaci\u00f3 infantil i prim\u00e0ria (escoles), 9 centres p\u00fablics d&#8217;educaci\u00f3 secund\u00e0ria, [&hellip;]<\/p>\n","protected":false},"author":1,"featured_media":0,"parent":341,"menu_order":10,"comment_status":"closed","ping_status":"closed","template":"","meta":{"_bbp_topic_count":0,"_bbp_reply_count":0,"_bbp_total_topic_count":0,"_bbp_total_reply_count":0,"_bbp_voice_count":0,"_bbp_anonymous_reply_count":0,"_bbp_topic_count_hidden":0,"_bbp_reply_count_hidden":0,"_bbp_forum_subforum_count":0,"site-sidebar-layout":"default","site-content-layout":"","ast-site-content-layout":"","site-content-style":"default","site-sidebar-style":"default","ast-global-header-display":"","ast-banner-title-visibility":"","ast-main-header-display":"","ast-hfb-above-header-display":"","ast-hfb-below-header-display":"","ast-hfb-mobile-header-display":"","site-post-title":"","ast-breadcrumbs-content":"","ast-featured-img":"","footer-sml-layout":"","theme-transparent-header-meta":"","adv-header-id-meta":"","stick-header-meta":"","header-above-stick-meta":"","header-main-stick-meta":"","header-below-stick-meta":"","astra-migrate-meta-layouts":"default","ast-page-background-enabled":"default","ast-page-background-meta":{"desktop":{"background-color":"var(--ast-global-color-4)","background-image":"","background-repeat":"repeat","background-position":"center center","background-size":"auto","background-attachment":"scroll","background-type":"","background-media":"","overlay-type":"","overlay-color":"","overlay-opacity":"","overlay-gradient":""},"tablet":{"background-color":"","background-image":"","background-repeat":"repeat","background-position":"center center","background-size":"auto","background-attachment":"scroll","background-type":"","background-media":"","overlay-type":"","overlay-color":"","overlay-opacity":"","overlay-gradient":""},"mobile":{"background-color":"","background-image":"","background-repeat":"repeat","background-position":"center center","background-size":"auto","background-attachment":"scroll","background-type":"","background-media":"","overlay-type":"","overlay-color":"","overlay-opacity":"","overlay-gradient":""}},"ast-content-background-meta":{"desktop":{"background-color":"var(--ast-global-color-5)","background-image":"","background-repeat":"repeat","background-position":"center center","background-size":"auto","background-attachment":"scroll","background-type":"","background-media":"","overlay-type":"","overlay-color":"","overlay-opacity":"","overlay-gradient":""},"tablet":{"background-color":"var(--ast-global-color-5)","background-image":"","background-repeat":"repeat","background-position":"center center","background-size":"auto","background-attachment":"scroll","background-type":"","background-media":"","overlay-type":"","overlay-color":"","overlay-opacity":"","overlay-gradient":""},"mobile":{"background-color":"var(--ast-global-color-5)","background-image":"","background-repeat":"repeat","background-position":"center center","background-size":"auto","background-attachment":"scroll","background-type":"","background-media":"","overlay-type":"","overlay-color":"","overlay-opacity":"","overlay-gradient":""}},"footnotes":""},"class_list":["post-338","page","type-page","status-publish","hentry"],"post_mailing_queue_ids":[],"_links":{"self":[{"href":"https:\/\/serveiseducatius.xtec.cat\/santacolomag\/wp-json\/wp\/v2\/pages\/338","targetHints":{"allow":["GET"]}}],"collection":[{"href":"https:\/\/serveiseducatius.xtec.cat\/santacolomag\/wp-json\/wp\/v2\/pages"}],"about":[{"href":"https:\/\/serveiseducatius.xtec.cat\/santacolomag\/wp-json\/wp\/v2\/types\/page"}],"author":[{"embeddable":true,"href":"https:\/\/serveiseducatius.xtec.cat\/santacolomag\/wp-json\/wp\/v2\/users\/1"}],"replies":[{"embeddable":true,"href":"https:\/\/serveiseducatius.xtec.cat\/santacolomag\/wp-json\/wp\/v2\/comments?post=338"}],"version-history":[{"count":5,"href":"https:\/\/serveiseducatius.xtec.cat\/santacolomag\/wp-json\/wp\/v2\/pages\/338\/revisions"}],"predecessor-version":[{"id":19792,"href":"https:\/\/serveiseducatius.xtec.cat\/santacolomag\/wp-json\/wp\/v2\/pages\/338\/revisions\/19792"}],"up":[{"embeddable":true,"href":"https:\/\/serveiseducatius.xtec.cat\/santacolomag\/wp-json\/wp\/v2\/pages\/341"}],"wp:attachment":[{"href":"https:\/\/serveiseducatius.xtec.cat\/santacolomag\/wp-json\/wp\/v2\/media?parent=338"}],"curies":[{"name":"wp","href":"https:\/\/api.w.org\/{rel}","templated":true}]}}