{"id":306,"date":"2015-11-24T18:02:44","date_gmt":"2015-11-24T17:02:44","guid":{"rendered":"http:\/\/serveiseducatius.xtec.cat\/santacolomag\/?page_id=306"},"modified":"2023-09-22T13:56:48","modified_gmt":"2023-09-22T11:56:48","slug":"equip","status":"publish","type":"page","link":"https:\/\/serveiseducatius.xtec.cat\/santacolomag\/el-servei-educatiu\/equip\/","title":{"rendered":"Equip"},"content":{"rendered":"<p>El nostre servei educatiu est\u00e0 format per un equip multidisciplinar:<\/p>\n<ul>\n<li><strong>CRP <\/strong>(Centre de recursos pedag\u00f2gics): Donem <strong>suport a l\u2019activitat pedag\u00f2gica dels centres<\/strong> i\u00a0a la tasca docent de mestres i professorat, especialment, en temes de formaci\u00f3 permanent, de recursos pedag\u00f2gics i de dinamitzaci\u00f3 de projectes de centre i de la zona. Podeu consultar les activitats, recursos i not\u00edcies a l&#8217;apartat din\u00e0mic del<a href=\"http:\/\/serveiseducatius.xtec.cat\/santacolomag\/categoria\/crp\/\">\u00a0CRP<\/a>.<\/li>\n<li><strong>EAP <\/strong>(Equip d\u2019assesorament i orientaci\u00f3 psicopedag\u00f2gic)<span class=\"Apple-converted-space\">: Donem<\/span> suport al professorat i als centres educatius en la resposta a la <strong>diversitat de l\u2019alumnat<\/strong> i en relaci\u00f3 als alumnes que presenten <strong>necessitats educatives especials<\/strong>, aix\u00ed com a les seves fam\u00edlies. Podeu consultar les activitats, recursos i not\u00edcies a l&#8217;apartat din\u00e0mic de l&#8217;<a href=\"http:\/\/serveiseducatius.xtec.cat\/santacolomag\/categoria\/eap\/\">EAP<\/a>.<\/li>\n<li><strong>ELIC <\/strong>(Equip d\u2019assessorament i orientaci\u00f3 en llengua, interculturalitat i cohesi\u00f3 social): donem suport al professorat en l\u2019atenci\u00f3 a la diversitat relacionada amb l\u2019alumnat, especialment procedent de la immigraci\u00f3 i\/o amb l\u2019alumnat amb risc d\u2019exclusi\u00f3 social, en l\u2019\u00e0mbit dels centres educatius i els plans educatius d\u2019entorn.\u00a0Podeu consultar les activitats, recursos i not\u00edcies a l&#8217;apartat din\u00e0mic de l&#8217;<a href=\"http:\/\/serveiseducatius.xtec.cat\/santacolomag\/categoria\/elic\/\">ELIC<\/a><\/li>\n<li><b>SERVEI EDUCATIU ESPEC\u00cdFIC\u00a0<\/b> <a href=\"https:\/\/serveiseducatius.xtec.cat\/creda-comarques2\/\">CREDA <\/a>&#8211; (Centre de Recursos Educatius per a la Defici\u00e8ncia Auditiva) Comarques II Santa Coloma de Gramenet. Donem suport als centres educatius en l\u2019adequaci\u00f3 a les necessitats especials de l\u2019alumnat amb greus dificultats d\u2019audici\u00f3, llenguatge i\/o comunicaci\u00f3 que interfereixen en el seu desenvolupament personal, social i curricular. La nostra intervenci\u00f3 es concreta en tres grans \u00e0mbits: alumnat i fam\u00edlies; centres i professorat; zona educativa.<br \/>\nCorreu electr\u00f2nic: <a href=\"mailto:a8925251@xtec.cat\">a8925251@xtec.cat<\/a><\/li>\n<\/ul>\n<p>&nbsp;<\/p>\n<p>&nbsp;<\/p>\n","protected":false},"excerpt":{"rendered":"<p>El nostre servei educatiu est\u00e0 format per un equip multidisciplinar: CRP (Centre de recursos pedag\u00f2gics): Donem suport a l\u2019activitat pedag\u00f2gica [&hellip;]<\/p>\n","protected":false},"author":1,"featured_media":0,"parent":806,"menu_order":20,"comment_status":"closed","ping_status":"closed","template":"page-templates\/side-menu.php","meta":{"_bbp_topic_count":0,"_bbp_reply_count":0,"_bbp_total_topic_count":0,"_bbp_total_reply_count":0,"_bbp_voice_count":0,"_bbp_anonymous_reply_count":0,"_bbp_topic_count_hidden":0,"_bbp_reply_count_hidden":0,"_bbp_forum_subforum_count":0,"site-sidebar-layout":"default","site-content-layout":"","ast-site-content-layout":"","site-content-style":"default","site-sidebar-style":"default","ast-global-header-display":"","ast-banner-title-visibility":"","ast-main-header-display":"","ast-hfb-above-header-display":"","ast-hfb-below-header-display":"","ast-hfb-mobile-header-display":"","site-post-title":"","ast-breadcrumbs-content":"","ast-featured-img":"","footer-sml-layout":"","theme-transparent-header-meta":"","adv-header-id-meta":"","stick-header-meta":"","header-above-stick-meta":"","header-main-stick-meta":"","header-below-stick-meta":"","astra-migrate-meta-layouts":"default","ast-page-background-enabled":"default","ast-page-background-meta":{"desktop":{"background-color":"var(--ast-global-color-4)","background-image":"","background-repeat":"repeat","background-position":"center center","background-size":"auto","background-attachment":"scroll","background-type":"","background-media":"","overlay-type":"","overlay-color":"","overlay-opacity":"","overlay-gradient":""},"tablet":{"background-color":"","background-image":"","background-repeat":"repeat","background-position":"center center","background-size":"auto","background-attachment":"scroll","background-type":"","background-media":"","overlay-type":"","overlay-color":"","overlay-opacity":"","overlay-gradient":""},"mobile":{"background-color":"","background-image":"","background-repeat":"repeat","background-position":"center center","background-size":"auto","background-attachment":"scroll","background-type":"","background-media":"","overlay-type":"","overlay-color":"","overlay-opacity":"","overlay-gradient":""}},"ast-content-background-meta":{"desktop":{"background-color":"var(--ast-global-color-5)","background-image":"","background-repeat":"repeat","background-position":"center center","background-size":"auto","background-attachment":"scroll","background-type":"","background-media":"","overlay-type":"","overlay-color":"","overlay-opacity":"","overlay-gradient":""},"tablet":{"background-color":"var(--ast-global-color-5)","background-image":"","background-repeat":"repeat","background-position":"center center","background-size":"auto","background-attachment":"scroll","background-type":"","background-media":"","overlay-type":"","overlay-color":"","overlay-opacity":"","overlay-gradient":""},"mobile":{"background-color":"var(--ast-global-color-5)","background-image":"","background-repeat":"repeat","background-position":"center center","background-size":"auto","background-attachment":"scroll","background-type":"","background-media":"","overlay-type":"","overlay-color":"","overlay-opacity":"","overlay-gradient":""}},"footnotes":""},"class_list":["post-306","page","type-page","status-publish","hentry"],"post_mailing_queue_ids":[],"_links":{"self":[{"href":"https:\/\/serveiseducatius.xtec.cat\/santacolomag\/wp-json\/wp\/v2\/pages\/306","targetHints":{"allow":["GET"]}}],"collection":[{"href":"https:\/\/serveiseducatius.xtec.cat\/santacolomag\/wp-json\/wp\/v2\/pages"}],"about":[{"href":"https:\/\/serveiseducatius.xtec.cat\/santacolomag\/wp-json\/wp\/v2\/types\/page"}],"author":[{"embeddable":true,"href":"https:\/\/serveiseducatius.xtec.cat\/santacolomag\/wp-json\/wp\/v2\/users\/1"}],"replies":[{"embeddable":true,"href":"https:\/\/serveiseducatius.xtec.cat\/santacolomag\/wp-json\/wp\/v2\/comments?post=306"}],"version-history":[{"count":4,"href":"https:\/\/serveiseducatius.xtec.cat\/santacolomag\/wp-json\/wp\/v2\/pages\/306\/revisions"}],"predecessor-version":[{"id":19668,"href":"https:\/\/serveiseducatius.xtec.cat\/santacolomag\/wp-json\/wp\/v2\/pages\/306\/revisions\/19668"}],"up":[{"embeddable":true,"href":"https:\/\/serveiseducatius.xtec.cat\/santacolomag\/wp-json\/wp\/v2\/pages\/806"}],"wp:attachment":[{"href":"https:\/\/serveiseducatius.xtec.cat\/santacolomag\/wp-json\/wp\/v2\/media?parent=306"}],"curies":[{"name":"wp","href":"https:\/\/api.w.org\/{rel}","templated":true}]}}