{"id":23721,"date":"2026-03-12T15:22:29","date_gmt":"2026-03-12T14:22:29","guid":{"rendered":"https:\/\/serveiseducatius.xtec.cat\/santacolomag\/?page_id=23721"},"modified":"2026-04-07T10:34:21","modified_gmt":"2026-04-07T08:34:21","slug":"xxvi-presentacio-de-treballs-de-recerca-santa-coloma-de-gramenet","status":"publish","type":"page","link":"https:\/\/serveiseducatius.xtec.cat\/santacolomag\/xxvi-presentacio-de-treballs-de-recerca-santa-coloma-de-gramenet\/","title":{"rendered":"XXVI Presentaci\u00f3 de Treballs de Recerca. Santa Coloma de Gramenet"},"content":{"rendered":"\n<p>El dies 11 i 18 de mar\u00e7 2025 va tenir lloc la&nbsp;<strong>XXVI Presentaci\u00f3 de Treballs de Recerca de 2n de batxillerat de Santa Coloma de Gramenet,&nbsp;<\/strong>a la&nbsp;<a href=\"https:\/\/bibliotecavirtual.diba.cat\/ca\/santa-coloma-de-gramenet-biblioteca-singuerlin-salvador-cabre\">biblioteca Singuerl\u00edn -Salvador Cabr\u00e9<\/a>.<\/p>\n\n\n\n<p>La Presentaci\u00f3 est\u00e0 organitzada pel CRP i els&nbsp;<a href=\"https:\/\/serveiseducatius.xtec.cat\/santacolomag\/comunitat\/centres-educatius\/instituts\/\">instituts de la ciutat<\/a>, en col\u00b7laboraci\u00f3 amb l\u2019<a href=\"https:\/\/www.gramenet.cat\/ajuntament\/arees-municipals\/educacio-formacio-i-ocupacio\/\">Ajuntament de Santa Coloma de Gramenet<\/a>.<\/p>\n\n\n\n<h5 class=\"wp-block-heading has-text-align-center\">V\u00eddeos de les sessions<\/h5>\n\n\n\n<div class=\"wp-block-columns is-layout-flex wp-container-core-columns-is-layout-1 wp-block-columns-is-layout-flex\">\n<div class=\"wp-block-column is-layout-flow wp-block-column-is-layout-flow\">\n<iframe loading=\"lazy\" src=\"https:\/\/drive.google.com\/file\/d\/1rbljYgfTrP_xeIf6pYaKELJ3QbCvLpqz\/preview\" width=\"440\" height=\"280\"><\/iframe>\n\n\n\n<h6 class=\"wp-block-heading\">Estem preparats per poder afrontar la resit\u00e8ncia als antibi\u00f2tics?<\/h6>\n<\/div>\n\n\n\n<div class=\"wp-block-column is-layout-flow wp-block-column-is-layout-flow\">\n<iframe loading=\"lazy\" src=\"https:\/\/drive.google.com\/file\/d\/1VGcBXTIL-xOnTGTigjInaYonFe9XBwzG\/preview\" width=\"440\" height=\"280\"><\/iframe>\n\n\n\n<h6 class=\"wp-block-heading\">De les onades migrat\u00f2ries a l&#8217;emprenedoria local<\/h6>\n<\/div>\n\n\n\n<div class=\"wp-block-column is-layout-flow wp-block-column-is-layout-flow\">\n<iframe loading=\"lazy\" src=\"https:\/\/drive.google.com\/file\/d\/1mmBrdb9qDgvQO4uomnGgW7LnFC7gEKHP\/preview\" width=\"440\" height=\"280\"><\/iframe>\n\n\n\n<h6 class=\"wp-block-heading\">Covid persistent: un laberint sense sortida<\/h6>\n<\/div>\n<\/div>\n\n\n\n<div class=\"wp-block-columns is-layout-flex wp-container-core-columns-is-layout-2 wp-block-columns-is-layout-flex\">\n<div class=\"wp-block-column is-layout-flow wp-block-column-is-layout-flow\">\n<iframe loading=\"lazy\" src=\"https:\/\/drive.google.com\/file\/d\/1NuqD1WPxAzAbfcOJCoKs_gRs9s8hjVqu\/preview\" width=\"440\" height=\"280\"><\/iframe>\n\n\n\n<h6 class=\"wp-block-heading\">Ni submises ni mudes: L&#8217;educaci\u00f3 com a cam\u00ed de llibertat per a les dones marroquines<\/h6>\n<\/div>\n\n\n\n<div class=\"wp-block-column is-layout-flow wp-block-column-is-layout-flow\">\n<iframe loading=\"lazy\" src=\"https:\/\/drive.google.com\/file\/d\/1_PA5G8PORWnfYGHYmbzxyOOcF0MKLSrj\/preview\" width=\"440\" height=\"280\"><\/iframe>\n\n\n\n<h6 class=\"wp-block-heading\">Creaci\u00f3 d&#8217;un videojoc de terror psicol\u00f2gic a <em>Unity<\/em><\/h6>\n<\/div>\n\n\n\n<div class=\"wp-block-column is-layout-flow wp-block-column-is-layout-flow\">\n<iframe loading=\"lazy\" src=\"https:\/\/drive.google.com\/file\/d\/1uNBIBkbOVX3PcVOMXrohW50CCy1kQbB0\/preview\" width=\"440\" height=\"280\"><\/iframe>\n\n\n\n<h6 class=\"wp-block-heading\">El repte de frenar el deteriorament cognitiu: un joc terap\u00e8utic com a resposta<\/h6>\n<\/div>\n<\/div>\n\n\n\n<div class=\"wp-block-columns is-layout-flex wp-container-core-columns-is-layout-3 wp-block-columns-is-layout-flex\">\n<div class=\"wp-block-column is-layout-flow wp-block-column-is-layout-flow\">\n<iframe loading=\"lazy\" src=\"https:\/\/drive.google.com\/file\/d\/1Iwc7PH5-PwG4PgWj9ZYUADfmRRU5vqXo\/preview\" width=\"440\" height=\"280\"><\/iframe>\n\n\n\n<h6 class=\"wp-block-heading\">Pluriling\u00fcisme: Un enriquiment per a Santa Coloma de Gramenet?<\/h6>\n<\/div>\n\n\n\n<div class=\"wp-block-column is-layout-flow wp-block-column-is-layout-flow\">\n<iframe loading=\"lazy\" src=\"https:\/\/drive.google.com\/file\/d\/1YW_aVw3b3xMhuq7-oFmJUHSnbYdf1K7d\/preview\" width=\"440\" height=\"280\"><\/iframe>\n\n\n\n<h6 class=\"wp-block-heading\">L&#8217;evoluci\u00f3 de la dona al m\u00f3n casteller<\/h6>\n<\/div>\n\n\n\n<div class=\"wp-block-column is-layout-flow wp-block-column-is-layout-flow\">\n<iframe loading=\"lazy\" src=\"https:\/\/drive.google.com\/file\/d\/1zv7ACK_J6Q3x74aL284zbTsyaeBXvK_N\/preview\" width=\"440\" height=\"280\"><\/iframe>\n\n\n\n<h6 class=\"wp-block-heading\">An\u00e0lisi de l&#8217;impacte de la m\u00fasica en la societat: del S XIX a l&#8217;actualitat<\/h6>\n<\/div>\n<\/div>\n\n\n\n<div class=\"wp-block-columns is-layout-flex wp-container-core-columns-is-layout-4 wp-block-columns-is-layout-flex\">\n<div class=\"wp-block-column is-layout-flow wp-block-column-is-layout-flow\">\n<iframe loading=\"lazy\" src=\"https:\/\/drive.google.com\/file\/d\/1Y6t-s7tre-Pilp4vglUzLKXSmE0oyuxs\/preview\" width=\"440\" height=\"280\"><\/iframe>\n\n\n\n<h6 class=\"wp-block-heading\">Criptografia qu\u00e0ntica. La informaci\u00f3 \u00e9s poder: la criptografia cl\u00e0ssica i la revoluci\u00f3 de la tecnologia qu\u00e0ntica des dels protocols One-Time BB84<\/h6>\n<\/div>\n\n\n\n<div class=\"wp-block-column is-layout-flow wp-block-column-is-layout-flow\">\n<iframe loading=\"lazy\" src=\"https:\/\/drive.google.com\/file\/d\/1ycgwIqpoWSqUmDVnKwiyg1M3_5zBG9gF\/preview\" width=\"440\" height=\"280\"><\/iframe>\n\n\n\n<h6 class=\"wp-block-heading\">Quan menjar fa mal: Una introducci\u00f3 als TCA<\/h6>\n<\/div>\n\n\n\n<div class=\"wp-block-column is-layout-flow wp-block-column-is-layout-flow\">\n<iframe loading=\"lazy\" src=\"https:\/\/drive.google.com\/file\/d\/17JL27PzzsVU_2Gu0x8j3nUkfvoLYz6wU\/preview\" width=\"440\" height=\"280\"><\/iframe>\n\n\n\n<h6 class=\"wp-block-heading\">Ritme i emocions: El ball des d&#8217;una perpectiva psicol\u00f2gica<\/h6>\n<\/div>\n<\/div>\n\n\n\n<div class=\"wp-block-columns is-layout-flex wp-container-core-columns-is-layout-5 wp-block-columns-is-layout-flex\">\n<div class=\"wp-block-column is-layout-flow wp-block-column-is-layout-flow\">\n<iframe loading=\"lazy\" src=\"https:\/\/drive.google.com\/file\/d\/1Ji8-UBucKeq2fZaGb8yxOmae1GIO_7-P\/preview\" width=\"440\" height=\"280\"><\/iframe>\n\n\n\n<h6 class=\"wp-block-heading\">Fagoter\u00e0pia com a alternativa al tractament amb antibi\u00f2tics<\/h6>\n<\/div>\n\n\n\n<div class=\"wp-block-column is-layout-flow wp-block-column-is-layout-flow\">\n<iframe loading=\"lazy\" src=\"https:\/\/drive.google.com\/file\/d\/1lkUZ6QZBzXqNsC49TI4UBgBfMybWuu7A\/preview\" width=\"440\" height=\"280\"><\/iframe>\n\n\n\n<h6 class=\"wp-block-heading\">A la vora del temps: L&#8217;Alzheimer<\/h6>\n<\/div>\n\n\n\n<div class=\"wp-block-column is-layout-flow wp-block-column-is-layout-flow\">\n<iframe loading=\"lazy\" src=\"https:\/\/drive.google.com\/file\/d\/18MiXJaGnH_YRy9S_Xwdy6O6J4BOjxrjx\/preview\" width=\"440\" height=\"280\"><\/iframe>\n\n\n\n<h6 class=\"wp-block-heading\">Difer\u00e8ncies en el proc\u00e9s de producci\u00f3 de la cervesa amb i sense alcohol<\/h6>\n<\/div>\n<\/div>\n\n\n\n<div class=\"wp-block-columns is-layout-flex wp-container-core-columns-is-layout-6 wp-block-columns-is-layout-flex\">\n<div class=\"wp-block-column is-layout-flow wp-block-column-is-layout-flow\">\n<iframe loading=\"lazy\" src=\"https:\/\/drive.google.com\/file\/d\/1PGjiwOpOdgJo4q5eKJd0BuV7A8hFAhLQ\/preview\" width=\"440\" height=\"280\"><\/iframe>\n\n\n\n<h6 class=\"wp-block-heading\">De l&#8217;amor contingut a l&#8217;amor expl\u00edcit: la novel\u00b7la rom\u00e0ntica de Jane Austen i Alice Kellen<\/h6>\n<\/div>\n\n\n\n<div class=\"wp-block-column is-layout-flow wp-block-column-is-layout-flow\">\n<iframe loading=\"lazy\" src=\"https:\/\/drive.google.com\/file\/d\/1PilAVpi_BJjTmELRZca4UbJ8JmW-LX6e\/preview\" width=\"440\" height=\"280\"><\/iframe>\n\n\n\n<h6 class=\"wp-block-heading\">El riu Bes\u00f2s: Aproximaci\u00f3 a l&#8217;estudi de la seva microbiologia<\/h6>\n<\/div>\n\n\n\n<div class=\"wp-block-column is-layout-flow wp-block-column-is-layout-flow\">\n<iframe loading=\"lazy\" src=\"https:\/\/drive.google.com\/file\/d\/1SDk1MkohpHBNAaBihSRvkXDv1FOUZA-d\/preview\" width=\"440\" height=\"280\"><\/iframe>\n\n\n\n<h6 class=\"wp-block-heading\">Aeternus dialogus cum Graetia et Roma. La inabastable petjada del m\u00f3n cl\u00e0ssic. El cas particular de al publicitat i el m\u00f3n audiovisual<\/h6>\n<\/div>\n<\/div>\n\n\n\n<div class=\"wp-block-columns is-layout-flex wp-container-core-columns-is-layout-7 wp-block-columns-is-layout-flex\">\n<div class=\"wp-block-column is-layout-flow wp-block-column-is-layout-flow\"><\/div>\n\n\n\n<div class=\"wp-block-column is-layout-flow wp-block-column-is-layout-flow\">\n<iframe loading=\"lazy\" src=\"https:\/\/drive.google.com\/file\/d\/19X6T4WCjCUIUqJKmueLWaCx2DzT2Vr8A\/preview\" width=\"440\" height=\"280\"><\/iframe>\n\n\n\n<h6 class=\"wp-block-heading\">Pena de mort: El debat sobre un c\u00e0stig irreversible<\/h6>\n<\/div>\n\n\n\n<div class=\"wp-block-column is-layout-flow wp-block-column-is-layout-flow\"><\/div>\n<\/div>\n\n\n\n<div class=\"wp-block-buttons is-content-justification-center is-layout-flex wp-container-core-buttons-is-layout-1 wp-block-buttons-is-layout-flex\">\n<div class=\"wp-block-button\"><a class=\"wp-block-button__link wp-element-button\" href=\"https:\/\/serveiseducatius.xtec.cat\/santacolomag\/videos-xxv-presentacio-de-treballs-de-recerca-santa-coloma-de-gramenet\/\">Edicions anteriors<\/a><\/div>\n<\/div>\n","protected":false},"excerpt":{"rendered":"<p>El dies 11 i 18 de mar\u00e7 2025 va tenir lloc la&nbsp;XXVI Presentaci\u00f3 de Treballs de Recerca de 2n de [&hellip;]<\/p>\n","protected":false},"author":4,"featured_media":0,"parent":0,"menu_order":0,"comment_status":"closed","ping_status":"close","template":"","meta":{"_bbp_topic_count":0,"_bbp_reply_count":0,"_bbp_total_topic_count":0,"_bbp_total_reply_count":0,"_bbp_voice_count":0,"_bbp_anonymous_reply_count":0,"_bbp_topic_count_hidden":0,"_bbp_reply_count_hidden":0,"_bbp_forum_subforum_count":0,"site-sidebar-layout":"default","site-content-layout":"","ast-site-content-layout":"default","site-content-style":"default","site-sidebar-style":"default","ast-global-header-display":"","ast-banner-title-visibility":"","ast-main-header-display":"","ast-hfb-above-header-display":"","ast-hfb-below-header-display":"","ast-hfb-mobile-header-display":"","site-post-title":"","ast-breadcrumbs-content":"","ast-featured-img":"","footer-sml-layout":"","theme-transparent-header-meta":"","adv-header-id-meta":"","stick-header-meta":"","header-above-stick-meta":"","header-main-stick-meta":"","header-below-stick-meta":"","astra-migrate-meta-layouts":"set","ast-page-background-enabled":"default","ast-page-background-meta":{"desktop":{"background-color":"var(--ast-global-color-4)","background-image":"","background-repeat":"repeat","background-position":"center center","background-size":"auto","background-attachment":"scroll","background-type":"","background-media":"","overlay-type":"","overlay-color":"","overlay-opacity":"","overlay-gradient":""},"tablet":{"background-color":"","background-image":"","background-repeat":"repeat","background-position":"center center","background-size":"auto","background-attachment":"scroll","background-type":"","background-media":"","overlay-type":"","overlay-color":"","overlay-opacity":"","overlay-gradient":""},"mobile":{"background-color":"","background-image":"","background-repeat":"repeat","background-position":"center center","background-size":"auto","background-attachment":"scroll","background-type":"","background-media":"","overlay-type":"","overlay-color":"","overlay-opacity":"","overlay-gradient":""}},"ast-content-background-meta":{"desktop":{"background-color":"var(--ast-global-color-5)","background-image":"","background-repeat":"repeat","background-position":"center center","background-size":"auto","background-attachment":"scroll","background-type":"","background-media":"","overlay-type":"","overlay-color":"","overlay-opacity":"","overlay-gradient":""},"tablet":{"background-color":"var(--ast-global-color-5)","background-image":"","background-repeat":"repeat","background-position":"center center","background-size":"auto","background-attachment":"scroll","background-type":"","background-media":"","overlay-type":"","overlay-color":"","overlay-opacity":"","overlay-gradient":""},"mobile":{"background-color":"var(--ast-global-color-5)","background-image":"","background-repeat":"repeat","background-position":"center center","background-size":"auto","background-attachment":"scroll","background-type":"","background-media":"","overlay-type":"","overlay-color":"","overlay-opacity":"","overlay-gradient":""}},"footnotes":""},"class_list":["post-23721","page","type-page","status-publish","hentry"],"post_mailing_queue_ids":[],"_links":{"self":[{"href":"https:\/\/serveiseducatius.xtec.cat\/santacolomag\/wp-json\/wp\/v2\/pages\/23721","targetHints":{"allow":["GET"]}}],"collection":[{"href":"https:\/\/serveiseducatius.xtec.cat\/santacolomag\/wp-json\/wp\/v2\/pages"}],"about":[{"href":"https:\/\/serveiseducatius.xtec.cat\/santacolomag\/wp-json\/wp\/v2\/types\/page"}],"author":[{"embeddable":true,"href":"https:\/\/serveiseducatius.xtec.cat\/santacolomag\/wp-json\/wp\/v2\/users\/4"}],"replies":[{"embeddable":true,"href":"https:\/\/serveiseducatius.xtec.cat\/santacolomag\/wp-json\/wp\/v2\/comments?post=23721"}],"version-history":[{"count":6,"href":"https:\/\/serveiseducatius.xtec.cat\/santacolomag\/wp-json\/wp\/v2\/pages\/23721\/revisions"}],"predecessor-version":[{"id":23859,"href":"https:\/\/serveiseducatius.xtec.cat\/santacolomag\/wp-json\/wp\/v2\/pages\/23721\/revisions\/23859"}],"wp:attachment":[{"href":"https:\/\/serveiseducatius.xtec.cat\/santacolomag\/wp-json\/wp\/v2\/media?parent=23721"}],"curies":[{"name":"wp","href":"https:\/\/api.w.org\/{rel}","templated":true}]}}