{"id":23606,"date":"2026-02-24T11:09:50","date_gmt":"2026-02-24T10:09:50","guid":{"rendered":"https:\/\/serveiseducatius.xtec.cat\/santacolomag\/?page_id=23606"},"modified":"2026-03-02T09:09:19","modified_gmt":"2026-03-02T08:09:19","slug":"full-informatiu-marc-2026","status":"publish","type":"page","link":"https:\/\/serveiseducatius.xtec.cat\/santacolomag\/full-informatiu-marc-2026\/","title":{"rendered":"Full informatiu. Mar\u00e7 2026"},"content":{"rendered":"\n<div class=\"wp-block-columns is-layout-flex wp-container-core-columns-is-layout-1 wp-block-columns-is-layout-flex\">\n<div class=\"wp-block-column has-border-color has-black-border-color has-very-light-gray-to-cyan-bluish-gray-gradient-background has-background is-layout-flow wp-block-column-is-layout-flow\">\n<h4 class=\"wp-block-heading has-text-align-center\"><a href=\"https:\/\/serveiseducatius.xtec.cat\/santacolomag\/portada\/dia-internacional-de-la-dona-8-de-marc-2\/\">Dia internacional de la dona. 8 de mar\u00e7<br><\/a><\/h4>\n\n\n\n<figure class=\"wp-block-image aligncenter size-full is-resized\"><a href=\"https:\/\/serveiseducatius.xtec.cat\/santacolomag\/portada\/dia-internacional-de-la-dona-8-de-marc-2\/\"><img loading=\"lazy\" decoding=\"async\" width=\"150\" height=\"79\" src=\"https:\/\/serveiseducatius.xtec.cat\/santacolomag\/wp-content\/uploads\/usu1183\/2020\/02\/dia-dona-radio-premia-e1583141005746.jpg\" alt=\"\" class=\"wp-image-13132\" style=\"width:365px;height:auto\"\/><\/a><\/figure>\n\n\n\n<p class=\"has-text-align-center\">Amb l\u2019esclat de la Primera Guerra Mundial, la pau es convert\u00ed en el leitmotiv de les celebracions del Dia Internacional de la Dona. El 8 de mar\u00e7 (segons el nostre calendari) de 1917 les dones russes&#8230;<\/p>\n\n\n\n<div class=\"wp-block-buttons is-content-justification-center is-layout-flex wp-container-core-buttons-is-layout-1 wp-block-buttons-is-layout-flex\"><\/div>\n<\/div>\n\n\n\n<div class=\"wp-block-column has-border-color has-black-border-color is-layout-flow wp-block-column-is-layout-flow\">\n<h4 class=\"wp-block-heading has-text-align-center\"><a href=\"https:\/\/serveiseducatius.xtec.cat\/santacolomag\/portada\/noves-documentacions-pedagogiques-del-3-6\/\">Noves documentacions pedag\u00f2giques del 3-6<br><\/a><\/h4>\n\n\n\n<figure class=\"wp-block-image aligncenter size-full is-resized\"><a href=\"https:\/\/serveiseducatius.xtec.cat\/santacolomag\/portada\/noves-documentacions-pedagogiques-del-3-6\/\"><img loading=\"lazy\" decoding=\"async\" width=\"683\" height=\"1024\" src=\"https:\/\/serveiseducatius.xtec.cat\/santacolomag\/wp-content\/uploads\/usu1183\/2026\/02\/caixa_ombra_optimitzada-683x1024-1.jpg\" alt=\"\" class=\"wp-image-23581\" style=\"width:128px;height:auto\" srcset=\"https:\/\/serveiseducatius.xtec.cat\/santacolomag\/wp-content\/uploads\/usu1183\/2026\/02\/caixa_ombra_optimitzada-683x1024-1.jpg 683w, https:\/\/serveiseducatius.xtec.cat\/santacolomag\/wp-content\/uploads\/usu1183\/2026\/02\/caixa_ombra_optimitzada-683x1024-1-200x300.jpg 200w\" sizes=\"auto, (max-width: 683px) 100vw, 683px\" \/><\/a><\/figure>\n\n\n\n<p class=\"has-text-align-center\">A la pestanya d\u2019<strong>Educaci\u00f3 Infantil<\/strong>&nbsp;de la web d\u2019El nou curr\u00edculum hi trobareu una col\u00b7lecci\u00f3 de documentacions pedag\u00f2giques variades, seleccionades amb criteri i pensades per inspirar la pr\u00e0ctica educativa als centres.<\/p>\n<\/div>\n\n\n\n<div class=\"wp-block-column has-border-color has-black-border-color has-cyan-bluish-gray-background-color has-background is-layout-flow wp-block-column-is-layout-flow\">\n<h4 class=\"wp-block-heading has-text-align-center\"><a href=\"https:\/\/serveiseducatius.xtec.cat\/santacolomag\/general\/de-la-navegacio-a-laccio-lera-dels-navegadors-agentics\/\">De la navegaci\u00f3 a l\u2019acci\u00f3: L\u2019era dels navegadors ag\u00e8ntics<br><\/a><\/h4>\n\n\n\n<figure class=\"wp-block-image aligncenter size-full is-resized\"><a href=\"https:\/\/serveiseducatius.xtec.cat\/santacolomag\/general\/de-la-navegacio-a-laccio-lera-dels-navegadors-agentics\/\"><img loading=\"lazy\" decoding=\"async\" width=\"518\" height=\"518\" src=\"https:\/\/serveiseducatius.xtec.cat\/santacolomag\/wp-content\/uploads\/usu1183\/2025\/12\/kling_20251211_Image_to_Video__5091_0.gif\" alt=\"\" class=\"wp-image-23256\" style=\"width:192px;height:auto\"\/><\/a><\/figure>\n\n\n\n<p class=\"has-text-align-center\">Fins fa poc, el navegador web era una eina passiva: una finestra a trav\u00e9s de la qual consum\u00edem informaci\u00f3. Per\u00f2 l\u2019arribada de les&nbsp;<strong>extensions d\u2019IA ag\u00e8ntica<\/strong>&nbsp;est\u00e0 transformant aquesta finestra en un empleat digital capa\u00e7 d\u2019executar tasques complexes per nosaltres<\/p>\n<\/div>\n<\/div>\n\n\n\n<div class=\"wp-block-columns is-layout-flex wp-container-core-columns-is-layout-2 wp-block-columns-is-layout-flex\">\n<div class=\"wp-block-column has-border-color has-black-border-color has-white-background-color has-background is-layout-flow wp-block-column-is-layout-flow\">\n<h4 class=\"wp-block-heading has-text-align-center\"><a href=\"https:\/\/serveiseducatius.xtec.cat\/santacolomag\/general\/xiii-jocs-florals-escolars-de-catalunya\/\">XIII Jocs Florals Escolars de Catalunya<br><\/a><a href=\"https:\/\/serveiseducatius.xtec.cat\/santacolomag\/general\/biysc-barcelona-international-youth-science-challenge\/\"><br><\/a><\/h4>\n\n\n\n<figure class=\"wp-block-image aligncenter size-full is-resized\"><a href=\"https:\/\/serveiseducatius.xtec.cat\/santacolomag\/general\/xiii-jocs-florals-escolars-de-catalunya\/\"><img loading=\"lazy\" decoding=\"async\" width=\"150\" height=\"151\" src=\"https:\/\/serveiseducatius.xtec.cat\/santacolomag\/wp-content\/uploads\/usu1183\/2017\/02\/jocs-florals-e1493815847779.jpg\" alt=\"\" class=\"wp-image-9067\" style=\"width:198px;height:auto\"\/><\/a><\/figure>\n\n\n\n<p class=\"has-text-align-center\">El Departament d\u2019Educaci\u00f3 i Formaci\u00f3 Professional convoca els XIII Jocs Florals Escolars de Catalunya amb l\u2019objectiu de promoure l\u2019escriptura tant en prosa com en poesia en infants i joves de sis a divuit anys..<\/p>\n<\/div>\n\n\n\n<div class=\"wp-block-column has-border-color has-black-border-color has-cyan-bluish-gray-background-color has-background is-layout-flow wp-block-column-is-layout-flow\">\n<h4 class=\"wp-block-heading has-text-align-center\"><a href=\"https:\/\/serveiseducatius.xtec.cat\/santacolomag\/general\/%f0%9f%93%a2-oberta-la-convocatoria-per-ser-centre-formador\/\">Oberta la convocat\u00f2ria per ser Centre Formador!<br><\/a><\/h4>\n\n\n\n<figure class=\"wp-block-image aligncenter size-full is-resized\"><a href=\"https:\/\/serveiseducatius.xtec.cat\/santacolomag\/general\/%f0%9f%93%a2-oberta-la-convocatoria-per-ser-centre-formador\/\"><img loading=\"lazy\" decoding=\"async\" width=\"933\" height=\"1024\" src=\"https:\/\/serveiseducatius.xtec.cat\/santacolomag\/wp-content\/uploads\/usu1183\/2026\/02\/Imatge-C-933x1024-1.png\" alt=\"\" class=\"wp-image-23574\" style=\"width:205px;height:auto\" srcset=\"https:\/\/serveiseducatius.xtec.cat\/santacolomag\/wp-content\/uploads\/usu1183\/2026\/02\/Imatge-C-933x1024-1.png 933w, https:\/\/serveiseducatius.xtec.cat\/santacolomag\/wp-content\/uploads\/usu1183\/2026\/02\/Imatge-C-933x1024-1-273x300.png 273w, https:\/\/serveiseducatius.xtec.cat\/santacolomag\/wp-content\/uploads\/usu1183\/2026\/02\/Imatge-C-933x1024-1-768x843.png 768w\" sizes=\"auto, (max-width: 933px) 100vw, 933px\" \/><\/a><\/figure>\n\n\n\n<p class=\"has-text-align-center\">Ja s\u2019ha obert el per\u00edode per formar part de la xarxa de centres que acullen alumnat universitari en pr\u00e0ctiques. Una oportunitat per contribuir activament a la formaci\u00f3 dels futurs i futures docents.<\/p>\n<\/div>\n\n\n\n<div class=\"wp-block-column has-border-color has-black-border-color has-white-background-color has-background is-layout-flow wp-block-column-is-layout-flow\">\n<h4 class=\"wp-block-heading has-text-align-center\"><a href=\"https:\/\/serveiseducatius.xtec.cat\/santacolomag\/general\/convocatoria-erasmus-2026\/\"><br><\/a><a href=\"https:\/\/serveiseducatius.xtec.cat\/santacolomag\/general\/novetats-a-la-mediateca-en-prestec\/\">Novetats a la mediateca en pr\u00e9stec<br><\/a><\/h4>\n\n\n\n<figure class=\"wp-block-image aligncenter size-full is-resized\"><a href=\"https:\/\/serveiseducatius.xtec.cat\/santacolomag\/general\/novetats-a-la-mediateca-en-prestec\/\"><img loading=\"lazy\" decoding=\"async\" width=\"1094\" height=\"814\" src=\"https:\/\/serveiseducatius.xtec.cat\/santacolomag\/wp-content\/uploads\/usu1183\/2026\/02\/llibres-de-text.jpg\" alt=\"\" class=\"wp-image-23621\" style=\"width:266px;height:auto\" srcset=\"https:\/\/serveiseducatius.xtec.cat\/santacolomag\/wp-content\/uploads\/usu1183\/2026\/02\/llibres-de-text.jpg 1094w, https:\/\/serveiseducatius.xtec.cat\/santacolomag\/wp-content\/uploads\/usu1183\/2026\/02\/llibres-de-text-300x223.jpg 300w, https:\/\/serveiseducatius.xtec.cat\/santacolomag\/wp-content\/uploads\/usu1183\/2026\/02\/llibres-de-text-1024x762.jpg 1024w, https:\/\/serveiseducatius.xtec.cat\/santacolomag\/wp-content\/uploads\/usu1183\/2026\/02\/llibres-de-text-768x571.jpg 768w\" sizes=\"auto, (max-width: 1094px) 100vw, 1094px\" \/><\/a><\/figure>\n\n\n\n<p class=\"has-text-align-center\">Si esteu interessats\/des en algun exemplar feu-nos arribar un e-correu a a8930012@xtec.cat posant a l\u2019assumpte Pr\u00e9stec de llibres.<\/p>\n\n\n\n<p class=\"has-text-align-center\"><a href=\"https:\/\/serveiseducatius.xtec.cat\/#facebook\" rel=\"noreferrer noopener\" target=\"_blank\"><\/a><\/p>\n\n\n\n<p><\/p>\n<\/div>\n<\/div>\n\n\n\n<p><\/p>\n","protected":false},"excerpt":{"rendered":"<p>Dia internacional de la dona. 8 de mar\u00e7 Amb l\u2019esclat de la Primera Guerra Mundial, la pau es convert\u00ed en [&hellip;]<\/p>\n","protected":false},"author":4,"featured_media":0,"parent":0,"menu_order":0,"comment_status":"closed","ping_status":"close","template":"","meta":{"_bbp_topic_count":0,"_bbp_reply_count":0,"_bbp_total_topic_count":0,"_bbp_total_reply_count":0,"_bbp_voice_count":0,"_bbp_anonymous_reply_count":0,"_bbp_topic_count_hidden":0,"_bbp_reply_count_hidden":0,"_bbp_forum_subforum_count":0,"site-sidebar-layout":"default","site-content-layout":"","ast-site-content-layout":"default","site-content-style":"default","site-sidebar-style":"default","ast-global-header-display":"","ast-banner-title-visibility":"","ast-main-header-display":"","ast-hfb-above-header-display":"","ast-hfb-below-header-display":"","ast-hfb-mobile-header-display":"","site-post-title":"","ast-breadcrumbs-content":"","ast-featured-img":"","footer-sml-layout":"","theme-transparent-header-meta":"","adv-header-id-meta":"","stick-header-meta":"","header-above-stick-meta":"","header-main-stick-meta":"","header-below-stick-meta":"","astra-migrate-meta-layouts":"set","ast-page-background-enabled":"default","ast-page-background-meta":{"desktop":{"background-color":"var(--ast-global-color-4)","background-image":"","background-repeat":"repeat","background-position":"center center","background-size":"auto","background-attachment":"scroll","background-type":"","background-media":"","overlay-type":"","overlay-color":"","overlay-opacity":"","overlay-gradient":""},"tablet":{"background-color":"","background-image":"","background-repeat":"repeat","background-position":"center center","background-size":"auto","background-attachment":"scroll","background-type":"","background-media":"","overlay-type":"","overlay-color":"","overlay-opacity":"","overlay-gradient":""},"mobile":{"background-color":"","background-image":"","background-repeat":"repeat","background-position":"center center","background-size":"auto","background-attachment":"scroll","background-type":"","background-media":"","overlay-type":"","overlay-color":"","overlay-opacity":"","overlay-gradient":""}},"ast-content-background-meta":{"desktop":{"background-color":"var(--ast-global-color-5)","background-image":"","background-repeat":"repeat","background-position":"center center","background-size":"auto","background-attachment":"scroll","background-type":"","background-media":"","overlay-type":"","overlay-color":"","overlay-opacity":"","overlay-gradient":""},"tablet":{"background-color":"var(--ast-global-color-5)","background-image":"","background-repeat":"repeat","background-position":"center center","background-size":"auto","background-attachment":"scroll","background-type":"","background-media":"","overlay-type":"","overlay-color":"","overlay-opacity":"","overlay-gradient":""},"mobile":{"background-color":"var(--ast-global-color-5)","background-image":"","background-repeat":"repeat","background-position":"center center","background-size":"auto","background-attachment":"scroll","background-type":"","background-media":"","overlay-type":"","overlay-color":"","overlay-opacity":"","overlay-gradient":""}},"footnotes":""},"class_list":["post-23606","page","type-page","status-publish","hentry"],"post_mailing_queue_ids":[],"_links":{"self":[{"href":"https:\/\/serveiseducatius.xtec.cat\/santacolomag\/wp-json\/wp\/v2\/pages\/23606","targetHints":{"allow":["GET"]}}],"collection":[{"href":"https:\/\/serveiseducatius.xtec.cat\/santacolomag\/wp-json\/wp\/v2\/pages"}],"about":[{"href":"https:\/\/serveiseducatius.xtec.cat\/santacolomag\/wp-json\/wp\/v2\/types\/page"}],"author":[{"embeddable":true,"href":"https:\/\/serveiseducatius.xtec.cat\/santacolomag\/wp-json\/wp\/v2\/users\/4"}],"replies":[{"embeddable":true,"href":"https:\/\/serveiseducatius.xtec.cat\/santacolomag\/wp-json\/wp\/v2\/comments?post=23606"}],"version-history":[{"count":4,"href":"https:\/\/serveiseducatius.xtec.cat\/santacolomag\/wp-json\/wp\/v2\/pages\/23606\/revisions"}],"predecessor-version":[{"id":23629,"href":"https:\/\/serveiseducatius.xtec.cat\/santacolomag\/wp-json\/wp\/v2\/pages\/23606\/revisions\/23629"}],"wp:attachment":[{"href":"https:\/\/serveiseducatius.xtec.cat\/santacolomag\/wp-json\/wp\/v2\/media?parent=23606"}],"curies":[{"name":"wp","href":"https:\/\/api.w.org\/{rel}","templated":true}]}}