{"id":23447,"date":"2026-01-28T10:07:20","date_gmt":"2026-01-28T09:07:20","guid":{"rendered":"https:\/\/serveiseducatius.xtec.cat\/santacolomag\/?page_id=23447"},"modified":"2026-03-02T08:56:25","modified_gmt":"2026-03-02T07:56:25","slug":"projecte-reconnect-es","status":"publish","type":"page","link":"https:\/\/serveiseducatius.xtec.cat\/santacolomag\/projecte-reconnect-es\/","title":{"rendered":"Projecte Reconnect-ES"},"content":{"rendered":"\n<div class=\"wp-block-buttons is-content-justification-center is-layout-flex wp-container-core-buttons-is-layout-1 wp-block-buttons-is-layout-flex\">\n<div class=\"wp-block-button\"><a class=\"wp-block-button__link wp-element-button\" href=\"https:\/\/serveiseducatius.xtec.cat\/santacolomag\/categoria\/educadora-social\/\"><strong>Not\u00edcies<\/strong><\/a><\/div>\n<\/div>\n\n\n\n<figure class=\"wp-block-image aligncenter size-large is-resized\"><a href=\"https:\/\/serveiseducatius.xtec.cat\/santacolomag\/wp-content\/uploads\/usu1183\/2026\/02\/Afegeix-una-mica-de-text-al-cos-3.jpg\"><img loading=\"lazy\" decoding=\"async\" width=\"1024\" height=\"724\" src=\"https:\/\/serveiseducatius.xtec.cat\/santacolomag\/wp-content\/uploads\/usu1183\/2026\/02\/Afegeix-una-mica-de-text-al-cos-3-1024x724.jpg\" alt=\"\" class=\"wp-image-23552\" style=\"width:1200px;height:auto\" srcset=\"https:\/\/serveiseducatius.xtec.cat\/santacolomag\/wp-content\/uploads\/usu1183\/2026\/02\/Afegeix-una-mica-de-text-al-cos-3-1024x724.jpg 1024w, https:\/\/serveiseducatius.xtec.cat\/santacolomag\/wp-content\/uploads\/usu1183\/2026\/02\/Afegeix-una-mica-de-text-al-cos-3-300x212.jpg 300w, https:\/\/serveiseducatius.xtec.cat\/santacolomag\/wp-content\/uploads\/usu1183\/2026\/02\/Afegeix-una-mica-de-text-al-cos-3-768x543.jpg 768w, https:\/\/serveiseducatius.xtec.cat\/santacolomag\/wp-content\/uploads\/usu1183\/2026\/02\/Afegeix-una-mica-de-text-al-cos-3-1536x1086.jpg 1536w, https:\/\/serveiseducatius.xtec.cat\/santacolomag\/wp-content\/uploads\/usu1183\/2026\/02\/Afegeix-una-mica-de-text-al-cos-3-2048x1448.jpg 2048w\" sizes=\"auto, (max-width: 1024px) 100vw, 1024px\" \/><\/a><\/figure>\n\n\n\n<div class=\"wp-block-columns is-layout-flex wp-container-core-columns-is-layout-1 wp-block-columns-is-layout-flex\">\n<div class=\"wp-block-column is-layout-flow wp-block-column-is-layout-flow\" style=\"flex-basis:33.33%\">\n<figure class=\"wp-block-image aligncenter is-resized\"><img decoding=\"async\" src=\"https:\/\/serveiseducatius.xtec.cat\/bages\/wp-content\/uploads\/usu776\/2026\/01\/IMATGE-DESTACADA-ARTICLES-2.png\" alt=\"\" style=\"width:264px;height:auto\"\/><\/figure>\n\n\n\n<h4 class=\"wp-block-heading\">La nostra educadora social<\/h4>\n\n\n\n<p><strong>Eva Orozco Almenara<\/strong><\/p>\n\n\n\n<h4 class=\"wp-block-heading\">Contacte<\/h4>\n\n\n\n<p> \ud83d\udce9 eorozco1@xtec.cat<\/p>\n\n\n\n<p> \ud83d\udcf2 677 34 70 81<\/p>\n\n\n\n<p>\ud83d\udd589.00 h a 14.30 h<\/p>\n\n\n\n<p>\ud83d\udccd&nbsp;<strong>Servei Educatiu Santa Coloma de Gramenet<\/strong>: Rambla Sant Sebasti\u00e0, 100-1r pis<br>08922 Santa Coloma de Gramenet<\/p>\n\n\n\n<div class=\"wp-block-buttons is-content-justification-center is-layout-flex wp-container-core-buttons-is-layout-2 wp-block-buttons-is-layout-flex\">\n<div class=\"wp-block-button\"><a class=\"wp-block-button__link wp-element-button\" href=\"https:\/\/serveiseducatius.xtec.cat\/santacolomag\/categoria\/educadora-social\/\">Not\u00edcies<\/a><\/div>\n<\/div>\n<\/div>\n\n\n\n<div class=\"wp-block-column is-layout-flow wp-block-column-is-layout-flow\" style=\"flex-basis:66.66%\">\n<h2 class=\"wp-block-heading\">Qu\u00e8 \u00e9s?<\/h2>\n\n\n\n<p>El projecte Reconnect-ES \u00e9s una iniciativa del Departament d\u2019Educaci\u00f3 i Formaci\u00f3 Professional de la Generalitat de Catalunya que t\u00e9 com objectiu acompanyar a joves d\u2019entre 16 i 24 anys<strong>&nbsp;que no han assolit l\u2019ESO<\/strong>&nbsp;o que tot i haver-la assolit,<strong>&nbsp;no han continuat els seus estudis.<\/strong><\/p>\n\n\n\n<p>Mitjan\u00e7ant una xarxa de professionals \u2014entre els quals destaca la figura d\u2019educadors i educadores socials que estableixen contacte amb aquests joves, identifiquen les seves situacions i faciliten itineraris de reincorporaci\u00f3\u2014 el projecte busca restablir vincles, orientar i acompanyar perqu\u00e8 les traject\u00f2ries formatives puguin reprendre\u2019s.<\/p>\n\n\n\n<p>Aquest enfocament es desenvolupa en el marc del&nbsp;<a href=\"https:\/\/educacio.gencat.cat\/web\/.content\/home\/departament\/publicacions\/documents-tecnics\/pla-contra-abandonament-escolar-prematur\/pla-contra-abandonament-escolar-prematur.pdf\" target=\"_blank\" rel=\"noreferrer noopener\">Pla d\u2019acci\u00f3 contra l\u2019abandonament escolar prematur<\/a>, que fixa com a meta reduir la taxa d\u2019abandonament per sota del 9 % l\u2019any 2030.<\/p>\n\n\n\n<h2 class=\"wp-block-heading\">Objectius<\/h2>\n\n\n\n<ul class=\"wp-block-list\">\n<li>Identificar i contactar joves que han abandonat els estudis per tal d\u2019oferir-los orientaci\u00f3 i suport personalitzat per a la seva reinserci\u00f3 educativa o formativa.<\/li>\n\n\n\n<li>Facilitar la reincorporaci\u00f3 al sistema educatiu o de formaci\u00f3 (per exemple, tornant a l\u2019ESO, accedint a la formaci\u00f3 professional, programes de formaci\u00f3 i inserci\u00f3, certificats de professionalitat, o batxillerat) dels joves que s\u2019han desvinculat.<\/li>\n\n\n\n<li>Contribuir a la reducci\u00f3 de la taxa d\u2019abandonament escolar prematur a Catalunya mitjan\u00e7ant una acci\u00f3 concreta i territorialitzada, en col\u00b7laboraci\u00f3 amb centres educatius, serveis territorials, administracions locals i la comunitat.<\/li>\n\n\n\n<li>Augmentar la flexibilitat dels itineraris formatius i refor\u00e7ar l\u2019orientaci\u00f3 i el suport als joves perqu\u00e8 puguin reprendre i completar la seva traject\u00f2ria educativa, tenint en compte les seves condicions i contextos.<\/li>\n<\/ul>\n<\/div>\n<\/div>\n\n\n\n<figure class=\"wp-block-embed is-type-video is-provider-youtube wp-block-embed-youtube wp-embed-aspect-16-9 wp-has-aspect-ratio\"><div class=\"wp-block-embed__wrapper\">\n<div class=\"ast-oembed-container \" style=\"height: 100%;\"><iframe loading=\"lazy\" title=\"Projecte Reconnect-ES: acompanyar i orientar contra l&#039;abandonament escolar\" width=\"500\" height=\"281\" src=\"https:\/\/www.youtube.com\/embed\/rY8LP6InHcA?feature=oembed\" frameborder=\"0\" allow=\"accelerometer; autoplay; clipboard-write; encrypted-media; gyroscope; picture-in-picture; web-share\" referrerpolicy=\"strict-origin-when-cross-origin\" allowfullscreen><\/iframe><\/div>\n<\/div><\/figure>\n","protected":false},"excerpt":{"rendered":"<p>La nostra educadora social Eva Orozco Almenara Contacte \ud83d\udce9 eorozco1@xtec.cat \ud83d\udcf2 677 34 70 81 \ud83d\udd589.00 h a 14.30 h [&hellip;]<\/p>\n","protected":false},"author":4,"featured_media":0,"parent":0,"menu_order":0,"comment_status":"closed","ping_status":"close","template":"","meta":{"_bbp_topic_count":0,"_bbp_reply_count":0,"_bbp_total_topic_count":0,"_bbp_total_reply_count":0,"_bbp_voice_count":0,"_bbp_anonymous_reply_count":0,"_bbp_topic_count_hidden":0,"_bbp_reply_count_hidden":0,"_bbp_forum_subforum_count":0,"site-sidebar-layout":"default","site-content-layout":"","ast-site-content-layout":"default","site-content-style":"default","site-sidebar-style":"default","ast-global-header-display":"","ast-banner-title-visibility":"","ast-main-header-display":"","ast-hfb-above-header-display":"","ast-hfb-below-header-display":"","ast-hfb-mobile-header-display":"","site-post-title":"","ast-breadcrumbs-content":"","ast-featured-img":"","footer-sml-layout":"","theme-transparent-header-meta":"","adv-header-id-meta":"","stick-header-meta":"","header-above-stick-meta":"","header-main-stick-meta":"","header-below-stick-meta":"","astra-migrate-meta-layouts":"set","ast-page-background-enabled":"default","ast-page-background-meta":{"desktop":{"background-color":"var(--ast-global-color-4)","background-image":"","background-repeat":"repeat","background-position":"center center","background-size":"auto","background-attachment":"scroll","background-type":"","background-media":"","overlay-type":"","overlay-color":"","overlay-opacity":"","overlay-gradient":""},"tablet":{"background-color":"","background-image":"","background-repeat":"repeat","background-position":"center center","background-size":"auto","background-attachment":"scroll","background-type":"","background-media":"","overlay-type":"","overlay-color":"","overlay-opacity":"","overlay-gradient":""},"mobile":{"background-color":"","background-image":"","background-repeat":"repeat","background-position":"center center","background-size":"auto","background-attachment":"scroll","background-type":"","background-media":"","overlay-type":"","overlay-color":"","overlay-opacity":"","overlay-gradient":""}},"ast-content-background-meta":{"desktop":{"background-color":"var(--ast-global-color-5)","background-image":"","background-repeat":"repeat","background-position":"center center","background-size":"auto","background-attachment":"scroll","background-type":"","background-media":"","overlay-type":"","overlay-color":"","overlay-opacity":"","overlay-gradient":""},"tablet":{"background-color":"var(--ast-global-color-5)","background-image":"","background-repeat":"repeat","background-position":"center center","background-size":"auto","background-attachment":"scroll","background-type":"","background-media":"","overlay-type":"","overlay-color":"","overlay-opacity":"","overlay-gradient":""},"mobile":{"background-color":"var(--ast-global-color-5)","background-image":"","background-repeat":"repeat","background-position":"center center","background-size":"auto","background-attachment":"scroll","background-type":"","background-media":"","overlay-type":"","overlay-color":"","overlay-opacity":"","overlay-gradient":""}},"footnotes":""},"class_list":["post-23447","page","type-page","status-publish","hentry"],"post_mailing_queue_ids":[],"_links":{"self":[{"href":"https:\/\/serveiseducatius.xtec.cat\/santacolomag\/wp-json\/wp\/v2\/pages\/23447","targetHints":{"allow":["GET"]}}],"collection":[{"href":"https:\/\/serveiseducatius.xtec.cat\/santacolomag\/wp-json\/wp\/v2\/pages"}],"about":[{"href":"https:\/\/serveiseducatius.xtec.cat\/santacolomag\/wp-json\/wp\/v2\/types\/page"}],"author":[{"embeddable":true,"href":"https:\/\/serveiseducatius.xtec.cat\/santacolomag\/wp-json\/wp\/v2\/users\/4"}],"replies":[{"embeddable":true,"href":"https:\/\/serveiseducatius.xtec.cat\/santacolomag\/wp-json\/wp\/v2\/comments?post=23447"}],"version-history":[{"count":6,"href":"https:\/\/serveiseducatius.xtec.cat\/santacolomag\/wp-json\/wp\/v2\/pages\/23447\/revisions"}],"predecessor-version":[{"id":23627,"href":"https:\/\/serveiseducatius.xtec.cat\/santacolomag\/wp-json\/wp\/v2\/pages\/23447\/revisions\/23627"}],"wp:attachment":[{"href":"https:\/\/serveiseducatius.xtec.cat\/santacolomag\/wp-json\/wp\/v2\/media?parent=23447"}],"curies":[{"name":"wp","href":"https:\/\/api.w.org\/{rel}","templated":true}]}}