{"id":23424,"date":"2026-01-26T15:14:16","date_gmt":"2026-01-26T14:14:16","guid":{"rendered":"https:\/\/serveiseducatius.xtec.cat\/santacolomag\/?page_id=23424"},"modified":"2026-01-27T12:06:56","modified_gmt":"2026-01-27T11:06:56","slug":"full-informatiu-febrer-2026","status":"publish","type":"page","link":"https:\/\/serveiseducatius.xtec.cat\/santacolomag\/full-informatiu-febrer-2026\/","title":{"rendered":"Full informatiu. Febrer 2026"},"content":{"rendered":"\n<div class=\"wp-block-columns is-layout-flex wp-container-core-columns-is-layout-1 wp-block-columns-is-layout-flex\">\n<div class=\"wp-block-column has-border-color has-black-border-color has-very-light-gray-to-cyan-bluish-gray-gradient-background has-background is-layout-flow wp-block-column-is-layout-flow\">\n<h4 class=\"wp-block-heading has-text-align-center\"><a href=\"https:\/\/serveiseducatius.xtec.cat\/santacolomag\/portada\/nou-curs-autoformatiu-introduccio-a-leducacio-inclusiva\/\">NOU curs autoformatiu: Introducci\u00f3 a l\u2019educaci\u00f3 inclusiva<br><br><\/a><\/h4>\n\n\n\n<figure class=\"wp-block-image aligncenter size-full is-resized\"><a href=\"https:\/\/serveiseducatius.xtec.cat\/santacolomag\/portada\/nou-curs-autoformatiu-introduccio-a-leducacio-inclusiva\/\"><img loading=\"lazy\" decoding=\"async\" width=\"364\" height=\"172\" src=\"https:\/\/serveiseducatius.xtec.cat\/santacolomag\/wp-content\/uploads\/usu1183\/2026\/01\/Captura-de-pantalla-2026-01-16-082618.png\" alt=\"\" class=\"wp-image-23403\" style=\"width:284px;height:auto\" srcset=\"https:\/\/serveiseducatius.xtec.cat\/santacolomag\/wp-content\/uploads\/usu1183\/2026\/01\/Captura-de-pantalla-2026-01-16-082618.png 364w, https:\/\/serveiseducatius.xtec.cat\/santacolomag\/wp-content\/uploads\/usu1183\/2026\/01\/Captura-de-pantalla-2026-01-16-082618-300x142.png 300w\" sizes=\"auto, (max-width: 364px) 100vw, 364px\" \/><\/a><\/figure>\n\n\n\n<p class=\"has-text-align-center\">El proper 16 de febrer s\u2019inicia el nou curs autoformatiu:&nbsp;<strong>Introducci\u00f3 a l\u2019educaci\u00f3 inclusiva: intensitat de mesures i suports i disseny universal per a l\u2019aprenentatge,&nbsp;<\/strong>una formaci\u00f3 en l\u00ednia de&nbsp;<strong>30 hores<\/strong><a href=\"https:\/\/serveiseducatius.xtec.cat\/santacolomag\/general\/2a-edicio-del-concurs-de-nadales-cientifiques\/\"><br><\/a><\/p>\n\n\n\n<div class=\"wp-block-buttons is-content-justification-center is-layout-flex wp-container-core-buttons-is-layout-1 wp-block-buttons-is-layout-flex\"><\/div>\n<\/div>\n\n\n\n<div class=\"wp-block-column has-border-color has-black-border-color is-layout-flow wp-block-column-is-layout-flow\">\n<h4 class=\"wp-block-heading has-text-align-center\"><a href=\"https:\/\/serveiseducatius.xtec.cat\/santacolomag\/portada\/webinars-building-communication-for-teaching-and-learning\/\">Webinars: Building Communication for Teaching and Learning<br><\/a><\/h4>\n\n\n\n<figure class=\"wp-block-image aligncenter size-full is-resized\"><a href=\"https:\/\/serveiseducatius.xtec.cat\/santacolomag\/portada\/webinars-building-communication-for-teaching-and-learning\/\"><img loading=\"lazy\" decoding=\"async\" width=\"620\" height=\"413\" src=\"https:\/\/serveiseducatius.xtec.cat\/santacolomag\/wp-content\/uploads\/usu1183\/2026\/01\/hello-llengues-estrangeres.png\" alt=\"\" class=\"wp-image-23361\" style=\"width:287px;height:auto\" srcset=\"https:\/\/serveiseducatius.xtec.cat\/santacolomag\/wp-content\/uploads\/usu1183\/2026\/01\/hello-llengues-estrangeres.png 620w, https:\/\/serveiseducatius.xtec.cat\/santacolomag\/wp-content\/uploads\/usu1183\/2026\/01\/hello-llengues-estrangeres-300x200.png 300w\" sizes=\"auto, (max-width: 620px) 100vw, 620px\" \/><\/a><\/figure>\n\n\n\n<p class=\"has-text-align-center\">Cicle de&nbsp;<strong>dos webinars<\/strong>&nbsp;adre\u00e7ats al professorat interessat a aprofundir en l\u2019ensenyament i l\u2019aprenentatge de la comunicaci\u00f3 a l\u2019aula de lleng\u00fces.<\/p>\n<\/div>\n\n\n\n<div class=\"wp-block-column has-border-color has-black-border-color has-cyan-bluish-gray-background-color has-background is-layout-flow wp-block-column-is-layout-flow\">\n<h4 class=\"wp-block-heading has-text-align-center\"><a href=\"https:\/\/serveiseducatius.xtec.cat\/santacolomag\/portada\/fotonica-en-5%e2%80%b2-dia-internacional-de-la-dona-i-la-nena-en-la-ciencia-2026\/\">Fot\u00f2nica en 5\u2032! Dia Internacional de la Dona i la Nena en la Ci\u00e8ncia 2026<br><\/a><\/h4>\n\n\n\n<figure class=\"wp-block-image aligncenter size-full is-resized\"><a href=\"https:\/\/serveiseducatius.xtec.cat\/santacolomag\/portada\/fotonica-en-5%e2%80%b2-dia-internacional-de-la-dona-i-la-nena-en-la-ciencia-2026\/\"><img loading=\"lazy\" decoding=\"async\" width=\"361\" height=\"321\" src=\"https:\/\/serveiseducatius.xtec.cat\/santacolomag\/wp-content\/uploads\/usu1183\/2025\/01\/333333-e1738312059299.png\" alt=\"\" class=\"wp-image-21485\" style=\"width:202px;height:auto\" srcset=\"https:\/\/serveiseducatius.xtec.cat\/santacolomag\/wp-content\/uploads\/usu1183\/2025\/01\/333333-e1738312059299.png 361w, https:\/\/serveiseducatius.xtec.cat\/santacolomag\/wp-content\/uploads\/usu1183\/2025\/01\/333333-e1738312059299-300x267.png 300w\" sizes=\"auto, (max-width: 361px) 100vw, 361px\" \/><\/a><\/figure>\n\n\n\n<p class=\"has-text-align-center\">Aquest esdeveniment tindr\u00e0 lloc el dia&nbsp;<strong>12 de febrer de 2026 a les 10:30 de manera virtual<\/strong>&nbsp;i est\u00e0 dirigit a l\u2019alumnat del segon cicle de l\u2019ESO, de batxillerat i cicles formatius.<\/p>\n<\/div>\n<\/div>\n\n\n\n<div class=\"wp-block-columns is-layout-flex wp-container-core-columns-is-layout-2 wp-block-columns-is-layout-flex\">\n<div class=\"wp-block-column has-border-color has-black-border-color has-white-background-color has-background is-layout-flow wp-block-column-is-layout-flow\">\n<h4 class=\"wp-block-heading has-text-align-center\"><a href=\"https:\/\/serveiseducatius.xtec.cat\/santacolomag\/general\/biysc-barcelona-international-youth-science-challenge\/\">BIYSC \u2013 Barcelona International Youth Science Challenge<br><br><\/a><\/h4>\n\n\n\n<figure class=\"wp-block-image aligncenter size-full is-resized\"><a href=\"https:\/\/serveiseducatius.xtec.cat\/santacolomag\/general\/biysc-barcelona-international-youth-science-challenge\/\"><img loading=\"lazy\" decoding=\"async\" width=\"1267\" height=\"565\" src=\"https:\/\/serveiseducatius.xtec.cat\/santacolomag\/wp-content\/uploads\/usu1183\/2026\/01\/Captura-de-pantalla-2026-01-21-094813.png\" alt=\"\" class=\"wp-image-23411\" style=\"width:341px;height:auto\" srcset=\"https:\/\/serveiseducatius.xtec.cat\/santacolomag\/wp-content\/uploads\/usu1183\/2026\/01\/Captura-de-pantalla-2026-01-21-094813.png 1267w, https:\/\/serveiseducatius.xtec.cat\/santacolomag\/wp-content\/uploads\/usu1183\/2026\/01\/Captura-de-pantalla-2026-01-21-094813-300x134.png 300w, https:\/\/serveiseducatius.xtec.cat\/santacolomag\/wp-content\/uploads\/usu1183\/2026\/01\/Captura-de-pantalla-2026-01-21-094813-1024x457.png 1024w, https:\/\/serveiseducatius.xtec.cat\/santacolomag\/wp-content\/uploads\/usu1183\/2026\/01\/Captura-de-pantalla-2026-01-21-094813-768x342.png 768w\" sizes=\"auto, (max-width: 1267px) 100vw, 1267px\" \/><\/a><\/figure>\n\n\n\n<p class=\"has-text-align-center\">El programa est\u00e0 pensat per a&nbsp;<strong>joves d\u2019entre 15 i 18 anys<\/strong>&nbsp;amb inter\u00e8s per la ci\u00e8ncia i la tecnologia.&nbsp;El BIYSC \u00e9s un&nbsp;<strong>programa d\u2019estiu organitzat per la Fundaci\u00f3 Catalunya La Pedrera<\/strong>, amb la col\u00b7laboraci\u00f3 de centres de recerca de refer\u00e8ncia.<\/p>\n<\/div>\n\n\n\n<div class=\"wp-block-column has-border-color has-black-border-color has-cyan-bluish-gray-background-color has-background is-layout-flow wp-block-column-is-layout-flow\">\n<h4 class=\"wp-block-heading has-text-align-center\"><a href=\"https:\/\/serveiseducatius.xtec.cat\/santacolomag\/portada\/premis-educac-reconeixement-a-la-tasca-docent-en-lambit-de-leducacio-mediatica-i-informacional\/\">Premis eduCAC: reconeixement a la tasca docent en l\u2019\u00e0mbit de l\u2019educaci\u00f3 medi\u00e0tica i informacional<\/a>&nbsp;<br><\/h4>\n\n\n\n<figure class=\"wp-block-image aligncenter size-full is-resized\"><a href=\"https:\/\/serveiseducatius.xtec.cat\/santacolomag\/portada\/premis-educac-reconeixement-a-la-tasca-docent-en-lambit-de-leducacio-mediatica-i-informacional\/\"><img loading=\"lazy\" decoding=\"async\" width=\"144\" height=\"85\" src=\"https:\/\/serveiseducatius.xtec.cat\/santacolomag\/wp-content\/uploads\/usu1183\/2017\/11\/eduCAC_logo.png\" alt=\"\" class=\"wp-image-9986\" style=\"width:316px;height:auto\"\/><\/a><\/figure>\n\n\n\n<p class=\"has-text-align-center\">El Consell de l\u2019Audiovisual de Catalunya convoca anualment, des del curs 2003\/2004, els&nbsp;<a href=\"https:\/\/www.educac.cat\/premis-educac\/23ns-premis-educac\" target=\"_blank\" rel=\"noreferrer noopener\">Premis eduCAC<\/a>&nbsp;amb l\u2019objectiu de fomentar l\u2019educaci\u00f3 en comunicaci\u00f3 i recon\u00e8ixer la tasca duta a terme pels docents a les aules en aquest \u00e0mbit.<\/p>\n<\/div>\n\n\n\n<div class=\"wp-block-column has-border-color has-black-border-color has-white-background-color has-background is-layout-flow wp-block-column-is-layout-flow\">\n<h4 class=\"wp-block-heading has-text-align-center\"><a href=\"https:\/\/serveiseducatius.xtec.cat\/santacolomag\/general\/convocatoria-erasmus-2026\/\"><br><\/a><a href=\"https:\/\/serveiseducatius.xtec.cat\/santacolomag\/general\/educacio-afectivosexual-litinerari-complert-de-coeducat\/\">Educaci\u00f3 afectivosexual \u2013 L\u2019itinerari complert de Coeduca\u2019t<br><\/a><\/h4>\n\n\n\n<figure class=\"wp-block-image aligncenter size-full is-resized\"><a href=\"https:\/\/serveiseducatius.xtec.cat\/santacolomag\/general\/educacio-afectivosexual-litinerari-complert-de-coeducat\/\"><img loading=\"lazy\" decoding=\"async\" width=\"768\" height=\"574\" src=\"https:\/\/serveiseducatius.xtec.cat\/santacolomag\/wp-content\/uploads\/usu1183\/2026\/01\/FireShot-Capture-011-CALAIX-9_-Drets-Sexuals-1_COEDUCAT_-Google-Drive-drive.google.com_-768x574-1.png\" alt=\"\" class=\"wp-image-23435\" style=\"width:237px;height:auto\" srcset=\"https:\/\/serveiseducatius.xtec.cat\/santacolomag\/wp-content\/uploads\/usu1183\/2026\/01\/FireShot-Capture-011-CALAIX-9_-Drets-Sexuals-1_COEDUCAT_-Google-Drive-drive.google.com_-768x574-1.png 768w, https:\/\/serveiseducatius.xtec.cat\/santacolomag\/wp-content\/uploads\/usu1183\/2026\/01\/FireShot-Capture-011-CALAIX-9_-Drets-Sexuals-1_COEDUCAT_-Google-Drive-drive.google.com_-768x574-1-300x224.png 300w\" sizes=\"auto, (max-width: 768px) 100vw, 768px\" \/><\/a><\/figure>\n\n\n\n<p class=\"has-text-align-center\">COEDUCA&#8217;T publica l&#8217;itinerari complert per a l&#8217;educaci\u00f3 infantil i b\u00e0sica de l&#8217;educaci\u00f3 afectivo sexual<\/p>\n\n\n\n<p><\/p>\n<\/div>\n<\/div>\n","protected":false},"excerpt":{"rendered":"<p>NOU curs autoformatiu: Introducci\u00f3 a l\u2019educaci\u00f3 inclusiva El proper 16 de febrer s\u2019inicia el nou curs autoformatiu:&nbsp;Introducci\u00f3 a l\u2019educaci\u00f3 inclusiva: [&hellip;]<\/p>\n","protected":false},"author":4,"featured_media":0,"parent":0,"menu_order":0,"comment_status":"closed","ping_status":"close","template":"","meta":{"_bbp_topic_count":0,"_bbp_reply_count":0,"_bbp_total_topic_count":0,"_bbp_total_reply_count":0,"_bbp_voice_count":0,"_bbp_anonymous_reply_count":0,"_bbp_topic_count_hidden":0,"_bbp_reply_count_hidden":0,"_bbp_forum_subforum_count":0,"site-sidebar-layout":"default","site-content-layout":"","ast-site-content-layout":"default","site-content-style":"default","site-sidebar-style":"default","ast-global-header-display":"","ast-banner-title-visibility":"","ast-main-header-display":"","ast-hfb-above-header-display":"","ast-hfb-below-header-display":"","ast-hfb-mobile-header-display":"","site-post-title":"","ast-breadcrumbs-content":"","ast-featured-img":"","footer-sml-layout":"","theme-transparent-header-meta":"","adv-header-id-meta":"","stick-header-meta":"","header-above-stick-meta":"","header-main-stick-meta":"","header-below-stick-meta":"","astra-migrate-meta-layouts":"set","ast-page-background-enabled":"default","ast-page-background-meta":{"desktop":{"background-color":"var(--ast-global-color-4)","background-image":"","background-repeat":"repeat","background-position":"center center","background-size":"auto","background-attachment":"scroll","background-type":"","background-media":"","overlay-type":"","overlay-color":"","overlay-opacity":"","overlay-gradient":""},"tablet":{"background-color":"","background-image":"","background-repeat":"repeat","background-position":"center center","background-size":"auto","background-attachment":"scroll","background-type":"","background-media":"","overlay-type":"","overlay-color":"","overlay-opacity":"","overlay-gradient":""},"mobile":{"background-color":"","background-image":"","background-repeat":"repeat","background-position":"center center","background-size":"auto","background-attachment":"scroll","background-type":"","background-media":"","overlay-type":"","overlay-color":"","overlay-opacity":"","overlay-gradient":""}},"ast-content-background-meta":{"desktop":{"background-color":"var(--ast-global-color-5)","background-image":"","background-repeat":"repeat","background-position":"center center","background-size":"auto","background-attachment":"scroll","background-type":"","background-media":"","overlay-type":"","overlay-color":"","overlay-opacity":"","overlay-gradient":""},"tablet":{"background-color":"var(--ast-global-color-5)","background-image":"","background-repeat":"repeat","background-position":"center center","background-size":"auto","background-attachment":"scroll","background-type":"","background-media":"","overlay-type":"","overlay-color":"","overlay-opacity":"","overlay-gradient":""},"mobile":{"background-color":"var(--ast-global-color-5)","background-image":"","background-repeat":"repeat","background-position":"center center","background-size":"auto","background-attachment":"scroll","background-type":"","background-media":"","overlay-type":"","overlay-color":"","overlay-opacity":"","overlay-gradient":""}},"footnotes":""},"class_list":["post-23424","page","type-page","status-publish","hentry"],"post_mailing_queue_ids":[],"_links":{"self":[{"href":"https:\/\/serveiseducatius.xtec.cat\/santacolomag\/wp-json\/wp\/v2\/pages\/23424","targetHints":{"allow":["GET"]}}],"collection":[{"href":"https:\/\/serveiseducatius.xtec.cat\/santacolomag\/wp-json\/wp\/v2\/pages"}],"about":[{"href":"https:\/\/serveiseducatius.xtec.cat\/santacolomag\/wp-json\/wp\/v2\/types\/page"}],"author":[{"embeddable":true,"href":"https:\/\/serveiseducatius.xtec.cat\/santacolomag\/wp-json\/wp\/v2\/users\/4"}],"replies":[{"embeddable":true,"href":"https:\/\/serveiseducatius.xtec.cat\/santacolomag\/wp-json\/wp\/v2\/comments?post=23424"}],"version-history":[{"count":6,"href":"https:\/\/serveiseducatius.xtec.cat\/santacolomag\/wp-json\/wp\/v2\/pages\/23424\/revisions"}],"predecessor-version":[{"id":23440,"href":"https:\/\/serveiseducatius.xtec.cat\/santacolomag\/wp-json\/wp\/v2\/pages\/23424\/revisions\/23440"}],"wp:attachment":[{"href":"https:\/\/serveiseducatius.xtec.cat\/santacolomag\/wp-json\/wp\/v2\/media?parent=23424"}],"curies":[{"name":"wp","href":"https:\/\/api.w.org\/{rel}","templated":true}]}}