{"id":23341,"date":"2025-12-19T09:09:08","date_gmt":"2025-12-19T08:09:08","guid":{"rendered":"https:\/\/serveiseducatius.xtec.cat\/santacolomag\/?page_id=23341"},"modified":"2026-03-04T08:10:51","modified_gmt":"2026-03-04T07:10:51","slug":"professionals-eap-b-12-2025-2026","status":"publish","type":"page","link":"https:\/\/serveiseducatius.xtec.cat\/santacolomag\/professionals-eap-b-12-2025-2026\/","title":{"rendered":"Professionals EAP B-12 (2025-2026)"},"content":{"rendered":"\n<div class=\"wp-block-getwid-tabs\" data-active-tab=\"0\"><ul class=\"wp-block-getwid-tabs__nav-links\"><\/ul>\n<div class=\"wp-block-getwid-tabs__nav-link\"><span class=\"wp-block-getwid-tabs__title-wrapper\"><a href=\"#\"><span class=\"wp-block-getwid-tabs__title\"><strong>Psicopedagogia<\/strong><\/span><\/a><\/span><\/div><div class=\"wp-block-getwid-tabs__tab-content-wrapper\"><div class=\"wp-block-getwid-tabs__tab-content\">\n<p><strong>REFERENTS PSICOPEDAGOGIA:<\/strong><\/p>\n\n\n\n<p><\/p>\n\n\n\n<p><strong>SARA PONT:&nbsp;<\/strong>DIRECCI\u00d3<\/p>\n\n\n\n<p><strong>ANABEL GUTI\u00c9RREZ:<\/strong><\/p>\n\n\n\n<p><strong>Escoles<\/strong>: Joan Salvat Papasseit, Rossell\u00f3 P\u00f2rcel<\/p>\n\n\n\n<p><strong>Instituts<\/strong>: Num\u00e0ncia<\/p>\n\n\n\n<p><strong>Concertades<\/strong>: CECAC<\/p>\n\n\n\n<p><strong>BERTA MORAL:<\/strong><\/p>\n\n\n\n<p><strong>Escoles<\/strong>: Torre Balldovina, Santa Coloma<\/p>\n\n\n\n<p><strong>Instituts<\/strong>: Puig Castellar<\/p>\n\n\n\n<p><strong>Concertade<\/strong>s: Les Neus<\/p>\n\n\n\n<p><strong>CRISTINA L\u00d3PEZ:<\/strong><\/p>\n\n\n\n<p><strong>Escoles<\/strong>: Merc\u00e8 Rodoreda<\/p>\n\n\n\n<p><strong>CEE<\/strong>: Josep Sol<\/p>\n\n\n\n<p><strong>Instituts<\/strong>: Pallaresa<\/p>\n\n\n\n<p><strong>DAVID ALGARRADA:<\/strong><\/p>\n\n\n\n<p><strong>Escoles<\/strong>: Les Palmeres, Wagner<\/p>\n\n\n\n<p><strong>Instituts<\/strong>: La Bastida<\/p>\n\n\n\n<p><strong>Concertades<\/strong>: Fuster<\/p>\n\n\n\n<p><strong>GLADIS BORR\u00c0S:<\/strong><\/p>\n\n\n\n<p><strong>Escoles<\/strong>: Riera Alta, Sant Just, Serra de Marina<\/p>\n\n\n\n<p><strong>Concertades<\/strong>: FEDAC<\/p>\n\n\n\n<p><strong>MARIA CINTA LARROTCHA:<\/strong><\/p>\n\n\n\n<p><strong>Escoles<\/strong>: Ban\u00fas, Ferran de Sagarra<\/p>\n\n\n\n<p>I<strong>nstituts<\/strong>: Can Peixauet<\/p>\n\n\n\n<p><strong>Concertades<\/strong>: Virgen del Carmen<\/p>\n\n\n\n<p><strong>MONTSERRAT ABAD:<\/strong><\/p>\n\n\n\n<p><strong>Escoles<\/strong>: Antoni Gaud\u00ed, Beethoven<\/p>\n\n\n\n<p><strong>Instituts<\/strong>: Institut 9 de Santa Coloma<\/p>\n\n\n\n<p><strong>Concertades<\/strong>: Singuerl\u00edn<\/p>\n\n\n\n<p><strong>ROGER LLOP:<\/strong><\/p>\n\n\n\n<p><strong>Escoles<\/strong>: Jaume Salvatella, Sagrada Fam\u00edlia<\/p>\n\n\n\n<p><strong>Instituts<\/strong>: Les Vinyes<\/p>\n\n\n\n<p><strong>Concertades<\/strong>: FEDAC<\/p>\n\n\n\n<p><strong>SALVI ARTERO:<\/strong><\/p>\n\n\n\n<p><strong>Escoles<\/strong>: Fray Luis de Le\u00f3n, Miguel de Unamuno<\/p>\n\n\n\n<p><strong>Instituts<\/strong>: Terra Roja<\/p>\n\n\n\n<p><strong>Concertades<\/strong>: Manent<\/p>\n\n\n\n<p><strong>SILVIA COLOMA:<\/strong><\/p>\n\n\n\n<p><strong>Escoles<\/strong>: Ausi\u00e0s March, Tanit<\/p>\n\n\n\n<p><strong>Instituts<\/strong>: Torrent de les Bruixes<\/p>\n\n\n\n<p><strong>Concertades<\/strong>: Les Neus<\/p>\n\n\n\n<p><strong>\u00c0SSIA BADIA<\/strong>:<\/p>\n\n\n\n<p><strong>Escoles<\/strong>: Primavera,<\/p>\n\n\n\n<p><strong>Instituts:<\/strong>&nbsp;Llu\u00eds Millet, Ramon Berenguer IV<\/p>\n\n\n\n<p><strong>Concertades<\/strong>: Seimar<\/p>\n<\/div><\/div>\n\n\n\n<div class=\"wp-block-getwid-tabs__nav-link\"><span class=\"wp-block-getwid-tabs__title-wrapper\"><a href=\"#\"><span class=\"wp-block-getwid-tabs__title\"><strong>Treball Social<\/strong><\/span><\/a><\/span><\/div><div class=\"wp-block-getwid-tabs__tab-content-wrapper\"><div class=\"wp-block-getwid-tabs__tab-content\">\n<p><strong>REFERENTS TREBALL SOCIAL<\/strong><\/p>\n\n\n\n<p><strong>ALBERT GALV\u00c1N:<\/strong><\/p>\n\n\n\n<p><strong>Escoles&nbsp;<\/strong>Joan Salvat Papasseit, Merc\u00e8 Rodoreda, Rossell\u00f3 P\u00f2rcel, Beethoven, Wagner, Ban\u00fas i Sant Just.<\/p>\n\n\n\n<p><strong>Instituts<\/strong>\u00a0Torrent de les Bruixes, Can Peixauet i Puig Castellar.<\/p>\n\n\n\n<p><strong>Concertades<\/strong>&nbsp;Les Neus, Manent, CECAC i V\u00edrgen del Carmen<\/p>\n\n\n\n<p><strong>SUSANA CASADO:&nbsp;<\/strong><\/p>\n\n\n\n<p><strong>Escoles&nbsp;<\/strong>Fray luis de Le\u00f3n, Torre Balldovina, Santa Coloma, Ausi\u00e0s March, Serra de Marina, Riera Alta, Palmeres i CEE Josep Sol.<\/p>\n\n\n\n<p><strong>Instituts<\/strong>\u00a0Llu\u00eds Millet, Pallaresa i Num\u00e0ncia.<\/p>\n\n\n\n<p><strong>Concertades<\/strong>&nbsp;Fuster i SEIMAR.<\/p>\n\n\n\n<p><strong>LAIA TORDERA:<\/strong><\/p>\n\n\n\n<p><strong>Escoles<\/strong>&nbsp;Jaume Salvatella, Sagrada fam\u00edlia, Primavera, Antoni Gaud\u00ed, Tanit, Miguel de Unamuno i Ferran de Sagarra.<\/p>\n\n\n\n<p><strong>Instituts<\/strong>&nbsp;Ramon Berenguer IV, Les Vinyes, Terra roja, La Bastida i 9 de Santa Coloma.<\/p>\n\n\n\n<p><strong>Concertades<\/strong>&nbsp;Singuerl\u00edn i FEDAC Santa Coloma<\/p>\n<\/div><\/div>\n\n\n\n<div class=\"wp-block-getwid-tabs__nav-link\"><span class=\"wp-block-getwid-tabs__title-wrapper\"><a href=\"#\"><span class=\"wp-block-getwid-tabs__title\"><strong>Fisioter\u00e0pia<\/strong><\/span><\/a><\/span><\/div><div class=\"wp-block-getwid-tabs__tab-content-wrapper\"><div class=\"wp-block-getwid-tabs__tab-content\">\n<p><strong>REFERENTS FISIOTER\u00c0PIA:<\/strong><\/p>\n\n\n\n<p><strong>&nbsp;<\/strong><strong>JENNIFER OTTO:<\/strong><\/p>\n\n\n\n<ul class=\"wp-block-list\">\n<li><strong>Centres:<\/strong><\/li>\n<\/ul>\n\n\n\n<p><strong>\u2013 Escoles:&nbsp;<\/strong>Fray Lu\u00eds de Le\u00f3n, Serra de Marina, Ferran de Segarra,Torre Balldovina,&nbsp;Sagrada Fam\u00edlia.<\/p>\n\n\n\n<p><strong>\u2013 Instituts:&nbsp;<\/strong>Ram\u00f3n Berenguer, Can Peixauet, Num\u00e0ncia, 9 de Santa Coloma.<strong>&nbsp;<\/strong><\/p>\n\n\n\n<p><strong>\u2013 Concertades:&nbsp;<\/strong>Seimar, CECAC.<\/p>\n\n\n\n<p><strong>&nbsp;<\/strong><strong>ANA SEUMA:<\/strong><\/p>\n\n\n\n<ul class=\"wp-block-list\">\n<li><strong>Centres:<\/strong><\/li>\n<\/ul>\n\n\n\n<p><strong>\u2013 Escoles:&nbsp;<\/strong>Ausi\u00e0s March, Les Palmeres, Gaud\u00ed, Ban\u00fas, Salvat Papasseit, Primavera, Salvatella, Rosell\u00f3 Porcel,Tanit,<\/p>\n\n\n\n<p><strong>-Instituts:&nbsp;<\/strong>Puig Castellar,&nbsp;La Bastida, Terra Roja.<\/p>\n\n\n\n<p><strong>\u2013 I-E:&nbsp;<\/strong>Pallaresa.<\/p>\n\n\n\n<p><strong>\u2013 Concertades:&nbsp;<\/strong>Manent, FEDAC, Virgen del Carmen.<\/p>\n\n\n\n<p><strong>&nbsp;<\/strong><strong>MONTSE ESTRADA:<\/strong><\/p>\n\n\n\n<ul class=\"wp-block-list\">\n<li><strong>Centres:<\/strong><\/li>\n<\/ul>\n\n\n\n<p><strong>\u2013 Escoles:&nbsp;<\/strong>Riera Alta, Beethoven, Rodoreda, Sant Just, Unamuno, Santa Coloma.Wagner.<\/p>\n\n\n\n<p><strong>\u2013 Instituts:&nbsp;<\/strong>Les Vinyes,&nbsp;Torrent de Les Bruixes.<\/p>\n\n\n\n<p><strong>\u2013 I-E.:&nbsp;<\/strong>Lluis Millet.<\/p>\n\n\n\n<p><strong>\u2013 Concertades:&nbsp;<\/strong>Les Neus, Singuerlin,&nbsp;Fuster<\/p>\n<\/div><\/div>\n<\/div>\n\n\n\n<p><\/p>\n\n\n\n<ul class=\"wp-block-list\">\n<li><\/li>\n<\/ul>\n","protected":false},"excerpt":{"rendered":"","protected":false},"author":4,"featured_media":0,"parent":0,"menu_order":0,"comment_status":"closed","ping_status":"close","template":"","meta":{"_bbp_topic_count":0,"_bbp_reply_count":0,"_bbp_total_topic_count":0,"_bbp_total_reply_count":0,"_bbp_voice_count":0,"_bbp_anonymous_reply_count":0,"_bbp_topic_count_hidden":0,"_bbp_reply_count_hidden":0,"_bbp_forum_subforum_count":0,"site-sidebar-layout":"default","site-content-layout":"","ast-site-content-layout":"default","site-content-style":"default","site-sidebar-style":"default","ast-global-header-display":"","ast-banner-title-visibility":"","ast-main-header-display":"","ast-hfb-above-header-display":"","ast-hfb-below-header-display":"","ast-hfb-mobile-header-display":"","site-post-title":"","ast-breadcrumbs-content":"","ast-featured-img":"","footer-sml-layout":"","theme-transparent-header-meta":"","adv-header-id-meta":"","stick-header-meta":"","header-above-stick-meta":"","header-main-stick-meta":"","header-below-stick-meta":"","astra-migrate-meta-layouts":"set","ast-page-background-enabled":"default","ast-page-background-meta":{"desktop":{"background-color":"var(--ast-global-color-4)","background-image":"","background-repeat":"repeat","background-position":"center center","background-size":"auto","background-attachment":"scroll","background-type":"","background-media":"","overlay-type":"","overlay-color":"","overlay-opacity":"","overlay-gradient":""},"tablet":{"background-color":"","background-image":"","background-repeat":"repeat","background-position":"center center","background-size":"auto","background-attachment":"scroll","background-type":"","background-media":"","overlay-type":"","overlay-color":"","overlay-opacity":"","overlay-gradient":""},"mobile":{"background-color":"","background-image":"","background-repeat":"repeat","background-position":"center center","background-size":"auto","background-attachment":"scroll","background-type":"","background-media":"","overlay-type":"","overlay-color":"","overlay-opacity":"","overlay-gradient":""}},"ast-content-background-meta":{"desktop":{"background-color":"var(--ast-global-color-5)","background-image":"","background-repeat":"repeat","background-position":"center center","background-size":"auto","background-attachment":"scroll","background-type":"","background-media":"","overlay-type":"","overlay-color":"","overlay-opacity":"","overlay-gradient":""},"tablet":{"background-color":"var(--ast-global-color-5)","background-image":"","background-repeat":"repeat","background-position":"center center","background-size":"auto","background-attachment":"scroll","background-type":"","background-media":"","overlay-type":"","overlay-color":"","overlay-opacity":"","overlay-gradient":""},"mobile":{"background-color":"var(--ast-global-color-5)","background-image":"","background-repeat":"repeat","background-position":"center center","background-size":"auto","background-attachment":"scroll","background-type":"","background-media":"","overlay-type":"","overlay-color":"","overlay-opacity":"","overlay-gradient":""}},"footnotes":""},"class_list":["post-23341","page","type-page","status-publish","hentry"],"post_mailing_queue_ids":[],"_links":{"self":[{"href":"https:\/\/serveiseducatius.xtec.cat\/santacolomag\/wp-json\/wp\/v2\/pages\/23341","targetHints":{"allow":["GET"]}}],"collection":[{"href":"https:\/\/serveiseducatius.xtec.cat\/santacolomag\/wp-json\/wp\/v2\/pages"}],"about":[{"href":"https:\/\/serveiseducatius.xtec.cat\/santacolomag\/wp-json\/wp\/v2\/types\/page"}],"author":[{"embeddable":true,"href":"https:\/\/serveiseducatius.xtec.cat\/santacolomag\/wp-json\/wp\/v2\/users\/4"}],"replies":[{"embeddable":true,"href":"https:\/\/serveiseducatius.xtec.cat\/santacolomag\/wp-json\/wp\/v2\/comments?post=23341"}],"version-history":[{"count":6,"href":"https:\/\/serveiseducatius.xtec.cat\/santacolomag\/wp-json\/wp\/v2\/pages\/23341\/revisions"}],"predecessor-version":[{"id":23630,"href":"https:\/\/serveiseducatius.xtec.cat\/santacolomag\/wp-json\/wp\/v2\/pages\/23341\/revisions\/23630"}],"wp:attachment":[{"href":"https:\/\/serveiseducatius.xtec.cat\/santacolomag\/wp-json\/wp\/v2\/media?parent=23341"}],"curies":[{"name":"wp","href":"https:\/\/api.w.org\/{rel}","templated":true}]}}