{"id":23312,"date":"2025-12-18T11:17:44","date_gmt":"2025-12-18T10:17:44","guid":{"rendered":"https:\/\/serveiseducatius.xtec.cat\/santacolomag\/?page_id=23312"},"modified":"2026-01-26T15:01:01","modified_gmt":"2026-01-26T14:01:01","slug":"full-informatiu-gener-2026","status":"publish","type":"page","link":"https:\/\/serveiseducatius.xtec.cat\/santacolomag\/full-informatiu-gener-2026\/","title":{"rendered":"Full Informatiu. Gener 2026"},"content":{"rendered":"\n<div class=\"wp-block-columns is-layout-flex wp-container-core-columns-is-layout-1 wp-block-columns-is-layout-flex\">\n<div class=\"wp-block-column has-border-color has-black-border-color has-very-light-gray-to-cyan-bluish-gray-gradient-background has-background is-layout-flow wp-block-column-is-layout-flow\">\n<h4 class=\"wp-block-heading has-text-align-center\"><a href=\"https:\/\/serveiseducatius.xtec.cat\/santacolomag\/portada\/publicat-el-digcomp-3-0-el-marc-europeu-de-la-competencia-digital-ciutadana\/\">Publicat el DigComp 3.0, el marc europeu de la compet\u00e8ncia digital ciutadana<br><\/a><\/h4>\n\n\n\n<figure class=\"wp-block-image aligncenter size-full is-resized\"><a href=\"https:\/\/serveiseducatius.xtec.cat\/santacolomag\/portada\/publicat-el-digcomp-3-0-el-marc-europeu-de-la-competencia-digital-ciutadana\/\"><img loading=\"lazy\" decoding=\"async\" width=\"600\" height=\"413\" src=\"https:\/\/serveiseducatius.xtec.cat\/santacolomag\/wp-content\/uploads\/usu1183\/2025\/12\/DigComp.jpg\" alt=\"\" class=\"wp-image-23241\" style=\"width:212px;height:auto\" srcset=\"https:\/\/serveiseducatius.xtec.cat\/santacolomag\/wp-content\/uploads\/usu1183\/2025\/12\/DigComp.jpg 600w, https:\/\/serveiseducatius.xtec.cat\/santacolomag\/wp-content\/uploads\/usu1183\/2025\/12\/DigComp-300x207.jpg 300w\" sizes=\"auto, (max-width: 600px) 100vw, 600px\" \/><\/a><\/figure>\n\n\n\n<p class=\"has-text-align-center\">\u00c9s un marc europeu que defineix la compet\u00e8ncia digital ciutadana. Descriu qu\u00e8 cal saber i saber fer com a ciutad\u00e0 europeu per ser competent digitalment en la societat actual. La primera versi\u00f3 es va publicar el 2013, amb actualitzacions el 2016, el 2017 i el 2022.<a href=\"https:\/\/serveiseducatius.xtec.cat\/santacolomag\/general\/2a-edicio-del-concurs-de-nadales-cientifiques\/\"><br><\/a><\/p>\n\n\n\n<div class=\"wp-block-buttons is-content-justification-center is-layout-flex wp-container-core-buttons-is-layout-1 wp-block-buttons-is-layout-flex\"><\/div>\n<\/div>\n\n\n\n<div class=\"wp-block-column has-border-color has-black-border-color is-layout-flow wp-block-column-is-layout-flow\">\n<h4 class=\"wp-block-heading has-text-align-center\"><a href=\"https:\/\/serveiseducatius.xtec.cat\/santacolomag\/general\/calendari-davaluacions-2025-26-de-lagencia-davaluacio-i-prospectiva-de-leducacio\/\">Calendari d\u2019avaluacions 2025-26 de l\u2019Ag\u00e8ncia d\u2019Avaluaci\u00f3 i Prospectiva de l\u2019Educaci\u00f3<br><\/a><\/h4>\n\n\n\n<figure class=\"wp-block-image aligncenter size-full is-resized\"><a href=\"https:\/\/serveiseducatius.xtec.cat\/santacolomag\/general\/calendari-davaluacions-2025-26-de-lagencia-davaluacio-i-prospectiva-de-leducacio\/\"><img loading=\"lazy\" decoding=\"async\" width=\"1358\" height=\"838\" src=\"https:\/\/serveiseducatius.xtec.cat\/santacolomag\/wp-content\/uploads\/usu1183\/2025\/12\/avaluacions.png\" alt=\"\" class=\"wp-image-23289\" style=\"width:287px;height:auto\" srcset=\"https:\/\/serveiseducatius.xtec.cat\/santacolomag\/wp-content\/uploads\/usu1183\/2025\/12\/avaluacions.png 1358w, https:\/\/serveiseducatius.xtec.cat\/santacolomag\/wp-content\/uploads\/usu1183\/2025\/12\/avaluacions-300x185.png 300w, https:\/\/serveiseducatius.xtec.cat\/santacolomag\/wp-content\/uploads\/usu1183\/2025\/12\/avaluacions-1024x632.png 1024w, https:\/\/serveiseducatius.xtec.cat\/santacolomag\/wp-content\/uploads\/usu1183\/2025\/12\/avaluacions-768x474.png 768w\" sizes=\"auto, (max-width: 1358px) 100vw, 1358px\" \/><\/a><\/figure>\n\n\n\n<p>La realitzaci\u00f3 de les proves d\u2019avaluaci\u00f3 de diagn\u00f2stic i de final d\u2019etapa d\u2019aquest curs, despr\u00e9s de les \u00faltimes modificacions, queda de la seg\u00fcent manera&#8230;<\/p>\n<\/div>\n\n\n\n<div class=\"wp-block-column has-border-color has-black-border-color has-cyan-bluish-gray-background-color has-background is-layout-flow wp-block-column-is-layout-flow\">\n<h4 class=\"wp-block-heading has-text-align-center\"><a href=\"https:\/\/serveiseducatius.xtec.cat\/santacolomag\/general\/xx-jornada-deducacio-infantil-0-6-curs-2025-2026\/\">XX Jornada d\u2019Educaci\u00f3 Infantil 0-6. Curs 2025-2026<br><\/a><\/h4>\n\n\n\n<figure class=\"wp-block-image aligncenter size-full is-resized\"><a href=\"https:\/\/serveiseducatius.xtec.cat\/santacolomag\/general\/xx-jornada-deducacio-infantil-0-6-curs-2025-2026\/\"><img loading=\"lazy\" decoding=\"async\" width=\"1414\" height=\"2000\" src=\"https:\/\/serveiseducatius.xtec.cat\/santacolomag\/wp-content\/uploads\/usu1183\/2025\/12\/Cartel-Biografia-Collage-Doodle-Melocoton-y-Beige-1.jpg\" alt=\"\" class=\"wp-image-23322\" style=\"width:140px;height:auto\" srcset=\"https:\/\/serveiseducatius.xtec.cat\/santacolomag\/wp-content\/uploads\/usu1183\/2025\/12\/Cartel-Biografia-Collage-Doodle-Melocoton-y-Beige-1.jpg 1414w, https:\/\/serveiseducatius.xtec.cat\/santacolomag\/wp-content\/uploads\/usu1183\/2025\/12\/Cartel-Biografia-Collage-Doodle-Melocoton-y-Beige-1-212x300.jpg 212w, https:\/\/serveiseducatius.xtec.cat\/santacolomag\/wp-content\/uploads\/usu1183\/2025\/12\/Cartel-Biografia-Collage-Doodle-Melocoton-y-Beige-1-724x1024.jpg 724w, https:\/\/serveiseducatius.xtec.cat\/santacolomag\/wp-content\/uploads\/usu1183\/2025\/12\/Cartel-Biografia-Collage-Doodle-Melocoton-y-Beige-1-768x1086.jpg 768w, https:\/\/serveiseducatius.xtec.cat\/santacolomag\/wp-content\/uploads\/usu1183\/2025\/12\/Cartel-Biografia-Collage-Doodle-Melocoton-y-Beige-1-1086x1536.jpg 1086w\" sizes=\"auto, (max-width: 1414px) 100vw, 1414px\" \/><\/a><\/figure>\n\n\n\n<p>Us convidem a participar a la XX Jornada d\u2019Educaci\u00f3 Infantil 0-6 centrada en&nbsp;<strong>el joc, les seves etapes i el seu paper clau en el desenvolupament integral de l\u2019infant<\/strong>&nbsp;a c\u00e0rrec de&nbsp;<strong>l\u2019Imma Mar\u00edn<\/strong>. Una proposta pensada per aprofundir en la import\u00e0ncia del joc com a eina essencial d\u2019aprenentatge i creixement, amb una mirada pr\u00e0ctica i aplicable als contextos educatius de l\u2019etapa 0-6.<\/p>\n<\/div>\n<\/div>\n\n\n\n<div class=\"wp-block-columns is-layout-flex wp-container-core-columns-is-layout-2 wp-block-columns-is-layout-flex\">\n<div class=\"wp-block-column has-border-color has-black-border-color has-white-background-color has-background is-layout-flow wp-block-column-is-layout-flow\">\n<h4 class=\"wp-block-heading has-text-align-center\"><a href=\"https:\/\/serveiseducatius.xtec.cat\/santacolomag\/general\/desburocratitzacio-eines-de-signatura-digital-massiva\/\">Desburocratitzaci\u00f3: eines de signatura digital massiva<br><br><\/a><\/h4>\n\n\n\n<figure class=\"wp-block-image aligncenter size-full is-resized\"><a href=\"https:\/\/serveiseducatius.xtec.cat\/santacolomag\/general\/desburocratitzacio-eines-de-signatura-digital-massiva\/\"><img loading=\"lazy\" decoding=\"async\" width=\"372\" height=\"230\" src=\"https:\/\/serveiseducatius.xtec.cat\/santacolomag\/wp-content\/uploads\/usu1183\/2025\/12\/invideo-ai-1080-De-paper-a-digital-en-8s_-el-profe-signa-2025-12-15-5.gif\" alt=\"Imatge creada amb invideo\" class=\"wp-image-23296\" style=\"width:287px;height:auto\"\/><\/a><figcaption class=\"wp-element-caption\">Imatge creada amb invideo<\/figcaption><\/figure>\n\n\n\n<p>Per estalviar temps i agilitzar la gesti\u00f3 de documents, us proposem&nbsp;<strong>dues eines de signatura digital massiva de PDF<\/strong>:<\/p>\n<\/div>\n\n\n\n<div class=\"wp-block-column has-border-color has-black-border-color has-cyan-bluish-gray-background-color has-background is-layout-flow wp-block-column-is-layout-flow\">\n<h4 class=\"wp-block-heading has-text-align-center\"><a href=\"https:\/\/serveiseducatius.xtec.cat\/santacolomag\/general\/proteccio-de-dades-personals-als-centres-educatius\/\">Protecci\u00f3 de dades personals als centres educatius<br><\/a><\/h4>\n\n\n\n<figure class=\"wp-block-image aligncenter size-full is-resized\"><a href=\"https:\/\/serveiseducatius.xtec.cat\/santacolomag\/general\/proteccio-de-dades-personals-als-centres-educatius\/\"><img loading=\"lazy\" decoding=\"async\" width=\"1358\" height=\"838\" src=\"https:\/\/serveiseducatius.xtec.cat\/santacolomag\/wp-content\/uploads\/usu1183\/2025\/12\/protecciodades.jpg\" alt=\"\" class=\"wp-image-23276\" style=\"width:316px;height:auto\" srcset=\"https:\/\/serveiseducatius.xtec.cat\/santacolomag\/wp-content\/uploads\/usu1183\/2025\/12\/protecciodades.jpg 1358w, https:\/\/serveiseducatius.xtec.cat\/santacolomag\/wp-content\/uploads\/usu1183\/2025\/12\/protecciodades-300x185.jpg 300w, https:\/\/serveiseducatius.xtec.cat\/santacolomag\/wp-content\/uploads\/usu1183\/2025\/12\/protecciodades-1024x632.jpg 1024w, https:\/\/serveiseducatius.xtec.cat\/santacolomag\/wp-content\/uploads\/usu1183\/2025\/12\/protecciodades-768x474.jpg 768w\" sizes=\"auto, (max-width: 1358px) 100vw, 1358px\" \/><\/a><\/figure>\n\n\n\n<p>El Departament d\u2019Educaci\u00f3 i Formaci\u00f3 Professional ha publicat materials que expliquen&nbsp;<strong>com els centres educatius protegeixen les dades personals de l\u2019alumnat<\/strong>&nbsp;i garanteixen els seus drets.<\/p>\n<\/div>\n\n\n\n<div class=\"wp-block-column has-border-color has-black-border-color has-white-background-color has-background is-layout-flow wp-block-column-is-layout-flow\">\n<h4 class=\"wp-block-heading has-text-align-center\"><a href=\"https:\/\/serveiseducatius.xtec.cat\/santacolomag\/general\/convocatoria-erasmus-2026\/\"><br><\/a><a href=\"https:\/\/serveiseducatius.xtec.cat\/santacolomag\/general\/premis-maria-merce-marcal-de-didactica-de-la-llengua-catalana\/\">Premis Maria-Merc\u00e8 Mar\u00e7al de did\u00e0ctica de la llengua catalana<br><br><\/a><\/h4>\n\n\n\n<figure class=\"wp-block-image aligncenter size-full is-resized\"><a href=\"https:\/\/serveiseducatius.xtec.cat\/santacolomag\/general\/premis-maria-merce-marcal-de-didactica-de-la-llengua-catalana\/\"><img loading=\"lazy\" decoding=\"async\" width=\"667\" height=\"336\" src=\"https:\/\/serveiseducatius.xtec.cat\/santacolomag\/wp-content\/uploads\/usu1183\/2025\/12\/BannerImage_2055_20251127135552_ca.jpg\" alt=\"\" class=\"wp-image-23269\" style=\"width:237px;height:auto\" srcset=\"https:\/\/serveiseducatius.xtec.cat\/santacolomag\/wp-content\/uploads\/usu1183\/2025\/12\/BannerImage_2055_20251127135552_ca.jpg 667w, https:\/\/serveiseducatius.xtec.cat\/santacolomag\/wp-content\/uploads\/usu1183\/2025\/12\/BannerImage_2055_20251127135552_ca-300x151.jpg 300w\" sizes=\"auto, (max-width: 667px) 100vw, 667px\" \/><\/a><\/figure>\n\n\n\n<p>El Col\u00b7legi Oficial de Doctors i Llicenciats de Catalunya convoca els Premis Maria-Merc\u00e8 Mar\u00e7al, que reconeixen la tasca dels docents de tots els territoris del domini ling\u00fc\u00edstic que impulsen la llengua catalana, tant a l\u2019aula com en l\u2019\u00e0mbit creatiu i personal.<\/p>\n\n\n\n<div class=\"wp-block-buttons is-content-justification-center is-layout-flex wp-container-core-buttons-is-layout-2 wp-block-buttons-is-layout-flex\"><\/div>\n\n\n\n<p class=\"has-text-align-center\"><\/p>\n\n\n\n<p><\/p>\n<\/div>\n<\/div>\n","protected":false},"excerpt":{"rendered":"<p>Publicat el DigComp 3.0, el marc europeu de la compet\u00e8ncia digital ciutadana \u00c9s un marc europeu que defineix la compet\u00e8ncia [&hellip;]<\/p>\n","protected":false},"author":4,"featured_media":0,"parent":0,"menu_order":0,"comment_status":"closed","ping_status":"close","template":"","meta":{"_bbp_topic_count":0,"_bbp_reply_count":0,"_bbp_total_topic_count":0,"_bbp_total_reply_count":0,"_bbp_voice_count":0,"_bbp_anonymous_reply_count":0,"_bbp_topic_count_hidden":0,"_bbp_reply_count_hidden":0,"_bbp_forum_subforum_count":0,"site-sidebar-layout":"default","site-content-layout":"","ast-site-content-layout":"default","site-content-style":"default","site-sidebar-style":"default","ast-global-header-display":"","ast-banner-title-visibility":"","ast-main-header-display":"","ast-hfb-above-header-display":"","ast-hfb-below-header-display":"","ast-hfb-mobile-header-display":"","site-post-title":"","ast-breadcrumbs-content":"","ast-featured-img":"","footer-sml-layout":"","theme-transparent-header-meta":"","adv-header-id-meta":"","stick-header-meta":"","header-above-stick-meta":"","header-main-stick-meta":"","header-below-stick-meta":"","astra-migrate-meta-layouts":"set","ast-page-background-enabled":"default","ast-page-background-meta":{"desktop":{"background-color":"var(--ast-global-color-4)","background-image":"","background-repeat":"repeat","background-position":"center center","background-size":"auto","background-attachment":"scroll","background-type":"","background-media":"","overlay-type":"","overlay-color":"","overlay-opacity":"","overlay-gradient":""},"tablet":{"background-color":"","background-image":"","background-repeat":"repeat","background-position":"center center","background-size":"auto","background-attachment":"scroll","background-type":"","background-media":"","overlay-type":"","overlay-color":"","overlay-opacity":"","overlay-gradient":""},"mobile":{"background-color":"","background-image":"","background-repeat":"repeat","background-position":"center center","background-size":"auto","background-attachment":"scroll","background-type":"","background-media":"","overlay-type":"","overlay-color":"","overlay-opacity":"","overlay-gradient":""}},"ast-content-background-meta":{"desktop":{"background-color":"var(--ast-global-color-5)","background-image":"","background-repeat":"repeat","background-position":"center center","background-size":"auto","background-attachment":"scroll","background-type":"","background-media":"","overlay-type":"","overlay-color":"","overlay-opacity":"","overlay-gradient":""},"tablet":{"background-color":"var(--ast-global-color-5)","background-image":"","background-repeat":"repeat","background-position":"center center","background-size":"auto","background-attachment":"scroll","background-type":"","background-media":"","overlay-type":"","overlay-color":"","overlay-opacity":"","overlay-gradient":""},"mobile":{"background-color":"var(--ast-global-color-5)","background-image":"","background-repeat":"repeat","background-position":"center center","background-size":"auto","background-attachment":"scroll","background-type":"","background-media":"","overlay-type":"","overlay-color":"","overlay-opacity":"","overlay-gradient":""}},"footnotes":""},"class_list":["post-23312","page","type-page","status-publish","hentry"],"post_mailing_queue_ids":[],"_links":{"self":[{"href":"https:\/\/serveiseducatius.xtec.cat\/santacolomag\/wp-json\/wp\/v2\/pages\/23312","targetHints":{"allow":["GET"]}}],"collection":[{"href":"https:\/\/serveiseducatius.xtec.cat\/santacolomag\/wp-json\/wp\/v2\/pages"}],"about":[{"href":"https:\/\/serveiseducatius.xtec.cat\/santacolomag\/wp-json\/wp\/v2\/types\/page"}],"author":[{"embeddable":true,"href":"https:\/\/serveiseducatius.xtec.cat\/santacolomag\/wp-json\/wp\/v2\/users\/4"}],"replies":[{"embeddable":true,"href":"https:\/\/serveiseducatius.xtec.cat\/santacolomag\/wp-json\/wp\/v2\/comments?post=23312"}],"version-history":[{"count":4,"href":"https:\/\/serveiseducatius.xtec.cat\/santacolomag\/wp-json\/wp\/v2\/pages\/23312\/revisions"}],"predecessor-version":[{"id":23425,"href":"https:\/\/serveiseducatius.xtec.cat\/santacolomag\/wp-json\/wp\/v2\/pages\/23312\/revisions\/23425"}],"wp:attachment":[{"href":"https:\/\/serveiseducatius.xtec.cat\/santacolomag\/wp-json\/wp\/v2\/media?parent=23312"}],"curies":[{"name":"wp","href":"https:\/\/api.w.org\/{rel}","templated":true}]}}