{"id":22868,"date":"2025-10-21T09:08:29","date_gmt":"2025-10-21T07:08:29","guid":{"rendered":"https:\/\/serveiseducatius.xtec.cat\/santacolomag\/?page_id=22868"},"modified":"2026-03-27T08:58:01","modified_gmt":"2026-03-27T07:58:01","slug":"intelligencia-artificial-i-practica-docent-pagina-2","status":"publish","type":"page","link":"https:\/\/serveiseducatius.xtec.cat\/santacolomag\/intelligencia-artificial-i-practica-docent\/intelligencia-artificial-i-practica-docent-pagina-2\/","title":{"rendered":"Intel\u00b7lig\u00e8ncia Artificial i pr\u00e0ctica docent &#8211; Repositoris"},"content":{"rendered":"\n<div class=\"wp-block-columns is-layout-flex wp-container-core-columns-is-layout-1 wp-block-columns-is-layout-flex\">\n<div class=\"wp-block-column is-layout-flow wp-block-column-is-layout-flow\" style=\"flex-basis:33.33%\">\n<figure class=\"wp-block-image size-full is-resized\"><a href=\"https:\/\/serveiseducatius.xtec.cat\/santacolomag\/wp-content\/uploads\/usu1183\/2025\/10\/ChatGPT-Image-10-doct.-del-2025-12_15_33.png\"><img loading=\"lazy\" decoding=\"async\" width=\"1024\" height=\"1024\" src=\"https:\/\/serveiseducatius.xtec.cat\/santacolomag\/wp-content\/uploads\/usu1183\/2025\/10\/ChatGPT-Image-10-doct.-del-2025-12_15_33.png\" alt=\"\" class=\"wp-image-22843\" style=\"width:217px;height:auto\" srcset=\"https:\/\/serveiseducatius.xtec.cat\/santacolomag\/wp-content\/uploads\/usu1183\/2025\/10\/ChatGPT-Image-10-doct.-del-2025-12_15_33.png 1024w, https:\/\/serveiseducatius.xtec.cat\/santacolomag\/wp-content\/uploads\/usu1183\/2025\/10\/ChatGPT-Image-10-doct.-del-2025-12_15_33-300x300.png 300w, https:\/\/serveiseducatius.xtec.cat\/santacolomag\/wp-content\/uploads\/usu1183\/2025\/10\/ChatGPT-Image-10-doct.-del-2025-12_15_33-150x150.png 150w, https:\/\/serveiseducatius.xtec.cat\/santacolomag\/wp-content\/uploads\/usu1183\/2025\/10\/ChatGPT-Image-10-doct.-del-2025-12_15_33-768x768.png 768w\" sizes=\"auto, (max-width: 1024px) 100vw, 1024px\" \/><\/a><\/figure>\n\n\n\n<div class=\"wp-block-buttons is-layout-flex wp-block-buttons-is-layout-flex\">\n<div class=\"wp-block-button\"><a class=\"wp-block-button__link wp-element-button\" href=\"https:\/\/serveiseducatius.xtec.cat\/santacolomag\/intelligencia-artificial-i-practica-docent\/\">Inici<\/a><\/div>\n<\/div>\n\n\n\n<div class=\"wp-block-buttons is-layout-flex wp-block-buttons-is-layout-flex\">\n<div class=\"wp-block-button\"><a class=\"wp-block-button__link wp-element-button\" href=\"https:\/\/serveiseducatius.xtec.cat\/santacolomag\/intelligencia-artificial-i-practica-docent\/intelligencia-artificial-i-practica-docent-pagina-1\/\">Qu\u00e8 \u00e9s la IA  i per a qu\u00e8 em serveix? <\/a><\/div>\n<\/div>\n\n\n\n<div class=\"wp-block-buttons is-layout-flex wp-block-buttons-is-layout-flex\">\n<div class=\"wp-block-button\"><a class=\"wp-block-button__link wp-element-button\" href=\"https:\/\/serveiseducatius.xtec.cat\/santacolomag\/intelligencia-artificial-i-practica-docent\/intelligencia-artificial-i-practica-docent-pagina-2\/\">Repositoris d&#8217;aplicacions educatives d&#8217;IA<\/a><\/div>\n<\/div>\n\n\n\n<div class=\"wp-block-buttons is-layout-flex wp-block-buttons-is-layout-flex\">\n<div class=\"wp-block-button\"><a class=\"wp-block-button__link wp-element-button\" href=\"https:\/\/serveiseducatius.xtec.cat\/santacolomag\/intelligencia-artificial-i-practica-docent\/intelligencia-artificial-i-practica-docent-experiencies-daula\/\">Experi\u00e8ncies d&#8217;\u00fas d&#8217;IA a l&#8217;aula<\/a><\/div>\n<\/div>\n\n\n\n<div class=\"wp-block-buttons is-layout-flex wp-block-buttons-is-layout-flex\">\n<div class=\"wp-block-button\"><a class=\"wp-block-button__link wp-element-button\" href=\"https:\/\/serveiseducatius.xtec.cat\/santacolomag\/categoria\/ia\/\">Not\u00edcies<\/a><\/div>\n<\/div>\n\n\n\n<div class=\"wp-block-buttons is-layout-flex wp-block-buttons-is-layout-flex\">\n<div class=\"wp-block-button\"><a class=\"wp-block-button__link wp-element-button\" href=\"https:\/\/docs.google.com\/forms\/d\/e\/1FAIpQLScvYtAq_jOfOqPpKlbRe7glPJI75lQaWYZbKrJV9vepxhFmlg\/viewform?usp=sharing&amp;ouid=101680459209157128960\">Dubtes d&#8217;IA?<\/a><\/div>\n<\/div>\n<\/div>\n\n\n\n<div class=\"wp-block-column is-layout-flow wp-block-column-is-layout-flow\" style=\"flex-basis:66.66%\">\n<div class=\"wp-block-getwid-tabs\" data-active-tab=\"0\"><ul class=\"wp-block-getwid-tabs__nav-links\"><\/ul>\n<div class=\"wp-block-getwid-tabs__nav-link\"><span class=\"wp-block-getwid-tabs__title-wrapper\"><a href=\"#\"><span class=\"wp-block-getwid-tabs__title\"><strong>Imprescindibles per a docents<\/strong><\/span><\/a><\/span><\/div><div class=\"wp-block-getwid-tabs__tab-content-wrapper\"><div class=\"wp-block-getwid-tabs__tab-content\">\n<ul class=\"wp-block-list\">\n<li>Conversadors de documents &#8211;&gt; Eines d&#8217;IA per carregar i interactuar amb documents (PDFs, textos). Permeten extreure informaci\u00f3, resumir i respondre preguntes basant-se nom\u00e9s en el contingut proporcionat.\n<ul class=\"wp-block-list\">\n<li><a href=\"https:\/\/notebooklm.google\/\"><strong>Notebook LM<\/strong><\/a> -> Assistent d&#8217;investigaci\u00f3 d&#8217;IA de Google (Gemini) que processa documents pujats. Ajuda a resumir, organitzar i generar coneixement nou basat exclusivament en les fonts proporcionades tot i que tamb\u00e9 les pot suggerir.\n<ul class=\"wp-block-list\">\n<li><a href=\"https:\/\/www.youtube.com\/playlist?list=PL1G8SlWrQojgUy7Aw_tqhu76Zh6NvWpIL\">Tutorials IA (Gemini i notebookLM<\/a>) <\/li>\n<\/ul>\n<\/li>\n\n\n\n<li><a href=\"https:\/\/app.magicschool.ai\">Magic School<\/a> &#8211;&gt; Plataforma d&#8217;IA especialitzada en el sector educatiu (K-12). Ajuda els docents a estalviar temps generant plans de lli\u00e7ons, avaluacions, r\u00fabriques i altres recursos.<\/li>\n<\/ul>\n<\/li>\n\n\n\n<li>Chatbots &#8211;&gt; Programes d&#8217;IA dissenyats per simular converses humanes. Utilitzen models de llenguatge (LLMs) per entendre les consultes i generar respostes coherents i contextuals.\n<ul class=\"wp-block-list\">\n<li><a href=\"http:\/\/chatgpt.com\" data-type=\"link\" data-id=\"chatgpt.com\">ChatGPT.com<\/a><\/li>\n\n\n\n<li><a href=\"https:\/\/gemini.google.com\/app?hl=ca\">Gemini<\/a><\/li>\n\n\n\n<li><a href=\"https:\/\/www.bing.com\/,https:\/\/claude.ai\/\">https:\/\/www.bing.com\/<\/a><\/li>\n\n\n\n<li><a href=\"https:\/\/claude.ai\/\">https:\/\/claude.ai\/<\/a><\/li>\n\n\n\n<li><a href=\"https:\/\/mistral.ai\/\">https:\/\/mistral.ai\/<\/a><\/li>\n\n\n\n<li><a href=\"https:\/\/grok.com\/\">https:\/\/grok.com\/<\/a><\/li>\n\n\n\n<li><a href=\"https:\/\/chat.deepseek.com\/\">https:\/\/chat.deepseek.com\/<\/a><\/li>\n<\/ul>\n<\/li>\n<\/ul>\n<\/div><\/div>\n\n\n\n<div class=\"wp-block-getwid-tabs__nav-link\"><span class=\"wp-block-getwid-tabs__title-wrapper\"><a href=\"#\"><span class=\"wp-block-getwid-tabs__title\"><strong>Classificaci\u00f3 per tem\u00e0tica d\u2019\u00fas de la IA<\/strong><\/span><\/a><\/span><\/div><div class=\"wp-block-getwid-tabs__tab-content-wrapper\"><div class=\"wp-block-getwid-tabs__tab-content\">\n<h3 class=\"wp-block-heading\">Audiovisuals<\/h3>\n\n\n\n<ul class=\"wp-block-list\">\n<li><strong>Generar imatges<\/strong> (ex.: <a href=\"https:\/\/gemini.google\/es\/overview\/image-generation\/?hl=es\">NANO Banana<\/a>, <em><a href=\"https:\/\/clickup.com\/lp\/brain\/agents-camp?utm_source=google&amp;utm_medium=cpc&amp;utm_campaign=gs_cpc_emea-eea_nnc_nb_trial_all-devices_troas_lp_x_all-departments_x_competitor_ai-image-misc&amp;utm_content=all-countries_kw-target_text_all-industries_all-features_all-use-cases_comp-misc_ai-image_dalle&amp;utm_term=dall%20e&amp;utm_creative=784159830228__&amp;utm_custom1=&amp;utm_custom2=&amp;utm_lptheme=&amp;utm_lpmod=&amp;utm_mt=b&amp;gad_source=1&amp;gad_campaignid=23271165778&amp;gbraid=0AAAAACR5vIKZ6ryoe4Tq_P2b8ljYWikpU&amp;gclid=CjwKCAiA55rJBhByEiwAFkY1QLVEjXhfOlftKKmm2mv-vks2shSKWUn0HjVbMjXLxIelyn71OZ1zshoCarMQAvD_BwE\">DALL\u00b7E<\/a>, <a href=\"https:\/\/www.canva.com\/es_es\/magia\/\">Canva Magic Media<\/a>, <a href=\"https:\/\/www.bing.com\/images\/create\">Bing Image Creator<\/a><\/em>)<\/li>\n\n\n\n<li><strong>Crear v\u00eddeos o animacions<\/strong> (ex.: <em><a href=\"https:\/\/www.synthesia.io\/\">Synthesia<\/a>, <a href=\"https:\/\/pika.art\/login\">Pika<\/a>, <a href=\"https:\/\/runwayml.com\/?utm_source=google&amp;utm_medium=sem&amp;utm_campaign=branded&amp;utm_content=ad&amp;gad_source=1&amp;gad_campaignid=22452532935&amp;gbraid=0AAAAABiY0sNHMnYZWh17TAkM0f8PfCNEq&amp;gclid=CjwKCAiA55rJBhByEiwAFkY1QPrPK9N7nlkDCYg6c62D5_6qs9S4575EtAH4m0DTKvNpEM_YrajHDxoCFFkQAvD_BwE\">Runway ML<\/a><\/em>, <a href=\"https:\/\/ai.invideo.io\/\">invideo<\/a>)<\/li>\n\n\n\n<li><strong>Generar m\u00fasica o so<\/strong> (ex.: <em><a href=\"https:\/\/soundraw.io\/\">Soundraw,<\/a> <a href=\"https:\/\/suno.com\/\">Suno AI,<\/a> <\/em><a href=\"https:\/\/mubert.com\/es\"><em>Mubert<\/em>)<\/a><\/li>\n\n\n\n<li><strong>Crear presentacions o materials visuals<\/strong> (ex.: <em><a href=\"https:\/\/www.beautiful.ai\/\">Beautiful.ai<\/a>, <a href=\"https:\/\/gamma.app\/es\">Gamma.app,<\/a><\/em>)<\/li>\n<\/ul>\n\n\n\n<h3 class=\"wp-block-heading\"><strong>Escriptura i llenguatge<\/strong><\/h3>\n\n\n\n<ul class=\"wp-block-list\">\n<li><strong>Redactar textos o articles<\/strong> (ex.: <em><a href=\"https:\/\/chatgpt.com\/\">ChatGPT<\/a>, <a href=\"https:\/\/gemini.google.com\/app?hl=ca\">Gemini<\/a>, <a href=\"https:\/\/copilot.microsoft.com\/\">Copilot<\/a><\/em>)\n<ul class=\"wp-block-list\">\n<li>Fer resums o esquemes<\/li>\n\n\n\n<li>Corregir o millorar redaccions<\/li>\n\n\n\n<li>Traduir o adaptar continguts<\/li>\n\n\n\n<li>Generar preguntes o exercicis<\/li>\n<\/ul>\n<\/li>\n<\/ul>\n\n\n\n<h3 class=\"wp-block-heading\"><strong>An\u00e0lisi i gesti\u00f3<\/strong><\/h3>\n\n\n\n<ul class=\"wp-block-list\">\n<li><strong>Tractament de dades i informes<\/strong> (ex.: <em><a href=\"https:\/\/chatgpt.com\/\">ChatGPT<\/a> amb dades, Excel <a href=\"https:\/\/copilot.microsoft.com\/\">Copilot<\/a><\/em>)\n<ul class=\"wp-block-list\">\n<li>Classificaci\u00f3 o categoritzaci\u00f3 de continguts<\/li>\n\n\n\n<li>Creaci\u00f3 de r\u00fabriques o instruments d\u2019avaluaci\u00f3<\/li>\n\n\n\n<li>Planificaci\u00f3 d\u2019unitats i activitats<\/li>\n<\/ul>\n<\/li>\n<\/ul>\n<\/div><\/div>\n\n\n\n<div class=\"wp-block-getwid-tabs__nav-link\"><span class=\"wp-block-getwid-tabs__title-wrapper\"><a href=\"#\"><span class=\"wp-block-getwid-tabs__title\"><strong>Navegadors amb IA actuant com a agents<\/strong><\/span><\/a><\/span><\/div><div class=\"wp-block-getwid-tabs__tab-content-wrapper\"><div class=\"wp-block-getwid-tabs__tab-content\">\n<p>Cedint el control a la IA, aquesta pot realitzar diferents tasques de les p\u00e0gines a les quals estiguem navegant. \u00c9s una pr\u00e0ctica perillosa perqu\u00e8 no sabem a qu\u00e8 estem donant acc\u00e9s a la IA (contrassenyes, informcaions confidencials&#8230;)<\/p>\n\n\n\n<p><a href=\"https:\/\/openai.com\/es-ES\/index\/introducing-chatgpt-atlas\/\">ChatGPT Atlas<\/a><\/p>\n\n\n\n<p><a href=\"https:\/\/www.microsoft.com\/en-us\/edge\/download?form=MA13FJ\">Microsoft Edge &amp; Copilot<\/a><\/p>\n\n\n\n<p><a href=\"https:\/\/www.perplexity.ai\/comet\">Comet<\/a><\/p>\n\n\n\n<p><a href=\"https:\/\/duckduckgo.com\/\">DuckDuckGo<\/a><\/p>\n\n\n\n<p><a href=\"https:\/\/www.sigmabrowser.com\/\">Sigma AI<\/a><\/p>\n\n\n\n<p>Un exemple:<\/p>\n\n\n\n<figure class=\"wp-block-embed is-type-video is-provider-youtube wp-block-embed-youtube wp-embed-aspect-16-9 wp-has-aspect-ratio\"><div class=\"wp-block-embed__wrapper\">\n<div class=\"ast-oembed-container \" style=\"height: 100%;\"><iframe loading=\"lazy\" title=\"Subxarxa de la Coordinaci\u00f3 digital de centre (COOR) Sessi\u00f3 2 curs 2025-26\" width=\"500\" height=\"281\" src=\"https:\/\/www.youtube.com\/embed\/faMWWYCeTEI?start=2476&#038;feature=oembed\" frameborder=\"0\" allow=\"accelerometer; autoplay; clipboard-write; encrypted-media; gyroscope; picture-in-picture; web-share\" referrerpolicy=\"strict-origin-when-cross-origin\" allowfullscreen><\/iframe><\/div>\n<\/div><\/figure>\n<\/div><\/div>\n\n\n\n<div class=\"wp-block-getwid-tabs__nav-link\"><span class=\"wp-block-getwid-tabs__title-wrapper\"><a href=\"#\"><span class=\"wp-block-getwid-tabs__title\"><strong>Altres repositoris<\/strong><\/span><\/a><\/span><\/div><div class=\"wp-block-getwid-tabs__tab-content-wrapper\"><div class=\"wp-block-getwid-tabs__tab-content\">\n<p><a href=\"https:\/\/serveiseducatius.xtec.cat\/baixllobregat6\/recursos-intel%c2%b7ligencia-artificial-per-educacio\/\">Repositori fet pel SE Baix Llobregat VI<\/a><\/p>\n\n\n\n<p><a href=\"https:\/\/aieducator.tools\/\">https:\/\/aieducator.tools\/<\/a><\/p>\n\n\n\n<p><a href=\"https:\/\/projectes.xtec.cat\/recerca\/aplicacions-ia\/\">Web de Recerca educatica del Departament d&#8217;Educaci\u00f3 i FP<\/a><\/p>\n\n\n\n<p><a href=\"https:\/\/vibe-coding-educativo.github.io\/app_edu\/\">https:\/\/vibe-coding-educativo.github.io\/app_edu\/<\/a><\/p>\n<\/div><\/div>\n<\/div>\n\n\n\n<p><strong>Extensions de chrome<\/strong> que fan el chrome funcionar com un ag\u00e8ntic \u2192 No requereixen instal\u00b7laci\u00f3 de programari<\/p>\n\n\n\n<ol class=\"wp-block-list\">\n<li><a href=\"https:\/\/docs.multion.ai\/learn\/browser-extension\">MultiOn<\/a><\/li>\n\n\n\n<li><a href=\"https:\/\/chromewebstore.google.com\/detail\/harpa-ai-web-automation-w\/eanggfilgoajaocelnaflolkadkeghjp?hl=es\">Harpa AI<\/a><\/li>\n\n\n\n<li><a href=\"https:\/\/manus.im\/features\/manus-browser-operator\">Manus AI Browser<\/a><\/li>\n<\/ol>\n\n\n\n<p class=\"has-text-align-right\">Creat amb ChatGPT i Gemini<\/p>\n<\/div>\n<\/div>\n","protected":false},"excerpt":{"rendered":"<p>Extensions de chrome que fan el chrome funcionar com un ag\u00e8ntic \u2192 No requereixen instal\u00b7laci\u00f3 de programari Creat amb ChatGPT [&hellip;]<\/p>\n","protected":false},"author":4,"featured_media":0,"parent":22842,"menu_order":0,"comment_status":"closed","ping_status":"close","template":"","meta":{"_bbp_topic_count":0,"_bbp_reply_count":0,"_bbp_total_topic_count":0,"_bbp_total_reply_count":0,"_bbp_voice_count":0,"_bbp_anonymous_reply_count":0,"_bbp_topic_count_hidden":0,"_bbp_reply_count_hidden":0,"_bbp_forum_subforum_count":0,"site-sidebar-layout":"no-sidebar","site-content-layout":"","ast-site-content-layout":"default","site-content-style":"default","site-sidebar-style":"default","ast-global-header-display":"","ast-banner-title-visibility":"","ast-main-header-display":"","ast-hfb-above-header-display":"","ast-hfb-below-header-display":"","ast-hfb-mobile-header-display":"","site-post-title":"","ast-breadcrumbs-content":"","ast-featured-img":"","footer-sml-layout":"","theme-transparent-header-meta":"","adv-header-id-meta":"","stick-header-meta":"","header-above-stick-meta":"","header-main-stick-meta":"","header-below-stick-meta":"","astra-migrate-meta-layouts":"set","ast-page-background-enabled":"default","ast-page-background-meta":{"desktop":{"background-color":"var(--ast-global-color-4)","background-image":"","background-repeat":"repeat","background-position":"center center","background-size":"auto","background-attachment":"scroll","background-type":"","background-media":"","overlay-type":"","overlay-color":"","overlay-opacity":"","overlay-gradient":""},"tablet":{"background-color":"","background-image":"","background-repeat":"repeat","background-position":"center center","background-size":"auto","background-attachment":"scroll","background-type":"","background-media":"","overlay-type":"","overlay-color":"","overlay-opacity":"","overlay-gradient":""},"mobile":{"background-color":"","background-image":"","background-repeat":"repeat","background-position":"center center","background-size":"auto","background-attachment":"scroll","background-type":"","background-media":"","overlay-type":"","overlay-color":"","overlay-opacity":"","overlay-gradient":""}},"ast-content-background-meta":{"desktop":{"background-color":"var(--ast-global-color-5)","background-image":"","background-repeat":"repeat","background-position":"center center","background-size":"auto","background-attachment":"scroll","background-type":"","background-media":"","overlay-type":"","overlay-color":"","overlay-opacity":"","overlay-gradient":""},"tablet":{"background-color":"var(--ast-global-color-5)","background-image":"","background-repeat":"repeat","background-position":"center center","background-size":"auto","background-attachment":"scroll","background-type":"","background-media":"","overlay-type":"","overlay-color":"","overlay-opacity":"","overlay-gradient":""},"mobile":{"background-color":"var(--ast-global-color-5)","background-image":"","background-repeat":"repeat","background-position":"center center","background-size":"auto","background-attachment":"scroll","background-type":"","background-media":"","overlay-type":"","overlay-color":"","overlay-opacity":"","overlay-gradient":""}},"footnotes":""},"class_list":["post-22868","page","type-page","status-publish","hentry"],"post_mailing_queue_ids":[],"_links":{"self":[{"href":"https:\/\/serveiseducatius.xtec.cat\/santacolomag\/wp-json\/wp\/v2\/pages\/22868","targetHints":{"allow":["GET"]}}],"collection":[{"href":"https:\/\/serveiseducatius.xtec.cat\/santacolomag\/wp-json\/wp\/v2\/pages"}],"about":[{"href":"https:\/\/serveiseducatius.xtec.cat\/santacolomag\/wp-json\/wp\/v2\/types\/page"}],"author":[{"embeddable":true,"href":"https:\/\/serveiseducatius.xtec.cat\/santacolomag\/wp-json\/wp\/v2\/users\/4"}],"replies":[{"embeddable":true,"href":"https:\/\/serveiseducatius.xtec.cat\/santacolomag\/wp-json\/wp\/v2\/comments?post=22868"}],"version-history":[{"count":6,"href":"https:\/\/serveiseducatius.xtec.cat\/santacolomag\/wp-json\/wp\/v2\/pages\/22868\/revisions"}],"predecessor-version":[{"id":23831,"href":"https:\/\/serveiseducatius.xtec.cat\/santacolomag\/wp-json\/wp\/v2\/pages\/22868\/revisions\/23831"}],"up":[{"embeddable":true,"href":"https:\/\/serveiseducatius.xtec.cat\/santacolomag\/wp-json\/wp\/v2\/pages\/22842"}],"wp:attachment":[{"href":"https:\/\/serveiseducatius.xtec.cat\/santacolomag\/wp-json\/wp\/v2\/media?parent=22868"}],"curies":[{"name":"wp","href":"https:\/\/api.w.org\/{rel}","templated":true}]}}