{"id":22691,"date":"2025-09-09T08:48:25","date_gmt":"2025-09-09T06:48:25","guid":{"rendered":"https:\/\/serveiseducatius.xtec.cat\/santacolomag\/?page_id=22691"},"modified":"2025-09-09T08:49:52","modified_gmt":"2025-09-09T06:49:52","slug":"full-informatiu-setembre-2025","status":"publish","type":"page","link":"https:\/\/serveiseducatius.xtec.cat\/santacolomag\/full-informatiu-setembre-2025\/","title":{"rendered":"Full informatiu. Setembre 2025"},"content":{"rendered":"\n<div class=\"wp-block-columns is-layout-flex wp-container-core-columns-is-layout-1 wp-block-columns-is-layout-flex\">\n<div class=\"wp-block-column is-layout-flow wp-block-column-is-layout-flow\">\n<h4 class=\"wp-block-heading has-text-align-center\"><a href=\"https:\/\/serveiseducatius.xtec.cat\/santacolomag\/general\/publicacio-del-pla-de-formacio-de-zona-2025-2026\/\">Inscripci\u00f3 al Pla de Formaci\u00f3 de Zona 2025-2026<\/a><br><\/h4>\n\n\n\n<figure class=\"wp-block-image aligncenter size-full is-resized\"><a href=\"https:\/\/serveiseducatius.xtec.cat\/santacolomag\/general\/publicacio-del-pla-de-formacio-de-zona-2025-2026\/\"><img loading=\"lazy\" decoding=\"async\" width=\"180\" height=\"136\" src=\"https:\/\/serveiseducatius.xtec.cat\/santacolomag\/wp-content\/uploads\/usu1183\/2015\/11\/pfz-e1536223809397.jpg\" alt=\"\" class=\"wp-image-422\" style=\"width:115px;height:auto\"\/><\/a><\/figure>\n\n\n\n<p>Us informem que ja s\u2019ha publicat el&nbsp;<strong><a href=\"https:\/\/serveiseducatius.xtec.cat\/santacolomag\/formacio\/activitats\/\">Pla de Formaci\u00f3 de Zona (PFZ) de Santa Coloma de Gramenet 2025-2026<\/a><\/strong>.<\/p>\n\n\n\n<p><a href=\"https:\/\/aplicacions.gestioeducativa.gencat.cat\/ords\/pls\/soloas\/pk_for_mod_ins.p_for_cons_activitats?p_any=2025-2026&amp;p_totes=s&amp;p_crp=207\">Consulta tot el PFZ de Santa Coloma 2025-2026<\/a><\/p>\n\n\n\n<p>El per\u00edode d\u2019inscripci\u00f3 \u00e9s del&nbsp;<strong>5 al 21 de setembre de 2025<\/strong>.<\/p>\n\n\n\n<p>A partir del&nbsp;<strong>7 d\u2019octubre de 2025<\/strong>&nbsp;es podr\u00e0 consultar l\u2019adjudicaci\u00f3 de places.<\/p>\n<\/div>\n\n\n\n<div class=\"wp-block-column is-layout-flow wp-block-column-is-layout-flow\">\n<h4 class=\"wp-block-heading has-text-align-center\"><a href=\"https:\/\/serveiseducatius.xtec.cat\/santacolomag\/general\/maletes-pedagogiques-i-maquinari-2025-2026\/\">Maletes pedag\u00f2giques i maquinari 2025-2026<\/a><br><\/h4>\n\n\n\n<figure class=\"wp-block-image aligncenter size-full is-resized\"><a href=\"https:\/\/serveiseducatius.xtec.cat\/santacolomag\/general\/maletes-pedagogiques-i-maquinari-2025-2026\/\"><img loading=\"lazy\" decoding=\"async\" width=\"180\" height=\"120\" src=\"https:\/\/serveiseducatius.xtec.cat\/santacolomag\/wp-content\/uploads\/usu1183\/2025\/01\/maletes-300x200-e1568284291448.png\" alt=\"\" class=\"wp-image-21321\" style=\"width:138px;height:auto\"\/><\/a><\/figure>\n\n\n\n<p>El pr\u00e9stec podr\u00e0 ser per a tot un trimestre. Aquest per\u00edode de pr\u00e9stec es podr\u00e0 ampliar en funci\u00f3 de les necessitats del centre i de la demanda.<\/p>\n\n\n\n<ul class=\"wp-block-list\">\n<li><strong><a href=\"https:\/\/serveiseducatius.xtec.cat\/santacolomag\/maletes-pedagogiques-2\/\">Maletes pedag\u00f2giques disponibles<\/a>. Es pot fer la demanda a partir del 16 de setembre de 2025 a trav\u00e9s d\u2019aquest\u00a0<a href=\"https:\/\/forms.gle\/1joPCEUSDpxAwDeB6\">formulari.<\/a><\/strong><\/li>\n\n\n\n<li><strong><a href=\"https:\/\/serveiseducatius.xtec.cat\/santacolomag\/maquinari\/\">Maquinari disponible\u00a0<\/a>\u00a0Es pot fer la demanda a partir del 16 de setembre de 2025 a trav\u00e9s d\u2019aquest\u00a0<a href=\"https:\/\/docs.google.com\/forms\/d\/e\/1FAIpQLSe8nYbQ26eyqWeD_LsJxtYL_7mHeF2n5Tvg4NB1VoDE_vCHmQ\/viewform?usp=dialog\">formulari.<\/a><\/strong><\/li>\n<\/ul>\n<\/div>\n\n\n\n<div class=\"wp-block-column is-layout-flow wp-block-column-is-layout-flow\">\n<h4 class=\"wp-block-heading has-text-align-center\"><a href=\"https:\/\/serveiseducatius.xtec.cat\/santacolomag\/portada\/casal-del-mestre-quatre-decades-de-renovacio-pedagogica-i-de-compromis-amb-la-ciutat\/\">Casal del Mestre: quatre d\u00e8cades de renovaci\u00f3 pedag\u00f2gica i de comprom\u00eds amb la ciutat<\/a><br><\/h4>\n\n\n\n<figure class=\"wp-block-image aligncenter size-full is-resized\"><a href=\"https:\/\/serveiseducatius.xtec.cat\/santacolomag\/portada\/casal-del-mestre-quatre-decades-de-renovacio-pedagogica-i-de-compromis-amb-la-ciutat\/\"><img loading=\"lazy\" decoding=\"async\" width=\"282\" height=\"399\" src=\"https:\/\/serveiseducatius.xtec.cat\/santacolomag\/wp-content\/uploads\/usu1183\/2025\/09\/csm_cartell_expo_casal_ff877f5ed2.jpg\" alt=\"\" class=\"wp-image-22664\" style=\"width:85px;height:auto\" srcset=\"https:\/\/serveiseducatius.xtec.cat\/santacolomag\/wp-content\/uploads\/usu1183\/2025\/09\/csm_cartell_expo_casal_ff877f5ed2.jpg 282w, https:\/\/serveiseducatius.xtec.cat\/santacolomag\/wp-content\/uploads\/usu1183\/2025\/09\/csm_cartell_expo_casal_ff877f5ed2-212x300.jpg 212w\" sizes=\"auto, (max-width: 282px) 100vw, 282px\" \/><\/a><\/figure>\n\n\n\n<p>En el marc de la\u00a0<strong>Festa Major d\u2019Estiu<\/strong>,  es va inaugurar el 6 de setembre de 2026 a les 19:30h al\u00a0<strong>Museu Torre Balldovina<\/strong>\u00a0l\u2019exposici\u00f3 temporal <strong><a href=\"https:\/\/museu.gramenet.cat\/actualitat\/detall-info\/casal-del-mestre-quatre-decades-de-renovacio-pedagogica-i-de-compromis-amb-la-ciutat\/\" target=\"_blank\" rel=\"noreferrer noopener\"><strong>\u00abCasal del Mestre: quatre d\u00e8cades de renovaci\u00f3 pedag\u00f2gica i de comprom\u00eds amb la ciutat\u00bb<\/strong><\/a><\/strong><\/p>\n<\/div>\n<\/div>\n\n\n\n<div class=\"wp-block-columns is-layout-flex wp-container-core-columns-is-layout-2 wp-block-columns-is-layout-flex\">\n<div class=\"wp-block-column is-layout-flow wp-block-column-is-layout-flow\">\n<h4 class=\"wp-block-heading has-text-align-center\"><a href=\"https:\/\/serveiseducatius.xtec.cat\/santacolomag\/portada\/robots-en-accio\/\">Robots en acci\u00f3!<\/a><br><\/h4>\n\n\n\n<figure class=\"wp-block-image aligncenter size-full is-resized\"><a href=\"https:\/\/serveiseducatius.xtec.cat\/santacolomag\/portada\/robots-en-accio\/\"><img loading=\"lazy\" decoding=\"async\" width=\"1024\" height=\"135\" src=\"https:\/\/serveiseducatius.xtec.cat\/santacolomag\/wp-content\/uploads\/usu1183\/2025\/09\/Propostes-web-curs-25-26-45-1024x135-1.png\" alt=\"\" class=\"wp-image-22673\" style=\"width:667px;height:auto\" srcset=\"https:\/\/serveiseducatius.xtec.cat\/santacolomag\/wp-content\/uploads\/usu1183\/2025\/09\/Propostes-web-curs-25-26-45-1024x135-1.png 1024w, https:\/\/serveiseducatius.xtec.cat\/santacolomag\/wp-content\/uploads\/usu1183\/2025\/09\/Propostes-web-curs-25-26-45-1024x135-1-300x40.png 300w, https:\/\/serveiseducatius.xtec.cat\/santacolomag\/wp-content\/uploads\/usu1183\/2025\/09\/Propostes-web-curs-25-26-45-1024x135-1-768x101.png 768w\" sizes=\"auto, (max-width: 1024px) 100vw, 1024px\" \/><\/a><\/figure>\n\n\n\n<p>Comen\u00e7a un nou curs i\u00a0<a href=\"https:\/\/projectes.xtec.cat\/pensament-computacional\/proposta-pagina-inici-pc-curs-25-26\/pagina-principal-robotica-25-26\/rea-curs-25-26\/\" target=\"_blank\" rel=\"noreferrer noopener\"><strong>Robots en acci\u00f3!<\/strong><\/a>\u00a0torna carregat de reptes i novetats! Aquest any\u00a0<strong>coexisteixen dues temporades<\/strong>\u00a0perqu\u00e8 pugueu escollir la que m\u00e9s s\u2019adapti al vostre alumnat<\/p>\n<\/div>\n\n\n\n<div class=\"wp-block-column is-layout-flow wp-block-column-is-layout-flow\">\n<h4 class=\"wp-block-heading has-text-align-center\"><a href=\"https:\/\/serveiseducatius.xtec.cat\/santacolomag\/general\/primera-sessio-de-la-xarxa-territorial-de-cultura-digital-2025-2026\/\">Primera sessi\u00f3 de la Xarxa Territorial de Cultura Digital 2025-2026<br><\/a><\/h4>\n\n\n\n<figure class=\"wp-block-image aligncenter size-full is-resized\"><a href=\"https:\/\/serveiseducatius.xtec.cat\/santacolomag\/general\/primera-sessio-de-la-xarxa-territorial-de-cultura-digital-2025-2026\/\"><img loading=\"lazy\" decoding=\"async\" width=\"211\" height=\"120\" src=\"https:\/\/serveiseducatius.xtec.cat\/santacolomag\/wp-content\/uploads\/usu1183\/2021\/09\/XTCD_noulogo-e1631874808711.jpg\" alt=\"\" class=\"wp-image-16700\" style=\"width:142px;height:auto\"\/><\/a><\/figure>\n\n\n\n<p><strong>Dijous 18 de setembre de 20<\/strong>25\u00a0<strong>a les 17:30h<\/strong>\u00a0tindr\u00e0 lloc la\u00a0<strong>primera sessi\u00f3 telem\u00e0tica\u00a0<\/strong>de les dues subxarxes de la <a href=\"https:\/\/projectes.xtec.cat\/digital\/formacio-docent\/xtcd\/\">Xarxa Territorial de Cultura digital (XTCD<\/a>).<\/p>\n<\/div>\n\n\n\n<div class=\"wp-block-column is-layout-flow wp-block-column-is-layout-flow\">\n<h4 class=\"wp-block-heading has-text-align-center\"><a href=\"https:\/\/serveiseducatius.xtec.cat\/santacolomag\/general\/calendari-escolar-2025-2026-de-santa-coloma-de-gramenet\/\">Calendari escolar 2025-2026 de Santa Coloma de Gramenet<\/a><\/h4>\n\n\n\n<figure class=\"wp-block-image aligncenter size-full is-resized\"><a href=\"https:\/\/serveiseducatius.xtec.cat\/santacolomag\/general\/calendari-escolar-2025-2026-de-santa-coloma-de-gramenet\/\"><img loading=\"lazy\" decoding=\"async\" width=\"1240\" height=\"1756\" src=\"https:\/\/serveiseducatius.xtec.cat\/santacolomag\/wp-content\/uploads\/usu1183\/2025\/06\/calendari-escolar-25-26-Santa-Coloma_page-0001.jpg\" alt=\"\" class=\"wp-image-22558\" style=\"width:229px;height:auto\" srcset=\"https:\/\/serveiseducatius.xtec.cat\/santacolomag\/wp-content\/uploads\/usu1183\/2025\/06\/calendari-escolar-25-26-Santa-Coloma_page-0001.jpg 1240w, https:\/\/serveiseducatius.xtec.cat\/santacolomag\/wp-content\/uploads\/usu1183\/2025\/06\/calendari-escolar-25-26-Santa-Coloma_page-0001-212x300.jpg 212w, https:\/\/serveiseducatius.xtec.cat\/santacolomag\/wp-content\/uploads\/usu1183\/2025\/06\/calendari-escolar-25-26-Santa-Coloma_page-0001-723x1024.jpg 723w, https:\/\/serveiseducatius.xtec.cat\/santacolomag\/wp-content\/uploads\/usu1183\/2025\/06\/calendari-escolar-25-26-Santa-Coloma_page-0001-768x1088.jpg 768w, https:\/\/serveiseducatius.xtec.cat\/santacolomag\/wp-content\/uploads\/usu1183\/2025\/06\/calendari-escolar-25-26-Santa-Coloma_page-0001-1085x1536.jpg 1085w\" sizes=\"auto, (max-width: 1240px) 100vw, 1240px\" \/><\/a><\/figure>\n<\/div>\n<\/div>\n\n\n\n<p><\/p>\n","protected":false},"excerpt":{"rendered":"<p>Inscripci\u00f3 al Pla de Formaci\u00f3 de Zona 2025-2026 Us informem que ja s\u2019ha publicat el&nbsp;Pla de Formaci\u00f3 de Zona (PFZ) [&hellip;]<\/p>\n","protected":false},"author":4,"featured_media":0,"parent":0,"menu_order":0,"comment_status":"closed","ping_status":"close","template":"","meta":{"_bbp_topic_count":0,"_bbp_reply_count":0,"_bbp_total_topic_count":0,"_bbp_total_reply_count":0,"_bbp_voice_count":0,"_bbp_anonymous_reply_count":0,"_bbp_topic_count_hidden":0,"_bbp_reply_count_hidden":0,"_bbp_forum_subforum_count":0,"site-sidebar-layout":"no-sidebar","site-content-layout":"","ast-site-content-layout":"default","site-content-style":"default","site-sidebar-style":"default","ast-global-header-display":"","ast-banner-title-visibility":"","ast-main-header-display":"","ast-hfb-above-header-display":"","ast-hfb-below-header-display":"","ast-hfb-mobile-header-display":"","site-post-title":"","ast-breadcrumbs-content":"","ast-featured-img":"","footer-sml-layout":"","theme-transparent-header-meta":"","adv-header-id-meta":"","stick-header-meta":"","header-above-stick-meta":"","header-main-stick-meta":"","header-below-stick-meta":"","astra-migrate-meta-layouts":"set","ast-page-background-enabled":"default","ast-page-background-meta":{"desktop":{"background-color":"var(--ast-global-color-4)","background-image":"","background-repeat":"repeat","background-position":"center center","background-size":"auto","background-attachment":"scroll","background-type":"","background-media":"","overlay-type":"","overlay-color":"","overlay-opacity":"","overlay-gradient":""},"tablet":{"background-color":"","background-image":"","background-repeat":"repeat","background-position":"center center","background-size":"auto","background-attachment":"scroll","background-type":"","background-media":"","overlay-type":"","overlay-color":"","overlay-opacity":"","overlay-gradient":""},"mobile":{"background-color":"","background-image":"","background-repeat":"repeat","background-position":"center center","background-size":"auto","background-attachment":"scroll","background-type":"","background-media":"","overlay-type":"","overlay-color":"","overlay-opacity":"","overlay-gradient":""}},"ast-content-background-meta":{"desktop":{"background-color":"var(--ast-global-color-5)","background-image":"","background-repeat":"repeat","background-position":"center center","background-size":"auto","background-attachment":"scroll","background-type":"","background-media":"","overlay-type":"","overlay-color":"","overlay-opacity":"","overlay-gradient":""},"tablet":{"background-color":"var(--ast-global-color-5)","background-image":"","background-repeat":"repeat","background-position":"center center","background-size":"auto","background-attachment":"scroll","background-type":"","background-media":"","overlay-type":"","overlay-color":"","overlay-opacity":"","overlay-gradient":""},"mobile":{"background-color":"var(--ast-global-color-5)","background-image":"","background-repeat":"repeat","background-position":"center center","background-size":"auto","background-attachment":"scroll","background-type":"","background-media":"","overlay-type":"","overlay-color":"","overlay-opacity":"","overlay-gradient":""}},"footnotes":""},"class_list":["post-22691","page","type-page","status-publish","hentry"],"post_mailing_queue_ids":[],"_links":{"self":[{"href":"https:\/\/serveiseducatius.xtec.cat\/santacolomag\/wp-json\/wp\/v2\/pages\/22691","targetHints":{"allow":["GET"]}}],"collection":[{"href":"https:\/\/serveiseducatius.xtec.cat\/santacolomag\/wp-json\/wp\/v2\/pages"}],"about":[{"href":"https:\/\/serveiseducatius.xtec.cat\/santacolomag\/wp-json\/wp\/v2\/types\/page"}],"author":[{"embeddable":true,"href":"https:\/\/serveiseducatius.xtec.cat\/santacolomag\/wp-json\/wp\/v2\/users\/4"}],"replies":[{"embeddable":true,"href":"https:\/\/serveiseducatius.xtec.cat\/santacolomag\/wp-json\/wp\/v2\/comments?post=22691"}],"version-history":[{"count":1,"href":"https:\/\/serveiseducatius.xtec.cat\/santacolomag\/wp-json\/wp\/v2\/pages\/22691\/revisions"}],"predecessor-version":[{"id":22692,"href":"https:\/\/serveiseducatius.xtec.cat\/santacolomag\/wp-json\/wp\/v2\/pages\/22691\/revisions\/22692"}],"wp:attachment":[{"href":"https:\/\/serveiseducatius.xtec.cat\/santacolomag\/wp-json\/wp\/v2\/media?parent=22691"}],"curies":[{"name":"wp","href":"https:\/\/api.w.org\/{rel}","templated":true}]}}