{"id":22487,"date":"2025-06-06T12:36:53","date_gmt":"2025-06-06T10:36:53","guid":{"rendered":"https:\/\/serveiseducatius.xtec.cat\/santacolomag\/?page_id=22487"},"modified":"2025-06-06T13:05:06","modified_gmt":"2025-06-06T11:05:06","slug":"full-informatiu-juny-2025","status":"publish","type":"page","link":"https:\/\/serveiseducatius.xtec.cat\/santacolomag\/full-informatiu-juny-2025\/","title":{"rendered":"Full informatiu. Juny 2025"},"content":{"rendered":"\n<div class=\"wp-block-columns is-layout-flex wp-container-core-columns-is-layout-1 wp-block-columns-is-layout-flex\">\n<div class=\"wp-block-column is-layout-flow wp-block-column-is-layout-flow\">\n<h3 class=\"wp-block-heading\"><a href=\"https:\/\/serveiseducatius.xtec.cat\/santacolomag\/general\/formacio-destiu-2025-una-oportunitat-per-continuar-creixent\/\">Formaci\u00f3 d\u2019estiu 2025: una oportunitat per continuar creixent<\/a><\/h3>\n\n\n\n<figure class=\"wp-block-image aligncenter size-full is-resized\"><a href=\"https:\/\/serveiseducatius.xtec.cat\/santacolomag\/general\/formacio-destiu-2025-una-oportunitat-per-continuar-creixent\/\"><img loading=\"lazy\" decoding=\"async\" width=\"1164\" height=\"1080\" src=\"https:\/\/serveiseducatius.xtec.cat\/santacolomag\/wp-content\/uploads\/usu1183\/2025\/05\/111111111111111111111.jpg\" alt=\"\" class=\"wp-image-22317\" style=\"width:100px;height:auto\" srcset=\"https:\/\/serveiseducatius.xtec.cat\/santacolomag\/wp-content\/uploads\/usu1183\/2025\/05\/111111111111111111111.jpg 1164w, https:\/\/serveiseducatius.xtec.cat\/santacolomag\/wp-content\/uploads\/usu1183\/2025\/05\/111111111111111111111-300x278.jpg 300w, https:\/\/serveiseducatius.xtec.cat\/santacolomag\/wp-content\/uploads\/usu1183\/2025\/05\/111111111111111111111-1024x950.jpg 1024w, https:\/\/serveiseducatius.xtec.cat\/santacolomag\/wp-content\/uploads\/usu1183\/2025\/05\/111111111111111111111-768x713.jpg 768w\" sizes=\"auto, (max-width: 1164px) 100vw, 1164px\" \/><\/a><\/figure>\n\n\n\n<p>Publicada l\u2019oferta de formaci\u00f3 d\u2019estiu per al personal docent! Aquest any, les propostes abracen un ampli ventall d\u2019\u00e0mbits per respondre a les necessitats professionals i als reptes educatius actuals<\/p>\n<\/div>\n\n\n\n<div class=\"wp-block-column is-layout-flow wp-block-column-is-layout-flow\">\n<h3 class=\"wp-block-heading\"><a href=\"https:\/\/serveiseducatius.xtec.cat\/santacolomag\/general\/formacions-pedagogiques-de-les-dotacions-dequipaments-al-barcelones-nord-estiu-2025\/\">Formacions pedag\u00f2giques de les dotacions d\u2019equipaments al Barcelon\u00e8s Nord \u2013 Estiu 2025<\/a><\/h3>\n\n\n\n<figure class=\"wp-block-image aligncenter size-full is-resized\"><a href=\"https:\/\/serveiseducatius.xtec.cat\/santacolomag\/general\/formacions-pedagogiques-de-les-dotacions-dequipaments-al-barcelones-nord-estiu-2025\/\"><img loading=\"lazy\" decoding=\"async\" width=\"300\" height=\"284\" src=\"https:\/\/serveiseducatius.xtec.cat\/santacolomag\/wp-content\/uploads\/usu1183\/2025\/01\/dotacions-300x284-1.jpg\" alt=\"\" class=\"wp-image-21318\" style=\"width:95px;height:auto\"\/><\/a><\/figure>\n\n\n\n<p>Les inscripcions per a les formacions pedag\u00f2giques d\u2019\u00e0mbit digital i multim\u00e8dia sobre les dotacions d\u2019equipament del departament es duran a terme al Barcelon\u00e8s Nord encara estan obertes<\/p>\n\n\n\n<p><\/p>\n\n\n\n<p><\/p>\n<\/div>\n\n\n\n<div class=\"wp-block-column is-layout-flow wp-block-column-is-layout-flow\">\n<h3 class=\"wp-block-heading\"><a href=\"https:\/\/serveiseducatius.xtec.cat\/santacolomag\/general\/oferta-formativa-elic-i-tilc\/\">Oferta Formativa ELIC i TILC<\/a><\/h3>\n\n\n\n<figure class=\"wp-block-image aligncenter size-full is-resized\"><a href=\"https:\/\/serveiseducatius.xtec.cat\/santacolomag\/general\/oferta-formativa-elic-i-tilc\/\"><img loading=\"lazy\" decoding=\"async\" width=\"387\" height=\"334\" src=\"https:\/\/serveiseducatius.xtec.cat\/santacolomag\/wp-content\/uploads\/usu1183\/2025\/03\/Logo-ELIC-Santa-Coloma.png\" alt=\"\" class=\"wp-image-21728\" style=\"width:144px;height:auto\" srcset=\"https:\/\/serveiseducatius.xtec.cat\/santacolomag\/wp-content\/uploads\/usu1183\/2025\/03\/Logo-ELIC-Santa-Coloma.png 387w, https:\/\/serveiseducatius.xtec.cat\/santacolomag\/wp-content\/uploads\/usu1183\/2025\/03\/Logo-ELIC-Santa-Coloma-300x259.png 300w\" sizes=\"auto, (max-width: 387px) 100vw, 387px\" \/><\/a><\/figure>\n\n\n\n<p>Us fem arribar dues infografies on es recull l\u2019oferta formativa dels equips LIC aix\u00ed com la formaci\u00f3 relacionada amb el Tractament Integrat de Llengua i Contingut<\/p>\n<\/div>\n<\/div>\n\n\n\n<div class=\"wp-block-columns is-layout-flex wp-container-core-columns-is-layout-2 wp-block-columns-is-layout-flex\">\n<div class=\"wp-block-column is-layout-flow wp-block-column-is-layout-flow\">\n<h3 class=\"wp-block-heading\"><a href=\"https:\/\/serveiseducatius.xtec.cat\/santacolomag\/general\/xxiv-jornada-anual-de-la-xarxa-de-competencies-28-de-juny-de-2024-cotxeres-de-sants-barcelona\/\">XXIV Jornada anual de la Xarxa de Compet\u00e8ncies. 28 de juny de 2025 Cotxeres de Sants (Barcelona)<\/a><\/h3>\n\n\n\n<figure class=\"wp-block-image aligncenter size-full is-resized\"><a href=\"https:\/\/serveiseducatius.xtec.cat\/santacolomag\/general\/xxiv-jornada-anual-de-la-xarxa-de-competencies-28-de-juny-de-2024-cotxeres-de-sants-barcelona\/\"><img loading=\"lazy\" decoding=\"async\" width=\"600\" height=\"355\" src=\"https:\/\/serveiseducatius.xtec.cat\/santacolomag\/wp-content\/uploads\/usu1183\/2025\/06\/JornadaAnual.png\" alt=\"\" class=\"wp-image-22474\" style=\"width:147px;height:auto\" srcset=\"https:\/\/serveiseducatius.xtec.cat\/santacolomag\/wp-content\/uploads\/usu1183\/2025\/06\/JornadaAnual.png 600w, https:\/\/serveiseducatius.xtec.cat\/santacolomag\/wp-content\/uploads\/usu1183\/2025\/06\/JornadaAnual-300x178.png 300w\" sizes=\"auto, (max-width: 600px) 100vw, 600px\" \/><\/a><\/figure>\n\n\n\n<p>La&nbsp;<a href=\"https:\/\/aplicacions.gestioeducativa.gencat.cat\/ords\/pls\/soloas\/pk_for_mod_ins.p_for_detall_activitat?p_codi=9008010547&amp;p_curs=2024-2025&amp;p_es_inscr=S\" target=\"_blank\" rel=\"noreferrer noopener\">Jornada anual de la Xarxa de Compet\u00e8ncies<\/a>&nbsp;tindr\u00e0 lloc el pr\u00f2xim&nbsp;<strong>28 de juny de 2025 a les Cotxeres de Sants de 9 a 13.30 h<\/strong>&nbsp;<\/p>\n<\/div>\n\n\n\n<div class=\"wp-block-column is-layout-flow wp-block-column-is-layout-flow\">\n<h3 class=\"wp-block-heading\"><a href=\"https:\/\/serveiseducatius.xtec.cat\/santacolomag\/general\/inscripcions-obertes-als-programes-dinnovacio-del-departament-deducacio\/\">Inscripcions obertes als programes d\u2019innovaci\u00f3 del Departament d\u2019educaci\u00f3<\/a><\/h3>\n\n\n\n<figure class=\"wp-block-image aligncenter size-full is-resized\"><a href=\"https:\/\/serveiseducatius.xtec.cat\/santacolomag\/general\/inscripcions-obertes-als-programes-dinnovacio-del-departament-deducacio\/\"><img loading=\"lazy\" decoding=\"async\" width=\"538\" height=\"538\" src=\"https:\/\/serveiseducatius.xtec.cat\/santacolomag\/wp-content\/uploads\/usu1183\/2025\/05\/actualitat-533x533-mapa-innovacio.jpg_1595044798.jpg\" alt=\"\" class=\"wp-image-22308\" style=\"width:86px;height:auto\" srcset=\"https:\/\/serveiseducatius.xtec.cat\/santacolomag\/wp-content\/uploads\/usu1183\/2025\/05\/actualitat-533x533-mapa-innovacio.jpg_1595044798.jpg 538w, https:\/\/serveiseducatius.xtec.cat\/santacolomag\/wp-content\/uploads\/usu1183\/2025\/05\/actualitat-533x533-mapa-innovacio.jpg_1595044798-300x300.jpg 300w, https:\/\/serveiseducatius.xtec.cat\/santacolomag\/wp-content\/uploads\/usu1183\/2025\/05\/actualitat-533x533-mapa-innovacio.jpg_1595044798-150x150.jpg 150w\" sizes=\"auto, (max-width: 538px) 100vw, 538px\" \/><\/a><\/figure>\n\n\n\n<p>Fins <strong>al 20 de juny de 2025<\/strong>&nbsp;\u00e9s obert el termini per a la presentaci\u00f3 de les sol\u00b7licituds dels programes d\u2019innovaci\u00f3.<\/p>\n<\/div>\n\n\n\n<div class=\"wp-block-column is-layout-flow wp-block-column-is-layout-flow\">\n<h3 class=\"wp-block-heading\"><a href=\"https:\/\/serveiseducatius.xtec.cat\/santacolomag\/general\/dos-treballs-guardonats-a-la-final-dels-xii-jocs-florals-escolars-de-catalunya\/\">Dos treballs guardonats a la final dels XII Jocs Florals Escolars de Catalunya<\/a><\/h3>\n\n\n\n<figure class=\"wp-block-image aligncenter size-full is-resized\"><a href=\"https:\/\/serveiseducatius.xtec.cat\/santacolomag\/general\/dos-treballs-guardonats-a-la-final-dels-xii-jocs-florals-escolars-de-catalunya\/\"><img loading=\"lazy\" decoding=\"async\" width=\"150\" height=\"151\" src=\"https:\/\/serveiseducatius.xtec.cat\/santacolomag\/wp-content\/uploads\/usu1183\/2017\/02\/jocs-florals-e1493815847779.jpg\" alt=\"\" class=\"wp-image-9067\" style=\"width:96px;height:auto\"\/><\/a><\/figure>\n\n\n\n<p>El proper dissabte 14 de juny de 2025 a l\u2019Institut Nacional d\u2019Educaci\u00f3 F\u00edsica de Catalunya es far\u00e0 l\u2019acte final dels XII Jocs florals escolars de Catalunya i ens complau molt tenir dos treballs guardonats<\/p>\n<\/div>\n<\/div>\n\n\n\n<p><\/p>\n","protected":false},"excerpt":{"rendered":"<p>Formaci\u00f3 d\u2019estiu 2025: una oportunitat per continuar creixent Publicada l\u2019oferta de formaci\u00f3 d\u2019estiu per al personal docent! Aquest any, les [&hellip;]<\/p>\n","protected":false},"author":4,"featured_media":0,"parent":0,"menu_order":0,"comment_status":"closed","ping_status":"close","template":"","meta":{"_bbp_topic_count":0,"_bbp_reply_count":0,"_bbp_total_topic_count":0,"_bbp_total_reply_count":0,"_bbp_voice_count":0,"_bbp_anonymous_reply_count":0,"_bbp_topic_count_hidden":0,"_bbp_reply_count_hidden":0,"_bbp_forum_subforum_count":0,"site-sidebar-layout":"no-sidebar","site-content-layout":"","ast-site-content-layout":"default","site-content-style":"default","site-sidebar-style":"default","ast-global-header-display":"","ast-banner-title-visibility":"","ast-main-header-display":"","ast-hfb-above-header-display":"","ast-hfb-below-header-display":"","ast-hfb-mobile-header-display":"","site-post-title":"","ast-breadcrumbs-content":"","ast-featured-img":"","footer-sml-layout":"","theme-transparent-header-meta":"","adv-header-id-meta":"","stick-header-meta":"","header-above-stick-meta":"","header-main-stick-meta":"","header-below-stick-meta":"","astra-migrate-meta-layouts":"set","ast-page-background-enabled":"default","ast-page-background-meta":{"desktop":{"background-color":"var(--ast-global-color-4)","background-image":"","background-repeat":"repeat","background-position":"center center","background-size":"auto","background-attachment":"scroll","background-type":"","background-media":"","overlay-type":"","overlay-color":"","overlay-opacity":"","overlay-gradient":""},"tablet":{"background-color":"","background-image":"","background-repeat":"repeat","background-position":"center center","background-size":"auto","background-attachment":"scroll","background-type":"","background-media":"","overlay-type":"","overlay-color":"","overlay-opacity":"","overlay-gradient":""},"mobile":{"background-color":"","background-image":"","background-repeat":"repeat","background-position":"center center","background-size":"auto","background-attachment":"scroll","background-type":"","background-media":"","overlay-type":"","overlay-color":"","overlay-opacity":"","overlay-gradient":""}},"ast-content-background-meta":{"desktop":{"background-color":"var(--ast-global-color-5)","background-image":"","background-repeat":"repeat","background-position":"center center","background-size":"auto","background-attachment":"scroll","background-type":"","background-media":"","overlay-type":"","overlay-color":"","overlay-opacity":"","overlay-gradient":""},"tablet":{"background-color":"var(--ast-global-color-5)","background-image":"","background-repeat":"repeat","background-position":"center center","background-size":"auto","background-attachment":"scroll","background-type":"","background-media":"","overlay-type":"","overlay-color":"","overlay-opacity":"","overlay-gradient":""},"mobile":{"background-color":"var(--ast-global-color-5)","background-image":"","background-repeat":"repeat","background-position":"center center","background-size":"auto","background-attachment":"scroll","background-type":"","background-media":"","overlay-type":"","overlay-color":"","overlay-opacity":"","overlay-gradient":""}},"footnotes":""},"class_list":["post-22487","page","type-page","status-publish","hentry"],"post_mailing_queue_ids":[],"_links":{"self":[{"href":"https:\/\/serveiseducatius.xtec.cat\/santacolomag\/wp-json\/wp\/v2\/pages\/22487","targetHints":{"allow":["GET"]}}],"collection":[{"href":"https:\/\/serveiseducatius.xtec.cat\/santacolomag\/wp-json\/wp\/v2\/pages"}],"about":[{"href":"https:\/\/serveiseducatius.xtec.cat\/santacolomag\/wp-json\/wp\/v2\/types\/page"}],"author":[{"embeddable":true,"href":"https:\/\/serveiseducatius.xtec.cat\/santacolomag\/wp-json\/wp\/v2\/users\/4"}],"replies":[{"embeddable":true,"href":"https:\/\/serveiseducatius.xtec.cat\/santacolomag\/wp-json\/wp\/v2\/comments?post=22487"}],"version-history":[{"count":5,"href":"https:\/\/serveiseducatius.xtec.cat\/santacolomag\/wp-json\/wp\/v2\/pages\/22487\/revisions"}],"predecessor-version":[{"id":22494,"href":"https:\/\/serveiseducatius.xtec.cat\/santacolomag\/wp-json\/wp\/v2\/pages\/22487\/revisions\/22494"}],"wp:attachment":[{"href":"https:\/\/serveiseducatius.xtec.cat\/santacolomag\/wp-json\/wp\/v2\/media?parent=22487"}],"curies":[{"name":"wp","href":"https:\/\/api.w.org\/{rel}","templated":true}]}}