{"id":22115,"date":"2025-05-05T14:43:31","date_gmt":"2025-05-05T12:43:31","guid":{"rendered":"https:\/\/serveiseducatius.xtec.cat\/santacolomag\/?page_id=22115"},"modified":"2025-06-06T12:41:01","modified_gmt":"2025-06-06T10:41:01","slug":"full-informatiu-maig-2025","status":"publish","type":"page","link":"https:\/\/serveiseducatius.xtec.cat\/santacolomag\/full-informatiu-maig-2025\/","title":{"rendered":"Full informatiu. Maig 2025"},"content":{"rendered":"\n<div class=\"wp-block-columns is-layout-flex wp-container-core-columns-is-layout-1 wp-block-columns-is-layout-flex\">\n<div class=\"wp-block-column is-layout-flow wp-block-column-is-layout-flow\">\n<h3 class=\"wp-block-heading\"><a href=\"https:\/\/serveiseducatius.xtec.cat\/santacolomag\/general\/nous-videos-publicats-per-la-xarxa-de-competencies\/\">Nous v\u00eddeos publicats per la Xarxa de Compet\u00e8ncies<\/a><\/h3>\n\n\n\n<figure class=\"wp-block-image aligncenter size-full\"><a href=\"https:\/\/serveiseducatius.xtec.cat\/santacolomag\/general\/nous-videos-publicats-per-la-xarxa-de-competencies\/\"><img loading=\"lazy\" decoding=\"async\" width=\"92\" height=\"106\" src=\"https:\/\/serveiseducatius.xtec.cat\/santacolomag\/wp-content\/uploads\/usu1183\/2025\/05\/xdc-300x106-1-e1746449655922.jpg\" alt=\"\" class=\"wp-image-22121\"\/><\/a><\/figure>\n\n\n\n<p>El passat 2 de maig<strong> La xarxa de compet\u00e8ncies <\/strong>va publicar tres v\u00eddeos-converses sobre el treball que estan fent enguany: aprendre\/fer matem\u00e0tiques, aprendre\/fer llengua i aprendre\/fer art.<\/p>\n<\/div>\n\n\n\n<div class=\"wp-block-column is-layout-flow wp-block-column-is-layout-flow\">\n<h3 class=\"wp-block-heading\"><a href=\"https:\/\/serveiseducatius.xtec.cat\/santacolomag\/general\/xviii-trobada-de-cant-coral-escolar-cantata-2025\/\">XVIII Trobada de cant coral escolar \u2013 Cantata 2025<\/a><\/h3>\n\n\n\n<figure class=\"wp-block-image aligncenter size-large is-resized\"><a href=\"https:\/\/serveiseducatius.xtec.cat\/santacolomag\/general\/xviii-trobada-de-cant-coral-escolar-cantata-2025\/\"><img loading=\"lazy\" decoding=\"async\" width=\"724\" height=\"1024\" src=\"https:\/\/serveiseducatius.xtec.cat\/santacolomag\/wp-content\/uploads\/usu1183\/2025\/05\/Cantata-2-1_page-0001-724x1024.jpg\" alt=\"\" class=\"wp-image-22112\" style=\"width:98px;height:auto\" srcset=\"https:\/\/serveiseducatius.xtec.cat\/santacolomag\/wp-content\/uploads\/usu1183\/2025\/05\/Cantata-2-1_page-0001-724x1024.jpg 724w, https:\/\/serveiseducatius.xtec.cat\/santacolomag\/wp-content\/uploads\/usu1183\/2025\/05\/Cantata-2-1_page-0001-212x300.jpg 212w, https:\/\/serveiseducatius.xtec.cat\/santacolomag\/wp-content\/uploads\/usu1183\/2025\/05\/Cantata-2-1_page-0001-768x1087.jpg 768w, https:\/\/serveiseducatius.xtec.cat\/santacolomag\/wp-content\/uploads\/usu1183\/2025\/05\/Cantata-2-1_page-0001-1086x1536.jpg 1086w, https:\/\/serveiseducatius.xtec.cat\/santacolomag\/wp-content\/uploads\/usu1183\/2025\/05\/Cantata-2-1_page-0001-1447x2048.jpg 1447w, https:\/\/serveiseducatius.xtec.cat\/santacolomag\/wp-content\/uploads\/usu1183\/2025\/05\/Cantata-2-1_page-0001-scaled.jpg 1809w\" sizes=\"auto, (max-width: 724px) 100vw, 724px\" \/><\/a><\/figure>\n\n\n\n<p>Els pr\u00f2xims 12, 13 i 14 de maig al&nbsp;<a href=\"https:\/\/teatresagarra.gramenet.cat\/\">Teatre Sagarra<\/a>&nbsp;hi haur\u00e0 la XVIII Trobada de cant coral escolar de Santa Coloma de Gramenet amb la participaci\u00f3 d\u201911 centres de la ciutat.<\/p>\n<\/div>\n\n\n\n<div class=\"wp-block-column is-layout-flow wp-block-column-is-layout-flow\">\n<h3 class=\"wp-block-heading\"><a href=\"https:\/\/serveiseducatius.xtec.cat\/santacolomag\/general\/compartint-ciencia-el-congres-dinfantil-i-primaria-celebra-lonzena-edicio\/\">Compartint ci\u00e8ncia: el Congr\u00e9s d\u2019infantil i prim\u00e0ria celebra l\u2019onzena edici\u00f3<\/a><\/h3>\n\n\n\n<figure class=\"wp-block-image aligncenter size-full is-resized\"><a href=\"https:\/\/serveiseducatius.xtec.cat\/santacolomag\/general\/compartint-ciencia-el-congres-dinfantil-i-primaria-celebra-lonzena-edicio\/\"><img loading=\"lazy\" decoding=\"async\" width=\"2245\" height=\"1587\" src=\"https:\/\/serveiseducatius.xtec.cat\/santacolomag\/wp-content\/uploads\/usu1183\/2025\/05\/foto-congres-1.jpg\" alt=\"\" class=\"wp-image-22126\" style=\"width:164px;height:auto\"\/><\/a><\/figure>\n\n\n\n<p>Els dies 16 i 30 de maig, la Biblioteca Singuerl\u00edn acollir\u00e0 l\u2019<strong>XI Congr\u00e9s de Ci\u00e8ncies d\u2019Educaci\u00f3 Infantil i Prim\u00e0ria<\/strong>.<\/p>\n<\/div>\n<\/div>\n\n\n\n<div class=\"wp-block-columns is-layout-flex wp-container-core-columns-is-layout-2 wp-block-columns-is-layout-flex\">\n<div class=\"wp-block-column is-layout-flow wp-block-column-is-layout-flow\">\n<h3 class=\"wp-block-heading\"><a href=\"https:\/\/serveiseducatius.xtec.cat\/santacolomag\/general\/ted-ed-student-talks-una-nova-activitat-de-dinamitzacio-en-llengua-anglesa\/\">TED-Ed Student Talks. Una nova activitat de dinamitzaci\u00f3 en llengua anglesa.<\/a><\/h3>\n\n\n\n<figure class=\"wp-block-image aligncenter size-full is-resized\"><a href=\"https:\/\/serveiseducatius.xtec.cat\/santacolomag\/general\/ted-ed-student-talks-una-nova-activitat-de-dinamitzacio-en-llengua-anglesa\/\"><img loading=\"lazy\" decoding=\"async\" width=\"634\" height=\"513\" src=\"https:\/\/serveiseducatius.xtec.cat\/santacolomag\/wp-content\/uploads\/usu1183\/2025\/04\/2222.jpg\" alt=\"\" class=\"wp-image-22096\" style=\"width:127px;height:auto\" srcset=\"https:\/\/serveiseducatius.xtec.cat\/santacolomag\/wp-content\/uploads\/usu1183\/2025\/04\/2222.jpg 634w, https:\/\/serveiseducatius.xtec.cat\/santacolomag\/wp-content\/uploads\/usu1183\/2025\/04\/2222-300x243.jpg 300w\" sizes=\"auto, (max-width: 634px) 100vw, 634px\" \/><\/a><\/figure>\n\n\n\n<p>Des dels Serveis Territorials al Barcelon\u00e8s i els seus CRPs estem treballant en la creaci\u00f3 d\u2019una nova <strong>activitat de dinamitzaci\u00f3 en llengua anglesa<\/strong> pel curs 2025-2026: un&nbsp;<a href=\"https:\/\/ed.ted.com\/student_talks\"><em>TED-Ed Student Talks,<\/em><\/a>&nbsp;on l\u2019alumnat de 3r o 4t d\u2019ESO sigui el protagonista.&nbsp;<\/p>\n<\/div>\n\n\n\n<div class=\"wp-block-column is-layout-flow wp-block-column-is-layout-flow\">\n<h3 class=\"wp-block-heading\"><a href=\"https:\/\/serveiseducatius.xtec.cat\/santacolomag\/general\/nova-oferta-formativa-de-la-subdireccio-general-dordenacio-curricular\/\">Nova oferta formativa de la Subdirecci\u00f3 General d\u2019Ordenaci\u00f3 Curricular<\/a><\/h3>\n\n\n\n<figure class=\"wp-block-image aligncenter size-full is-resized\"><a href=\"https:\/\/serveiseducatius.xtec.cat\/santacolomag\/general\/nova-oferta-formativa-de-la-subdireccio-general-dordenacio-curricular\/\"><img loading=\"lazy\" decoding=\"async\" width=\"808\" height=\"570\" src=\"https:\/\/serveiseducatius.xtec.cat\/santacolomag\/wp-content\/uploads\/usu1183\/2025\/04\/Captura-de-pantalla-2025-04-23-091642.png\" alt=\"\" class=\"wp-image-22065\" style=\"width:149px;height:auto\" srcset=\"https:\/\/serveiseducatius.xtec.cat\/santacolomag\/wp-content\/uploads\/usu1183\/2025\/04\/Captura-de-pantalla-2025-04-23-091642.png 808w, https:\/\/serveiseducatius.xtec.cat\/santacolomag\/wp-content\/uploads\/usu1183\/2025\/04\/Captura-de-pantalla-2025-04-23-091642-300x212.png 300w, https:\/\/serveiseducatius.xtec.cat\/santacolomag\/wp-content\/uploads\/usu1183\/2025\/04\/Captura-de-pantalla-2025-04-23-091642-768x542.png 768w\" sizes=\"auto, (max-width: 808px) 100vw, 808px\" \/><\/a><\/figure>\n\n\n\n<p>La Subdirecci\u00f3 General d\u2019Ordenaci\u00f3 Curricular presenta una nova oferta formativa adre\u00e7ada als equips docents i als professionals de l\u2019educaci\u00f3 amb l\u2019objectiu d\u2019aprofundir en el desenvolupament curricular i impulsar la millora de les pr\u00e0ctiques educatives als centres.<\/p>\n<\/div>\n\n\n\n<div class=\"wp-block-column is-layout-flow wp-block-column-is-layout-flow\">\n<h3 class=\"wp-block-heading\"><a href=\"https:\/\/serveiseducatius.xtec.cat\/santacolomag\/general\/sessio-informativa-la-xarxa-territorial-de-millora-educativa-i-el-programa-pacte-08-05-2025\/\">Sessi\u00f3 informativa: la Xarxa Territorial de Millora Educativa i el Programa PAcTE. 08\/05\/2025<\/a><\/h3>\n\n\n\n<figure class=\"wp-block-image aligncenter size-full is-resized\"><a href=\"https:\/\/serveiseducatius.xtec.cat\/santacolomag\/general\/sessio-informativa-la-xarxa-territorial-de-millora-educativa-i-el-programa-pacte-08-05-2025\/\"><img loading=\"lazy\" decoding=\"async\" width=\"534\" height=\"378\" src=\"https:\/\/serveiseducatius.xtec.cat\/santacolomag\/wp-content\/uploads\/usu1183\/2025\/04\/Captura-de-pantalla-2025-04-25-091847.png\" alt=\"\" class=\"wp-image-22068\" style=\"width:137px;height:auto\" srcset=\"https:\/\/serveiseducatius.xtec.cat\/santacolomag\/wp-content\/uploads\/usu1183\/2025\/04\/Captura-de-pantalla-2025-04-25-091847.png 534w, https:\/\/serveiseducatius.xtec.cat\/santacolomag\/wp-content\/uploads\/usu1183\/2025\/04\/Captura-de-pantalla-2025-04-25-091847-300x212.png 300w\" sizes=\"auto, (max-width: 534px) 100vw, 534px\" \/><\/a><\/figure>\n\n\n\n<p>Des de Serveis Territorials del Barcelon\u00e8s (ST BNS) us convidem a participar en la xerrada en l\u00ednia de la<strong>&nbsp;Xarxa Territorial de Millora Educativa i el Programa PAcTE<\/strong>.<\/p>\n<\/div>\n<\/div>\n\n\n\n<p><\/p>\n","protected":false},"excerpt":{"rendered":"<p>Nous v\u00eddeos publicats per la Xarxa de Compet\u00e8ncies El passat 2 de maig La xarxa de compet\u00e8ncies va publicar tres [&hellip;]<\/p>\n","protected":false},"author":4,"featured_media":0,"parent":0,"menu_order":0,"comment_status":"closed","ping_status":"close","template":"","meta":{"_bbp_topic_count":0,"_bbp_reply_count":0,"_bbp_total_topic_count":0,"_bbp_total_reply_count":0,"_bbp_voice_count":0,"_bbp_anonymous_reply_count":0,"_bbp_topic_count_hidden":0,"_bbp_reply_count_hidden":0,"_bbp_forum_subforum_count":0,"site-sidebar-layout":"no-sidebar","site-content-layout":"","ast-site-content-layout":"default","site-content-style":"default","site-sidebar-style":"default","ast-global-header-display":"","ast-banner-title-visibility":"","ast-main-header-display":"","ast-hfb-above-header-display":"","ast-hfb-below-header-display":"","ast-hfb-mobile-header-display":"","site-post-title":"","ast-breadcrumbs-content":"","ast-featured-img":"","footer-sml-layout":"","theme-transparent-header-meta":"","adv-header-id-meta":"","stick-header-meta":"","header-above-stick-meta":"","header-main-stick-meta":"","header-below-stick-meta":"","astra-migrate-meta-layouts":"set","ast-page-background-enabled":"default","ast-page-background-meta":{"desktop":{"background-color":"var(--ast-global-color-4)","background-image":"","background-repeat":"repeat","background-position":"center center","background-size":"auto","background-attachment":"scroll","background-type":"","background-media":"","overlay-type":"","overlay-color":"","overlay-opacity":"","overlay-gradient":""},"tablet":{"background-color":"","background-image":"","background-repeat":"repeat","background-position":"center center","background-size":"auto","background-attachment":"scroll","background-type":"","background-media":"","overlay-type":"","overlay-color":"","overlay-opacity":"","overlay-gradient":""},"mobile":{"background-color":"","background-image":"","background-repeat":"repeat","background-position":"center center","background-size":"auto","background-attachment":"scroll","background-type":"","background-media":"","overlay-type":"","overlay-color":"","overlay-opacity":"","overlay-gradient":""}},"ast-content-background-meta":{"desktop":{"background-color":"var(--ast-global-color-5)","background-image":"","background-repeat":"repeat","background-position":"center center","background-size":"auto","background-attachment":"scroll","background-type":"","background-media":"","overlay-type":"","overlay-color":"","overlay-opacity":"","overlay-gradient":""},"tablet":{"background-color":"var(--ast-global-color-5)","background-image":"","background-repeat":"repeat","background-position":"center center","background-size":"auto","background-attachment":"scroll","background-type":"","background-media":"","overlay-type":"","overlay-color":"","overlay-opacity":"","overlay-gradient":""},"mobile":{"background-color":"var(--ast-global-color-5)","background-image":"","background-repeat":"repeat","background-position":"center center","background-size":"auto","background-attachment":"scroll","background-type":"","background-media":"","overlay-type":"","overlay-color":"","overlay-opacity":"","overlay-gradient":""}},"footnotes":""},"class_list":["post-22115","page","type-page","status-publish","hentry"],"post_mailing_queue_ids":[],"_links":{"self":[{"href":"https:\/\/serveiseducatius.xtec.cat\/santacolomag\/wp-json\/wp\/v2\/pages\/22115","targetHints":{"allow":["GET"]}}],"collection":[{"href":"https:\/\/serveiseducatius.xtec.cat\/santacolomag\/wp-json\/wp\/v2\/pages"}],"about":[{"href":"https:\/\/serveiseducatius.xtec.cat\/santacolomag\/wp-json\/wp\/v2\/types\/page"}],"author":[{"embeddable":true,"href":"https:\/\/serveiseducatius.xtec.cat\/santacolomag\/wp-json\/wp\/v2\/users\/4"}],"replies":[{"embeddable":true,"href":"https:\/\/serveiseducatius.xtec.cat\/santacolomag\/wp-json\/wp\/v2\/comments?post=22115"}],"version-history":[{"count":6,"href":"https:\/\/serveiseducatius.xtec.cat\/santacolomag\/wp-json\/wp\/v2\/pages\/22115\/revisions"}],"predecessor-version":[{"id":22163,"href":"https:\/\/serveiseducatius.xtec.cat\/santacolomag\/wp-json\/wp\/v2\/pages\/22115\/revisions\/22163"}],"wp:attachment":[{"href":"https:\/\/serveiseducatius.xtec.cat\/santacolomag\/wp-json\/wp\/v2\/media?parent=22115"}],"curies":[{"name":"wp","href":"https:\/\/api.w.org\/{rel}","templated":true}]}}