{"id":21869,"date":"2025-03-27T09:21:59","date_gmt":"2025-03-27T08:21:59","guid":{"rendered":"https:\/\/serveiseducatius.xtec.cat\/santacolomag\/?page_id=21869"},"modified":"2026-03-12T14:43:14","modified_gmt":"2026-03-12T13:43:14","slug":"videos-xxv-presentacio-de-treballs-de-recerca-santa-coloma-de-gramenet","status":"publish","type":"page","link":"https:\/\/serveiseducatius.xtec.cat\/santacolomag\/videos-xxv-presentacio-de-treballs-de-recerca-santa-coloma-de-gramenet\/","title":{"rendered":"XXV Presentaci\u00f3 de Treballs de Recerca. Santa Coloma de Gramenet"},"content":{"rendered":"\n<figure class=\"wp-block-image alignleft is-resized\"><img loading=\"lazy\" decoding=\"async\" width=\"111\" height=\"114\" src=\"https:\/\/serveiseducatius.xtec.cat\/santacolomag\/wp-content\/uploads\/usu1183\/2017\/03\/nen_recerca_petit.png\" alt=\"\" class=\"wp-image-16012\" style=\"width:153px;height:auto\"\/><\/figure>\n\n\n\n<p>El dies 19 i 26 de mar\u00e7 2025 va tenir lloc la&nbsp;<strong>XXV Presentaci\u00f3 de Treballs de Recerca de 2n de batxillerat de Santa Coloma de Gramenet,&nbsp;<\/strong>a la <a href=\"https:\/\/bibliotecavirtual.diba.cat\/ca\/santa-coloma-de-gramenet-biblioteca-singuerlin-salvador-cabre\">biblioteca Singuerl\u00edn -Salvador Cabr\u00e9<\/a>. <\/p>\n\n\n\n<p>La Presentaci\u00f3 est\u00e0 organitzada per el CRP i els <a href=\"https:\/\/serveiseducatius.xtec.cat\/santacolomag\/comunitat\/centres-educatius\/instituts\/\">instituts de la ciutat<\/a>, en col\u00b7laboraci\u00f3 amb l\u2019<a href=\"https:\/\/www.gramenet.cat\/ajuntament\/arees-municipals\/educacio-formacio-i-ocupacio\/\">Ajuntament de Santa Coloma de Gramenet<\/a>.<\/p>\n\n\n\n<h5 class=\"wp-block-heading has-text-align-center\">V\u00eddeos de les sessions<\/h5>\n\n\n\n<div class=\"wp-block-columns is-layout-flex wp-container-core-columns-is-layout-1 wp-block-columns-is-layout-flex\">\n<div class=\"wp-block-column is-layout-flow wp-block-column-is-layout-flow\">\n<iframe loading=\"lazy\" src=\"https:\/\/drive.google.com\/file\/d\/1JZD1GexnhR7CiNVW7DXbavJf5qfaVlaN\/preview\" width=\"440\" height=\"280\" allow=\"autoplay\"><\/iframe>\n\n\n\n<h6 class=\"wp-block-heading\">Les grans empreses ens enganyen per pagar m\u00e9s pels b\u00e0lsams de llavis?<\/h6>\n<\/div>\n\n\n\n<div class=\"wp-block-column is-layout-flow wp-block-column-is-layout-flow\">\n<iframe loading=\"lazy\" src=\"https:\/\/drive.google.com\/file\/d\/1nEqSc9XjRmQD-1smrj9y3QwZoJFhRMw0\/preview\" width=\"440\" height=\"280\" allow=\"autoplay\"><\/iframe>\n\n\n\n<h6 class=\"wp-block-heading\">Mentalitat durant el franquisme. Qu\u00e8 ha quedat en l&#8217;actualitat?<\/h6>\n<\/div>\n\n\n\n<div class=\"wp-block-column is-layout-flow wp-block-column-is-layout-flow\">\n<iframe loading=\"lazy\" src=\"https:\/\/drive.google.com\/file\/d\/14b1U-NSCfakQJccX-EXUG9wmsXlWb1Gu\/preview\" width=\"440\" height=\"280\" allow=\"autoplay\"><\/iframe>\n\n\n\n<h6 class=\"wp-block-heading\">Inf\u00e0ncies creuades. Un relat de vides entrella\u00e7ades entre pa\u00efsos diferents<\/h6>\n<\/div>\n<\/div>\n\n\n\n<div class=\"wp-block-columns is-layout-flex wp-container-core-columns-is-layout-2 wp-block-columns-is-layout-flex\">\n<div class=\"wp-block-column is-layout-flow wp-block-column-is-layout-flow\">\n<iframe loading=\"lazy\" src=\"https:\/\/drive.google.com\/file\/d\/15rFBnn4xYNqdR1aZW8eDme6xZdYvchad\/preview\" width=\"440\" height=\"280\" allow=\"autoplay\"><\/iframe>\n\n\n\n<h6 class=\"wp-block-heading\">Disseny d&#8217;una nova muntanya russa per a Port Aventura Park<\/h6>\n<\/div>\n\n\n\n<div class=\"wp-block-column is-layout-flow wp-block-column-is-layout-flow\">\n<iframe loading=\"lazy\" src=\"https:\/\/drive.google.com\/file\/d\/1VKfOUi3NT7VVDdtlvN7OqptX-LuGudhn\/preview\" width=\"440\" height=\"280\" allow=\"autoplay\"><\/iframe>\n\n\n\n<h6 class=\"wp-block-heading\">Les pr\u00e0ctiques restauratives com mesura per la millora de la conviv\u00e8ncia<\/h6>\n<\/div>\n\n\n\n<div class=\"wp-block-column is-layout-flow wp-block-column-is-layout-flow\">\n<iframe loading=\"lazy\" src=\"https:\/\/drive.google.com\/file\/d\/1k3L5zYzDU2hxmc9TUP0AOail-M5Le4wI\/preview\" width=\"440\" height=\"280\" allow=\"autoplay\"><\/iframe>\n\n\n\n<h6 class=\"wp-block-heading\">La influ\u00e8ncia dels robots en la societat                        <\/h6>\n<\/div>\n<\/div>\n\n\n\n<div class=\"wp-block-columns is-layout-flex wp-container-core-columns-is-layout-3 wp-block-columns-is-layout-flex\">\n<div class=\"wp-block-column is-layout-flow wp-block-column-is-layout-flow\">\n<iframe loading=\"lazy\" src=\"https:\/\/drive.google.com\/file\/d\/1G856zEGqNULqScFZwwJmVDGqN1Nma5HC\/preview\" width=\"440\" height=\"280\" allow=\"autoplay\"><\/iframe>\n\n\n\n<h6 class=\"wp-block-heading\">L&#8217;hidrogen com a vector energ\u00e8tic<\/h6>\n<\/div>\n\n\n\n<div class=\"wp-block-column is-layout-flow wp-block-column-is-layout-flow\">\n<iframe loading=\"lazy\" src=\"https:\/\/drive.google.com\/file\/d\/1DUkmRfo5k1LrUdJap_549Gfcpa71FCor\/preview\" width=\"440\" height=\"280\" allow=\"autoplay\"><\/iframe>\n\n\n\n<h6 class=\"wp-block-heading\">Quan l&#8217;algoritme canta. La IA a la m\u00fasica urbana<\/h6>\n<\/div>\n\n\n\n<div class=\"wp-block-column is-layout-flow wp-block-column-is-layout-flow\">\n<iframe loading=\"lazy\" src=\"https:\/\/drive.google.com\/file\/d\/1ewoui1DueSginYC0E3Rh4jTyhvGbeO5y\/preview\" width=\"440\" height=\"280\" allow=\"autoplay\"><\/iframe>\n\n\n\n<h6 class=\"wp-block-heading\">An\u00e0lisi d&#8217;esdeveniments cient\u00edfics dintre de l&#8217;anime&#8230;<\/h6>\n<\/div>\n<\/div>\n\n\n\n<div class=\"wp-block-columns is-layout-flex wp-container-core-columns-is-layout-4 wp-block-columns-is-layout-flex\">\n<div class=\"wp-block-column is-layout-flow wp-block-column-is-layout-flow\">\n<iframe loading=\"lazy\" src=\"https:\/\/drive.google.com\/file\/d\/1l3cAvzZZTYicI1AjNL5DbIT18-Ax1UKB\/preview\" width=\"440\" height=\"280\" allow=\"autoplay\"><\/iframe>\n\n\n\n<h6 class=\"wp-block-heading\">Com han canviat els mitjans de comunicaci\u00f3 <\/h6>\n<\/div>\n\n\n\n<div class=\"wp-block-column is-layout-flow wp-block-column-is-layout-flow\">\n<iframe loading=\"lazy\" src=\"https:\/\/drive.google.com\/file\/d\/1MlGTW2gCkNxOv0NbkTz0n_xOdvUWjNWA\/preview\" width=\"440\" height=\"280\" allow=\"autoplay\"><\/iframe>\n\n\n\n<h6 class=\"wp-block-heading\">Nanotecnologia aplicada a l&#8217;envelliment de la pell<\/h6>\n<\/div>\n\n\n\n<div class=\"wp-block-column is-layout-flow wp-block-column-is-layout-flow\">\n<iframe loading=\"lazy\" src=\"https:\/\/drive.google.com\/file\/d\/1S71FpFlGBSUGnTWjcT6Cf736WtX2w1ua\/preview\" width=\"440\" height=\"280\" allow=\"autoplay\"><\/iframe>\n\n\n\n<h6 class=\"wp-block-heading\">Del vers a la p\u00e0gina: l&#8217;autopublicaci\u00f3 de la poesia<\/h6>\n<\/div>\n<\/div>\n\n\n\n<div class=\"wp-block-columns is-layout-flex wp-container-core-columns-is-layout-5 wp-block-columns-is-layout-flex\">\n<div class=\"wp-block-column is-layout-flow wp-block-column-is-layout-flow\">\n<iframe loading=\"lazy\" src=\"https:\/\/drive.google.com\/file\/d\/1R6_rNXLiHyAJNTLeu-AuH7h5mZWiSFCT\/preview\" width=\"440\" height=\"280\" allow=\"autoplay\"><\/iframe>\n\n\n\n<h6 class=\"wp-block-heading\">TRANSLAITION Can AI translate better than humans?<\/h6>\n<\/div>\n\n\n\n<div class=\"wp-block-column is-layout-flow wp-block-column-is-layout-flow\">\n<iframe loading=\"lazy\" src=\"https:\/\/drive.google.com\/file\/d\/1mej_j7sxUXaM-Sxk36RDs7Gc51JBWk8Q\/preview\" width=\"440\" height=\"280\" allow=\"autoplay\"><\/iframe>\n\n\n\n<h6 class=\"wp-block-heading\">La influ\u00e8ncia de la ci\u00e8ncia-ficci\u00f3 en els aven\u00e7os tecnol\u00f2gics<\/h6>\n<\/div>\n\n\n\n<div class=\"wp-block-column is-layout-flow wp-block-column-is-layout-flow\">\n<iframe loading=\"lazy\" src=\"https:\/\/drive.google.com\/file\/d\/1APN2qRGmiCVDPHJz8Uh9Ne9qso6ACFHq\/preview\" width=\"440\" height=\"280\" allow=\"autoplay\"><\/iframe>\n\n\n\n<h6 class=\"wp-block-heading\">Bioimpressi\u00f3 3D card\u00edaca<\/h6>\n<\/div>\n<\/div>\n\n\n\n<div class=\"wp-block-columns is-layout-flex wp-container-core-columns-is-layout-6 wp-block-columns-is-layout-flex\">\n<div class=\"wp-block-column is-layout-flow wp-block-column-is-layout-flow\">\n<iframe loading=\"lazy\" src=\"https:\/\/drive.google.com\/file\/d\/1E6OEMmcvDVu6CG2uqMn9j8zc2HhIP_PB\/preview\" width=\"440\" height=\"280\" allow=\"autoplay\"><\/iframe>\n\n\n\n<h6 class=\"wp-block-heading\">Redefinint el futur energ\u00e8tic: M\u00e9s enll\u00e0 de les bateries<\/h6>\n<\/div>\n\n\n\n<div class=\"wp-block-column is-layout-flow wp-block-column-is-layout-flow\">\n<iframe loading=\"lazy\" src=\"https:\/\/drive.google.com\/file\/d\/1Pj6WlonKoulJTIpeWvkfwy7DmY0HBYzO\/preview\" width=\"440\" height=\"280\" allow=\"autoplay\"><\/iframe>\n\n\n\n<h6 class=\"wp-block-heading\">Recursos m\u00fasico-emocionals i les seves aplicacions<\/h6>\n<\/div>\n\n\n\n<div class=\"wp-block-column is-layout-flow wp-block-column-is-layout-flow\">\n<iframe loading=\"lazy\" src=\"https:\/\/drive.google.com\/file\/d\/1rLLtMCztmqKznSOlpGYMqAxHY7s5XKH_\/preview\" width=\"440\" height=\"280\" allow=\"autoplay\"><\/iframe>\n\n\n\n<h6 class=\"wp-block-heading\">El silenci de l&#8217;oblit. Ter\u00e0pies i alzheimer un cam\u00ed possible<\/h6>\n<\/div>\n<\/div>\n\n\n\n<p class=\"has-text-align-center\"><em><a href=\"https:\/\/serveiseducatius.xtec.cat\/santacolomag\/portada\/videos-xxiv-presentacio-de-treballs-de-recerca-santa-coloma-de-gramenet\/\">Edicions anteriors<\/a><\/em><\/p>\n","protected":false},"excerpt":{"rendered":"<p>El dies 19 i 26 de mar\u00e7 2025 va tenir lloc la&nbsp;XXV Presentaci\u00f3 de Treballs de Recerca de 2n de [&hellip;]<\/p>\n","protected":false},"author":4,"featured_media":0,"parent":0,"menu_order":0,"comment_status":"closed","ping_status":"close","template":"","meta":{"_bbp_topic_count":0,"_bbp_reply_count":0,"_bbp_total_topic_count":0,"_bbp_total_reply_count":0,"_bbp_voice_count":0,"_bbp_anonymous_reply_count":0,"_bbp_topic_count_hidden":0,"_bbp_reply_count_hidden":0,"_bbp_forum_subforum_count":0,"site-sidebar-layout":"default","site-content-layout":"","ast-site-content-layout":"default","site-content-style":"default","site-sidebar-style":"default","ast-global-header-display":"","ast-banner-title-visibility":"","ast-main-header-display":"","ast-hfb-above-header-display":"","ast-hfb-below-header-display":"","ast-hfb-mobile-header-display":"","site-post-title":"","ast-breadcrumbs-content":"","ast-featured-img":"","footer-sml-layout":"","theme-transparent-header-meta":"","adv-header-id-meta":"","stick-header-meta":"","header-above-stick-meta":"","header-main-stick-meta":"","header-below-stick-meta":"","astra-migrate-meta-layouts":"set","ast-page-background-enabled":"default","ast-page-background-meta":{"desktop":{"background-color":"var(--ast-global-color-4)","background-image":"","background-repeat":"repeat","background-position":"center center","background-size":"auto","background-attachment":"scroll","background-type":"","background-media":"","overlay-type":"","overlay-color":"","overlay-opacity":"","overlay-gradient":""},"tablet":{"background-color":"","background-image":"","background-repeat":"repeat","background-position":"center center","background-size":"auto","background-attachment":"scroll","background-type":"","background-media":"","overlay-type":"","overlay-color":"","overlay-opacity":"","overlay-gradient":""},"mobile":{"background-color":"","background-image":"","background-repeat":"repeat","background-position":"center center","background-size":"auto","background-attachment":"scroll","background-type":"","background-media":"","overlay-type":"","overlay-color":"","overlay-opacity":"","overlay-gradient":""}},"ast-content-background-meta":{"desktop":{"background-color":"var(--ast-global-color-5)","background-image":"","background-repeat":"repeat","background-position":"center center","background-size":"auto","background-attachment":"scroll","background-type":"","background-media":"","overlay-type":"","overlay-color":"","overlay-opacity":"","overlay-gradient":""},"tablet":{"background-color":"var(--ast-global-color-5)","background-image":"","background-repeat":"repeat","background-position":"center center","background-size":"auto","background-attachment":"scroll","background-type":"","background-media":"","overlay-type":"","overlay-color":"","overlay-opacity":"","overlay-gradient":""},"mobile":{"background-color":"var(--ast-global-color-5)","background-image":"","background-repeat":"repeat","background-position":"center center","background-size":"auto","background-attachment":"scroll","background-type":"","background-media":"","overlay-type":"","overlay-color":"","overlay-opacity":"","overlay-gradient":""}},"footnotes":""},"class_list":["post-21869","page","type-page","status-publish","hentry"],"post_mailing_queue_ids":[],"_links":{"self":[{"href":"https:\/\/serveiseducatius.xtec.cat\/santacolomag\/wp-json\/wp\/v2\/pages\/21869","targetHints":{"allow":["GET"]}}],"collection":[{"href":"https:\/\/serveiseducatius.xtec.cat\/santacolomag\/wp-json\/wp\/v2\/pages"}],"about":[{"href":"https:\/\/serveiseducatius.xtec.cat\/santacolomag\/wp-json\/wp\/v2\/types\/page"}],"author":[{"embeddable":true,"href":"https:\/\/serveiseducatius.xtec.cat\/santacolomag\/wp-json\/wp\/v2\/users\/4"}],"replies":[{"embeddable":true,"href":"https:\/\/serveiseducatius.xtec.cat\/santacolomag\/wp-json\/wp\/v2\/comments?post=21869"}],"version-history":[{"count":5,"href":"https:\/\/serveiseducatius.xtec.cat\/santacolomag\/wp-json\/wp\/v2\/pages\/21869\/revisions"}],"predecessor-version":[{"id":22058,"href":"https:\/\/serveiseducatius.xtec.cat\/santacolomag\/wp-json\/wp\/v2\/pages\/21869\/revisions\/22058"}],"wp:attachment":[{"href":"https:\/\/serveiseducatius.xtec.cat\/santacolomag\/wp-json\/wp\/v2\/media?parent=21869"}],"curies":[{"name":"wp","href":"https:\/\/api.w.org\/{rel}","templated":true}]}}