{"id":21381,"date":"2025-01-22T12:31:03","date_gmt":"2025-01-22T11:31:03","guid":{"rendered":"https:\/\/serveiseducatius.xtec.cat\/santacolomag\/?page_id=21381"},"modified":"2025-11-21T08:56:48","modified_gmt":"2025-11-21T07:56:48","slug":"avaluacio-de-final-detapa-6e-dep-curs-2024-2025-ja-cat-proves6","status":"publish","type":"page","link":"https:\/\/serveiseducatius.xtec.cat\/santacolomag\/avaluacio-de-final-detapa-6e-dep-curs-2024-2025-ja-cat-proves6\/","title":{"rendered":"Avaluaci\u00f3 de final d\u2019etapa \u2013 6\u00e8 d\u2019EP (ja.cat\/proves6)"},"content":{"rendered":"\n<figure class=\"wp-block-image aligncenter size-full is-resized\"><a href=\"https:\/\/serveiseducatius.xtec.cat\/santacolomag\/wp-content\/uploads\/usu1183\/2025\/10\/a6p.png_579790827.png\"><img loading=\"lazy\" decoding=\"async\" width=\"751\" height=\"256\" src=\"https:\/\/serveiseducatius.xtec.cat\/santacolomag\/wp-content\/uploads\/usu1183\/2025\/10\/a6p.png_579790827.png\" alt=\"\" class=\"wp-image-22910\" style=\"width:669px;height:auto\" srcset=\"https:\/\/serveiseducatius.xtec.cat\/santacolomag\/wp-content\/uploads\/usu1183\/2025\/10\/a6p.png_579790827.png 751w, https:\/\/serveiseducatius.xtec.cat\/santacolomag\/wp-content\/uploads\/usu1183\/2025\/10\/a6p.png_579790827-300x102.png 300w\" sizes=\"auto, (max-width: 751px) 100vw, 751px\" \/><\/a><\/figure>\n\n\n\n<section id=\"h.67c9dcd1e51c223c_5\" class=\"yaqOZd\">\n<div class=\"mYVXT\">\n<div class=\"LS81yb VICjCf\" tabindex=\"-1\">\n<div class=\"hJDwNd-AhqUyc-uQSCkd purZT-AhqUyc-II5mzb pSzOP-AhqUyc-qWD73c JNdkSc\">\n<div class=\"JNdkSc-SmKAyb\">\n<div class=\"\">\n<div class=\"oKdM2c Kzv0Me\">\n<div id=\"h.67c9dcd1e51c223c_8\" class=\"hJDwNd-AhqUyc-uQSCkd jXK9ad D2fZ2 OjCsFc wHaque GNzUNc\">\n<div class=\"jXK9ad-SmKAyb\">\n<div class=\"tyJCtd mGzaTb baZpAe\">\n<div class=\"CjVfdc\">\n<div style=\"text-align: right;\">\u00daltima actualitzaci\u00f3: 21\/11\/2025 08:40h<\/div>\n<div>\u00a0<\/div>\n<div>\u00a0<\/div>\n<div class=\"CjVfdc\"><span style=\"color: #ffffff;\"><strong><span class=\"C9DxTc \">Les proves s\u2019aplicaran el 7, 8 i 9 d\u2019abril de 2025<\/span><\/strong><\/span><\/div>\n<\/div>\n<\/div>\n<\/div>\n<\/div>\n<\/div>\n<\/div>\n<\/div>\n<\/div>\n<\/div>\n<\/div>\n<\/section>\n\n\n\n<h1 class=\"wp-block-heading\">Informaci\u00f3 general. Curs 2025-2026<\/h1>\n\n\n\n<p><strong>At\u00e8s que durant el curs 2025-2026 es duran a terme les proves de l\u2019avaluaci\u00f3 general del sistema (LOMLOE) a sis\u00e8 de prim\u00e0ria, en aquesta edici\u00f3 no s&#8217;aplicaran les proves de l&#8217;avaluaci\u00f3 de final d\u2019etapa corresponents a sis\u00e8 de prim\u00e0ria.<\/strong><\/p>\n\n\n\n<div class=\"wp-block-buttons is-content-justification-center is-layout-flex wp-container-core-buttons-is-layout-1 wp-block-buttons-is-layout-flex\">\n<div class=\"wp-block-button\"><a class=\"wp-block-button__link has-text-align-center wp-element-button\" href=\"https:\/\/avaluacioeducativa.gencat.cat\/ca\/avaluacions\/final-etapa\/primaria\/\"><strong>M\u00e9s informaci\u00f3<\/strong><\/a><\/div>\n<\/div>\n\n\n\n<hr class=\"wp-block-separator has-alpha-channel-opacity\"\/>\n\n\n\n<!--nextpage-->\n\n\n\n<h2 class=\"wp-block-heading\">Curs 2024-2025<\/h2>\n\n\n\n<h2 class=\"wp-block-heading has-medium-font-size\">Correcci\u00f3 de les proves<\/h2>\n\n\n\n<ul class=\"wp-block-list\">\n<li><a href=\"https:\/\/drive.google.com\/file\/d\/1tGEAqIeXe3QrI_frhX8luhZ0NSqXQJ-Z\/view?usp=sharing\">Reconeixement: Formaci\u00f3 docents correctors<\/a><\/li>\n\n\n\n<li><a href=\"https:\/\/drive.google.com\/file\/d\/1nJSVhGC4tBc5yUFoLTwqqdwr1VIZKQbS\/view?usp=drive_link\">Pagaments al docent corrector<\/a><\/li>\n\n\n\n<li><a href=\"http:\/\/consaval.cat\/correctorsA6P\/\">Presentaci\u00f3 correctors\/es<\/a><\/li>\n\n\n\n<li><a href=\"https:\/\/aplicacions.gestioeducativa.gencat.cat\/pls\/apex\/f?p=A6P\">Enlla\u00e7 aplicaci\u00f3 correcci\u00f3<\/a><\/li>\n\n\n\n<li><a href=\"https:\/\/drive.google.com\/file\/d\/167lmeUxatzrjL4QxydnmNXGcfPV_cA-q\/view?usp=drive_link\">Manual d\u2019usuari de la plataforma web de correcci\u00f3<\/a><\/li>\n\n\n\n<li><a href=\"https:\/\/drive.google.com\/file\/d\/1_5rEeng-QJW1HN8QVFiwOP6y1nJGO55I\/view?usp=drive_link\">Criteris prova de castell\u00e0 i catal\u00e0<\/a><\/li>\n\n\n\n<li><a href=\"https:\/\/drive.google.com\/file\/d\/1RJfHcVaJh5G3JhlNgOeZS_2yjsL8Es_h\/view?usp=drive_link\">Criteris prova d\u2019angl\u00e8s<\/a><\/li>\n\n\n\n<li><a href=\"https:\/\/drive.google.com\/file\/d\/19ckiONI5cGQPqgaRLIPqZKwARe-zqSrb\/view?usp=drive_link\">Criteris prova de matem\u00e0tiques<\/a><\/li>\n\n\n\n<li><a href=\"https:\/\/drive.google.com\/file\/d\/1daYyaQ_6AApsMbpFF-z0vieyRcJaztXL\/view?usp=drive_link\">Criteris de la prova de Ci\u00e8ncia, tecnologia i enginyeria<\/a><\/li>\n\n\n\n<li><a href=\"https:\/\/docs.google.com\/document\/d\/1qDXMhblUstMV2rqkuAA0aKvnxT2yRFzc\/edit?usp=drive_link&amp;ouid=101680459209157128960&amp;rtpof=true&amp;sd=true\">Model d&#8217;informe per a les fam\u00edlies de l&#8217;alumnat de correcci\u00f3 interna<\/a><\/li>\n\n\n\n<li><a href=\"https:\/\/drive.google.com\/file\/d\/1_ZA3lmTK-Q8v8LipSMiXyLamf2Pr2imF\/view?usp=drive_link\">Preguntes freq\u00fcents sobre la correcci\u00f3<\/a><\/li>\n<\/ul>\n\n\n\n<h2 class=\"wp-block-heading has-medium-font-size\"><a href=\"https:\/\/drive.google.com\/file\/d\/1p8zXqgGN-qYszP70JdYqQvActrV_AdON\/view?usp=drive_link\">Calendari<\/a><\/h2>\n\n\n\n<iframe loading=\"lazy\" src=\"https:\/\/drive.google.com\/file\/d\/1p8zXqgGN-qYszP70JdYqQvActrV_AdON\/preview\" width=\"440\" height=\"600\" allow=\"autoplay\n\"><\/iframe>\n\n\n\n<h2 class=\"wp-block-heading has-medium-font-size\">Aplicaci\u00f3 de les proves<\/h2>\n\n\n\n<ul class=\"wp-block-list\">\n<li><a href=\"https:\/\/drive.google.com\/open?id=1cUGWDIObMsCHSVdp5cKDGSYo7muMDXu7&amp;usp=drive_copy\">Guia d\u2019aplicaci\u00f3 de les proves<\/a><\/li>\n\n\n\n<li><a href=\"http:\/\/consaval.cat\/aplicadors\/\">Presentaci\u00f3 aplicadors\/es<\/a><\/li>\n\n\n\n<li><a href=\"https:\/\/docs.google.com\/presentation\/d\/1aJGUNJSaUjH8-sHFj9ncBruHP_1Fjz3o\/edit?usp=sharing&amp;ouid=101680459209157128960&amp;rtpof=true&amp;sd=true\">Presentaci\u00f3 aplicadors\/es Santa Coloma-Sant Adri\u00e0<\/a><\/li>\n\n\n\n<li><a href=\"https:\/\/drive.google.com\/file\/d\/1g1ewEE8u5VJkOHKkAc2S9EqJ75VeN-Ug\/view?usp=drive_link\">Manual de l\u2019aplicaci\u00f3 inform\u00e0tica per a centres<\/a><\/li>\n\n\n\n<li><a href=\"https:\/\/drive.google.com\/file\/d\/15G6VTt3z0VwI2VKYbqJ5FlShhhpeD6mh\/view?usp=drive_link\">Informaci\u00f3 alumnes discapacitat visual<\/a><\/li>\n\n\n\n<li><a href=\"https:\/\/drive.google.com\/file\/d\/1caT8Kek8xD5pQlldV-ENzQdhPUdQr-LZ\/view?usp=drive_link\">Informaci\u00f3 alumnes discapacitat auditiva<\/a><\/li>\n\n\n\n<li><a href=\"http:\/\/csda.gencat.cat\/ca\/arees-actuacio\/avaluacions-consell\/avaluacio-sise-primaria\/prova-2025\/\">Informaci\u00f3 del Consell Superior d\u2019Avaluaci\u00f3. Departament d\u2019Ensenyament<\/a><\/li>\n\n\n\n<li><a href=\"http:\/\/csda.gencat.cat\/web\/.content\/home\/arees-actuacio\/avaluacions\/avaluacio-sise-primaria\/avaluacio_sise_primaria_2025\/informacio-families-2025.pdf\">Informaci\u00f3 per a les fam\u00edlies<\/a><\/li>\n\n\n\n<li><a href=\"https:\/\/docs.google.com\/document\/d\/1kyWTHBVxUB_zYFzJvPkrS8GK1toTeHLQZfKCmtv7AXo\/template\/preview\">Acta d\u2019aplicaci\u00f3<\/a><\/li>\n<\/ul>\n\n\n\n<div class=\"wp-block-columns is-layout-flex wp-container-core-columns-is-layout-1 wp-block-columns-is-layout-flex\">\n<div class=\"wp-block-column is-layout-flow wp-block-column-is-layout-flow\">\n<h2 class=\"wp-block-heading has-medium-font-size\">Dilluns 7 d&#8217;abril <\/h2>\n\n\n\n<p><strong>Llengua catalana 9:00h<\/strong><\/p>\n\n\n\n<ul class=\"wp-block-list\">\n<li><a href=\"https:\/\/drive.google.com\/file\/d\/1_rFxfhM0y-tDadbm9VG2Q9bB_Ok52jH-\/view?usp=drive_link\">Quadern de preguntes<\/a><\/li>\n\n\n\n<li><a href=\"https:\/\/drive.google.com\/file\/d\/1teM4r6M32xy1KOXF0_z9L2IYHS5IG5tV\/view?usp=drive_link\">\u00c0udio llengua catalana<\/a><\/li>\n\n\n\n<li><a href=\"https:\/\/drive.google.com\/file\/d\/18EUZrg_nekch4BCCMn_BJJ5VxKdDwQDb\/view?usp=drive_link\">Full de respostes<\/a><\/li>\n\n\n\n<li><a href=\"https:\/\/drive.google.com\/file\/d\/115rZAizSZpB3-3NwlaY19ntDmHKQrbil\/view?usp=drive_link\">Transcripci\u00f3<\/a><\/li>\n<\/ul>\n\n\n\n<p><strong>Llengua estrangera 10:00h<\/strong><\/p>\n\n\n\n<ul class=\"wp-block-list\">\n<li><a href=\"https:\/\/drive.google.com\/file\/d\/1jQ2CJpK1f3jgW6GwriOQWAMUry5QPn86\/view?usp=drive_link\">Quadern de preguntes<\/a><\/li>\n\n\n\n<li><a href=\"https:\/\/drive.google.com\/file\/d\/1ZZGhVx_UHJtbWAT1K3Vm_i8uQI4UQoA4\/view?usp=drive_link\">\u00c0udio llengua anglesa<\/a><\/li>\n\n\n\n<li><a href=\"https:\/\/drive.google.com\/file\/d\/17MslHe3eJ63D_9-4KLsw6w7QXjdWVEW4\/view?usp=drive_link\">Full de respostes<\/a><\/li>\n\n\n\n<li><a href=\"https:\/\/drive.google.com\/file\/d\/1VjB2usK_pESV28k0cMPkT4kzjHdtR8_B\/view?usp=drive_link\">Transcripci\u00f3<\/a><\/li>\n<\/ul>\n<\/div>\n\n\n\n<div class=\"wp-block-column is-layout-flow wp-block-column-is-layout-flow\">\n<h2 class=\"wp-block-heading has-medium-font-size\">Dimarts 8 d&#8217;abril <\/h2>\n\n\n\n<p><strong>Llengua castellana 9:00h<\/strong><\/p>\n\n\n\n<ul class=\"wp-block-list\">\n<li><a href=\"https:\/\/drive.google.com\/file\/d\/1ZOAzM6th9U_JPlZnD5rA2AX-Ms6gtJtK\/view?usp=drive_link\">Quadern de preguntes<\/a><\/li>\n\n\n\n<li><a href=\"https:\/\/drive.google.com\/file\/d\/1lZPUpkJKOgigy1lLvHicLBgEDBub1r5x\/view?usp=drive_link\">\u00c0udio llengua castellana<\/a><\/li>\n\n\n\n<li><a href=\"https:\/\/drive.google.com\/file\/d\/1XG-MlunUgNQfFeWgeQD2WSlRe4xsYyhO\/view?usp=drive_link\">Full de respostes<\/a><\/li>\n\n\n\n<li><a href=\"https:\/\/drive.google.com\/file\/d\/143lJOx1Rq5QCQG9EU2IVbVfUqALhrcMp\/view?usp=drive_link\">Transcripci\u00f3<\/a><\/li>\n<\/ul>\n\n\n\n<p><strong>Matem\u00e0tiques 10:00h<\/strong><\/p>\n\n\n\n<ul class=\"wp-block-list\">\n<li><a href=\"https:\/\/drive.google.com\/file\/d\/1bsrPE-C-YwTp9J8odOawP2PlE4SAPgcj\/view?usp=drive_link\">Quadern de preguntes<\/a><\/li>\n\n\n\n<li><a href=\"https:\/\/drive.google.com\/file\/d\/1TbYpU5ZTim5tJrwEhesrmpmes0Fg2WSh\/view?usp=drive_link\">Full de respostes<\/a><\/li>\n<\/ul>\n<\/div>\n\n\n\n<div class=\"wp-block-column is-layout-flow wp-block-column-is-layout-flow\">\n<h2 class=\"wp-block-heading has-medium-font-size\">Dimecres 9 d&#8217;abril <\/h2>\n\n\n\n<p><strong>Ci\u00e8ncia, tecnologia i enginyeria 9:00<\/strong><\/p>\n\n\n\n<ul class=\"wp-block-list\">\n<li><a href=\"https:\/\/drive.google.com\/file\/d\/1KFYJAVzjZnC4WBnsw-2qW6x0Ph2pIC4V\/view?usp=drive_link\">Quadern de preguntes<\/a><\/li>\n\n\n\n<li><a href=\"https:\/\/drive.google.com\/file\/d\/1L4UsTQH3jKi2Le5NYISzZexKXLKp3lOv\/view?usp=drive_link\">Full de respostes<\/a><\/li>\n<\/ul>\n<\/div>\n<\/div>\n\n\n\n<ul class=\"wp-block-list\">\n<li><\/li>\n<\/ul>\n\n\n\n<hr class=\"wp-block-separator has-alpha-channel-opacity\"\/>\n\n\n\n<p>Per a consultes sobre l\u2019acc\u00e9s a l\u2019aplicaci\u00f3 inform\u00e0tica, problemes t\u00e8cnics o de les llistes d\u2019alumnat us podeu adre\u00e7ar al Servei d\u2019Atenci\u00f3 a l\u2019Usuari, a l\u2019adre\u00e7a de correu&nbsp;<strong>assistencia@atom.gencat.cat<\/strong>&nbsp;o b\u00e9 al tel\u00e8fon&nbsp;<strong>900 82 82 82 (4)<\/strong>.<\/p>\n\n\n\n<p>Les incid\u00e8ncies sorgides durant el proc\u00e9s general de les proves s\u2019adre\u00e7aran al Consell Superior d\u2019Avaluaci\u00f3 del Sistema Educatiu:&nbsp;<a href=\"mailto:prova_sise.educacio@gencat.cat\" target=\"_blank\" rel=\"noreferrer noopener\">prova_sise.educacio@gencat.cat<\/a><\/p>\n\n\n\n<p>Els presidents\/es de les comissions adre\u00e7aran les consultes sobre la gesti\u00f3 de les comissions als inspectors\/es referents dels territoris i, si escau, a la Sub-direcci\u00f3 General de la Inspecci\u00f3 d\u2019Educaci\u00f3:&nbsp;<a href=\"mailto:inspeccio_sgie.educacio@gencat.ca\" target=\"_blank\" rel=\"noreferrer noopener\">inspeccio_sgie.educacio@gencat.cat<\/a><\/p>\n","protected":false},"excerpt":{"rendered":"<p>\u00daltima actualitzaci\u00f3: 21\/11\/2025 08:40h \u00a0 \u00a0 Les proves s\u2019aplicaran el 7, 8 i 9 d\u2019abril de 2025 Informaci\u00f3 general. Curs [&hellip;]<\/p>\n","protected":false},"author":4,"featured_media":0,"parent":0,"menu_order":0,"comment_status":"closed","ping_status":"close","template":"","meta":{"_bbp_topic_count":0,"_bbp_reply_count":0,"_bbp_total_topic_count":0,"_bbp_total_reply_count":0,"_bbp_voice_count":0,"_bbp_anonymous_reply_count":0,"_bbp_topic_count_hidden":0,"_bbp_reply_count_hidden":0,"_bbp_forum_subforum_count":0,"site-sidebar-layout":"no-sidebar","site-content-layout":"","ast-site-content-layout":"default","site-content-style":"default","site-sidebar-style":"default","ast-global-header-display":"","ast-banner-title-visibility":"","ast-main-header-display":"","ast-hfb-above-header-display":"","ast-hfb-below-header-display":"","ast-hfb-mobile-header-display":"","site-post-title":"","ast-breadcrumbs-content":"","ast-featured-img":"","footer-sml-layout":"","theme-transparent-header-meta":"","adv-header-id-meta":"","stick-header-meta":"","header-above-stick-meta":"","header-main-stick-meta":"","header-below-stick-meta":"","astra-migrate-meta-layouts":"set","ast-page-background-enabled":"default","ast-page-background-meta":{"desktop":{"background-color":"var(--ast-global-color-4)","background-image":"","background-repeat":"repeat","background-position":"center center","background-size":"auto","background-attachment":"scroll","background-type":"","background-media":"","overlay-type":"","overlay-color":"","overlay-opacity":"","overlay-gradient":""},"tablet":{"background-color":"","background-image":"","background-repeat":"repeat","background-position":"center center","background-size":"auto","background-attachment":"scroll","background-type":"","background-media":"","overlay-type":"","overlay-color":"","overlay-opacity":"","overlay-gradient":""},"mobile":{"background-color":"","background-image":"","background-repeat":"repeat","background-position":"center center","background-size":"auto","background-attachment":"scroll","background-type":"","background-media":"","overlay-type":"","overlay-color":"","overlay-opacity":"","overlay-gradient":""}},"ast-content-background-meta":{"desktop":{"background-color":"var(--ast-global-color-5)","background-image":"","background-repeat":"repeat","background-position":"center center","background-size":"auto","background-attachment":"scroll","background-type":"","background-media":"","overlay-type":"","overlay-color":"","overlay-opacity":"","overlay-gradient":""},"tablet":{"background-color":"var(--ast-global-color-5)","background-image":"","background-repeat":"repeat","background-position":"center center","background-size":"auto","background-attachment":"scroll","background-type":"","background-media":"","overlay-type":"","overlay-color":"","overlay-opacity":"","overlay-gradient":""},"mobile":{"background-color":"var(--ast-global-color-5)","background-image":"","background-repeat":"repeat","background-position":"center center","background-size":"auto","background-attachment":"scroll","background-type":"","background-media":"","overlay-type":"","overlay-color":"","overlay-opacity":"","overlay-gradient":""}},"footnotes":""},"class_list":["post-21381","page","type-page","status-publish","hentry"],"post_mailing_queue_ids":[],"_links":{"self":[{"href":"https:\/\/serveiseducatius.xtec.cat\/santacolomag\/wp-json\/wp\/v2\/pages\/21381","targetHints":{"allow":["GET"]}}],"collection":[{"href":"https:\/\/serveiseducatius.xtec.cat\/santacolomag\/wp-json\/wp\/v2\/pages"}],"about":[{"href":"https:\/\/serveiseducatius.xtec.cat\/santacolomag\/wp-json\/wp\/v2\/types\/page"}],"author":[{"embeddable":true,"href":"https:\/\/serveiseducatius.xtec.cat\/santacolomag\/wp-json\/wp\/v2\/users\/4"}],"replies":[{"embeddable":true,"href":"https:\/\/serveiseducatius.xtec.cat\/santacolomag\/wp-json\/wp\/v2\/comments?post=21381"}],"version-history":[{"count":6,"href":"https:\/\/serveiseducatius.xtec.cat\/santacolomag\/wp-json\/wp\/v2\/pages\/21381\/revisions"}],"predecessor-version":[{"id":23089,"href":"https:\/\/serveiseducatius.xtec.cat\/santacolomag\/wp-json\/wp\/v2\/pages\/21381\/revisions\/23089"}],"wp:attachment":[{"href":"https:\/\/serveiseducatius.xtec.cat\/santacolomag\/wp-json\/wp\/v2\/media?parent=21381"}],"curies":[{"name":"wp","href":"https:\/\/api.w.org\/{rel}","templated":true}]}}