{"id":20349,"date":"2024-03-11T09:29:20","date_gmt":"2024-03-11T08:29:20","guid":{"rendered":"https:\/\/serveiseducatius.xtec.cat\/santacolomag\/?page_id=20349"},"modified":"2024-04-19T12:03:52","modified_gmt":"2024-04-19T10:03:52","slug":"sant-jordi-a-les-ones-100-anys-de-radio","status":"publish","type":"page","link":"https:\/\/serveiseducatius.xtec.cat\/santacolomag\/sant-jordi-a-les-ones-100-anys-de-radio\/","title":{"rendered":"Sant Jordi a les ones &#8211; 100 anys de r\u00e0dio"},"content":{"rendered":"<p dir=\"ltr\"><img loading=\"lazy\" decoding=\"async\" class=\"size-full wp-image-20350 aligncenter\" src=\"https:\/\/serveiseducatius.xtec.cat\/santacolomag\/wp-content\/uploads\/usu1183\/2024\/03\/SANT-JORDI-A-LES-ONES-IMATGE-banner.png\" alt=\"\" width=\"800\" height=\"200\" \/><\/p>\n<div class=\"wp-block-buttons is-content-justification-center is-layout-flex wp-container-1 wp-block-buttons-is-layout-flex\">\n<p>&nbsp;<\/p>\n<p style=\"text-align: center;\"><a class=\"button large\" style=\"padding: 1em; font-weight: 400; margin: 0.1em; color: white !important; background-color: #0eb1ff;\" href=\"https:\/\/ja.cat\/100anyshistoriesradioescolar\" target=\"_blank\" rel=\"noopener noreferrer\">Emissi\u00f3 en directe des d&#8217;aquest enlla\u00e7<\/a><\/p>\n<p>&nbsp;<\/p>\n<p>&nbsp;<\/p>\n<p>Us presentem una nova proposta coincidint amb la diada de Sant Jordi, una jornada festiva i popular en la qual els llibres i les roses prenen els carrers de totes les localitats catalanes. Aquesta activitat s\u2019afegeix als actes de commemoraci\u00f3 dels 100 anys de la r\u00e0dio a Catalunya durant el 2024 per fer un homenatge a aquest important mitj\u00e0 de masses. La proposta ha convidat a enregistrar una recomanaci\u00f3 liter\u00e0ria en format sonor a diferents centres de tot Catalunya.<\/p>\n<\/div>\n<div><\/div>\n<div><\/div>\n<div>\n<h4>Podcasts dels centres del Servei Educatiu de Santa Coloma de Gramenet<\/h4>\n<table style=\"width: 91.3076%;\">\n<tbody>\n<tr>\n<td style=\"width: 41.3486%;\">\n<h4><strong>T\u00edtol del llibre recomat<\/strong><\/h4>\n<\/td>\n<td style=\"width: 29.4007%;\">\n<h4><strong>Autor\/a<\/strong><\/h4>\n<\/td>\n<td style=\"width: 21.4899%;\">\n<h4><strong>Escola<\/strong><\/h4>\n<\/td>\n<td style=\"width: 67.4377%;\">\n<h4>\u00c0udio<\/h4>\n<\/td>\n<\/tr>\n<tr>\n<td style=\"width: 41.3486%;\"><strong>La platja dels in\u00fatils<\/strong><\/td>\n<td style=\"width: 29.4007%;\"><strong>Alex Nogu\u00e9s<\/strong><\/td>\n<td style=\"width: 21.4899%;\"><strong>Escola Primavera<\/strong><\/td>\n<td style=\"width: 67.4377%;\"><strong><a href=\"https:\/\/drive.google.com\/file\/d\/1nQXvOBILvZ3esKPkB6llDhrUebW6k1j9\/view?usp=drive_link\"><img loading=\"lazy\" decoding=\"async\" class=\"alignnone size-full wp-image-20557\" src=\"https:\/\/serveiseducatius.xtec.cat\/santacolomag\/wp-content\/uploads\/usu1183\/2024\/04\/logo-audio-e1713515740992.jpg\" alt=\"\" width=\"30\" height=\"30\" \/><\/a><\/strong><\/td>\n<\/tr>\n<tr>\n<td style=\"width: 41.3486%;\" data-sheets-value=\"{&quot;1&quot;:2,&quot;2&quot;:&quot;De un lado y del otro&quot;}\"><strong>De un lado y del otro<\/strong><\/td>\n<td style=\"width: 29.4007%;\" data-sheets-value=\"{&quot;1&quot;:2,&quot;2&quot;:&quot;Elenio Pico&quot;}\"><strong>Elenio Pico<\/strong><\/td>\n<td style=\"width: 21.4899%;\"><strong>Escola Merc\u00e8 Rodoreda<\/strong><\/td>\n<td style=\"width: 67.4377%;\"><a href=\"https:\/\/drive.google.com\/file\/d\/1JX_4YE0GHI3RmAzVT-_eg7dj_nS8y9xX\/view?usp=drive_link\"><strong><img loading=\"lazy\" decoding=\"async\" class=\"alignnone size-full wp-image-20557\" src=\"https:\/\/serveiseducatius.xtec.cat\/santacolomag\/wp-content\/uploads\/usu1183\/2024\/04\/logo-audio-e1713515740992.jpg\" alt=\"\" width=\"30\" height=\"30\" \/><\/strong><\/a><\/td>\n<\/tr>\n<tr>\n<td style=\"width: 41.3486%;\" data-sheets-value=\"{&quot;1&quot;:2,&quot;2&quot;:&quot;Diari Greg Vella Escola&quot;}\"><strong>Diari Greg Vella Escola<\/strong><\/td>\n<td style=\"width: 29.4007%;\" data-sheets-value=\"{&quot;1&quot;:2,&quot;2&quot;:&quot;Jeff Kiney&quot;}\"><strong>Jeff Kiney<\/strong><\/td>\n<td style=\"width: 21.4899%;\"><strong>Escola Merc\u00e8 Rodoreda<\/strong><\/td>\n<td style=\"width: 67.4377%;\"><a href=\"https:\/\/drive.google.com\/file\/d\/13aMa59qcp1SkJI1SXPwrMby5YgYMEmo3\/view?usp=drive_link\"><strong><img loading=\"lazy\" decoding=\"async\" class=\"alignnone size-full wp-image-20557\" src=\"https:\/\/serveiseducatius.xtec.cat\/santacolomag\/wp-content\/uploads\/usu1183\/2024\/04\/logo-audio-e1713515740992.jpg\" alt=\"\" width=\"30\" height=\"30\" \/><\/strong><\/a><\/td>\n<\/tr>\n<tr>\n<td style=\"width: 41.3486%;\" data-sheets-value=\"{&quot;1&quot;:2,&quot;2&quot;:&quot;Maravelles del m\u00f3n&quot;}\"><strong>Maravelles del m\u00f3n<\/strong><\/td>\n<td style=\"width: 29.4007%;\" data-sheets-value=\"{&quot;1&quot;:2,&quot;2&quot;:&quot;Daniela Celli, Giulia Lombardo &quot;}\">\n<div>\n<div><strong>Daniela Celli, Giulia Lombardo<\/strong><\/div>\n<\/div>\n<\/td>\n<td style=\"width: 21.4899%;\"><strong>Escola Merc\u00e8 Rodoreda<\/strong><\/td>\n<td style=\"width: 67.4377%;\"><a href=\"https:\/\/drive.google.com\/file\/d\/1L2m4IMtClbZ2z07krYizsIGG87wl09hn\/view?usp=drive_link\"><strong><img loading=\"lazy\" decoding=\"async\" class=\"alignnone size-full wp-image-20557\" src=\"https:\/\/serveiseducatius.xtec.cat\/santacolomag\/wp-content\/uploads\/usu1183\/2024\/04\/logo-audio-e1713515740992.jpg\" alt=\"\" width=\"30\" height=\"30\" \/><\/strong><\/a><\/td>\n<\/tr>\n<tr>\n<td style=\"width: 41.3486%;\" data-sheets-value=\"{&quot;1&quot;:2,&quot;2&quot;:&quot;El teu cos mola&quot;}\"><strong>El teu cos mola<\/strong><\/td>\n<td style=\"width: 29.4007%;\" data-sheets-value=\"{&quot;1&quot;:2,&quot;2&quot;:&quot;Marta Torr\u00f3n, Cristina Torr\u00f3n&quot;}\">\n<div>\n<div><strong>Marta Torr\u00f3n, Cristina Torr\u00f3n<\/strong><\/div>\n<\/div>\n<\/td>\n<td style=\"width: 21.4899%;\"><strong>Escola Merc\u00e8 Rodoreda<\/strong><\/td>\n<td style=\"width: 67.4377%;\"><a href=\"https:\/\/drive.google.com\/file\/d\/1W9tgdFXaMn4cKoDa8OVKZOIzsmJtg2_k\/view?usp=drive_link\"><strong><img loading=\"lazy\" decoding=\"async\" class=\"alignnone size-full wp-image-20557\" src=\"https:\/\/serveiseducatius.xtec.cat\/santacolomag\/wp-content\/uploads\/usu1183\/2024\/04\/logo-audio-e1713515740992.jpg\" alt=\"\" width=\"30\" height=\"30\" \/><\/strong><\/a><\/td>\n<\/tr>\n<tr>\n<td style=\"width: 41.3486%;\" data-sheets-value=\"{&quot;1&quot;:2,&quot;2&quot;:&quot;Los compas y el diamantito legendario&quot;}\"><strong>Los compas y el diamantito legendario<\/strong><\/td>\n<td style=\"width: 29.4007%;\" data-sheets-value=\"{&quot;1&quot;:2,&quot;2&quot;:&quot; El Trollino, Timba Vk, Miguel Bernal Montes&quot;}\">\n<div>\n<div><strong>El Trollino, Timba Vk, Miguel Bernal Montes<\/strong><\/div>\n<\/div>\n<\/td>\n<td style=\"width: 21.4899%;\"><strong>Escola Merc\u00e8 Rodoreda<\/strong><\/td>\n<td style=\"width: 67.4377%;\"><a href=\"https:\/\/drive.google.com\/file\/d\/12BCUn_Rw3LYwTCojhRz7JJx4hLtqiiYf\/view?usp=drive_link\"><strong><img loading=\"lazy\" decoding=\"async\" class=\"alignnone size-full wp-image-20557\" src=\"https:\/\/serveiseducatius.xtec.cat\/santacolomag\/wp-content\/uploads\/usu1183\/2024\/04\/logo-audio-e1713515740992.jpg\" alt=\"\" width=\"30\" height=\"30\" \/><\/strong><\/a><\/td>\n<\/tr>\n<tr>\n<td style=\"width: 41.3486%;\" data-sheets-value=\"{&quot;1&quot;:2,&quot;2&quot;:&quot;L'avi Biel&quot;}\"><strong>L&#8217;avi Biel<\/strong><\/td>\n<td style=\"width: 29.4007%;\" data-sheets-value=\"{&quot;1&quot;:2,&quot;2&quot;:&quot;Ramon Bassa, Sandra Aguilar&quot;}\">\n<div>\n<div><strong>Ramon Bassa, Sandra Aguilar<\/strong><\/div>\n<\/div>\n<\/td>\n<td style=\"width: 21.4899%;\"><strong>Escola Merc\u00e8 Rodoreda<\/strong><\/td>\n<td style=\"width: 67.4377%;\"><a href=\"https:\/\/drive.google.com\/file\/d\/1MQtomsO0Dm3j1fAi9WCoVUxIv5f8CSER\/view?usp=drive_link\"><strong><img loading=\"lazy\" decoding=\"async\" class=\"alignnone size-full wp-image-20557\" src=\"https:\/\/serveiseducatius.xtec.cat\/santacolomag\/wp-content\/uploads\/usu1183\/2024\/04\/logo-audio-e1713515740992.jpg\" alt=\"\" width=\"30\" height=\"30\" \/><\/strong><\/a><\/td>\n<\/tr>\n<tr>\n<td style=\"width: 41.3486%;\" data-sheets-value=\"{&quot;1&quot;:2,&quot;2&quot;:&quot;Les Bruixes&quot;}\"><strong>Les Bruixes<\/strong><\/td>\n<td style=\"width: 29.4007%;\" data-sheets-value=\"{&quot;1&quot;:2,&quot;2&quot;:&quot;Rohal Dahl&quot;}\"><strong>Rohal Dahl<\/strong><\/td>\n<td style=\"width: 21.4899%;\"><strong>Escola Merc\u00e8 Rodoreda<\/strong><\/td>\n<td style=\"width: 67.4377%;\"><a href=\"https:\/\/drive.google.com\/file\/d\/1E387XOSfj3MaDNZGIhbqDOoJq7CSturf\/view?usp=drive_link\"><strong><img loading=\"lazy\" decoding=\"async\" class=\"alignnone size-full wp-image-20557\" src=\"https:\/\/serveiseducatius.xtec.cat\/santacolomag\/wp-content\/uploads\/usu1183\/2024\/04\/logo-audio-e1713515740992.jpg\" alt=\"\" width=\"30\" height=\"30\" \/><\/strong><\/a><\/td>\n<\/tr>\n<tr>\n<td style=\"width: 41.3486%;\" data-sheets-value=\"{&quot;1&quot;:2,&quot;2&quot;:&quot;El club dels cinc&quot;}\"><strong>El club dels cinc<\/strong><\/td>\n<td style=\"width: 29.4007%;\" data-sheets-value=\"{&quot;1&quot;:2,&quot;2&quot;:&quot;Enid Blyton&quot;}\"><strong>Enid Blyton<\/strong><\/td>\n<td style=\"width: 21.4899%;\"><strong>Escola Merc\u00e8 Rodoreda<\/strong><\/td>\n<td style=\"width: 67.4377%;\"><a href=\"https:\/\/drive.google.com\/file\/d\/1nXlb6G3kBIL_L6FzbexUedTNsbHiLyC5\/view?usp=drive_link\"><strong><img loading=\"lazy\" decoding=\"async\" class=\"alignnone size-full wp-image-20557\" src=\"https:\/\/serveiseducatius.xtec.cat\/santacolomag\/wp-content\/uploads\/usu1183\/2024\/04\/logo-audio-e1713515740992.jpg\" alt=\"\" width=\"30\" height=\"30\" \/><\/strong><\/a><\/td>\n<\/tr>\n<tr>\n<td style=\"width: 41.3486%;\" data-sheets-value=\"{&quot;1&quot;:2,&quot;2&quot;:&quot;L'arbre de les hist\u00f2ries&quot;}\"><strong>L&#8217;arbre de les hist\u00f2ries<\/strong><\/td>\n<td style=\"width: 29.4007%;\" data-sheets-value=\"{&quot;1&quot;:2,&quot;2&quot;:&quot;Eul\u00e0lia Canal&quot;}\"><strong>Eul\u00e0lia Canal<\/strong><\/td>\n<td style=\"width: 21.4899%;\"><strong>Escola Merc\u00e8 Rodoreda<\/strong><\/td>\n<td style=\"width: 67.4377%;\"><a href=\"https:\/\/drive.google.com\/open?id=1LE547vsR4ay3HMcwo6g_MRs6mIwcO5Yq&amp;usp=drive_copy\"><strong><img loading=\"lazy\" decoding=\"async\" class=\"alignnone size-full wp-image-20557\" src=\"https:\/\/serveiseducatius.xtec.cat\/santacolomag\/wp-content\/uploads\/usu1183\/2024\/04\/logo-audio-e1713515740992.jpg\" alt=\"\" width=\"30\" height=\"30\" \/><\/strong><\/a><\/td>\n<\/tr>\n<tr>\n<td style=\"width: 41.3486%;\" data-sheets-value=\"{&quot;1&quot;:2,&quot;2&quot;:&quot;Ariel y la ola gigante&quot;}\"><strong>Ariel y la ola gigante<\/strong><\/td>\n<td style=\"width: 29.4007%;\" data-sheets-value=\"{&quot;1&quot;:2,&quot;2&quot;:&quot;Liz Marsham&quot;}\"><strong>Liz Marsham<\/strong><\/td>\n<td style=\"width: 21.4899%;\"><strong>Escola Merc\u00e8 Rodoreda<\/strong><\/td>\n<td style=\"width: 67.4377%;\"><a href=\"https:\/\/drive.google.com\/open?id=1O3OSBZvFlHofU4vBubZbQITN3x6NOMA2&amp;usp=drive_copy\"><strong><img loading=\"lazy\" decoding=\"async\" class=\"alignnone size-full wp-image-20557\" src=\"https:\/\/serveiseducatius.xtec.cat\/santacolomag\/wp-content\/uploads\/usu1183\/2024\/04\/logo-audio-e1713515740992.jpg\" alt=\"\" width=\"30\" height=\"30\" \/><\/strong><\/a><\/td>\n<\/tr>\n<tr>\n<td style=\"width: 41.3486%;\" data-sheets-value=\"{&quot;1&quot;:2,&quot;2&quot;:&quot;Em dic Maryam&quot;}\"><strong>Em dic Maryam<\/strong><\/td>\n<td style=\"width: 29.4007%;\" data-sheets-value=\"{&quot;1&quot;:2,&quot;2&quot;:&quot;Maryam Madjidi&quot;}\"><strong>Maryam Madjidi<\/strong><\/td>\n<td style=\"width: 21.4899%;\"><strong>Escola Merc\u00e8 Rodoreda<\/strong><\/td>\n<td style=\"width: 67.4377%;\"><a href=\"https:\/\/drive.google.com\/file\/d\/18lBk1XZ6FldVP4X55w28WSZ8yOmdLk0Q\/view?usp=drive_link\"><strong><img loading=\"lazy\" decoding=\"async\" class=\"alignnone size-full wp-image-20557\" src=\"https:\/\/serveiseducatius.xtec.cat\/santacolomag\/wp-content\/uploads\/usu1183\/2024\/04\/logo-audio-e1713515740992.jpg\" alt=\"\" width=\"30\" height=\"30\" \/><\/strong><\/a><\/td>\n<\/tr>\n<tr>\n<td style=\"width: 41.3486%;\" data-sheets-value=\"{&quot;1&quot;:2,&quot;2&quot;:&quot;El Pr\u00edncipe de la niebla&quot;}\"><strong>El Pr\u00edncipe de la niebla<\/strong><\/td>\n<td style=\"width: 29.4007%;\" data-sheets-value=\"{&quot;1&quot;:2,&quot;2&quot;:&quot;Carlos Ruiz Zaf\u00f3n&quot;}\"><strong>Carlos Ruiz Zaf\u00f3n<\/strong><\/td>\n<td style=\"width: 21.4899%;\"><strong>Escola Merc\u00e8 Rodoreda<\/strong><\/td>\n<td style=\"width: 67.4377%;\"><a href=\"https:\/\/drive.google.com\/file\/d\/1gkw6TcLB-CvRcud9C_jVfhUsZ9KY5auA\/view?usp=drive_link\"><strong><img loading=\"lazy\" decoding=\"async\" class=\"alignnone size-full wp-image-20557\" src=\"https:\/\/serveiseducatius.xtec.cat\/santacolomag\/wp-content\/uploads\/usu1183\/2024\/04\/logo-audio-e1713515740992.jpg\" alt=\"\" width=\"30\" height=\"30\" \/><\/strong><\/a><\/td>\n<\/tr>\n<tr>\n<td style=\"width: 41.3486%;\" data-sheets-value=\"{&quot;1&quot;:2,&quot;2&quot;:&quot;Contes per a nenes rebels&quot;}\"><strong>Contes per a nenes rebels<\/strong><\/td>\n<td style=\"width: 29.4007%;\" data-sheets-value=\"{&quot;1&quot;:2,&quot;2&quot;:&quot;Elena Favilli, Francesca Cavallo&quot;}\">\n<div>\n<div><strong>Elena Favilli, Francesca Cavallo<\/strong><\/div>\n<\/div>\n<\/td>\n<td style=\"width: 21.4899%;\"><strong>Escola Merc\u00e8 Rodoreda<\/strong><\/td>\n<td style=\"width: 67.4377%;\"><a href=\"https:\/\/drive.google.com\/file\/d\/1wwotfwmBaCcfQomH7FOojaRjnzUU3zZs\/view?usp=drive_link\"><strong><img loading=\"lazy\" decoding=\"async\" class=\"alignnone size-full wp-image-20557\" src=\"https:\/\/serveiseducatius.xtec.cat\/santacolomag\/wp-content\/uploads\/usu1183\/2024\/04\/logo-audio-e1713515740992.jpg\" alt=\"\" width=\"30\" height=\"30\" \/><\/strong><\/a><\/td>\n<\/tr>\n<tr>\n<td style=\"width: 41.3486%;\" data-sheets-value=\"{&quot;1&quot;:2,&quot;2&quot;:&quot;La rebel3li\u00f3 de les noies&quot;}\"><strong>La rebel3li\u00f3 de les noies<\/strong><\/td>\n<td style=\"width: 29.4007%;\" data-sheets-value=\"{&quot;1&quot;:2,&quot;2&quot;:&quot;Gemma Lienas&quot;}\"><strong>Gemma Lienas<\/strong><\/td>\n<td style=\"width: 21.4899%;\"><strong>Escola Merc\u00e8 Rodoreda<\/strong><\/td>\n<td style=\"width: 67.4377%;\"><a href=\"https:\/\/drive.google.com\/file\/d\/1mL02uoaETB6DKTNDVNpybfr1EaBJ4h80\/view?usp=drive_link\"><strong><img loading=\"lazy\" decoding=\"async\" class=\"alignnone size-full wp-image-20557\" src=\"https:\/\/serveiseducatius.xtec.cat\/santacolomag\/wp-content\/uploads\/usu1183\/2024\/04\/logo-audio-e1713515740992.jpg\" alt=\"\" width=\"30\" height=\"30\" \/><\/strong><\/a><\/td>\n<\/tr>\n<tr>\n<td style=\"width: 41.3486%;\" data-sheets-value=\"{&quot;1&quot;:2,&quot;2&quot;:&quot;El castell ambulant&quot;}\"><strong>El castell ambulant<\/strong><\/td>\n<td style=\"width: 29.4007%;\" data-sheets-value=\"{&quot;1&quot;:2,&quot;2&quot;:&quot;Diana Wynne Jones&quot;}\"><strong>Diana Wynne Jones<\/strong><\/td>\n<td style=\"width: 21.4899%;\"><strong>Escola Merc\u00e8 Rodoreda<\/strong><\/td>\n<td style=\"width: 67.4377%;\"><a href=\"https:\/\/drive.google.com\/file\/d\/1qSenFGjiZGui-XHTKBzwmBHkvl_cc6bJ\/view?usp=drive_link\"><strong><img loading=\"lazy\" decoding=\"async\" class=\"alignnone size-full wp-image-20557\" src=\"https:\/\/serveiseducatius.xtec.cat\/santacolomag\/wp-content\/uploads\/usu1183\/2024\/04\/logo-audio-e1713515740992.jpg\" alt=\"\" width=\"30\" height=\"30\" \/><\/strong><\/a><\/td>\n<\/tr>\n<tr>\n<td style=\"width: 41.3486%;\" data-sheets-value=\"{&quot;1&quot;:2,&quot;2&quot;:&quot;Petites hist\u00f2ries del globus&quot;}\"><strong>Petites hist\u00f2ries del globus<\/strong><\/td>\n<td style=\"width: 29.4007%;\" data-sheets-value=\"{&quot;1&quot;:2,&quot;2&quot;:&quot;\u00c0ngel Burgas&quot;}\"><strong>\u00c0ngel Burgas<\/strong><\/td>\n<td style=\"width: 21.4899%;\"><strong>Escola Merc\u00e8 Rodoreda<\/strong><\/td>\n<td style=\"width: 67.4377%;\"><a href=\"https:\/\/drive.google.com\/file\/d\/1rpZftYKpq8XGINr6gNGbSUnGTr9zjEZX\/view?usp=drive_link\"><strong><img loading=\"lazy\" decoding=\"async\" class=\"alignnone size-full wp-image-20557\" src=\"https:\/\/serveiseducatius.xtec.cat\/santacolomag\/wp-content\/uploads\/usu1183\/2024\/04\/logo-audio-e1713515740992.jpg\" alt=\"\" width=\"30\" height=\"30\" \/><\/strong><\/a><\/td>\n<\/tr>\n<tr>\n<td style=\"width: 41.3486%;\" data-sheets-value=\"{&quot;1&quot;:2,&quot;2&quot;:&quot;Zona Zombie&quot;}\"><strong>Zona Zombie<\/strong><\/td>\n<td style=\"width: 29.4007%;\" data-sheets-value=\"{&quot;1&quot;:2,&quot;2&quot;:&quot;Peter Walker&quot;}\"><strong>Peter Walker<\/strong><\/td>\n<td style=\"width: 21.4899%;\"><strong>Escola Merc\u00e8 Rodoreda<\/strong><\/td>\n<td style=\"width: 67.4377%;\"><a href=\"https:\/\/drive.google.com\/file\/d\/1NFXy1JrYp5Okiky7C3QOFmpfu9Ydp5Uh\/view?usp=drive_link\"><strong><img loading=\"lazy\" decoding=\"async\" class=\"alignnone size-full wp-image-20557\" src=\"https:\/\/serveiseducatius.xtec.cat\/santacolomag\/wp-content\/uploads\/usu1183\/2024\/04\/logo-audio-e1713515740992.jpg\" alt=\"\" width=\"30\" height=\"30\" \/><\/strong><\/a><\/td>\n<\/tr>\n<tr>\n<td style=\"width: 41.3486%;\" data-sheets-value=\"{&quot;1&quot;:2,&quot;2&quot;:&quot;Hooky&quot;}\"><strong>Hooky<\/strong><\/td>\n<td style=\"width: 29.4007%;\" data-sheets-value=\"{&quot;1&quot;:2,&quot;2&quot;:&quot;Miriam Bonastre Tur&quot;}\"><strong>Miriam Bonastre Tur<\/strong><\/td>\n<td style=\"width: 21.4899%;\"><strong>Escola Merc\u00e8 Rodoreda<\/strong><\/td>\n<td style=\"width: 67.4377%;\"><a href=\"https:\/\/drive.google.com\/file\/d\/1dBHoEm04NJXOrvUqiPIRSBSdIlDe2a4k\/view?usp=drive_link\"><strong><img loading=\"lazy\" decoding=\"async\" class=\"alignnone size-full wp-image-20557\" src=\"https:\/\/serveiseducatius.xtec.cat\/santacolomag\/wp-content\/uploads\/usu1183\/2024\/04\/logo-audio-e1713515740992.jpg\" alt=\"\" width=\"30\" height=\"30\" \/><\/strong><\/a><\/td>\n<\/tr>\n<tr>\n<td style=\"width: 41.3486%;\" data-sheets-value=\"{&quot;1&quot;:2,&quot;2&quot;:&quot;Romeo i Julieta&quot;}\"><strong>Romeo i Julieta<\/strong><\/td>\n<td style=\"width: 29.4007%;\" data-sheets-value=\"{&quot;1&quot;:2,&quot;2&quot;:&quot;William Shakespeare&quot;}\"><strong>William Shakespeare<\/strong><\/td>\n<td style=\"width: 21.4899%;\"><strong>Escola Merc\u00e8 Rodoreda<\/strong><\/td>\n<td style=\"width: 67.4377%;\"><a href=\"https:\/\/drive.google.com\/file\/d\/1Z5l0OETBk01KyM0uIINcq3cS5q6KUD56\/view?usp=drive_link\"><strong><img loading=\"lazy\" decoding=\"async\" class=\"alignnone size-full wp-image-20557\" src=\"https:\/\/serveiseducatius.xtec.cat\/santacolomag\/wp-content\/uploads\/usu1183\/2024\/04\/logo-audio-e1713515740992.jpg\" alt=\"\" width=\"30\" height=\"30\" \/><\/strong><\/a><\/td>\n<\/tr>\n<tr>\n<td style=\"width: 41.3486%;\" data-sheets-value=\"{&quot;1&quot;:2,&quot;2&quot;:&quot;Ariel y la ola gigante&quot;}\"><strong>Ariel y la ola gigante<\/strong><\/td>\n<td style=\"width: 29.4007%;\" data-sheets-value=\"{&quot;1&quot;:2,&quot;2&quot;:&quot;Liz Marsham&quot;}\"><strong>Liz Marsham<\/strong><\/td>\n<td style=\"width: 21.4899%;\"><strong>Escola Merc\u00e8 Rodoreda<\/strong><\/td>\n<td style=\"width: 67.4377%;\"><a href=\"https:\/\/drive.google.com\/file\/d\/1O3OSBZvFlHofU4vBubZbQITN3x6NOMA2\/view?usp=drive_link\"><strong><img loading=\"lazy\" decoding=\"async\" class=\"alignnone size-full wp-image-20557\" src=\"https:\/\/serveiseducatius.xtec.cat\/santacolomag\/wp-content\/uploads\/usu1183\/2024\/04\/logo-audio-e1713515740992.jpg\" alt=\"\" width=\"30\" height=\"30\" \/><\/strong><\/a><\/td>\n<\/tr>\n<tr>\n<td style=\"width: 41.3486%;\" data-sheets-value=\"{&quot;1&quot;:2,&quot;2&quot;:&quot;Contes de bona nit per a nenes rebels&quot;}\"><strong>Contes de bona nit per a nenes rebels<\/strong><\/td>\n<td style=\"width: 29.4007%;\" data-sheets-value=\"{&quot;1&quot;:2,&quot;2&quot;:&quot; Elena Favilli, Francesca Cavallo&quot;}\">\n<div>\n<div><strong>Elena Favilli, Francesca Cavallo<\/strong><\/div>\n<\/div>\n<\/td>\n<td style=\"width: 21.4899%;\"><strong>Escola Merc\u00e8 Rodoreda<\/strong><\/td>\n<td style=\"width: 67.4377%;\"><a href=\"https:\/\/drive.google.com\/file\/d\/1wwotfwmBaCcfQomH7FOojaRjnzUU3zZs\/view?usp=drive_link\"><strong><img loading=\"lazy\" decoding=\"async\" class=\"alignnone size-full wp-image-20557\" src=\"https:\/\/serveiseducatius.xtec.cat\/santacolomag\/wp-content\/uploads\/usu1183\/2024\/04\/logo-audio-e1713515740992.jpg\" alt=\"\" width=\"30\" height=\"30\" \/><\/strong><\/a><\/td>\n<\/tr>\n<\/tbody>\n<\/table>\n<\/div>\n<div><\/div>\n<div><\/div>\n<div><\/div>\n<div><\/div>\n<div class=\"wp-block-buttons is-content-justification-center is-layout-flex wp-container-1 wp-block-buttons-is-layout-flex\">\n<div class=\"wp-block-getwid-section getwid-init\">\n<div class=\"wp-block-getwid-section__wrapper\">\n<div class=\"wp-block-getwid-section__inner-wrapper\">\n<div class=\"wp-block-getwid-section__content\">\n<div class=\"wp-block-getwid-section__inner-content\">\n<div class=\"wp-block-columns is-layout-flex wp-container-6 wp-block-columns-is-layout-flex\"><\/div>\n<\/div>\n<\/div>\n<\/div>\n<\/div>\n<\/div>\n<div class=\"wp-block-getwid-section getwid-init\">\n<div class=\"wp-block-getwid-section__wrapper\">\n<div class=\"wp-block-getwid-section__inner-wrapper\">\n<div class=\"wp-block-buttons is-content-justification-center is-layout-flex wp-container-1 wp-block-buttons-is-layout-flex\">\n<p><span style=\"font-family: inherit; font-size: 1em;\">Tamb\u00e9 podeu accedir als continguts que han aportat els centres d&#8217;altres zones des dels Nodes dels CRP que han col\u00b7laborat a partir de la<\/span><a style=\"font-family: inherit; font-size: 1em;\" href=\"https:\/\/projectes.xtec.cat\/canaldereporters\/sant-jordi-a-les-ones\/\"> p\u00e0gina del #canaldereporters<\/a><span style=\"font-family: inherit; font-size: 1em;\">:<\/span><\/p>\n<\/div>\n<\/div>\n<\/div>\n<p><a href=\"https:\/\/projectes.xtec.cat\/canaldereporters\/sant-jordi-a-les-ones\/\"><img decoding=\"async\" class=\"aligncenter\" src=\"https:\/\/serveiseducatius.xtec.cat\/santadria\/wp-content\/uploads\/usu1189\/2024\/01\/Canal-de-reporters.1.jpg\" \/><\/a><\/p>\n<p>&nbsp;<\/p>\n<div class=\"wp-block-getwid-section alignwide alignwide getwid-init\">\n<div class=\"wp-block-getwid-section__wrapper\">\n<div class=\"wp-block-getwid-section__inner-wrapper\">\n<div class=\"wp-block-getwid-section__background\"><\/div>\n<\/div>\n<\/div>\n<\/div>\n<\/div>\n<\/div>\n","protected":false},"excerpt":{"rendered":"<p>&nbsp; Emissi\u00f3 en directe des d&#8217;aquest enlla\u00e7 &nbsp; &nbsp; Us presentem una nova proposta coincidint amb la diada de Sant [&hellip;]<\/p>\n","protected":false},"author":4,"featured_media":0,"parent":0,"menu_order":0,"comment_status":"closed","ping_status":"closed","template":"","meta":{"_bbp_topic_count":0,"_bbp_reply_count":0,"_bbp_total_topic_count":0,"_bbp_total_reply_count":0,"_bbp_voice_count":0,"_bbp_anonymous_reply_count":0,"_bbp_topic_count_hidden":0,"_bbp_reply_count_hidden":0,"_bbp_forum_subforum_count":0,"site-sidebar-layout":"default","site-content-layout":"","ast-site-content-layout":"","site-content-style":"default","site-sidebar-style":"default","ast-global-header-display":"","ast-banner-title-visibility":"","ast-main-header-display":"","ast-hfb-above-header-display":"","ast-hfb-below-header-display":"","ast-hfb-mobile-header-display":"","site-post-title":"","ast-breadcrumbs-content":"","ast-featured-img":"","footer-sml-layout":"","theme-transparent-header-meta":"","adv-header-id-meta":"","stick-header-meta":"","header-above-stick-meta":"","header-main-stick-meta":"","header-below-stick-meta":"","astra-migrate-meta-layouts":"default","ast-page-background-enabled":"default","ast-page-background-meta":{"desktop":{"background-color":"var(--ast-global-color-4)","background-image":"","background-repeat":"repeat","background-position":"center center","background-size":"auto","background-attachment":"scroll","background-type":"","background-media":"","overlay-type":"","overlay-color":"","overlay-opacity":"","overlay-gradient":""},"tablet":{"background-color":"","background-image":"","background-repeat":"repeat","background-position":"center center","background-size":"auto","background-attachment":"scroll","background-type":"","background-media":"","overlay-type":"","overlay-color":"","overlay-opacity":"","overlay-gradient":""},"mobile":{"background-color":"","background-image":"","background-repeat":"repeat","background-position":"center center","background-size":"auto","background-attachment":"scroll","background-type":"","background-media":"","overlay-type":"","overlay-color":"","overlay-opacity":"","overlay-gradient":""}},"ast-content-background-meta":{"desktop":{"background-color":"var(--ast-global-color-5)","background-image":"","background-repeat":"repeat","background-position":"center center","background-size":"auto","background-attachment":"scroll","background-type":"","background-media":"","overlay-type":"","overlay-color":"","overlay-opacity":"","overlay-gradient":""},"tablet":{"background-color":"var(--ast-global-color-5)","background-image":"","background-repeat":"repeat","background-position":"center center","background-size":"auto","background-attachment":"scroll","background-type":"","background-media":"","overlay-type":"","overlay-color":"","overlay-opacity":"","overlay-gradient":""},"mobile":{"background-color":"var(--ast-global-color-5)","background-image":"","background-repeat":"repeat","background-position":"center center","background-size":"auto","background-attachment":"scroll","background-type":"","background-media":"","overlay-type":"","overlay-color":"","overlay-opacity":"","overlay-gradient":""}},"footnotes":""},"class_list":["post-20349","page","type-page","status-publish","hentry"],"post_mailing_queue_ids":[],"_links":{"self":[{"href":"https:\/\/serveiseducatius.xtec.cat\/santacolomag\/wp-json\/wp\/v2\/pages\/20349","targetHints":{"allow":["GET"]}}],"collection":[{"href":"https:\/\/serveiseducatius.xtec.cat\/santacolomag\/wp-json\/wp\/v2\/pages"}],"about":[{"href":"https:\/\/serveiseducatius.xtec.cat\/santacolomag\/wp-json\/wp\/v2\/types\/page"}],"author":[{"embeddable":true,"href":"https:\/\/serveiseducatius.xtec.cat\/santacolomag\/wp-json\/wp\/v2\/users\/4"}],"replies":[{"embeddable":true,"href":"https:\/\/serveiseducatius.xtec.cat\/santacolomag\/wp-json\/wp\/v2\/comments?post=20349"}],"version-history":[{"count":6,"href":"https:\/\/serveiseducatius.xtec.cat\/santacolomag\/wp-json\/wp\/v2\/pages\/20349\/revisions"}],"predecessor-version":[{"id":20570,"href":"https:\/\/serveiseducatius.xtec.cat\/santacolomag\/wp-json\/wp\/v2\/pages\/20349\/revisions\/20570"}],"wp:attachment":[{"href":"https:\/\/serveiseducatius.xtec.cat\/santacolomag\/wp-json\/wp\/v2\/media?parent=20349"}],"curies":[{"name":"wp","href":"https:\/\/api.w.org\/{rel}","templated":true}]}}