{"id":19945,"date":"2023-11-30T12:46:20","date_gmt":"2023-11-30T11:46:20","guid":{"rendered":"https:\/\/serveiseducatius.xtec.cat\/santacolomag\/?page_id=19945"},"modified":"2023-12-01T14:24:06","modified_gmt":"2023-12-01T13:24:06","slug":"preguntes-dels-assistents-i-respostes-donades","status":"publish","type":"page","link":"https:\/\/serveiseducatius.xtec.cat\/santacolomag\/preguntes-dels-assistents-i-respostes-donades\/","title":{"rendered":"Preguntes de les persones assistents i respostes per part dels professionals ponents"},"content":{"rendered":"<p><em>1.\u00a0<a href=\"https:\/\/serveiseducatius.xtec.cat\/santacolomag\/respostes-donades-als-assistents\/#P1\">M&#8217;agradaria saber quan cal derivar un cas a Mossos. No sempre ho fem quan cal i a vegades ho fem i no &#8220;era greu&#8221;?<\/a><\/em><\/p>\n<p><em>2.\u00a0<a href=\"https:\/\/serveiseducatius.xtec.cat\/santacolomag\/respostes-donades-als-assistents\/#P2\">Quina \u00e9s l&#8217;actuaci\u00f3 dels Mossos en els casos d&#8217;assetjament quan aquest fet suposa un acte delictiu?<\/a><\/em><\/p>\n<p><i>3. <a href=\"https:\/\/serveiseducatius.xtec.cat\/santacolomag\/respostes-donades-als-assistents\/#P3\">A qui es deriva la primera informaci\u00f3 de possible assetjament a un\/a menor des del vostre centre educatiu? (pregunta que fan els Mossos als centres educatius)?<\/a><\/i><\/p>\n<p><i>4. <a href=\"https:\/\/serveiseducatius.xtec.cat\/santacolomag\/respostes-donades-als-assistents\/#P4\">Com treballar les situacions d\u2019assetjament amb alumnat NESE?<\/a><\/i><\/p>\n<p><i>5. <a href=\"https:\/\/serveiseducatius.xtec.cat\/santacolomag\/respostes-donades-als-assistents\/#P5\">Quins s\u00f3n els indicadors que ens mostraran que la intervenci\u00f3 ha estat efectiva i\/o adequada?<\/a><\/i><\/p>\n<p><em>6. <a href=\"https:\/\/serveiseducatius.xtec.cat\/santacolomag\/respostes-donades-als-assistents\/#P6\">Quines din\u00e0miques per a alumnes poden ajudar-nos a &#8220;descobrir&#8221; situacions d&#8217;assetjament que estan passant a classe i no es veuen?<\/a><\/em><\/p>\n<p><em>7. <a href=\"https:\/\/serveiseducatius.xtec.cat\/santacolomag\/respostes-donades-als-assistents\/#P7\">Com podem ser imparcials davant d\u2019un conflicte?<\/a><\/em><\/p>\n<p><em>8.<a href=\"https:\/\/serveiseducatius.xtec.cat\/santacolomag\/respostes-donades-als-assistents\/#P8\"> De quina manera es pot desenvolupar l&#8217;escolta activa entre l&#8217;alumnat i entre la comunitat educativa?<\/a><\/em><\/p>\n<p><em>9. <a href=\"https:\/\/serveiseducatius.xtec.cat\/santacolomag\/respostes-donades-als-assistents\/#P9\">Com podem donar suport emocional a l&#8217;alumnat i a les fam\u00edlies?<\/a><\/em><\/p>\n<p><em>10. <a href=\"https:\/\/serveiseducatius.xtec.cat\/santacolomag\/respostes-donades-als-assistents\/#P10\">Quins suggeriments teniu sobre com actuar si la fam\u00edlia no col\u00b7labora?\u00a0<\/a><\/em><\/p>\n<p><em>11. <a href=\"https:\/\/serveiseducatius.xtec.cat\/santacolomag\/respostes-donades-als-assistents\/#P11\">Com fer entendre a les fam\u00edlies la difer\u00e8ncia entre conflicte i assetjament?<\/a><\/em><\/p>\n<p><em>12. <a href=\"https:\/\/serveiseducatius.xtec.cat\/santacolomag\/respostes-donades-als-assistents\/#P12\">Com podem treballar des del centre les situacions de viol\u00e8ncia que exerceixen els pares cap als fills de forma psicol\u00f2gica i que sovint s\u00f3n dif\u00edcils de valorar perqu\u00e8 no hi ha senyals?<\/a><\/em><\/p>\n<p><em>13. <a href=\"https:\/\/serveiseducatius.xtec.cat\/santacolomag\/respostes-donades-als-assistents\/#P13\">Com podem actuar amb les fam\u00edlies que no accepten que els\/les seus\/ves fills\/es s\u00f3n agressors\/es o tenen conductes molt preocupants?<\/a><\/em><\/p>\n<p><em>14.<a href=\"https:\/\/serveiseducatius.xtec.cat\/santacolomag\/respostes-donades-als-assistents\/#P14\"> Podr\u00edeu compartir alguna experi\u00e8ncia de treball amb les fam\u00edlies per conscienciar-les sobre les conductes d&#8217;assetjament?<\/a><\/em><\/p>\n<p><em>15. <a href=\"https:\/\/serveiseducatius.xtec.cat\/santacolomag\/respostes-donades-als-assistents\/#P15\">Com podem involucrar les fam\u00edlies i la comunitat educativa en la resoluci\u00f3 de conflictes?<\/a><\/em><\/p>\n<p><em>16. <a href=\"https:\/\/serveiseducatius.xtec.cat\/santacolomag\/respostes-donades-als-assistents\/#P16\">Com ens podem coordinar per realitzar un treball en xarxa\u00a0(dintre de l\u2019escola)\u00a0que arribi tant a alumnat com a fam\u00edlies en aquelles escoles que no disposem de TIS?<\/a><\/em><\/p>\n<p><em>17. <a href=\"https:\/\/serveiseducatius.xtec.cat\/santacolomag\/respostes-donades-als-assistents\/#P17\">Com es podria trobar m\u00e9s temps i m\u00e9s espais per ser emp\u00e0tic amb l&#8217;alumnat i les companyes de feina?<\/a><\/em><\/p>\n<div><\/div>\n","protected":false},"excerpt":{"rendered":"<p>1.\u00a0M&#8217;agradaria saber quan cal derivar un cas a Mossos. No sempre ho fem quan cal i a vegades ho fem [&hellip;]<\/p>\n","protected":false},"author":4,"featured_media":0,"parent":0,"menu_order":0,"comment_status":"closed","ping_status":"closed","template":"","meta":{"_bbp_topic_count":0,"_bbp_reply_count":0,"_bbp_total_topic_count":0,"_bbp_total_reply_count":0,"_bbp_voice_count":0,"_bbp_anonymous_reply_count":0,"_bbp_topic_count_hidden":0,"_bbp_reply_count_hidden":0,"_bbp_forum_subforum_count":0,"site-sidebar-layout":"default","site-content-layout":"","ast-site-content-layout":"","site-content-style":"default","site-sidebar-style":"default","ast-global-header-display":"","ast-banner-title-visibility":"","ast-main-header-display":"","ast-hfb-above-header-display":"","ast-hfb-below-header-display":"","ast-hfb-mobile-header-display":"","site-post-title":"","ast-breadcrumbs-content":"","ast-featured-img":"","footer-sml-layout":"","theme-transparent-header-meta":"","adv-header-id-meta":"","stick-header-meta":"","header-above-stick-meta":"","header-main-stick-meta":"","header-below-stick-meta":"","astra-migrate-meta-layouts":"default","ast-page-background-enabled":"default","ast-page-background-meta":{"desktop":{"background-color":"var(--ast-global-color-4)","background-image":"","background-repeat":"repeat","background-position":"center center","background-size":"auto","background-attachment":"scroll","background-type":"","background-media":"","overlay-type":"","overlay-color":"","overlay-opacity":"","overlay-gradient":""},"tablet":{"background-color":"","background-image":"","background-repeat":"repeat","background-position":"center center","background-size":"auto","background-attachment":"scroll","background-type":"","background-media":"","overlay-type":"","overlay-color":"","overlay-opacity":"","overlay-gradient":""},"mobile":{"background-color":"","background-image":"","background-repeat":"repeat","background-position":"center center","background-size":"auto","background-attachment":"scroll","background-type":"","background-media":"","overlay-type":"","overlay-color":"","overlay-opacity":"","overlay-gradient":""}},"ast-content-background-meta":{"desktop":{"background-color":"var(--ast-global-color-5)","background-image":"","background-repeat":"repeat","background-position":"center center","background-size":"auto","background-attachment":"scroll","background-type":"","background-media":"","overlay-type":"","overlay-color":"","overlay-opacity":"","overlay-gradient":""},"tablet":{"background-color":"var(--ast-global-color-5)","background-image":"","background-repeat":"repeat","background-position":"center center","background-size":"auto","background-attachment":"scroll","background-type":"","background-media":"","overlay-type":"","overlay-color":"","overlay-opacity":"","overlay-gradient":""},"mobile":{"background-color":"var(--ast-global-color-5)","background-image":"","background-repeat":"repeat","background-position":"center center","background-size":"auto","background-attachment":"scroll","background-type":"","background-media":"","overlay-type":"","overlay-color":"","overlay-opacity":"","overlay-gradient":""}},"footnotes":""},"class_list":["post-19945","page","type-page","status-publish","hentry"],"post_mailing_queue_ids":[],"_links":{"self":[{"href":"https:\/\/serveiseducatius.xtec.cat\/santacolomag\/wp-json\/wp\/v2\/pages\/19945","targetHints":{"allow":["GET"]}}],"collection":[{"href":"https:\/\/serveiseducatius.xtec.cat\/santacolomag\/wp-json\/wp\/v2\/pages"}],"about":[{"href":"https:\/\/serveiseducatius.xtec.cat\/santacolomag\/wp-json\/wp\/v2\/types\/page"}],"author":[{"embeddable":true,"href":"https:\/\/serveiseducatius.xtec.cat\/santacolomag\/wp-json\/wp\/v2\/users\/4"}],"replies":[{"embeddable":true,"href":"https:\/\/serveiseducatius.xtec.cat\/santacolomag\/wp-json\/wp\/v2\/comments?post=19945"}],"version-history":[{"count":6,"href":"https:\/\/serveiseducatius.xtec.cat\/santacolomag\/wp-json\/wp\/v2\/pages\/19945\/revisions"}],"predecessor-version":[{"id":19994,"href":"https:\/\/serveiseducatius.xtec.cat\/santacolomag\/wp-json\/wp\/v2\/pages\/19945\/revisions\/19994"}],"wp:attachment":[{"href":"https:\/\/serveiseducatius.xtec.cat\/santacolomag\/wp-json\/wp\/v2\/media?parent=19945"}],"curies":[{"name":"wp","href":"https:\/\/api.w.org\/{rel}","templated":true}]}}