{"id":19008,"date":"2023-02-08T15:00:58","date_gmt":"2023-02-08T14:00:58","guid":{"rendered":"https:\/\/serveiseducatius.xtec.cat\/santacolomag\/?page_id=19008"},"modified":"2025-11-21T08:51:29","modified_gmt":"2025-11-21T07:51:29","slug":"prova-davaluacio-de-4t-deso-curs-2022-2023","status":"publish","type":"page","link":"https:\/\/serveiseducatius.xtec.cat\/santacolomag\/prova-davaluacio-de-4t-deso-curs-2022-2023\/","title":{"rendered":"Avaluaci\u00f3 final d&#8217;etapa &#8211; 4t d&#8217;ESO (ja.cat\/proves4)"},"content":{"rendered":"\n<figure class=\"wp-block-image aligncenter size-full is-resized\"><a href=\"https:\/\/serveiseducatius.xtec.cat\/santacolomag\/wp-content\/uploads\/usu1183\/2025\/10\/a4s.png_579790827.png\"><img loading=\"lazy\" decoding=\"async\" width=\"751\" height=\"256\" src=\"https:\/\/serveiseducatius.xtec.cat\/santacolomag\/wp-content\/uploads\/usu1183\/2025\/10\/a4s.png_579790827.png\" alt=\"\" class=\"wp-image-22908\" style=\"width:645px;height:auto\" srcset=\"https:\/\/serveiseducatius.xtec.cat\/santacolomag\/wp-content\/uploads\/usu1183\/2025\/10\/a4s.png_579790827.png 751w, https:\/\/serveiseducatius.xtec.cat\/santacolomag\/wp-content\/uploads\/usu1183\/2025\/10\/a4s.png_579790827-300x102.png 300w\" sizes=\"auto, (max-width: 751px) 100vw, 751px\" \/><\/a><\/figure>\n\n\n\n<p class=\"has-text-align-right\">\u00daltima actualitzaci\u00f3 21\/11\/2025 a les 08:50h<\/p>\n\n\n\n<p class=\"has-text-align-right\">Resoluci\u00f3\u00a0<a href=\"https:\/\/dogc.gencat.cat\/ca\/document-del-dogc\/?documentId=1029557\">EDF\/4158\/2025<\/a>, de 10 de novembre<\/p>\n\n\n\n<h3 class=\"wp-block-heading\">Les proves del curs 2025-2026 seran mostrals i es realitzaran els dies 20 i 23 de mar\u00e7 de 2026<\/h3>\n\n\n\n<p>Aquesta prova l&#8217;haur\u00e0 de realitzar l&#8217;alumnat de quart curs dels centres educatius, p\u00fablics i privats, que imparteixin aquesta etapa educativa i que siguin seleccionats per la mostra que l&#8217;Ag\u00e8ncia d&#8217;Avaluaci\u00f3 i Prospectiva de l&#8217;Educaci\u00f3 elabori.<\/p>\n\n\n\n<p>La correcci\u00f3 de l\u2019avaluaci\u00f3 mostral de final d\u2019etapa \u00e9s externa. D\u2019una banda, els fulls de resposta amb les respostes de l\u2019alumnat es digitalitzen i hi ha correcci\u00f3 automatitzada. D\u2019altra banda, la correcci\u00f3 dels textos de l\u2019expressi\u00f3 escrita en catal\u00e0, castell\u00e0 i angl\u00e8s es realitzar\u00e0 per professorat corrector de la borsa de l\u2019Ag\u00e8ncia d\u2019Avaluaci\u00f3 i Prospectiva de l\u2019Educaci\u00f3.<\/p>\n\n\n\n<div class=\"wp-block-buttons is-content-justification-center is-layout-flex wp-container-core-buttons-is-layout-1 wp-block-buttons-is-layout-flex\">\n<div class=\"wp-block-button\"><a class=\"wp-block-button__link has-text-align-center wp-element-button\" href=\"https:\/\/avaluacioeducativa.gencat.cat\/ca\/avaluacions\/final-etapa\/secundaria\/\"><strong>M\u00e9s informaci\u00f3<\/strong><\/a><\/div>\n<\/div>\n\n\n\n<p><\/p>\n","protected":false},"excerpt":{"rendered":"<p>\u00daltima actualitzaci\u00f3 21\/11\/2025 a les 08:50h Resoluci\u00f3\u00a0EDF\/4158\/2025, de 10 de novembre Les proves del curs 2025-2026 seran mostrals i es [&hellip;]<\/p>\n","protected":false},"author":4,"featured_media":0,"parent":0,"menu_order":0,"comment_status":"closed","ping_status":"closed","template":"","meta":{"_bbp_topic_count":0,"_bbp_reply_count":0,"_bbp_total_topic_count":0,"_bbp_total_reply_count":0,"_bbp_voice_count":0,"_bbp_anonymous_reply_count":0,"_bbp_topic_count_hidden":0,"_bbp_reply_count_hidden":0,"_bbp_forum_subforum_count":0,"site-sidebar-layout":"no-sidebar","site-content-layout":"","ast-site-content-layout":"default","site-content-style":"default","site-sidebar-style":"default","ast-global-header-display":"","ast-banner-title-visibility":"","ast-main-header-display":"","ast-hfb-above-header-display":"","ast-hfb-below-header-display":"","ast-hfb-mobile-header-display":"","site-post-title":"","ast-breadcrumbs-content":"","ast-featured-img":"","footer-sml-layout":"","theme-transparent-header-meta":"","adv-header-id-meta":"","stick-header-meta":"","header-above-stick-meta":"","header-main-stick-meta":"","header-below-stick-meta":"","astra-migrate-meta-layouts":"set","ast-page-background-enabled":"default","ast-page-background-meta":{"desktop":{"background-color":"var(--ast-global-color-4)","background-image":"","background-repeat":"repeat","background-position":"center center","background-size":"auto","background-attachment":"scroll","background-type":"","background-media":"","overlay-type":"","overlay-color":"","overlay-opacity":"","overlay-gradient":""},"tablet":{"background-color":"","background-image":"","background-repeat":"repeat","background-position":"center center","background-size":"auto","background-attachment":"scroll","background-type":"","background-media":"","overlay-type":"","overlay-color":"","overlay-opacity":"","overlay-gradient":""},"mobile":{"background-color":"","background-image":"","background-repeat":"repeat","background-position":"center center","background-size":"auto","background-attachment":"scroll","background-type":"","background-media":"","overlay-type":"","overlay-color":"","overlay-opacity":"","overlay-gradient":""}},"ast-content-background-meta":{"desktop":{"background-color":"var(--ast-global-color-5)","background-image":"","background-repeat":"repeat","background-position":"center center","background-size":"auto","background-attachment":"scroll","background-type":"","background-media":"","overlay-type":"","overlay-color":"","overlay-opacity":"","overlay-gradient":""},"tablet":{"background-color":"var(--ast-global-color-5)","background-image":"","background-repeat":"repeat","background-position":"center center","background-size":"auto","background-attachment":"scroll","background-type":"","background-media":"","overlay-type":"","overlay-color":"","overlay-opacity":"","overlay-gradient":""},"mobile":{"background-color":"var(--ast-global-color-5)","background-image":"","background-repeat":"repeat","background-position":"center center","background-size":"auto","background-attachment":"scroll","background-type":"","background-media":"","overlay-type":"","overlay-color":"","overlay-opacity":"","overlay-gradient":""}},"footnotes":""},"class_list":["post-19008","page","type-page","status-publish","hentry"],"post_mailing_queue_ids":[],"_links":{"self":[{"href":"https:\/\/serveiseducatius.xtec.cat\/santacolomag\/wp-json\/wp\/v2\/pages\/19008","targetHints":{"allow":["GET"]}}],"collection":[{"href":"https:\/\/serveiseducatius.xtec.cat\/santacolomag\/wp-json\/wp\/v2\/pages"}],"about":[{"href":"https:\/\/serveiseducatius.xtec.cat\/santacolomag\/wp-json\/wp\/v2\/types\/page"}],"author":[{"embeddable":true,"href":"https:\/\/serveiseducatius.xtec.cat\/santacolomag\/wp-json\/wp\/v2\/users\/4"}],"replies":[{"embeddable":true,"href":"https:\/\/serveiseducatius.xtec.cat\/santacolomag\/wp-json\/wp\/v2\/comments?post=19008"}],"version-history":[{"count":6,"href":"https:\/\/serveiseducatius.xtec.cat\/santacolomag\/wp-json\/wp\/v2\/pages\/19008\/revisions"}],"predecessor-version":[{"id":23088,"href":"https:\/\/serveiseducatius.xtec.cat\/santacolomag\/wp-json\/wp\/v2\/pages\/19008\/revisions\/23088"}],"wp:attachment":[{"href":"https:\/\/serveiseducatius.xtec.cat\/santacolomag\/wp-json\/wp\/v2\/media?parent=19008"}],"curies":[{"name":"wp","href":"https:\/\/api.w.org\/{rel}","templated":true}]}}