{"id":18995,"date":"2023-02-07T08:51:28","date_gmt":"2023-02-07T07:51:28","guid":{"rendered":"https:\/\/serveiseducatius.xtec.cat\/santacolomag\/?page_id=18995"},"modified":"2023-05-30T10:02:23","modified_gmt":"2023-05-30T08:02:23","slug":"xvi-trobada-de-cant-coral-escolar-de-santa-coloma-de-gramenet-curs-2022-2023","status":"publish","type":"page","link":"https:\/\/serveiseducatius.xtec.cat\/santacolomag\/activitats-i-jornades\/xvi-trobada-de-cant-coral-escolar-de-santa-coloma-de-gramenet-curs-2022-2023\/","title":{"rendered":"XVI Trobada de cant coral escolar de Santa Coloma de Gramenet Curs 2022-2023"},"content":{"rendered":"<p style=\"text-align: center;\"><iframe loading=\"lazy\" src=\"https:\/\/docs.google.com\/presentation\/d\/e\/2PACX-1vR2O_M3fsOCsH7BdmFOK4ROQvrBOUJJm7gUdWkKg79nJLI1US0LkEAsmV6cMCnALHahiaTS92mP9bT1\/embed?start=false&amp;loop=false&amp;delayms=2700\" width=\"960\" height=\"569\" frameborder=\"0\" allowfullscreen=\"allowfullscreen\"><span data-mce-type=\"bookmark\" style=\"display: inline-block; width: 0px; overflow: hidden; line-height: 0;\" class=\"mce_SELRES_start\">\ufeff<\/span><\/iframe><\/p>\n<p>La trobada de cant coral escolar de Santa Coloma de Gramenet \u00e9s un projecte de ciutat que compta amb la imprescindible col\u00b7laboraci\u00f3 de persones\u00a0i institucions que la fan possible des de fa quinze cursos.<\/p>\n<p>L\u2019Escola Municipal de M\u00fasica Can Roig i Torres contribueix cada curs amb mitjans, temps i molt de treball per part de la seva direcci\u00f3 i\u00a0 professorat. L\u2019Ajuntament recolza totes les iniciatives i posa al servei del projecte els seus equipaments, professionals i perseveran\u00e7a.<\/p>\n<p>Els i les mestres de m\u00fasica de les escoles participants treballen conjuntament, es formen cada any i\u00a0 treballen de valent amb el seu alumnat, dins del grup de treball de mestres de m\u00fasica de prim\u00e0ria.\u00a0 Les escoles s\u2019esmercen perqu\u00e8 el seu alumnat tingui una experi\u00e8ncia educativa i art\u00edstica de gran qualitat i gaudi. Els nens i nenes canten junts i habiten com a protagonistes el Teatre i l\u2019Auditori de la ciutat; molts per primera vegada, molts com a la gran vegada.<\/p>\n<p>Molt\u00edssimes gr\u00e0cies a totes les persones que fan possible aquesta Trobada, que dura tot un any, i que persevera any rere any.<\/p>\n<h2><img loading=\"lazy\" decoding=\"async\" class=\"size-medium wp-image-18997 aligncenter\" src=\"https:\/\/serveiseducatius.xtec.cat\/santacolomag\/wp-content\/uploads\/usu1183\/2023\/02\/ratoli-300x181.png\" alt=\"\" width=\"300\" height=\"181\" \/><\/h2>\n<h2 style=\"text-align: center;\"><strong><i>El ratol\u00ed electr\u00f2nic<\/i><\/strong><\/h2>\n<p style=\"text-align: center;\"><b>Text de la narraci\u00f3 i poemes<\/b>:\u00a0 Jes\u00fas Nieto\u00a0 \u00a0<b>M\u00fasica<\/b>: Ricard Gimeno<\/p>\n<p><strong>Sessions els dies 22 i 23 de maig de 2023 a les 9.30h i 11.45h<\/strong>.<\/p>\n<p><strong>V\u00eddeos de les 4 sessions:<\/strong><\/p>\n<table style=\"border-collapse: collapse; width: 100%;\">\n<tbody>\n<tr>\n<td style=\"width: 10.4402%;\"><\/td>\n<td style=\"width: 46.7295%;\">Dilluns 22 de maig de 2023<\/td>\n<td style=\"width: 42.8302%;\">Dimarts 23 de maig de 2023<\/td>\n<\/tr>\n<tr>\n<td style=\"width: 10.4402%;\">Sessi\u00f3 de les 9:30<\/td>\n<td style=\"width: 46.7295%;\"><iframe loading=\"lazy\" title=\"YouTube video player\" src=\"https:\/\/www.youtube.com\/embed\/2NIvH_0NWzE\" width=\"560\" height=\"315\" frameborder=\"0\" allowfullscreen=\"allowfullscreen\"><\/iframe><\/td>\n<td style=\"width: 42.8302%; text-align: right;\"><iframe loading=\"lazy\" title=\"YouTube video player\" src=\"https:\/\/www.youtube.com\/embed\/cmafweJDldc\" width=\"560\" height=\"315\" frameborder=\"0\" allowfullscreen=\"allowfullscreen\"><\/iframe><\/td>\n<\/tr>\n<tr>\n<td style=\"width: 10.4402%;\">Sessi\u00f3 de les 11:45<\/td>\n<td style=\"width: 46.7295%;\"><iframe loading=\"lazy\" title=\"YouTube video player\" src=\"https:\/\/www.youtube.com\/embed\/x12uU8fP7Bc\" width=\"560\" height=\"315\" frameborder=\"0\" allowfullscreen=\"allowfullscreen\"><\/iframe><\/td>\n<td style=\"width: 42.8302%; text-align: right;\"><iframe loading=\"lazy\" title=\"YouTube video player\" src=\"https:\/\/www.youtube.com\/embed\/CgD475H_z_k\" width=\"560\" height=\"315\" frameborder=\"0\" allowfullscreen=\"allowfullscreen\"><\/iframe><\/td>\n<\/tr>\n<\/tbody>\n<\/table>\n<p><b>Participants 2023<\/b><b><br \/>\n<\/b><b>Alumnat de 3r i 4t de:<\/b> Escola Ausi\u00e0s March,\u00a0 Escola Ban\u00fas, Escola Fray Luis de Le\u00f3n,\u00a0 Col\u00b7legi Les Neus, Escola Merc\u00e8 Rodoreda, Escola Santa Coloma, Escola Torre Balldovina i Escola Antoni Gaud\u00ed<\/p>\n<p><b>Professorat<br \/>\n<\/b>Georgina Carrasco Ribot (Esc. Merc\u00e8 Rodoreda), Mar\u00eda Piedad Garc\u00eda Avil\u00e9s (Esc. Ausi\u00e0s March), Alba Gonz\u00e1lez Climent (Esc Antoni Gaud\u00ed), Juncal Garc\u00eda Mahiques (Esc. Ban\u00fas), Jordi Puig i Gispert (C. Les Neus), Elisabet Puig i Maynou (Esc. Torre Balldovina), \u00c1lvaro Fito Blasco (Esc. Santa Coloma)\u00a0 i\u00a0 Andreu Serret Pedra (Esc. Fray Luis de Le\u00f3n)<\/p>\n<p><b>Direcci\u00f3 i Narraci\u00f3<\/b><br \/>\nAnna Fern\u00e1ndez Mart\u00ednez.\u00a0EMM\u00a0Can Roig i Torres<\/p>\n<p><b>M\u00fasics<br \/>\n<\/b>Josep Maria Gironell, Piano; \u00c0ngel Pereira, Bateria. EMM Can Roig i Torres<\/p>\n<p><b>Fotografia<br \/>\n<\/b>Francesc Rovira i Su\u00f1ol<\/p>\n<p><b>Organitzaci\u00f3<br \/>\n<\/b>Grup de treball de m\u00fasica de prim\u00e0ria, Centre de Recursos Pedag\u00f2gics i Escola<br \/>\nMunicipal de M\u00fasica Can Roig i Torres, de Santa Coloma de Gramenet.<\/p>\n<p><strong>Amb el suport de<\/strong><br \/>\nl\u2019Ajuntament de Santa Coloma de Gramenet<b><\/b><\/p>\n<p><b>La Trobada anual de Cant Coral Escolar de Santa Coloma de Gramenet \u00e9s una activitat <\/b><b>del Pla de<\/b><b>\u00a0Formaci\u00f3 de Z<\/b><b>ona de Santa Coloma de Gramenet<\/b><\/p>\n","protected":false},"excerpt":{"rendered":"<p>\ufeff La trobada de cant coral escolar de Santa Coloma de Gramenet \u00e9s un projecte de ciutat que compta amb [&hellip;]<\/p>\n","protected":false},"author":4,"featured_media":0,"parent":8202,"menu_order":0,"comment_status":"closed","ping_status":"closed","template":"","meta":{"_bbp_topic_count":0,"_bbp_reply_count":0,"_bbp_total_topic_count":0,"_bbp_total_reply_count":0,"_bbp_voice_count":0,"_bbp_anonymous_reply_count":0,"_bbp_topic_count_hidden":0,"_bbp_reply_count_hidden":0,"_bbp_forum_subforum_count":0,"site-sidebar-layout":"default","site-content-layout":"","ast-site-content-layout":"","site-content-style":"default","site-sidebar-style":"default","ast-global-header-display":"","ast-banner-title-visibility":"","ast-main-header-display":"","ast-hfb-above-header-display":"","ast-hfb-below-header-display":"","ast-hfb-mobile-header-display":"","site-post-title":"","ast-breadcrumbs-content":"","ast-featured-img":"","footer-sml-layout":"","theme-transparent-header-meta":"","adv-header-id-meta":"","stick-header-meta":"","header-above-stick-meta":"","header-main-stick-meta":"","header-below-stick-meta":"","astra-migrate-meta-layouts":"default","ast-page-background-enabled":"default","ast-page-background-meta":{"desktop":{"background-color":"var(--ast-global-color-4)","background-image":"","background-repeat":"repeat","background-position":"center center","background-size":"auto","background-attachment":"scroll","background-type":"","background-media":"","overlay-type":"","overlay-color":"","overlay-opacity":"","overlay-gradient":""},"tablet":{"background-color":"","background-image":"","background-repeat":"repeat","background-position":"center center","background-size":"auto","background-attachment":"scroll","background-type":"","background-media":"","overlay-type":"","overlay-color":"","overlay-opacity":"","overlay-gradient":""},"mobile":{"background-color":"","background-image":"","background-repeat":"repeat","background-position":"center center","background-size":"auto","background-attachment":"scroll","background-type":"","background-media":"","overlay-type":"","overlay-color":"","overlay-opacity":"","overlay-gradient":""}},"ast-content-background-meta":{"desktop":{"background-color":"var(--ast-global-color-5)","background-image":"","background-repeat":"repeat","background-position":"center center","background-size":"auto","background-attachment":"scroll","background-type":"","background-media":"","overlay-type":"","overlay-color":"","overlay-opacity":"","overlay-gradient":""},"tablet":{"background-color":"var(--ast-global-color-5)","background-image":"","background-repeat":"repeat","background-position":"center center","background-size":"auto","background-attachment":"scroll","background-type":"","background-media":"","overlay-type":"","overlay-color":"","overlay-opacity":"","overlay-gradient":""},"mobile":{"background-color":"var(--ast-global-color-5)","background-image":"","background-repeat":"repeat","background-position":"center center","background-size":"auto","background-attachment":"scroll","background-type":"","background-media":"","overlay-type":"","overlay-color":"","overlay-opacity":"","overlay-gradient":""}},"footnotes":""},"class_list":["post-18995","page","type-page","status-publish","hentry"],"post_mailing_queue_ids":[],"_links":{"self":[{"href":"https:\/\/serveiseducatius.xtec.cat\/santacolomag\/wp-json\/wp\/v2\/pages\/18995","targetHints":{"allow":["GET"]}}],"collection":[{"href":"https:\/\/serveiseducatius.xtec.cat\/santacolomag\/wp-json\/wp\/v2\/pages"}],"about":[{"href":"https:\/\/serveiseducatius.xtec.cat\/santacolomag\/wp-json\/wp\/v2\/types\/page"}],"author":[{"embeddable":true,"href":"https:\/\/serveiseducatius.xtec.cat\/santacolomag\/wp-json\/wp\/v2\/users\/4"}],"replies":[{"embeddable":true,"href":"https:\/\/serveiseducatius.xtec.cat\/santacolomag\/wp-json\/wp\/v2\/comments?post=18995"}],"version-history":[{"count":4,"href":"https:\/\/serveiseducatius.xtec.cat\/santacolomag\/wp-json\/wp\/v2\/pages\/18995\/revisions"}],"predecessor-version":[{"id":19482,"href":"https:\/\/serveiseducatius.xtec.cat\/santacolomag\/wp-json\/wp\/v2\/pages\/18995\/revisions\/19482"}],"up":[{"embeddable":true,"href":"https:\/\/serveiseducatius.xtec.cat\/santacolomag\/wp-json\/wp\/v2\/pages\/8202"}],"wp:attachment":[{"href":"https:\/\/serveiseducatius.xtec.cat\/santacolomag\/wp-json\/wp\/v2\/media?parent=18995"}],"curies":[{"name":"wp","href":"https:\/\/api.w.org\/{rel}","templated":true}]}}