{"id":18903,"date":"2023-02-01T11:53:08","date_gmt":"2023-02-01T10:53:08","guid":{"rendered":"https:\/\/serveiseducatius.xtec.cat\/santacolomag\/?page_id=18903"},"modified":"2024-11-19T08:56:57","modified_gmt":"2024-11-19T07:56:57","slug":"acta-final","status":"publish","type":"page","link":"https:\/\/serveiseducatius.xtec.cat\/santacolomag\/espai-de-suport-de-persones-formadores\/acta-final\/","title":{"rendered":"Acta final"},"content":{"rendered":"<p>Un cop acabada l\u2019activitat, s\u2019avaluen les persones assistents en funci\u00f3 de l\u2019assist\u00e8ncia i dels altres requisits. Com a persona formadora, heu d&#8217;entrar a l&#8217;apartat <em><strong>Seguiment alumnat, <\/strong><\/em><strong>i indicar el nombre d&#8217;hores a cada assistent ha assistit (han de coincidir amb les sessions assistides i signades al Full d&#8217;assist\u00e8ncia), i s&#8217;ha de marcar a la casella <em>Altres requisits,<\/em> quan la persona assistent els ha realitzat. Realitzar les tasques dels altres requisits \u00e9s obligatori per a certificar. Aquestes tasques s\u00f3n de transfer\u00e8ncia i aplicaci\u00f3 de les sessions formatives.\u00a0<\/strong><\/p>\n<p>Per donar l\u2019activitat com a finalitzada, s\u2019ha d\u2019extraure del GTAF <strong>l<em>\u2019Acta d\u2019assist\u00e8ncia,<\/em> imprimir-la, <a href=\"https:\/\/serveiseducatius.xtec.cat\/santacolomag\/espai-de-suport-de-persones-formadores\/signatura-digital\/\">signar-la digitalment<\/a> i enviar-la al CRP<\/strong> (actuaci\u00f3 imprescindible per expedir els certificats d\u2019assist\u00e8ncia a l\u2019activitat). En cas de no disposar de signatura digital, cal avisar al CRP i us direm si la podeu signar a m\u00e0, escanejar l&#8217;Acta signada i enviar-nos-la.<\/p>\n<p>Recordeu que si un\/a assistent no ha de certificar, <strong>s\u2019ha de marcar el <em>motiu de no certificaci\u00f3<\/em><\/strong> (<em>no presentat\/da,<\/em> <em>baixa volunt\u00e0ria<\/em>, <em>no assoliment&#8230;<\/em> del 80% o abandonament). <strong>Molt important, perqu\u00e8 quedi tot\u00a0 registrat, s\u2019han de <em>Desar les dades.<\/em><\/strong><\/p>\n<p><img loading=\"lazy\" decoding=\"async\" class=\"aligncenter wp-image-15411\" src=\"https:\/\/serveiseducatius.xtec.cat\/garraf\/wp-content\/uploads\/usu1185\/2022\/09\/GTAF6.png\" sizes=\"auto, (max-width: 962px) 100vw, 962px\" srcset=\"https:\/\/serveiseducatius.xtec.cat\/garraf\/wp-content\/uploads\/usu1185\/2022\/09\/GTAF6.png 1622w, https:\/\/serveiseducatius.xtec.cat\/garraf\/wp-content\/uploads\/usu1185\/2022\/09\/GTAF6-300x45.png 300w, https:\/\/serveiseducatius.xtec.cat\/garraf\/wp-content\/uploads\/usu1185\/2022\/09\/GTAF6-1024x155.png 1024w, https:\/\/serveiseducatius.xtec.cat\/garraf\/wp-content\/uploads\/usu1185\/2022\/09\/GTAF6-768x116.png 768w, https:\/\/serveiseducatius.xtec.cat\/garraf\/wp-content\/uploads\/usu1185\/2022\/09\/GTAF6-1536x232.png 1536w\" alt=\"\" width=\"962\" height=\"145\" \/><\/p>\n<p><strong>IMPORTANT:<\/strong>\u00a0Un cop tingueu l\u2019acta d\u2019assist\u00e8ncia en pantalla per tal de poder desar-la com a PDF, cal que aneu al men\u00fa del navegador que feu servir i premeu l\u2019opci\u00f3 Imprimir (Control+P) i com a impressora seleccioneu\u00a0<em><strong>Desa com a PDF<\/strong><\/em>.*<\/p>\n<p><span style=\"font-size: 10pt;\"><em>*Si sou formadors d&#8217;una FIC d&#8217;Estrat\u00e8gia Digital de Centre, un cop acabat el seguiment de les persones assistents, des de la mentoria digital us faran arribar en format PDF l&#8217;Acta amb els logos prescriptius perqu\u00e8 la pugueu signar digitalment<\/em><\/span><\/p>\n<p><img loading=\"lazy\" decoding=\"async\" class=\"aligncenter wp-image-15415\" src=\"https:\/\/serveiseducatius.xtec.cat\/garraf\/wp-content\/uploads\/usu1185\/2022\/09\/GTAF7-1.png\" sizes=\"auto, (max-width: 557px) 100vw, 557px\" srcset=\"https:\/\/serveiseducatius.xtec.cat\/garraf\/wp-content\/uploads\/usu1185\/2022\/09\/GTAF7-1.png 1019w, https:\/\/serveiseducatius.xtec.cat\/garraf\/wp-content\/uploads\/usu1185\/2022\/09\/GTAF7-1-300x112.png 300w, https:\/\/serveiseducatius.xtec.cat\/garraf\/wp-content\/uploads\/usu1185\/2022\/09\/GTAF7-1-768x286.png 768w\" alt=\"\" width=\"557\" height=\"207\" \/><\/p>\n","protected":false},"excerpt":{"rendered":"<p>Un cop acabada l\u2019activitat, s\u2019avaluen les persones assistents en funci\u00f3 de l\u2019assist\u00e8ncia i dels altres requisits. Com a persona formadora, [&hellip;]<\/p>\n","protected":false},"author":4,"featured_media":0,"parent":18886,"menu_order":0,"comment_status":"closed","ping_status":"closed","template":"page-templates\/side-menu.php","meta":{"_bbp_topic_count":0,"_bbp_reply_count":0,"_bbp_total_topic_count":0,"_bbp_total_reply_count":0,"_bbp_voice_count":0,"_bbp_anonymous_reply_count":0,"_bbp_topic_count_hidden":0,"_bbp_reply_count_hidden":0,"_bbp_forum_subforum_count":0,"site-sidebar-layout":"default","site-content-layout":"","ast-site-content-layout":"","site-content-style":"default","site-sidebar-style":"default","ast-global-header-display":"","ast-banner-title-visibility":"","ast-main-header-display":"","ast-hfb-above-header-display":"","ast-hfb-below-header-display":"","ast-hfb-mobile-header-display":"","site-post-title":"","ast-breadcrumbs-content":"","ast-featured-img":"","footer-sml-layout":"","theme-transparent-header-meta":"","adv-header-id-meta":"","stick-header-meta":"","header-above-stick-meta":"","header-main-stick-meta":"","header-below-stick-meta":"","astra-migrate-meta-layouts":"default","ast-page-background-enabled":"default","ast-page-background-meta":{"desktop":{"background-color":"var(--ast-global-color-4)","background-image":"","background-repeat":"repeat","background-position":"center center","background-size":"auto","background-attachment":"scroll","background-type":"","background-media":"","overlay-type":"","overlay-color":"","overlay-opacity":"","overlay-gradient":""},"tablet":{"background-color":"","background-image":"","background-repeat":"repeat","background-position":"center center","background-size":"auto","background-attachment":"scroll","background-type":"","background-media":"","overlay-type":"","overlay-color":"","overlay-opacity":"","overlay-gradient":""},"mobile":{"background-color":"","background-image":"","background-repeat":"repeat","background-position":"center center","background-size":"auto","background-attachment":"scroll","background-type":"","background-media":"","overlay-type":"","overlay-color":"","overlay-opacity":"","overlay-gradient":""}},"ast-content-background-meta":{"desktop":{"background-color":"var(--ast-global-color-5)","background-image":"","background-repeat":"repeat","background-position":"center center","background-size":"auto","background-attachment":"scroll","background-type":"","background-media":"","overlay-type":"","overlay-color":"","overlay-opacity":"","overlay-gradient":""},"tablet":{"background-color":"var(--ast-global-color-5)","background-image":"","background-repeat":"repeat","background-position":"center center","background-size":"auto","background-attachment":"scroll","background-type":"","background-media":"","overlay-type":"","overlay-color":"","overlay-opacity":"","overlay-gradient":""},"mobile":{"background-color":"var(--ast-global-color-5)","background-image":"","background-repeat":"repeat","background-position":"center center","background-size":"auto","background-attachment":"scroll","background-type":"","background-media":"","overlay-type":"","overlay-color":"","overlay-opacity":"","overlay-gradient":""}},"footnotes":""},"class_list":["post-18903","page","type-page","status-publish","hentry"],"post_mailing_queue_ids":[],"_links":{"self":[{"href":"https:\/\/serveiseducatius.xtec.cat\/santacolomag\/wp-json\/wp\/v2\/pages\/18903","targetHints":{"allow":["GET"]}}],"collection":[{"href":"https:\/\/serveiseducatius.xtec.cat\/santacolomag\/wp-json\/wp\/v2\/pages"}],"about":[{"href":"https:\/\/serveiseducatius.xtec.cat\/santacolomag\/wp-json\/wp\/v2\/types\/page"}],"author":[{"embeddable":true,"href":"https:\/\/serveiseducatius.xtec.cat\/santacolomag\/wp-json\/wp\/v2\/users\/4"}],"replies":[{"embeddable":true,"href":"https:\/\/serveiseducatius.xtec.cat\/santacolomag\/wp-json\/wp\/v2\/comments?post=18903"}],"version-history":[{"count":4,"href":"https:\/\/serveiseducatius.xtec.cat\/santacolomag\/wp-json\/wp\/v2\/pages\/18903\/revisions"}],"predecessor-version":[{"id":21149,"href":"https:\/\/serveiseducatius.xtec.cat\/santacolomag\/wp-json\/wp\/v2\/pages\/18903\/revisions\/21149"}],"up":[{"embeddable":true,"href":"https:\/\/serveiseducatius.xtec.cat\/santacolomag\/wp-json\/wp\/v2\/pages\/18886"}],"wp:attachment":[{"href":"https:\/\/serveiseducatius.xtec.cat\/santacolomag\/wp-json\/wp\/v2\/media?parent=18903"}],"curies":[{"name":"wp","href":"https:\/\/api.w.org\/{rel}","templated":true}]}}