{"id":18900,"date":"2023-02-01T11:47:12","date_gmt":"2023-02-01T10:47:12","guid":{"rendered":"https:\/\/serveiseducatius.xtec.cat\/santacolomag\/?page_id=18900"},"modified":"2023-02-02T12:28:19","modified_gmt":"2023-02-02T11:28:19","slug":"questionaris-de-valoracio-formadors-es","status":"publish","type":"page","link":"https:\/\/serveiseducatius.xtec.cat\/santacolomag\/espai-de-suport-de-persones-formadores\/questionaris-de-valoracio-formadors-es\/","title":{"rendered":"Q\u00fcestionaris de valoraci\u00f3 &#8211; Formadors\/es"},"content":{"rendered":"<p>Els formadors i formadores (excepte els\/les d&#8217;una formaci\u00f3 FIC d&#8217;Estrat\u00e8gia Digital de Centre) poden accedir als formularis de valoraci\u00f3 de l\u2019activitat des de l\u2019aplicaci\u00f3 GTAF un cop finalitzada l\u2019activitat: <a href=\"https:\/\/aplicacions.gestioeducativa.gencat.cat\/pls\/gtaf\" target=\"_blank\" rel=\"noopener noreferrer\"><strong>https:\/\/aplicacions.gestioeducativa.gencat.cat\/pls\/gtaf<\/strong><\/a><\/p>\n<p><img loading=\"lazy\" decoding=\"async\" class=\"wp-image-15407 aligncenter\" src=\"https:\/\/serveiseducatius.xtec.cat\/garraf\/wp-content\/uploads\/usu1185\/2022\/09\/GTAF5.png\" sizes=\"auto, (max-width: 280px) 100vw, 280px\" srcset=\"https:\/\/serveiseducatius.xtec.cat\/garraf\/wp-content\/uploads\/usu1185\/2022\/09\/GTAF5.png 463w, https:\/\/serveiseducatius.xtec.cat\/garraf\/wp-content\/uploads\/usu1185\/2022\/09\/GTAF5-300x271.png 300w\" alt=\"\" width=\"280\" height=\"253\" \/><\/p>\n","protected":false},"excerpt":{"rendered":"<p>Els formadors i formadores (excepte els\/les d&#8217;una formaci\u00f3 FIC d&#8217;Estrat\u00e8gia Digital de Centre) poden accedir als formularis de valoraci\u00f3 de [&hellip;]<\/p>\n","protected":false},"author":4,"featured_media":0,"parent":18886,"menu_order":0,"comment_status":"closed","ping_status":"closed","template":"page-templates\/side-menu.php","meta":{"_bbp_topic_count":0,"_bbp_reply_count":0,"_bbp_total_topic_count":0,"_bbp_total_reply_count":0,"_bbp_voice_count":0,"_bbp_anonymous_reply_count":0,"_bbp_topic_count_hidden":0,"_bbp_reply_count_hidden":0,"_bbp_forum_subforum_count":0,"site-sidebar-layout":"default","site-content-layout":"","ast-site-content-layout":"","site-content-style":"default","site-sidebar-style":"default","ast-global-header-display":"","ast-banner-title-visibility":"","ast-main-header-display":"","ast-hfb-above-header-display":"","ast-hfb-below-header-display":"","ast-hfb-mobile-header-display":"","site-post-title":"","ast-breadcrumbs-content":"","ast-featured-img":"","footer-sml-layout":"","theme-transparent-header-meta":"","adv-header-id-meta":"","stick-header-meta":"","header-above-stick-meta":"","header-main-stick-meta":"","header-below-stick-meta":"","astra-migrate-meta-layouts":"default","ast-page-background-enabled":"default","ast-page-background-meta":{"desktop":{"background-color":"var(--ast-global-color-4)","background-image":"","background-repeat":"repeat","background-position":"center center","background-size":"auto","background-attachment":"scroll","background-type":"","background-media":"","overlay-type":"","overlay-color":"","overlay-opacity":"","overlay-gradient":""},"tablet":{"background-color":"","background-image":"","background-repeat":"repeat","background-position":"center center","background-size":"auto","background-attachment":"scroll","background-type":"","background-media":"","overlay-type":"","overlay-color":"","overlay-opacity":"","overlay-gradient":""},"mobile":{"background-color":"","background-image":"","background-repeat":"repeat","background-position":"center center","background-size":"auto","background-attachment":"scroll","background-type":"","background-media":"","overlay-type":"","overlay-color":"","overlay-opacity":"","overlay-gradient":""}},"ast-content-background-meta":{"desktop":{"background-color":"var(--ast-global-color-5)","background-image":"","background-repeat":"repeat","background-position":"center center","background-size":"auto","background-attachment":"scroll","background-type":"","background-media":"","overlay-type":"","overlay-color":"","overlay-opacity":"","overlay-gradient":""},"tablet":{"background-color":"var(--ast-global-color-5)","background-image":"","background-repeat":"repeat","background-position":"center center","background-size":"auto","background-attachment":"scroll","background-type":"","background-media":"","overlay-type":"","overlay-color":"","overlay-opacity":"","overlay-gradient":""},"mobile":{"background-color":"var(--ast-global-color-5)","background-image":"","background-repeat":"repeat","background-position":"center center","background-size":"auto","background-attachment":"scroll","background-type":"","background-media":"","overlay-type":"","overlay-color":"","overlay-opacity":"","overlay-gradient":""}},"footnotes":""},"class_list":["post-18900","page","type-page","status-publish","hentry"],"post_mailing_queue_ids":[],"_links":{"self":[{"href":"https:\/\/serveiseducatius.xtec.cat\/santacolomag\/wp-json\/wp\/v2\/pages\/18900","targetHints":{"allow":["GET"]}}],"collection":[{"href":"https:\/\/serveiseducatius.xtec.cat\/santacolomag\/wp-json\/wp\/v2\/pages"}],"about":[{"href":"https:\/\/serveiseducatius.xtec.cat\/santacolomag\/wp-json\/wp\/v2\/types\/page"}],"author":[{"embeddable":true,"href":"https:\/\/serveiseducatius.xtec.cat\/santacolomag\/wp-json\/wp\/v2\/users\/4"}],"replies":[{"embeddable":true,"href":"https:\/\/serveiseducatius.xtec.cat\/santacolomag\/wp-json\/wp\/v2\/comments?post=18900"}],"version-history":[{"count":2,"href":"https:\/\/serveiseducatius.xtec.cat\/santacolomag\/wp-json\/wp\/v2\/pages\/18900\/revisions"}],"predecessor-version":[{"id":18927,"href":"https:\/\/serveiseducatius.xtec.cat\/santacolomag\/wp-json\/wp\/v2\/pages\/18900\/revisions\/18927"}],"up":[{"embeddable":true,"href":"https:\/\/serveiseducatius.xtec.cat\/santacolomag\/wp-json\/wp\/v2\/pages\/18886"}],"wp:attachment":[{"href":"https:\/\/serveiseducatius.xtec.cat\/santacolomag\/wp-json\/wp\/v2\/media?parent=18900"}],"curies":[{"name":"wp","href":"https:\/\/api.w.org\/{rel}","templated":true}]}}