{"id":18897,"date":"2023-02-01T11:43:13","date_gmt":"2023-02-01T10:43:13","guid":{"rendered":"https:\/\/serveiseducatius.xtec.cat\/santacolomag\/?page_id=18897"},"modified":"2023-04-17T23:13:56","modified_gmt":"2023-04-17T21:13:56","slug":"questionaris-de-valoracio-assistents","status":"publish","type":"page","link":"https:\/\/serveiseducatius.xtec.cat\/santacolomag\/espai-de-suport-de-persones-formadores\/questionaris-de-valoracio-assistents\/","title":{"rendered":"Q\u00fcestionaris de valoraci\u00f3 &#8211; Assistents"},"content":{"rendered":"<p>Abans de finalitzar l\u2019activitat*, s\u2019ha d\u2019informar les persones assistents que \u00e9s necessari emplenar els formulari de valoraci\u00f3 que els enviarem des del CRP. \u00c9s obligatori fer el formulari de valoraci\u00f3 que ens permetr\u00e0 tancar l&#8217;activitat i que s&#8217;emetin els certificats de formaci\u00f3 corresponents, tant per a les persones assistens com per a les formadores.<\/p>\n<p>Per accedir als formularis de valoraci\u00f3, el professorat ha de seguir el proc\u00e9s:<\/p>\n<p><span style=\"font-size: 10pt;\"><em>*Si sou formadors\/es d&#8217;una FIC d&#8217;Estrat\u00e8gia Digital de Centre, les persones assistents a aquesta formaci\u00f3 tenen un formulari propi.<\/em><\/span><\/p>\n<ol>\n<li>Accedir a la meva formaci\u00f3 de l\u2019XTEC:<br \/>\n<a href=\"https:\/\/xtec.gencat.cat\/ca\/formacio\/la-meva-formacio\/\" target=\"_blank\" rel=\"noopener\">https:\/\/xtec.gencat.cat\/ca\/formacio\/la-meva-formacio\/<\/a><\/li>\n<\/ol>\n<p>2. Identificar-se amb les credencials de l\u2019XTEC<\/p>\n<p><img loading=\"lazy\" decoding=\"async\" class=\"wp-image-15402 alignleft\" src=\"https:\/\/serveiseducatius.xtec.cat\/garraf\/wp-content\/uploads\/usu1185\/2022\/09\/GTAF4.png\" sizes=\"auto, (max-width: 581px) 100vw, 581px\" srcset=\"https:\/\/serveiseducatius.xtec.cat\/garraf\/wp-content\/uploads\/usu1185\/2022\/09\/GTAF4.png 1122w, https:\/\/serveiseducatius.xtec.cat\/garraf\/wp-content\/uploads\/usu1185\/2022\/09\/GTAF4-300x56.png 300w, https:\/\/serveiseducatius.xtec.cat\/garraf\/wp-content\/uploads\/usu1185\/2022\/09\/GTAF4-1024x193.png 1024w, https:\/\/serveiseducatius.xtec.cat\/garraf\/wp-content\/uploads\/usu1185\/2022\/09\/GTAF4-768x144.png 768w\" alt=\"\" width=\"581\" height=\"109\" \/><\/p>\n<p>&nbsp;<\/p>\n<p>&nbsp;<\/p>\n<p>&nbsp;<\/p>\n<p>3. Accedir al q\u00fcestionari associat a cada activitat<\/p>\n","protected":false},"excerpt":{"rendered":"<p>Abans de finalitzar l\u2019activitat*, s\u2019ha d\u2019informar les persones assistents que \u00e9s necessari emplenar els formulari de valoraci\u00f3 que els enviarem [&hellip;]<\/p>\n","protected":false},"author":4,"featured_media":0,"parent":18886,"menu_order":0,"comment_status":"closed","ping_status":"closed","template":"page-templates\/side-menu.php","meta":{"_bbp_topic_count":0,"_bbp_reply_count":0,"_bbp_total_topic_count":0,"_bbp_total_reply_count":0,"_bbp_voice_count":0,"_bbp_anonymous_reply_count":0,"_bbp_topic_count_hidden":0,"_bbp_reply_count_hidden":0,"_bbp_forum_subforum_count":0,"site-sidebar-layout":"default","site-content-layout":"","ast-site-content-layout":"","site-content-style":"default","site-sidebar-style":"default","ast-global-header-display":"","ast-banner-title-visibility":"","ast-main-header-display":"","ast-hfb-above-header-display":"","ast-hfb-below-header-display":"","ast-hfb-mobile-header-display":"","site-post-title":"","ast-breadcrumbs-content":"","ast-featured-img":"","footer-sml-layout":"","theme-transparent-header-meta":"","adv-header-id-meta":"","stick-header-meta":"","header-above-stick-meta":"","header-main-stick-meta":"","header-below-stick-meta":"","astra-migrate-meta-layouts":"default","ast-page-background-enabled":"default","ast-page-background-meta":{"desktop":{"background-color":"var(--ast-global-color-4)","background-image":"","background-repeat":"repeat","background-position":"center center","background-size":"auto","background-attachment":"scroll","background-type":"","background-media":"","overlay-type":"","overlay-color":"","overlay-opacity":"","overlay-gradient":""},"tablet":{"background-color":"","background-image":"","background-repeat":"repeat","background-position":"center center","background-size":"auto","background-attachment":"scroll","background-type":"","background-media":"","overlay-type":"","overlay-color":"","overlay-opacity":"","overlay-gradient":""},"mobile":{"background-color":"","background-image":"","background-repeat":"repeat","background-position":"center center","background-size":"auto","background-attachment":"scroll","background-type":"","background-media":"","overlay-type":"","overlay-color":"","overlay-opacity":"","overlay-gradient":""}},"ast-content-background-meta":{"desktop":{"background-color":"var(--ast-global-color-5)","background-image":"","background-repeat":"repeat","background-position":"center center","background-size":"auto","background-attachment":"scroll","background-type":"","background-media":"","overlay-type":"","overlay-color":"","overlay-opacity":"","overlay-gradient":""},"tablet":{"background-color":"var(--ast-global-color-5)","background-image":"","background-repeat":"repeat","background-position":"center center","background-size":"auto","background-attachment":"scroll","background-type":"","background-media":"","overlay-type":"","overlay-color":"","overlay-opacity":"","overlay-gradient":""},"mobile":{"background-color":"var(--ast-global-color-5)","background-image":"","background-repeat":"repeat","background-position":"center center","background-size":"auto","background-attachment":"scroll","background-type":"","background-media":"","overlay-type":"","overlay-color":"","overlay-opacity":"","overlay-gradient":""}},"footnotes":""},"class_list":["post-18897","page","type-page","status-publish","hentry"],"post_mailing_queue_ids":[],"_links":{"self":[{"href":"https:\/\/serveiseducatius.xtec.cat\/santacolomag\/wp-json\/wp\/v2\/pages\/18897","targetHints":{"allow":["GET"]}}],"collection":[{"href":"https:\/\/serveiseducatius.xtec.cat\/santacolomag\/wp-json\/wp\/v2\/pages"}],"about":[{"href":"https:\/\/serveiseducatius.xtec.cat\/santacolomag\/wp-json\/wp\/v2\/types\/page"}],"author":[{"embeddable":true,"href":"https:\/\/serveiseducatius.xtec.cat\/santacolomag\/wp-json\/wp\/v2\/users\/4"}],"replies":[{"embeddable":true,"href":"https:\/\/serveiseducatius.xtec.cat\/santacolomag\/wp-json\/wp\/v2\/comments?post=18897"}],"version-history":[{"count":3,"href":"https:\/\/serveiseducatius.xtec.cat\/santacolomag\/wp-json\/wp\/v2\/pages\/18897\/revisions"}],"predecessor-version":[{"id":19232,"href":"https:\/\/serveiseducatius.xtec.cat\/santacolomag\/wp-json\/wp\/v2\/pages\/18897\/revisions\/19232"}],"up":[{"embeddable":true,"href":"https:\/\/serveiseducatius.xtec.cat\/santacolomag\/wp-json\/wp\/v2\/pages\/18886"}],"wp:attachment":[{"href":"https:\/\/serveiseducatius.xtec.cat\/santacolomag\/wp-json\/wp\/v2\/media?parent=18897"}],"curies":[{"name":"wp","href":"https:\/\/api.w.org\/{rel}","templated":true}]}}