{"id":18894,"date":"2023-02-01T11:38:09","date_gmt":"2023-02-01T10:38:09","guid":{"rendered":"https:\/\/serveiseducatius.xtec.cat\/santacolomag\/?page_id=18894"},"modified":"2023-02-01T11:38:09","modified_gmt":"2023-02-01T10:38:09","slug":"registre-de-lassistencia-al-gtaf","status":"publish","type":"page","link":"https:\/\/serveiseducatius.xtec.cat\/santacolomag\/espai-de-suport-de-persones-formadores\/registre-de-lassistencia-al-gtaf\/","title":{"rendered":"Registre de l\u2019assist\u00e8ncia al GTAF"},"content":{"rendered":"<p>En acabar la sessi\u00f3 i d\u2019acord amb la graella de signatures, accediu al GTAF, opci\u00f3\u00a0<strong>Seguiment assistents<\/strong>.<\/p>\n<p><img loading=\"lazy\" decoding=\"async\" class=\"wp-image-15397 aligncenter\" src=\"https:\/\/serveiseducatius.xtec.cat\/garraf\/wp-content\/uploads\/usu1185\/2022\/09\/GTAF3-1.png\" sizes=\"auto, (max-width: 631px) 100vw, 631px\" srcset=\"https:\/\/serveiseducatius.xtec.cat\/garraf\/wp-content\/uploads\/usu1185\/2022\/09\/GTAF3-1.png 1021w, https:\/\/serveiseducatius.xtec.cat\/garraf\/wp-content\/uploads\/usu1185\/2022\/09\/GTAF3-1-300x109.png 300w, https:\/\/serveiseducatius.xtec.cat\/garraf\/wp-content\/uploads\/usu1185\/2022\/09\/GTAF3-1-768x280.png 768w\" alt=\"\" width=\"631\" height=\"230\" \/><\/p>\n<p>Cal especificar els\/les assistents a cada sessi\u00f3.<\/p>\n<p><strong>Al final de l\u2019activitat<\/strong>\u00a0s\u2019ha de marcar si s\u2019ha realitzat satisfact\u00f2riament el projecte especificat en el Pla de Treball (altres requisits). La casella\u00a0<strong>Certificat\u00a0<\/strong>\u00e9s autom\u00e0tica. En el cas de no certificaci\u00f3, cal especificar el<strong>\u00a0Motiu<\/strong>\u00a0d\u2019aquells assistents que no assoleixen la certificaci\u00f3. En la columna\u00a0<strong>Q\u00fcestionari<\/strong>\u00a0apareixer\u00e0 una\u00a0<strong>S<\/strong>\u00a0un cop l\u2019assistent hagi omplert el formulari de valoraci\u00f3 de l\u2019activitat.<\/p>\n<p><img decoding=\"async\" class=\"aligncenter\" src=\"http:\/\/serveiseducatius.xtec.cat\/tarragones\/wp-content\/uploads\/usu549\/2018\/07\/gtaf-seguiment.jpg\" \/><\/p>\n<p>Un cop complimentada l\u2019assist\u00e8ncia de tot els assistents registreu l\u2019assist\u00e8ncia amb\u00a0<strong>Desar les dades<\/strong>.<\/p>\n","protected":false},"excerpt":{"rendered":"<p>En acabar la sessi\u00f3 i d\u2019acord amb la graella de signatures, accediu al GTAF, opci\u00f3\u00a0Seguiment assistents. Cal especificar els\/les assistents [&hellip;]<\/p>\n","protected":false},"author":4,"featured_media":0,"parent":18886,"menu_order":0,"comment_status":"closed","ping_status":"closed","template":"page-templates\/side-menu.php","meta":{"_bbp_topic_count":0,"_bbp_reply_count":0,"_bbp_total_topic_count":0,"_bbp_total_reply_count":0,"_bbp_voice_count":0,"_bbp_anonymous_reply_count":0,"_bbp_topic_count_hidden":0,"_bbp_reply_count_hidden":0,"_bbp_forum_subforum_count":0,"site-sidebar-layout":"default","site-content-layout":"","ast-site-content-layout":"","site-content-style":"default","site-sidebar-style":"default","ast-global-header-display":"","ast-banner-title-visibility":"","ast-main-header-display":"","ast-hfb-above-header-display":"","ast-hfb-below-header-display":"","ast-hfb-mobile-header-display":"","site-post-title":"","ast-breadcrumbs-content":"","ast-featured-img":"","footer-sml-layout":"","theme-transparent-header-meta":"","adv-header-id-meta":"","stick-header-meta":"","header-above-stick-meta":"","header-main-stick-meta":"","header-below-stick-meta":"","astra-migrate-meta-layouts":"default","ast-page-background-enabled":"default","ast-page-background-meta":{"desktop":{"background-color":"var(--ast-global-color-4)","background-image":"","background-repeat":"repeat","background-position":"center center","background-size":"auto","background-attachment":"scroll","background-type":"","background-media":"","overlay-type":"","overlay-color":"","overlay-opacity":"","overlay-gradient":""},"tablet":{"background-color":"","background-image":"","background-repeat":"repeat","background-position":"center center","background-size":"auto","background-attachment":"scroll","background-type":"","background-media":"","overlay-type":"","overlay-color":"","overlay-opacity":"","overlay-gradient":""},"mobile":{"background-color":"","background-image":"","background-repeat":"repeat","background-position":"center center","background-size":"auto","background-attachment":"scroll","background-type":"","background-media":"","overlay-type":"","overlay-color":"","overlay-opacity":"","overlay-gradient":""}},"ast-content-background-meta":{"desktop":{"background-color":"var(--ast-global-color-5)","background-image":"","background-repeat":"repeat","background-position":"center center","background-size":"auto","background-attachment":"scroll","background-type":"","background-media":"","overlay-type":"","overlay-color":"","overlay-opacity":"","overlay-gradient":""},"tablet":{"background-color":"var(--ast-global-color-5)","background-image":"","background-repeat":"repeat","background-position":"center center","background-size":"auto","background-attachment":"scroll","background-type":"","background-media":"","overlay-type":"","overlay-color":"","overlay-opacity":"","overlay-gradient":""},"mobile":{"background-color":"var(--ast-global-color-5)","background-image":"","background-repeat":"repeat","background-position":"center center","background-size":"auto","background-attachment":"scroll","background-type":"","background-media":"","overlay-type":"","overlay-color":"","overlay-opacity":"","overlay-gradient":""}},"footnotes":""},"class_list":["post-18894","page","type-page","status-publish","hentry"],"post_mailing_queue_ids":[],"_links":{"self":[{"href":"https:\/\/serveiseducatius.xtec.cat\/santacolomag\/wp-json\/wp\/v2\/pages\/18894","targetHints":{"allow":["GET"]}}],"collection":[{"href":"https:\/\/serveiseducatius.xtec.cat\/santacolomag\/wp-json\/wp\/v2\/pages"}],"about":[{"href":"https:\/\/serveiseducatius.xtec.cat\/santacolomag\/wp-json\/wp\/v2\/types\/page"}],"author":[{"embeddable":true,"href":"https:\/\/serveiseducatius.xtec.cat\/santacolomag\/wp-json\/wp\/v2\/users\/4"}],"replies":[{"embeddable":true,"href":"https:\/\/serveiseducatius.xtec.cat\/santacolomag\/wp-json\/wp\/v2\/comments?post=18894"}],"version-history":[{"count":1,"href":"https:\/\/serveiseducatius.xtec.cat\/santacolomag\/wp-json\/wp\/v2\/pages\/18894\/revisions"}],"predecessor-version":[{"id":18895,"href":"https:\/\/serveiseducatius.xtec.cat\/santacolomag\/wp-json\/wp\/v2\/pages\/18894\/revisions\/18895"}],"up":[{"embeddable":true,"href":"https:\/\/serveiseducatius.xtec.cat\/santacolomag\/wp-json\/wp\/v2\/pages\/18886"}],"wp:attachment":[{"href":"https:\/\/serveiseducatius.xtec.cat\/santacolomag\/wp-json\/wp\/v2\/media?parent=18894"}],"curies":[{"name":"wp","href":"https:\/\/api.w.org\/{rel}","templated":true}]}}