{"id":18890,"date":"2023-02-01T10:51:42","date_gmt":"2023-02-01T09:51:42","guid":{"rendered":"https:\/\/serveiseducatius.xtec.cat\/santacolomag\/?page_id=18890"},"modified":"2023-04-17T23:11:14","modified_gmt":"2023-04-17T21:11:14","slug":"seguiment-de-lassistencia-a-les-activitats-de-formacio","status":"publish","type":"page","link":"https:\/\/serveiseducatius.xtec.cat\/santacolomag\/espai-de-suport-de-persones-formadores\/seguiment-de-lassistencia-a-les-activitats-de-formacio\/","title":{"rendered":"Seguiment de l\u2019assist\u00e8ncia a les activitats de formaci\u00f3"},"content":{"rendered":"<p>Des de la p\u00e0gina del GTAF, podreu imprimir el <strong>Full assist\u00e8ncia*. En aquest Full el professorat assistent haur\u00e0 de signar cada sessi\u00f3. \u00c9s obligatori assistir al 80% de les hores presencials (o s\u00edncrones).En acabar l&#8217;activitat de formaci\u00f3, cal que lliureu al CRP aquest Full amb les signatures originals.\u00a0<\/strong><\/p>\n<p><span style=\"font-size: 12pt;\">Exemple:<\/span><\/p>\n<p><img loading=\"lazy\" decoding=\"async\" class=\"aligncenter wp-image-15391\" src=\"https:\/\/serveiseducatius.xtec.cat\/garraf\/wp-content\/uploads\/usu1185\/2022\/09\/GTAF1-1.png\" sizes=\"auto, (max-width: 673px) 100vw, 673px\" srcset=\"https:\/\/serveiseducatius.xtec.cat\/garraf\/wp-content\/uploads\/usu1185\/2022\/09\/GTAF1-1.png 1023w, https:\/\/serveiseducatius.xtec.cat\/garraf\/wp-content\/uploads\/usu1185\/2022\/09\/GTAF1-1-300x111.png 300w, https:\/\/serveiseducatius.xtec.cat\/garraf\/wp-content\/uploads\/usu1185\/2022\/09\/GTAF1-1-768x283.png 768w\" alt=\"\" width=\"673\" height=\"248\" \/><\/p>\n<p>Es pot imprimir el fitxer en format PDF que genera l\u2019aplicaci\u00f3:<\/p>\n<p><img loading=\"lazy\" decoding=\"async\" class=\"aligncenter wp-image-15392\" src=\"https:\/\/serveiseducatius.xtec.cat\/garraf\/wp-content\/uploads\/usu1185\/2022\/09\/GTAF2.png\" sizes=\"auto, (max-width: 687px) 100vw, 687px\" srcset=\"https:\/\/serveiseducatius.xtec.cat\/garraf\/wp-content\/uploads\/usu1185\/2022\/09\/GTAF2.png 1115w, https:\/\/serveiseducatius.xtec.cat\/garraf\/wp-content\/uploads\/usu1185\/2022\/09\/GTAF2-300x114.png 300w, https:\/\/serveiseducatius.xtec.cat\/garraf\/wp-content\/uploads\/usu1185\/2022\/09\/GTAF2-1024x390.png 1024w, https:\/\/serveiseducatius.xtec.cat\/garraf\/wp-content\/uploads\/usu1185\/2022\/09\/GTAF2-768x293.png 768w\" alt=\"\" width=\"687\" height=\"262\" \/><\/p>\n<p>&nbsp;<\/p>\n<ul>\n<li>Caldr\u00e0 informar el CRP per correu electr\u00f2ni d\u2019aquells\/es assistents (nom, cognoms i NIF) que no estiguin inscrits\/es, per actualitzar del Full d&#8217;assist\u00e8ncia.<\/li>\n<li>Custodieu els fulls de signatures.<\/li>\n<li>Els fulls de signatures s\u2019han de lliurar al CRP juntament amb l\u2019acta final de l\u2019activitat.<\/li>\n<\/ul>\n","protected":false},"excerpt":{"rendered":"<p>Des de la p\u00e0gina del GTAF, podreu imprimir el Full assist\u00e8ncia*. En aquest Full el professorat assistent haur\u00e0 de signar [&hellip;]<\/p>\n","protected":false},"author":4,"featured_media":0,"parent":18886,"menu_order":0,"comment_status":"closed","ping_status":"closed","template":"page-templates\/side-menu.php","meta":{"_bbp_topic_count":0,"_bbp_reply_count":0,"_bbp_total_topic_count":0,"_bbp_total_reply_count":0,"_bbp_voice_count":0,"_bbp_anonymous_reply_count":0,"_bbp_topic_count_hidden":0,"_bbp_reply_count_hidden":0,"_bbp_forum_subforum_count":0,"site-sidebar-layout":"default","site-content-layout":"","ast-site-content-layout":"","site-content-style":"default","site-sidebar-style":"default","ast-global-header-display":"","ast-banner-title-visibility":"","ast-main-header-display":"","ast-hfb-above-header-display":"","ast-hfb-below-header-display":"","ast-hfb-mobile-header-display":"","site-post-title":"","ast-breadcrumbs-content":"","ast-featured-img":"","footer-sml-layout":"","theme-transparent-header-meta":"","adv-header-id-meta":"","stick-header-meta":"","header-above-stick-meta":"","header-main-stick-meta":"","header-below-stick-meta":"","astra-migrate-meta-layouts":"default","ast-page-background-enabled":"default","ast-page-background-meta":{"desktop":{"background-color":"var(--ast-global-color-4)","background-image":"","background-repeat":"repeat","background-position":"center center","background-size":"auto","background-attachment":"scroll","background-type":"","background-media":"","overlay-type":"","overlay-color":"","overlay-opacity":"","overlay-gradient":""},"tablet":{"background-color":"","background-image":"","background-repeat":"repeat","background-position":"center center","background-size":"auto","background-attachment":"scroll","background-type":"","background-media":"","overlay-type":"","overlay-color":"","overlay-opacity":"","overlay-gradient":""},"mobile":{"background-color":"","background-image":"","background-repeat":"repeat","background-position":"center center","background-size":"auto","background-attachment":"scroll","background-type":"","background-media":"","overlay-type":"","overlay-color":"","overlay-opacity":"","overlay-gradient":""}},"ast-content-background-meta":{"desktop":{"background-color":"var(--ast-global-color-5)","background-image":"","background-repeat":"repeat","background-position":"center center","background-size":"auto","background-attachment":"scroll","background-type":"","background-media":"","overlay-type":"","overlay-color":"","overlay-opacity":"","overlay-gradient":""},"tablet":{"background-color":"var(--ast-global-color-5)","background-image":"","background-repeat":"repeat","background-position":"center center","background-size":"auto","background-attachment":"scroll","background-type":"","background-media":"","overlay-type":"","overlay-color":"","overlay-opacity":"","overlay-gradient":""},"mobile":{"background-color":"var(--ast-global-color-5)","background-image":"","background-repeat":"repeat","background-position":"center center","background-size":"auto","background-attachment":"scroll","background-type":"","background-media":"","overlay-type":"","overlay-color":"","overlay-opacity":"","overlay-gradient":""}},"footnotes":""},"class_list":["post-18890","page","type-page","status-publish","hentry"],"post_mailing_queue_ids":[],"_links":{"self":[{"href":"https:\/\/serveiseducatius.xtec.cat\/santacolomag\/wp-json\/wp\/v2\/pages\/18890","targetHints":{"allow":["GET"]}}],"collection":[{"href":"https:\/\/serveiseducatius.xtec.cat\/santacolomag\/wp-json\/wp\/v2\/pages"}],"about":[{"href":"https:\/\/serveiseducatius.xtec.cat\/santacolomag\/wp-json\/wp\/v2\/types\/page"}],"author":[{"embeddable":true,"href":"https:\/\/serveiseducatius.xtec.cat\/santacolomag\/wp-json\/wp\/v2\/users\/4"}],"replies":[{"embeddable":true,"href":"https:\/\/serveiseducatius.xtec.cat\/santacolomag\/wp-json\/wp\/v2\/comments?post=18890"}],"version-history":[{"count":3,"href":"https:\/\/serveiseducatius.xtec.cat\/santacolomag\/wp-json\/wp\/v2\/pages\/18890\/revisions"}],"predecessor-version":[{"id":19231,"href":"https:\/\/serveiseducatius.xtec.cat\/santacolomag\/wp-json\/wp\/v2\/pages\/18890\/revisions\/19231"}],"up":[{"embeddable":true,"href":"https:\/\/serveiseducatius.xtec.cat\/santacolomag\/wp-json\/wp\/v2\/pages\/18886"}],"wp:attachment":[{"href":"https:\/\/serveiseducatius.xtec.cat\/santacolomag\/wp-json\/wp\/v2\/media?parent=18890"}],"curies":[{"name":"wp","href":"https:\/\/api.w.org\/{rel}","templated":true}]}}